{"id":1002,"date":"2012-03-15T00:47:57","date_gmt":"2012-03-14T23:47:57","guid":{"rendered":"http:\/\/csillagpor.hu\/remek\/programok\/?page_id=1002"},"modified":"2022-06-30T18:09:37","modified_gmt":"2022-06-30T16:09:37","slug":"mozbackup-screenshot","status":"publish","type":"page","link":"https:\/\/csillagpor.hu\/remek\/programok\/mozbackup-screenshot","title":{"rendered":"MozBackup k\u00e9perny\u0151k\u00e9pek"},"content":{"rendered":"<p><a target=\"_blank\" title=\"mozbackup\" href=\"\/\/csillagpor.hu\/remek\/programok\/mozbackup-letoltese\" rel=\"noopener noreferrer\">A MozBackup Mozilla ment\u0151<\/a> telep\u00edt\u00e9se Windows 10-re. Ez a var\u00e1zsl\u00f3 seg\u00edt \u00f6nnek elmenteni vagy vissza\u00e1ll\u00edtani Mozilla felhaszn\u00e1l\u00f3i profilj\u00e1t. Tulajdonk\u00e9pp a var\u00e1zsl\u00f3 maga a program.<br \/>\n<img decoding=\"async\" loading=\"lazy\" alt=\"MozBackup telep\u00edt\u00e9s\" src=\"\/\/cuccokhalomban.csillagpor.hu\/pict\/mozbackup-kepernyokep-1.jpg\" width=\"473\" height=\"354\" \/><\/a>\n<\/p>\n<p>Itt ki kell v\u00e1lasztanunk hogy most \u00e9ppen archiv\u00e1ljuk vagy vissza\u00e1ll\u00edtjuk a profilunkat a m\u00e1r elmentettb\u0151l. Lejjebb a megfelel\u0151 Mozilla programot kell kiv\u00e1lasztanunk. Itt most csak a Firefox van a g\u00e9pre telep\u00edtve, de ha lenne mondjuk Thunderbird, stb. az mind itt lenne. A hordozhat\u00f3 alkalmaz\u00e1sokn\u00e1l a hordozhat\u00f3 b\u00f6ng\u00e9sz\u0151, stb. k\u00f6nyvt\u00e1r\u00e1t kell megadni, azt\u00e1n innent\u0151l kezdve ugyan\u00fagy ment, mint a telep\u00edtettn\u00e9l.<br \/>\n<img decoding=\"async\" loading=\"lazy\" alt=\"MozBackup profil ment\u00e9s, vissza\u00e1ll\u00edt\u00e1s\" src=\"\/\/cuccokhalomban.csillagpor.hu\/pict\/mozbackup-kepernyokep-2.jpg\" width=\"473\" height=\"354\" \/><\/a>\n<\/p>\n<p>Itt, ha t\u00f6bb felhaszn\u00e1l\u00f3 profilja van elmentve, akkor v\u00e1laszthatunk. Jellemz\u0151en egy van, a default. Itt tov\u00e1bbra is v\u00e1laszthatunk hordozhat\u00f3t, no meg hogy hov\u00e1 menten\u00e9nk &#8230;<br \/>\n<img decoding=\"async\" loading=\"lazy\" alt=\"MozBackup archiv\u00e1land\u00f3 profil\" src=\"\/\/cuccokhalomban.csillagpor.hu\/pict\/mozbackup-kepernyokep-3.jpg\" width=\"473\" height=\"354\" \/><\/a>\n<\/p>\n<p>Itt kiv\u00e1laszthatjuk, hogy mindent archiv\u00e1ln\u00e1nk e <span class=\"halov\">(\u00c1ltal\u00e1nos be\u00e1ll\u00edt\u00e1sok, K\u00f6nyvjelz\u0151k, El\u0151zm\u00e9nyek, Felhaszn\u00e1l\u00f3i st\u00edlusok, Kiterjeszt\u00e9sek, S\u00fctik, Elmentett \u0171rlapadatok, Tan\u00fas\u00edtv\u00e1nyok, Ismeretlen f\u00e1jlok)<\/span> vagy esetleg van amit nem. Az ismeretlen f\u00e1jlokn\u00e1l k\u00fcl\u00f6n be\u00e1ll\u00edthatjuk mi kell a megadott alkalmaz\u00e1s k\u00f6nyvt\u00e1r\u00e1b\u00f3l \u00e9s mi nem&#8230; Hasznos lehet, ha pl. a Firefoxnak bizonyos r\u00e9szeivel van valami gondunk &#8211; pl. a kiterjeszt\u00e9sekkel, s\u00fctikkel &#8211; hogy an\u00e9lk\u00fcl mentj\u00fck el a b\u00f6ng\u00e9sz\u0151 profilj\u00e1t, majd t\u00f6r\u00f6lj\u00fck az eg\u00e9szet k\u00f6nyvt\u00e1rast\u00f3l, mindenest\u0151l, azut\u00e1n \u00fajratelep\u00edtj\u00fck, \u00e9s csak a sz\u00fcks\u00e9ges adatokat \u00e1ll\u00edtjuk vissza a tiszta b\u00f6ng\u00e9sz\u0151be.<br \/>\n<img decoding=\"async\" loading=\"lazy\" alt=\"MozBackup kiv\u00e1laszt\u00e1s\" src=\"\/\/cuccokhalomban.csillagpor.hu\/pict\/mozbackup-kepernyokep-4.jpg\" width=\"473\" height=\"354\" \/><\/a>\n<\/p>\n<p>Ismeretlen f\u00e1jlok kiv\u00e1laszt\u00e1sa. Ha egy teljes ment\u00e9st csin\u00e1lunk, \u00e9s ugyan\u00edgy szeretn\u00e9nk mindent vissza\u00e1ll\u00edtani, akkor \u00e9rdemes nem hozz\u00e1ny\u00falni, \u00e9s mindent bejel\u00f6lve hagyni.<br \/>\n<img decoding=\"async\" loading=\"lazy\" alt=\"MozBackup ismeretlen f\u00e1jlok\" src=\"\/\/cuccokhalomban.csillagpor.hu\/pict\/mozbackup-kepernyokep-5.jpg\" width=\"246\" height=\"354\" \/><\/a>\n<\/p>\n<p>Ment\u00e9s folyamatban &#8230;<br \/>\n<img decoding=\"async\" loading=\"lazy\" alt=\"MozBackup ment\u00e9s\" src=\"\/\/cuccokhalomban.csillagpor.hu\/pict\/mozbackup-kepernyokep-6.jpg\" width=\"473\" height=\"354\" \/><\/a>\n<\/p>\n<p>R\u00e9gebbi angolul &#8230;<\/p>\n<p><a target=\"_blank\" title=\"mozbackup\" href=\"\/\/csillagpor.hu\/remek\/programok\/mozbackup-letoltese\" rel=\"noopener noreferrer\">MozBackup Mozilla profil ment\u0151 program.<\/a> V\u00e1lasszuk ki a programot \u00e9s hogy <a target=\"_blank\" title=\"adatment\u0151\" href=\"\/\/csillagpor.hu\/remek\/programok\/adatmento-programok-backup-alkalmazasok\" rel=\"noopener noreferrer\">menteni vagy vissza\u00e1ll\u00edtani szeretn\u00e9nk<\/a>.<br \/>\n<img decoding=\"async\" loading=\"lazy\" alt=\"MozBackup ment\u00e9s vagy vissza\u00e1ll\u00edt\u00e1s\" src=\"\/\/cuccokhalomban.csillagpor.hu\/pict\/mozbackup-screenshot-1.jpg\" width=\"476\" height=\"354\" \/>\n<\/p>\n<p>Profil kiv\u00e1laszt\u00e1s \u00e9s ment\u00e9si \u00fatvonal.<br \/>\n<img decoding=\"async\" loading=\"lazy\" alt=\"MozBackup profil\" src=\"\/\/cuccokhalomban.csillagpor.hu\/pict\/mozbackup-screenshot-2.jpg\" width=\"477\" height=\"355\" \/>\n<\/p>\n<p>Szeretn\u00e9d jelsz\u00f3val v\u00e9deni a backup f\u00e1jlodat?<br \/>\n<img decoding=\"async\" loading=\"lazy\" alt=\"MozBackup jelsz\u00f3 v\u00e9delem\" src=\"\/\/cuccokhalomban.csillagpor.hu\/pict\/mozbackup-screenshot-3.jpg\" width=\"477\" height=\"354\" \/>\n<\/p>\n<p>Jelsz\u00f3 megad\u00e1sa.<br \/>\n<img decoding=\"async\" loading=\"lazy\" alt=\"MozBackup jelsz\u00f3\" src=\"\/\/cuccokhalomban.csillagpor.hu\/pict\/mozbackup-screenshot-4.jpg\" width=\"476\" height=\"353\" \/>\n<\/p>\n<p>V\u00e1lasszuk ki miket szeretn\u00e9nk menteni.<br \/>\n<img decoding=\"async\" loading=\"lazy\" alt=\"MozBackup ment\u00e9s\" src=\"\/\/cuccokhalomban.csillagpor.hu\/pict\/mozbackup-screenshot-5.jpg\" width=\"476\" height=\"354\" \/>\n<\/p>\n<p>Ismeretlen f\u00e1jlok ment\u00e9se vagy elvet\u00e9se.<br \/>\n<img decoding=\"async\" loading=\"lazy\" alt=\"MozBackup\" src=\"\/\/cuccokhalomban.csillagpor.hu\/pict\/mozbackup-screenshot-6.jpg\" width=\"477\" height=\"355\" \/>\n<\/p>\n<p>Ment\u00e9s folyamatban.<br \/>\n<img decoding=\"async\" loading=\"lazy\" alt=\"MozBackup dolgozik\" src=\"\/\/cuccokhalomban.csillagpor.hu\/pict\/mozbackup-screenshot-7.jpg\" width=\"477\" height=\"354\" \/>\n<\/p>\n<p>Itt pedig m\u00e1r az el\u0151bb mentett profilnak a vissza\u00e1ll\u00edt\u00e1sa.<br \/>\n<img decoding=\"async\" loading=\"lazy\" alt=\"MozBackup vissza\u00e1ll\u00edt\u00e1s\" src=\"\/\/cuccokhalomban.csillagpor.hu\/pict\/mozbackup-screenshot-8.jpg\" width=\"475\" height=\"355\" \/><\/p>\n","protected":false},"excerpt":{"rendered":"<p><a target=\"_blank\" title=\"MozBackup k\u00e9perny\u0151k\u00e9pek\" href=\"\/\/csillagpor.hu\/remek\/programok\/mozbackup-screenshot\" rel=\"noopener noreferrer\"><img decoding=\"async\" loading=\"lazy\" alt=\"MozBackup k\u00e9perny\u0151k\u00e9pek\" src=\"\/\/cuccokhalomban.csillagpor.hu\/pict\/mozbackup-kicsi.jpg\" width=\"100\" height=\"75\" class=\"flr\" \/><\/a>A MozBackup Mozilla ment\u0151 telep\u00edt\u00e9se Windows 10-re. Ez a var\u00e1zsl\u00f3 seg\u00edt \u00f6nnek elmenteni vagy vissza\u00e1ll\u00edtani Mozilla felhaszn\u00e1l\u00f3i profilj\u00e1t. Tulajdonk\u00e9pp a var\u00e1zsl\u00f3 maga a program. Itt ki kell v\u00e1lasztanunk hogy most \u00e9ppen archiv\u00e1ljuk vagy vissza\u00e1ll\u00edtjuk a profilunkat a m\u00e1r elmentettb\u0151l. Lejjebb a megfelel\u0151 Mozilla programot kell kiv\u00e1lasztanunk. Itt most csak a Firefox van a g\u00e9pre telep\u00edtve, de ha lenne mondjuk Thunderbird, stb. az mind itt lenne&#8230;<\/p>\n","protected":false},"author":1,"featured_media":0,"parent":0,"menu_order":0,"comment_status":"closed","ping_status":"closed","template":"","meta":{"footnotes":""},"_links":{"self":[{"href":"https:\/\/csillagpor.hu\/remek\/programok\/wp-json\/wp\/v2\/pages\/1002"}],"collection":[{"href":"https:\/\/csillagpor.hu\/remek\/programok\/wp-json\/wp\/v2\/pages"}],"about":[{"href":"https:\/\/csillagpor.hu\/remek\/programok\/wp-json\/wp\/v2\/types\/page"}],"author":[{"embeddable":true,"href":"https:\/\/csillagpor.hu\/remek\/programok\/wp-json\/wp\/v2\/users\/1"}],"replies":[{"embeddable":true,"href":"https:\/\/csillagpor.hu\/remek\/programok\/wp-json\/wp\/v2\/comments?post=1002"}],"version-history":[{"count":0,"href":"https:\/\/csillagpor.hu\/remek\/programok\/wp-json\/wp\/v2\/pages\/1002\/revisions"}],"wp:attachment":[{"href":"https:\/\/csillagpor.hu\/remek\/programok\/wp-json\/wp\/v2\/media?parent=1002"}],"curies":[{"name":"wp","href":"https:\/\/api.w.org\/{rel}","templated":true}]}}