{"id":1003,"date":"2012-03-15T12:33:32","date_gmt":"2012-03-15T11:33:32","guid":{"rendered":"http:\/\/csillagpor.hu\/remek\/programok\/?page_id=1003"},"modified":"2022-06-30T18:12:26","modified_gmt":"2022-06-30T16:12:26","slug":"kls-mail-backup-screenshot","status":"publish","type":"page","link":"https:\/\/csillagpor.hu\/remek\/programok\/kls-mail-backup-screenshot","title":{"rendered":"KLS Mail Backup k\u00e9perny\u0151k\u00e9pek"},"content":{"rendered":"<p><a target=\"_blank\" title=\"kls mail backup\" href=\"\/\/csillagpor.hu\/remek\/programok\/adatmento-programok-backup-alkalmazasok\" rel=\"noopener noreferrer\">KLS Mail Backup b\u00f6ng\u00e9sz\u0151 \u00e9s levelez\u0151program be\u00e1ll\u00edt\u00e1s ment\u0151<\/a> &#8230; Az OK ut\u00e1n kiv\u00e1laszthatjuk, hogy miket adunk a profilhoz.<br \/>\n<img decoding=\"async\" loading=\"lazy\" alt=\"KLS Mail Backup profil\" src=\"\/\/cuccokhalomban.csillagpor.hu\/pict\/kls-mail-backup-screenshot-1.jpg\" width=\"653\" height=\"500\" \/>\n<\/p>\n<p>Az alkalmaz\u00e1sok amikr\u0151l ment\u00e9st k\u00e9sz\u00edt, pl. Internet Explorer.<br \/>\n<img decoding=\"async\" loading=\"lazy\" alt=\"KLS Mail Backup alkalmaz\u00e1sok\" src=\"\/\/cuccokhalomban.csillagpor.hu\/pict\/kls-mail-backup-screenshot-2.jpg\" width=\"653\" height=\"500\" \/>\n<\/p>\n<p>A Firefox elmentend\u0151 elemeinek kiv\u00e1laszt\u00e1sa.<br \/>\n<img decoding=\"async\" loading=\"lazy\" alt=\"KLS Mail Backup ment\u00e9s\" src=\"\/\/cuccokhalomban.csillagpor.hu\/pict\/kls-mail-backup-screenshot-3.jpg\" width=\"653\" height=\"500\" \/>\n<\/p>\n<p>A backup mappa be\u00e1ll\u00edt\u00e1sa \u00e9s a backup f\u00e1jl neve.<br \/>\n<img decoding=\"async\" loading=\"lazy\" alt=\"KLS Mail Backup backup mappa\" src=\"\/\/cuccokhalomban.csillagpor.hu\/pict\/kls-mail-backup-screenshot-4.jpg\" width=\"652\" height=\"500\" \/>\n<\/p>\n<p>Teljes vagy n\u00f6vekm\u00e9nyes ment\u00e9s.<br \/>\n<img decoding=\"async\" loading=\"lazy\" alt=\"KLS Mail Backup, teljes vagy n\u00f6vekm\u00e9nyes\" src=\"\/\/cuccokhalomban.csillagpor.hu\/pict\/kls-mail-backup-screenshot-5.jpg\" width=\"653\" height=\"500\" \/>\n<\/p>\n<p>A t\u00f6m\u00f6r\u00edt\u00e9s be\u00e1ll\u00edt\u00e1sai.<br \/>\n<img decoding=\"async\" loading=\"lazy\" alt=\"KLS Mail Backup t\u00f6m\u00f6r\u00edt\u00e9s\" src=\"\/\/cuccokhalomban.csillagpor.hu\/pict\/kls-mail-backup-screenshot-6.jpg\" width=\"654\" height=\"500\" \/>\n<\/p>\n<p>Napl\u00f3 be\u00e1ll\u00edt\u00e1sok.<br \/>\n<img decoding=\"async\" loading=\"lazy\" alt=\"KLS Mail Backup napl\u00f3\" src=\"\/\/cuccokhalomban.csillagpor.hu\/pict\/kls-mail-backup-screenshot-7.jpg\" width=\"654\" height=\"500\" \/>\n<\/p>\n<p>Firefox mentett elemei m\u00e9retekkel egy\u00fctt.<br \/>\n<img decoding=\"async\" loading=\"lazy\" alt=\"KLS Mail Backup Firefox ment\u00e9s\" src=\"\/\/cuccokhalomban.csillagpor.hu\/pict\/kls-mail-backup-screenshot-8.jpg\" width=\"653\" height=\"500\" \/>\n<\/p>\n<p>Futtatjuk a Backup profilt? Szimul\u00e1ci\u00f3t is v\u00e1laszthatunk.<br \/>\n<img decoding=\"async\" loading=\"lazy\" alt=\"KLS Mail Backup szimul\u00e1ci\u00f3\" src=\"\/\/cuccokhalomban.csillagpor.hu\/pict\/kls-mail-backup-screenshot-9.jpg\" width=\"654\" height=\"500\" \/><\/p>\n","protected":false},"excerpt":{"rendered":"<p>KLS Mail Backup b\u00f6ng\u00e9sz\u0151 \u00e9s levelez\u0151program be\u00e1ll\u00edt\u00e1s ment\u0151 &#8230; Az OK ut\u00e1n kiv\u00e1laszthatjuk, hogy miket adunk a profilhoz. Az alkalmaz\u00e1sok amikr\u0151l ment\u00e9st k\u00e9sz\u00edt,&#46;&#46;&#46;<\/p>\n","protected":false},"author":1,"featured_media":0,"parent":0,"menu_order":0,"comment_status":"closed","ping_status":"closed","template":"","meta":{"footnotes":""},"_links":{"self":[{"href":"https:\/\/csillagpor.hu\/remek\/programok\/wp-json\/wp\/v2\/pages\/1003"}],"collection":[{"href":"https:\/\/csillagpor.hu\/remek\/programok\/wp-json\/wp\/v2\/pages"}],"about":[{"href":"https:\/\/csillagpor.hu\/remek\/programok\/wp-json\/wp\/v2\/types\/page"}],"author":[{"embeddable":true,"href":"https:\/\/csillagpor.hu\/remek\/programok\/wp-json\/wp\/v2\/users\/1"}],"replies":[{"embeddable":true,"href":"https:\/\/csillagpor.hu\/remek\/programok\/wp-json\/wp\/v2\/comments?post=1003"}],"version-history":[{"count":0,"href":"https:\/\/csillagpor.hu\/remek\/programok\/wp-json\/wp\/v2\/pages\/1003\/revisions"}],"wp:attachment":[{"href":"https:\/\/csillagpor.hu\/remek\/programok\/wp-json\/wp\/v2\/media?parent=1003"}],"curies":[{"name":"wp","href":"https:\/\/api.w.org\/{rel}","templated":true}]}}