{"id":1006,"date":"2012-03-18T21:27:28","date_gmt":"2012-03-18T20:27:28","guid":{"rendered":"http:\/\/csillagpor.hu\/remek\/programok\/?page_id=1006"},"modified":"2022-06-30T18:30:17","modified_gmt":"2022-06-30T16:30:17","slug":"any-audio-converter-screenshot","status":"publish","type":"page","link":"https:\/\/csillagpor.hu\/remek\/programok\/any-audio-converter-screenshot","title":{"rendered":"Any Audio Converter k\u00e9perny\u0151k\u00e9pek"},"content":{"rendered":"<p><a target=\"_blank\" title=\"any audio converter\" href=\"\/\/csillagpor.hu\/remek\/programok\/any-audio-converter\" rel=\"noopener noreferrer\">Az Any Audio Converter<\/a> Windows 10-en, a magyar nyelv m\u00e9g mindig el\u00e9g fura. Olyan mintha direkt csin\u00e1lta volna rosszul valaki. El nem tudom k\u00e9pzelni milyen ember vagy ford\u00edt\u00f3program k\u00e9pes a &#8220;Hozz\u00e1ad\u00e1sa vagy Drag F\u00e1jl (ok)&#8221; l\u00e9trehoz\u00e1s\u00e1ra. Mindegy, itt kell kezdeni az \u00e1talak\u00edt\u00e1st &#8230;<br \/>\n<img decoding=\"async\" loading=\"lazy\" src=\"\/\/cuccokhalomban.csillagpor.hu\/pict\/any-audio-converter-kepernyokep-1.jpg\" width=\"1033\" height=\"658\" alt=\"Any Audio Converter Windows 10-en\" \/><\/p>\n<p>Bet\u00f6ltve <a target=\"_blank\" title=\"mp3\" href=\"\/\/csillagpor.hu\/remek\/fajlkiterjesztes\/mp3\" rel=\"noopener noreferrer\">egy mp3 f\u00e1jl<\/a>, a &#8220;Sz\u00fcntesse&#8221; vajon mit jelent AAC magyarul?<br \/>\n<img decoding=\"async\" loading=\"lazy\" src=\"\/\/cuccokhalomban.csillagpor.hu\/pict\/any-audio-converter-kepernyokep-2.jpg\" width=\"1033\" height=\"658\" alt=\"Any Audio Converter, mp3 f\u00e1jl\" \/><\/p>\n<p>Egy egyszer\u0171 DVD \u00edr\u00f3 \u00e9s men\u00fcszerkeszt\u0151 is helyett kapott benne imm\u00e1r, &#8220;\u00e9get&#8221; &#8230; na j\u00f3, elegem van! :)<br \/>\n<img decoding=\"async\" loading=\"lazy\" src=\"\/\/cuccokhalomban.csillagpor.hu\/pict\/any-audio-converter-kepernyokep-3.jpg\" width=\"1033\" height=\"658\" alt=\"Any Audio Converter DVD \u00edr\u00f3\" \/><\/p>\n<p>Ha \u00e1tverekedj\u00fck magunkat a reszel\u0151n, akkor a szerkeszt\u00e9s v\u00e9g\u00e9n tal\u00e1ljuk a be\u00e1ll\u00edt\u00e1sokat ahol megszabadulhatunk a &#8220;magyar&#8221; nyelvt\u0151l.<br \/>\n<img decoding=\"async\" loading=\"lazy\" src=\"\/\/cuccokhalomban.csillagpor.hu\/pict\/any-audio-converter-kepernyokep-4.jpg\" width=\"1033\" height=\"658\" alt=\"Any Audio Converter reszel\u0151\" \/><\/p>\n<p>Itt \u00e1ll\u00edthatjuk be egyebek mellett a program fel\u00fclet\u00e9nek a nyelv\u00e9t.<br \/>\n<img decoding=\"async\" loading=\"lazy\" src=\"\/\/cuccokhalomban.csillagpor.hu\/pict\/any-audio-converter-kepernyokep-5.jpg\" width=\"1033\" height=\"658\" alt=\"Any Audio Converter nyelvek be\u00e1ll\u00edt\u00e1sa\" \/><\/p>\n<p>Fel\u00fcd\u00fcl\u00e9s ez az angol nyelv &#8230; itt be\u00e1ll\u00edthatjuk pl. a hanger\u0151 normaliz\u00e1l\u00e1st is&#8230;<br \/>\n<img decoding=\"async\" loading=\"lazy\" src=\"\/\/cuccokhalomban.csillagpor.hu\/pict\/any-audio-converter-kepernyokep-6.jpg\" width=\"1033\" height=\"658\" alt=\"Any Audio Converter\" \/><\/p>\n<p>Jobboldalt a hangf\u00e1jl be\u00e1ll\u00edt\u00e1sai, baloldalt egy egyszer\u0171 m\u00e9diaf\u00e1jl kezel\u0151, az el\u0151t\u00e9rben pedig linkeket adhatunk hozz\u00e1, ezeket azt\u00e1n hangf\u00e1jll\u00e1 alak\u00edtja a program.<br \/>\n<img decoding=\"async\" loading=\"lazy\" src=\"\/\/cuccokhalomban.csillagpor.hu\/pict\/any-audio-converter-kepernyokep-7.jpg\" width=\"1033\" height=\"658\" alt=\"Any Audio Converter vide\u00f3 hangf\u00e1jll\u00e1 alak\u00edt\u00e1sa\" \/><\/p>\n<p>R\u00e9gebbi verzi\u00f3k &#8230;<\/p>\n<p>Az Any Audio Converter hangf\u00e1jl \u00e1talak\u00edt\u00f3 kin\u00e9zete a 4-es verzi\u00f3t\u00f3l er\u0151sen megv\u00e1ltozott, ami a magyar ford\u00edt\u00e1st lesz\u00e1m\u00edtva j\u00f3 h\u00edr&#8230;<br \/>\n<img decoding=\"async\" loading=\"lazy\" alt=\"Any Audio Converter 4\" src=\"\/\/cuccokhalomban.csillagpor.hu\/pict\/any-audio-converter-screenshot-1a.jpg\" width=\"797\" height=\"500\" \/>\n<\/p>\n<p>Az audi\u00f3 be\u00e1ll\u00edt\u00e1sok, \u00e9s ez a nem is tudom milyen nyelv &#8230;<br \/>\n<img decoding=\"async\" loading=\"lazy\" alt=\"Any Audio Converter audio\" src=\"\/\/cuccokhalomban.csillagpor.hu\/pict\/any-audio-converter-screenshot-2a.jpg\" width=\"797\" height=\"500\" \/><\/p>\n<p>Az MP3 be\u00e1ll\u00edt\u00e1sai, codec, bitr\u00e1ta \u00e9s egyebek &#8230;<br \/>\n<img decoding=\"async\" loading=\"lazy\" alt=\"Any Audio Converter mp3\" src=\"\/\/cuccokhalomban.csillagpor.hu\/pict\/any-audio-converter-screenshot-3a.jpg\" width=\"797\" height=\"500\" \/>\n<\/p>\n<p>Akinek elege van ebb\u0151l a &#8230; kocsi &#8230; nyelvb\u0151l :) v\u00e1ltson angolra!<br \/>\n<img decoding=\"async\" loading=\"lazy\" alt=\"Any Audio Converter nyelv\" src=\"\/\/cuccokhalomban.csillagpor.hu\/pict\/any-audio-converter-screenshot-4a.jpg\" width=\"926\" height=\"500\" \/>\n<\/p>\n<p>\u00cdgy m\u00e1r kicsit \u00e9rtelmesebb, jobb oldalon a kimeneti hang form\u00e1tumok c\u00e9genk\u00e9nt csoportos\u00edtva.<br \/>\n<img decoding=\"async\" loading=\"lazy\" alt=\"Any Audio Converter kimenet\" src=\"\/\/cuccokhalomban.csillagpor.hu\/pict\/any-audio-converter-screenshot-5a.jpg\" width=\"797\" height=\"500\" \/>\n<\/p>\n<p>Itt az audio be\u00e1ll\u00edt\u00e1sokn\u00e1l is \u00e9rthet\u0151bb a Save \u00e9s a Cancel &#8230; ugye?<br \/>\n<img decoding=\"async\" loading=\"lazy\" alt=\"Any Audio Converter be\u00e1ll\u00edt\u00e1sok\" src=\"\/\/cuccokhalomban.csillagpor.hu\/pict\/any-audio-converter-screenshot-6a.jpg\" width=\"797\" height=\"500\" \/>\n<\/p>\n<p>A 4-es verzi\u00f3 el\u0151tti kin\u00e9zet \u00e9s m\u0171k\u00f6d\u00e9s &#8230; <\/p>\n<p>A baloldali s\u00e1vot ha kinyitjuk, l\u00e1that\u00f3 a forr\u00e1s f\u00e1jlok, a let\u00f6lt\u00f6tt \u00e9s konvert\u00e1lt k\u00f6nyvt\u00e1rak tartalma, jobboldalt a lehets\u00e9ges audio profilok.<br \/>\n<img decoding=\"async\" loading=\"lazy\" alt=\"Any Audio Converter k\u00f6nyvt\u00e1rak, profilok\" src=\"\/\/cuccokhalomban.csillagpor.hu\/pict\/any-audio-converter-screenshot-02.jpg\" width=\"797\" height=\"500\" \/>\n<\/p>\n<p>A Vide\u00f3 hozz\u00e1ad\u00e1sa val\u00f3j\u00e1ban hang \u00e9s vide\u00f3 f\u00e1jl hozz\u00e1ad\u00e1s\u00e1t jelenti, jobb oldalon a lehets\u00e9ges kimeneti form\u00e1tumok.<br \/>\n<img decoding=\"async\" loading=\"lazy\" alt=\"Any Audio Converter hang hozz\u00e1ad\u00e1sa\" src=\"\/\/cuccokhalomban.csillagpor.hu\/pict\/any-audio-converter-screenshot-2.jpg\" width=\"798\" height=\"500\" \/>\n<\/p>\n<p>A hang (\u00e9s vide\u00f3, \u00e1talak\u00edt\u00e1s el\u0151tt) megv\u00e1ghat\u00f3 a kis oll\u00f3ra kattintva.<br \/>\n<img decoding=\"async\" loading=\"lazy\" alt=\"Any Audio Converter v\u00e1g\u00e1s\" src=\"\/\/cuccokhalomban.csillagpor.hu\/pict\/any-audio-converter-screenshot-3.jpg\" width=\"798\" height=\"500\" \/>\n<\/p>\n<p>Audi\u00f3 bitar\u00e1ny be\u00e1ll\u00edt\u00e1sa.<br \/>\n<img decoding=\"async\" loading=\"lazy\" alt=\"Any Audio Converter bitar\u00e1ny\" src=\"\/\/cuccokhalomban.csillagpor.hu\/pict\/any-audio-converter-screenshot-4.jpg\" width=\"798\" height=\"500\" \/>\n<\/p>\n<p>Vide\u00f3 import\u00e1l\u00e1s az internetr\u0151l (YouTube link bem\u00e1sol\u00e1sa).<br \/>\n<img decoding=\"async\" loading=\"lazy\" alt=\"Any Audio Converter import\u00e1l\u00e1s\" src=\"\/\/cuccokhalomban.csillagpor.hu\/pict\/any-audio-converter-screenshot-5.jpg\" width=\"796\" height=\"500\" \/>\n<\/p>\n<p>Be\u00e1ll\u00edt\u00e1sok, hanger\u0151 normaliz\u00e1l\u00e1s, k\u00f3dol\u00e1si m\u00f3dok.<br \/>\n<img decoding=\"async\" loading=\"lazy\" alt=\"Any Audio Converter hanger\u0151\" src=\"\/\/cuccokhalomban.csillagpor.hu\/pict\/any-audio-converter-screenshot-6.jpg\" width=\"798\" height=\"500\" \/>\n<\/p>\n<p>YouTube vide\u00f3 min\u0151s\u00e9g be\u00e1ll\u00edt\u00e1sok.<br \/>\n<img decoding=\"async\" loading=\"lazy\" alt=\"Any Audio Converter min\u0151s\u00e9g\" src=\"\/\/cuccokhalomban.csillagpor.hu\/pict\/any-audio-converter-screenshot-7.jpg\" width=\"797\" height=\"500\" \/>\n<\/p>\n<p>Vide\u00f3 let\u00f6ltve, le is j\u00e1tszhatjuk, mik\u00f6zben be\u00e1ll\u00edtjuk milyen hangf\u00e1jl legyen bel\u0151le.<br \/>\n<img decoding=\"async\" loading=\"lazy\" alt=\"Any Audio Converter \u00e1talak\u00edt\u00e1s\" src=\"\/\/cuccokhalomban.csillagpor.hu\/pict\/any-audio-converter-screenshot-8.jpg\" width=\"796\" height=\"500\" \/>\n<\/p>\n<p>MP3 f\u00e1jl k\u00e9sz\u00fcl&#8230;<br \/>\n<img decoding=\"async\" loading=\"lazy\" alt=\"Any Audio Converter mp3\" src=\"\/\/cuccokhalomban.csillagpor.hu\/pict\/any-audio-converter-screenshot-9.jpg\" width=\"797\" height=\"500\" \/>\n<\/p>\n<p>\u00c1talak\u00edt\u00e1s k\u00e9sz, r\u00e1k\u00e9rdez nem szeretn\u00e9nk e megv\u00e1s\u00e1rolni. K\u00f6vetkezm\u00e9nyek n\u00e9lk\u00fcl v\u00e1laszthatjuk a Nem k\u00f6sz\u00f6n\u00f6m! opci\u00f3t.<br \/>\n<img decoding=\"async\" loading=\"lazy\" alt=\"Any Audio Converter\" src=\"\/\/cuccokhalomban.csillagpor.hu\/pict\/any-audio-converter-screenshot-10.jpg\" width=\"798\" height=\"500\" \/><\/p>\n","protected":false},"excerpt":{"rendered":"<p><a target=\"_blank\" title=\"any audio converter k\u00e9perny\u0151k\u00e9pek\" href=\"\/\/csillagpor.hu\/remek\/programok\/any-audio-converter-screenshot\" rel=\"noopener noreferrer\"><img decoding=\"async\" loading=\"lazy\" alt=\"Any Audio Converter\" src=\"\/\/cuccokhalomban.csillagpor.hu\/pict\/any-audio-converter-kicsi.jpg\" width=\"100\" height=\"63\" class=\"flr\" \/><\/a>Az Any Audio Converter Windows 10-en, a magyar nyelv m\u00e9g mindig el\u00e9g fura. Olyan mintha direkt csin\u00e1lta volna rosszul valaki. El nem tudom k\u00e9pzelni milyen ember vagy ford\u00edt\u00f3program k\u00e9pes a &#8211; Hozz\u00e1ad\u00e1sa vagy Drag F\u00e1jl (ok) &#8211; l\u00e9trehoz\u00e1s\u00e1ra. Mindegy, itt kell kezdeni az \u00e1talak\u00edt\u00e1st &#8230;<\/p>\n","protected":false},"author":1,"featured_media":0,"parent":0,"menu_order":0,"comment_status":"closed","ping_status":"closed","template":"","meta":{"footnotes":""},"_links":{"self":[{"href":"https:\/\/csillagpor.hu\/remek\/programok\/wp-json\/wp\/v2\/pages\/1006"}],"collection":[{"href":"https:\/\/csillagpor.hu\/remek\/programok\/wp-json\/wp\/v2\/pages"}],"about":[{"href":"https:\/\/csillagpor.hu\/remek\/programok\/wp-json\/wp\/v2\/types\/page"}],"author":[{"embeddable":true,"href":"https:\/\/csillagpor.hu\/remek\/programok\/wp-json\/wp\/v2\/users\/1"}],"replies":[{"embeddable":true,"href":"https:\/\/csillagpor.hu\/remek\/programok\/wp-json\/wp\/v2\/comments?post=1006"}],"version-history":[{"count":0,"href":"https:\/\/csillagpor.hu\/remek\/programok\/wp-json\/wp\/v2\/pages\/1006\/revisions"}],"wp:attachment":[{"href":"https:\/\/csillagpor.hu\/remek\/programok\/wp-json\/wp\/v2\/media?parent=1006"}],"curies":[{"name":"wp","href":"https:\/\/api.w.org\/{rel}","templated":true}]}}