{"id":1017,"date":"2012-03-24T16:07:57","date_gmt":"2012-03-24T15:07:57","guid":{"rendered":"http:\/\/csillagpor.hu\/remek\/programok\/?page_id=1017"},"modified":"2022-06-30T18:28:11","modified_gmt":"2022-06-30T16:28:11","slug":"camstudio-screenshot","status":"publish","type":"page","link":"https:\/\/csillagpor.hu\/remek\/programok\/camstudio-screenshot","title":{"rendered":"CamStudio k\u00e9perny\u0151k\u00e9pek"},"content":{"rendered":"<p>A <a target=\"_blank\" title=\"camstudio\" href=\"\/\/csillagpor.hu\/remek\/programok\/camstudio-letoltese\" rel=\"noopener noreferrer\">CamStudio<\/a> 2.7 telep\u00edt\u00e9se Windows 10-en. Hacsak nincs sz\u00fcks\u00e9g\u00fcnk a REACHit szoftverre, enn\u00e9l a r\u00e9szn\u00e9l kattintsunk a Skip All-ra!<br \/>\n<img decoding=\"async\" loading=\"lazy\" alt=\"Camstudio telep\u00edt\u00e9s Windows 10\" src=\"\/\/cuccokhalomban.csillagpor.hu\/pict\/camstudio-kepernyokep-1.jpg\" width=\"651\" height=\"510\" \/>\n<\/p>\n<p>Ha az <a target=\"_blank\" title=\"microsoft visual c++\" href=\"\/\/csillagpor.hu\/remek\/programok\/microsoft-visualcpp-redistributable-package\" rel=\"noopener noreferrer\">MS Visual C++<\/a> ezen verzi\u00f3i nincsenek a rendszerben, fel fogja \u0151ket telep\u00edteni.<br \/>\n<img decoding=\"async\" loading=\"lazy\" alt=\"Camstudio Visual C++\" src=\"\/\/cuccokhalomban.csillagpor.hu\/pict\/camstudio-kepernyokep-2.jpg\" width=\"651\" height=\"510\" \/>\n<\/p>\n<p>A nyelvet itt lehet \u00e1ll\u00edtani, ha angol helyett jobb lenne a n\u00e9met. Magyar sajnos nincs. Ezenk\u00edv\u00fcl vide\u00f3, kurzor, hang \u00e9s m\u00e9g sok minden be\u00e1ll\u00edt\u00e1s \u00e9rhet\u0151 el innen.<br \/>\n<img decoding=\"async\" loading=\"lazy\" alt=\"Camstudio nyelv\" src=\"\/\/cuccokhalomban.csillagpor.hu\/pict\/camstudio-kepernyokep-3.jpg\" width=\"493\" height=\"404\" \/>\n<\/p>\n<p>Itt adhatjuk meg (a billenty\u0171 kombin\u00e1ci\u00f3kon k\u00edv\u00fcl), hogy teljes k\u00e9perny\u0151t, egy el\u0151re vagy menet k\u00f6zben be\u00e1ll\u00edtott ter\u00fcletet, vagy egy ablak esem\u00e9nyeit szeretn\u00e9nk e r\u00f6gz\u00edteni. A billenty\u0171 kombin\u00e1ci\u00f3k be\u00e1ll\u00edt\u00e1sai v\u00e9letlen\u00fcl lemaradtak, de az Options &#8211; Program Options &#8211; Keyboard shortcuts&#8230; \u00fatvonalon el\u00e9rhetj\u00fck, megjegyezhetj\u00fck vagy \u00e1t\u00e1ll\u00edthatjuk \u0151ket.<br \/>\n<img decoding=\"async\" loading=\"lazy\" alt=\"Camstudio r\u00f6gz\u00edt\u00e9si ter\u00fclet\" src=\"\/\/cuccokhalomban.csillagpor.hu\/pict\/camstudio-kepernyokep-4.jpg\" width=\"378\" height=\"404\" \/>\n<\/p>\n<p>Itt a kimeneti k\u00f6nyvt\u00e1rat adhatjuk meg, ha nem felel meg az alap\u00e9rtelmezett.<br \/>\n<img decoding=\"async\" loading=\"lazy\" alt=\"Camstudio mentett vide\u00f3\" src=\"\/\/cuccokhalomban.csillagpor.hu\/pict\/camstudio-kepernyokep-5.jpg\" width=\"662\" height=\"541\" \/>\n<\/p>\n<p>Itt lehet be\u00e1ll\u00edtani, hogy felv\u00e9tel idej\u00e9re elt\u0171nj\u00f6n a program a t\u00e1lc\u00e1ra \u00e9s hogy ne legyen kerete a felv\u00e9telnek.<br \/>\n<img decoding=\"async\" loading=\"lazy\" alt=\"Camstudio t\u0171n\u00e9s\" src=\"\/\/cuccokhalomban.csillagpor.hu\/pict\/camstudio-kepernyokep-6.jpg\" width=\"662\" height=\"545\" \/>\n<\/p>\n<p>Hang \u00e9s vide\u00f3 szinkroniz\u00e1ci\u00f3.<br \/>\n<img decoding=\"async\" loading=\"lazy\" alt=\"Camstudio hang \u00e9s vide\u00f3 szinkroniz\u00e1ci\u00f3\" src=\"\/\/cuccokhalomban.csillagpor.hu\/pict\/camstudio-kepernyokep-7.jpg\" width=\"628\" height=\"396\" \/>\n<\/p>\n<p>A vide\u00f3n l\u00e9v\u0151 sz\u00f6veg effekt be\u00e1ll\u00edt\u00e1sai.<br \/>\n<img decoding=\"async\" loading=\"lazy\" alt=\"Camstudio sz\u00f6veg\" src=\"\/\/cuccokhalomban.csillagpor.hu\/pict\/camstudio-kepernyokep-9.jpg\" width=\"408\" height=\"602\" \/>\n<\/p>\n<p>V\u00edzjel hozz\u00e1ad\u00e1sa.<br \/>\n<img decoding=\"async\" loading=\"lazy\" alt=\"Camstudio v\u00edzjel\" src=\"\/\/cuccokhalomban.csillagpor.hu\/pict\/camstudio-kepernyokep-10.jpg\" width=\"568\" height=\"397\" \/>\n<\/p>\n<p>Egy el\u0151re be\u00e1ll\u00edtott m\u00e9ret\u0171 ter\u00fclet felv\u00e9tel\u00e9re k\u00e9sz\u00fcl\u00f6k &#8230;<br \/>\n<img decoding=\"async\" loading=\"lazy\" alt=\"Camstudio be\u00e1ll\u00edtott ter\u00fclet\" src=\"\/\/cuccokhalomban.csillagpor.hu\/pict\/camstudio-kepernyokep-11.jpg\" width=\"364\" height=\"517\" \/>\n<\/p>\n<p>Itt a t\u00e1lc\u00e1n, az \u00f3ra melletti ikonb\u00f3l is le\u00e1ll\u00edthatjuk.<br \/>\n<img decoding=\"async\" loading=\"lazy\" alt=\"Camstudio le\u00e1ll\u00edt\u00e1s\" src=\"\/\/cuccokhalomban.csillagpor.hu\/pict\/camstudio-kepernyokep-12.jpg\" width=\"285\" height=\"171\" \/>\n<\/p>\n<p>A felvett anyag lej\u00e1tsz\u00e1sa a saj\u00e1t lej\u00e1tsz\u00f3j\u00e1val.<br \/>\n<img decoding=\"async\" loading=\"lazy\" alt=\"Camstudio vide\u00f3lej\u00e1tsz\u00f3\" src=\"\/\/cuccokhalomban.csillagpor.hu\/pict\/camstudio-kepernyokep-13.jpg\" width=\"651\" height=\"520\" \/>\n<\/p>\n<p><a target=\"_blank\" title=\"swf\" href=\"\/\/csillagpor.hu\/remek\/fajlkiterjesztes\/swf\" rel=\"noopener noreferrer\">SWF f\u00e1jlba<\/a> konvert\u00e1l\u00e1s.<br \/>\n<img decoding=\"async\" loading=\"lazy\" alt=\"Camstudio swf\" src=\"\/\/cuccokhalomban.csillagpor.hu\/pict\/camstudio-kepernyokep-14.jpg\" width=\"519\" height=\"522\" \/>\n<\/p>\n<p>Az swf Flash f\u00e1jl be\u00e1ll\u00edt\u00e1sai<br \/>\n<img decoding=\"async\" loading=\"lazy\" alt=\"Camstudio swf be\u00e1ll\u00edt\u00e1sok\" src=\"\/\/cuccokhalomban.csillagpor.hu\/pict\/camstudio-kepernyokep-15.jpg\" width=\"566\" height=\"674\" \/>\n<\/p>\n<p>R\u00e9gebbi v\u00e1ltozat &#8230;<\/p>\n<p><a target=\"_blank\" title=\"camstudio\" href=\"\/\/csillagpor.hu\/remek\/programok\/camstudio-letoltese\" rel=\"noopener noreferrer\">Camstudio vide\u00f3 felvev\u0151 program<\/a>. A vide\u00f3 felvev\u0151 keret be\u00e1ll\u00edt\u00e1sa.<br \/>\n<img decoding=\"async\" loading=\"lazy\" alt=\"Camstudio vide\u00f3 felvev\u0151\" src=\"\/\/cuccokhalomban.csillagpor.hu\/pict\/camstudio-screencapture-1.jpg\" width=\"414\" height=\"355\" \/>\n<\/p>\n<p>Felv\u00e9tel folyamatban.<br \/>\n<img decoding=\"async\" loading=\"lazy\" alt=\"Camstudio felv\u00e9tel\" src=\"\/\/cuccokhalomban.csillagpor.hu\/pict\/camstudio-screencapture-2.jpg\" width=\"352\" height=\"343\" \/>\n<\/p>\n<p>A felvett vide\u00f3 lej\u00e1tsz\u00e1sa a Playerrel.<br \/>\n<img decoding=\"async\" loading=\"lazy\" alt=\"Camstudio Player\" src=\"\/\/cuccokhalomban.csillagpor.hu\/pict\/camstudio-screencapture-3.jpg\" width=\"539\" height=\"372\" \/>\n<\/p>\n<p>Hangfelv\u00e9tel be\u00e1ll\u00edt\u00e1sok, sok laptopon csak a mikrofon m\u0171k\u00f6dik.<br \/>\n<img decoding=\"async\" loading=\"lazy\" alt=\"Camstudio hangfelv\u00e9tel\" src=\"\/\/cuccokhalomban.csillagpor.hu\/pict\/camstudio-screencapture-4.jpg\" width=\"350\" height=\"339\" \/>\n<\/p>\n<p>Vide\u00f3 be\u00e1ll\u00edt\u00e1sok, ha feltelep\u00edtett\u00fck a saj\u00e1t Camstudio Lossless Codec-\u00e9t, akkor azt is haszn\u00e1lhatjuk.<br \/>\n<img decoding=\"async\" loading=\"lazy\" alt=\"Camstudio vide\u00f3 be\u00e1ll\u00edt\u00e1sok\" src=\"\/\/cuccokhalomban.csillagpor.hu\/pict\/camstudio-screencapture-5.jpg\" width=\"461\" height=\"447\" \/>\n<\/p>\n<p>SWF Producer ind\u00edt\u00e1sa.<br \/>\n<img decoding=\"async\" loading=\"lazy\" alt=\"Camstudio SWF Producer\" src=\"\/\/cuccokhalomban.csillagpor.hu\/pict\/camstudio-screencapture-6.jpg\" width=\"439\" height=\"292\" \/>\n<\/p>\n<p>Megnyitjuk a mentett AVI vide\u00f3t \u00e9s SWF-be alak\u00edtjuk.<br \/>\n<img decoding=\"async\" loading=\"lazy\" alt=\"Camstudio \u00e1talak\u00edt\u00e1s\" src=\"\/\/cuccokhalomban.csillagpor.hu\/pict\/camstudio-screencapture-7.jpg\" width=\"380\" height=\"392\" \/>\n<\/p>\n<p>A Flash vide\u00f3 f\u00e1jl be\u00e1ll\u00edt\u00e1sai.<br \/>\n<img decoding=\"async\" loading=\"lazy\" alt=\"Camstudio flash vide\u00f3\" src=\"\/\/cuccokhalomban.csillagpor.hu\/pict\/camstudio-screencapture-8.jpg\" width=\"367\" height=\"500\" \/>\n<\/p>\n<p>A Flash vide\u00f3 lej\u00e1tsz\u00f3 preloader \u00e9s keret be\u00e1ll\u00edt\u00e1sai.<br \/>\n<img decoding=\"async\" loading=\"lazy\" alt=\"Camstudio vide\u00f3 lej\u00e1tsz\u00f3\" src=\"\/\/cuccokhalomban.csillagpor.hu\/pict\/camstudio-screencapture-9.jpg\" width=\"365\" height=\"500\" \/>\n<\/p>\n<p>AVI-b\u00f3l SWF-be alak\u00edt\u00e1s folyamatban&#8230;<br \/>\n<img decoding=\"async\" loading=\"lazy\" alt=\"Camstudio avi-b\u00f3l swf-be\" src=\"\/\/cuccokhalomban.csillagpor.hu\/pict\/camstudio-screencapture-10.jpg\" width=\"380\" height=\"392\" \/><\/p>\n","protected":false},"excerpt":{"rendered":"<p><a target=\"_blank\" title=\"camstudio k\u00e9perny\u0151k\u00e9pek\" href=\"\/\/csillagpor.hu\/remek\/programok\/camstudio-screenshot\" rel=\"noopener noreferrer\"><img decoding=\"async\" loading=\"lazy\" alt=\"CamStudio\" src=\"\/\/cuccokhalomban.csillagpor.hu\/pict\/camstudio_kicsi.jpg\" width=\"100\" height=\"98\" class=\"flr\" \/><\/a>Camstudio vide\u00f3 felvev\u0151 program. A vide\u00f3 felvev\u0151 keret be\u00e1ll\u00edt\u00e1sa. Felv\u00e9tel folyamatban&#8230; A felvett vide\u00f3 lej\u00e1tsz\u00e1sa a Playerrel. Hangfelv\u00e9tel be\u00e1ll\u00edt\u00e1sok, sok laptopon csak a mikrofon m\u0171k\u00f6dik. Vide\u00f3 be\u00e1ll\u00edt\u00e1sok, ha feltelep\u00edtett\u00fck a saj\u00e1t Camstudio Lossless Codec-\u00e9t, akkor azt is haszn\u00e1lhatjuk&#8230;<\/p>\n","protected":false},"author":1,"featured_media":0,"parent":0,"menu_order":0,"comment_status":"closed","ping_status":"closed","template":"","meta":{"footnotes":""},"_links":{"self":[{"href":"https:\/\/csillagpor.hu\/remek\/programok\/wp-json\/wp\/v2\/pages\/1017"}],"collection":[{"href":"https:\/\/csillagpor.hu\/remek\/programok\/wp-json\/wp\/v2\/pages"}],"about":[{"href":"https:\/\/csillagpor.hu\/remek\/programok\/wp-json\/wp\/v2\/types\/page"}],"author":[{"embeddable":true,"href":"https:\/\/csillagpor.hu\/remek\/programok\/wp-json\/wp\/v2\/users\/1"}],"replies":[{"embeddable":true,"href":"https:\/\/csillagpor.hu\/remek\/programok\/wp-json\/wp\/v2\/comments?post=1017"}],"version-history":[{"count":0,"href":"https:\/\/csillagpor.hu\/remek\/programok\/wp-json\/wp\/v2\/pages\/1017\/revisions"}],"wp:attachment":[{"href":"https:\/\/csillagpor.hu\/remek\/programok\/wp-json\/wp\/v2\/media?parent=1017"}],"curies":[{"name":"wp","href":"https:\/\/api.w.org\/{rel}","templated":true}]}}