{"id":1035,"date":"2012-03-31T21:15:04","date_gmt":"2012-03-31T19:15:04","guid":{"rendered":"http:\/\/csillagpor.hu\/remek\/programok\/?page_id=1035"},"modified":"2022-06-30T17:42:15","modified_gmt":"2022-06-30T15:42:15","slug":"traverso-daw-screenshot","status":"publish","type":"page","link":"https:\/\/csillagpor.hu\/remek\/programok\/traverso-daw-screenshot","title":{"rendered":"Traverso DAW k\u00e9perny\u0151k\u00e9pek"},"content":{"rendered":"<p><a target=\"_blank\" title=\"traverso daw\" href=\"\/\/csillagpor.hu\/remek\/programok\/traverso-daw-letoltes\" rel=\"noopener noreferrer\">Traverso DAW multitrack audio felvev\u0151 \u00e9s szerkeszt\u0151<\/a>. Elindult a program, adjunk hozz\u00e1 track-eket.<br \/>\n<img decoding=\"async\" loading=\"lazy\" alt=\"Traverso DAW\" src=\"\/\/cuccokhalomban.csillagpor.hu\/pict\/traverso-daw-screenshot-1.jpg\" width=\"717\" height=\"500\" \/>\n<\/p>\n<p>Audio klipek import\u00e1l\u00e1sa, ez esetben mp3 f\u00e1jlb\u00f3l.<br \/>\n<img decoding=\"async\" loading=\"lazy\" alt=\"Traverso DAW import\u00e1l\u00e1s\" src=\"\/\/cuccokhalomban.csillagpor.hu\/pict\/traverso-daw-screenshot-2.jpg\" width=\"718\" height=\"500\" \/>\n<\/p>\n<p>A harmadik track is t\u00f6lt\u0151dik, ha k\u00e9sz, hely\u00e9re h\u00fazzuk a harmadik s\u00e1vba.<br \/>\n<img decoding=\"async\" loading=\"lazy\" alt=\"Traverso DAW\" src=\"\/\/cuccokhalomban.csillagpor.hu\/pict\/traverso-daw-screenshot-3.jpg\" width=\"719\" height=\"500\" \/>\n<\/p>\n<p>A jobb gombos men\u00fcb\u0151l mindent el\u00e9rhet\u00fcnk.<br \/>\n<img decoding=\"async\" loading=\"lazy\" alt=\"Traverso DAW men\u00fc\" src=\"\/\/cuccokhalomban.csillagpor.hu\/pict\/traverso-daw-screenshot-4.jpg\" width=\"718\" height=\"500\" \/>\n<\/p>\n<p>A hangrendszer be\u00e1ll\u00edt\u00e1sai.<br \/>\n<img decoding=\"async\" loading=\"lazy\" alt=\"Traverso DAW hangrendszer be\u00e1ll\u00edt\u00e1sok\" src=\"\/\/cuccokhalomban.csillagpor.hu\/pict\/traverso-daw-screenshot-5.jpg\" width=\"717\" height=\"500\" \/>\n<\/p>\n<p>A h\u00e1rom s\u00e1v lej\u00e1tsz\u00e1sa egyben.<br \/>\n<img decoding=\"async\" loading=\"lazy\" alt=\"Traverso DAW lej\u00e1tsz\u00e1s\" src=\"\/\/cuccokhalomban.csillagpor.hu\/pict\/traverso-daw-screenshot-6.jpg\" width=\"717\" height=\"500\" \/>\n<\/p>\n<p>A n\u00e9zet be\u00e1ll\u00edt\u00e1sai.<br \/>\n<img decoding=\"async\" loading=\"lazy\" alt=\"Traverso DAW n\u00e9zet be\u00e1ll\u00edt\u00e1sok\" src=\"\/\/cuccokhalomban.csillagpor.hu\/pict\/traverso-daw-screenshot-7.jpg\" width=\"719\" height=\"500\" \/>\n<\/p>\n<p>Audio f\u00e1jlok megnyit\u00e1sa.<br \/>\n<img decoding=\"async\" loading=\"lazy\" alt=\"Traverso DAW megnyit\u00e1s\" src=\"\/\/cuccokhalomban.csillagpor.hu\/pict\/traverso-daw-screenshot-8.jpg\" width=\"718\" height=\"500\" \/>\n<\/p>\n<p>Export\u00e1l\u00e1s wav, aiff, flac, wavpack \u00e9s ogg hangf\u00e1jlokba.<br \/>\n<img decoding=\"async\" loading=\"lazy\" alt=\"Traverso DAW export\u00e1l\u00e1s\" src=\"\/\/cuccokhalomban.csillagpor.hu\/pict\/traverso-daw-screenshot-9.jpg\" width=\"718\" height=\"500\" \/>\n<\/p>\n<p>Ha k\u00e9sz, CD-re is \u00edrhatjuk.<br \/>\n<img decoding=\"async\" loading=\"lazy\" alt=\"Traverso DAW CD \u00edr\u00e1s\" src=\"\/\/cuccokhalomban.csillagpor.hu\/pict\/traverso-daw-screenshot-10.jpg\" width=\"718\" height=\"500\" \/><\/p>\n","protected":false},"excerpt":{"rendered":"<p><a target=\"_blank\" title=\"traverso daw k\u00e9perny\u0151k\u00e9pek\" href=\"\/\/csillagpor.hu\/remek\/programok\/traverso-daw-screenshot\" rel=\"noopener noreferrer\"><img decoding=\"async\" loading=\"lazy\" alt=\"Traverso DAW\" src=\"\/\/cuccokhalomban.csillagpor.hu\/pict\/traverso-daw-kicsi.jpg\" width=\"100\" height=\"74\" class=\"flr\" \/><\/a>Traverso DAW multitrack audio felvev\u0151 \u00e9s szerkeszt\u0151. Elindult a program, adjunk hozz\u00e1 track-eket. Audio klipek import\u00e1l\u00e1sa, ez esetben mp3 f\u00e1jlb\u00f3l. A harmadik track is t\u00f6lt\u0151dik, ha k\u00e9sz, hely\u00e9re h\u00fazzuk a harmadik s\u00e1vba. A h\u00e1rom s\u00e1v lej\u00e1tsz\u00e1sa egyben. Export\u00e1l\u00e1s wav, aiff, flac, wavpack \u00e9s ogg hangf\u00e1jlokba&#8230;<\/p>\n","protected":false},"author":1,"featured_media":0,"parent":0,"menu_order":0,"comment_status":"closed","ping_status":"closed","template":"","meta":{"footnotes":""},"_links":{"self":[{"href":"https:\/\/csillagpor.hu\/remek\/programok\/wp-json\/wp\/v2\/pages\/1035"}],"collection":[{"href":"https:\/\/csillagpor.hu\/remek\/programok\/wp-json\/wp\/v2\/pages"}],"about":[{"href":"https:\/\/csillagpor.hu\/remek\/programok\/wp-json\/wp\/v2\/types\/page"}],"author":[{"embeddable":true,"href":"https:\/\/csillagpor.hu\/remek\/programok\/wp-json\/wp\/v2\/users\/1"}],"replies":[{"embeddable":true,"href":"https:\/\/csillagpor.hu\/remek\/programok\/wp-json\/wp\/v2\/comments?post=1035"}],"version-history":[{"count":0,"href":"https:\/\/csillagpor.hu\/remek\/programok\/wp-json\/wp\/v2\/pages\/1035\/revisions"}],"wp:attachment":[{"href":"https:\/\/csillagpor.hu\/remek\/programok\/wp-json\/wp\/v2\/media?parent=1035"}],"curies":[{"name":"wp","href":"https:\/\/api.w.org\/{rel}","templated":true}]}}