{"id":1040,"date":"2012-04-02T12:56:36","date_gmt":"2012-04-02T10:56:36","guid":{"rendered":"http:\/\/csillagpor.hu\/remek\/programok\/?page_id=1040"},"modified":"2022-06-30T18:11:46","modified_gmt":"2022-06-30T16:11:46","slug":"lmms-screenshot","status":"publish","type":"page","link":"https:\/\/csillagpor.hu\/remek\/programok\/lmms-screenshot","title":{"rendered":"LMMS \u2013 Linux MultiMedia Studio k\u00e9perny\u0151k\u00e9pek"},"content":{"rendered":"<p><a target=\"_blank\" title=\"lmms linux multimedia studio\" href=\"\/\/csillagpor.hu\/remek\/programok\/lmms-linux-multimedia-studio-letoltese\" rel=\"noopener noreferrer\">LMMS, Linux MultiMedia Studio<\/a>. Projekt megnyit\u00e1sa, ind\u00edtsunk egy dem\u00f3 f\u00e1jllal.<br \/>\n<img decoding=\"async\" loading=\"lazy\" alt=\"LMMS \u2013 Linux MultiMedia Studio projekt\" src=\"\/\/cuccokhalomban.csillagpor.hu\/pict\/lmms-screenshot-1.jpg\" width=\"873\" height=\"500\" \/>\n<\/p>\n<p>Dem\u00f3 bet\u00f6ltve, Song Editor lej\u00e1tsz\u00e1s k\u00f6zben.<br \/>\n<img decoding=\"async\" loading=\"lazy\" alt=\"LMMS \u2013 Linux MultiMedia Studio Song Editor\" src=\"\/\/cuccokhalomban.csillagpor.hu\/pict\/lmms-screenshot-2.jpg\" width=\"872\" height=\"500\" \/>\n<\/p>\n<p>LADSPA effekt hozz\u00e1ad\u00e1sa, lent a le\u00edr\u00e1sa.<br \/>\n<img decoding=\"async\" loading=\"lazy\" alt=\"LMMS \u2013 Linux MultiMedia Studio effektek\" src=\"\/\/cuccokhalomban.csillagpor.hu\/pict\/lmms-screenshot-3.jpg\" width=\"873\" height=\"500\" \/>\n<\/p>\n<p>Effekt hozz\u00e1adva, Calf Equalizer.<br \/>\n<img decoding=\"async\" loading=\"lazy\" alt=\"LMMS \u2013 Linux MultiMedia Studio Calf Equalizer\" src=\"\/\/cuccokhalomban.csillagpor.hu\/pict\/lmms-screenshot-4.jpg\" width=\"873\" height=\"500\" \/>\n<\/p>\n<p>FX-Mixer, van mit \u00e1ll\u00edtgatni&#8230;<br \/>\n<img decoding=\"async\" loading=\"lazy\" alt=\"LMMS \u2013 Linux MultiMedia Studio FX-Mixer\" src=\"\/\/cuccokhalomban.csillagpor.hu\/pict\/lmms-screenshot-5.jpg\" width=\"874\" height=\"500\" \/>\n<\/p>\n<p>LADSPA plugin b\u00f6ng\u00e9sz\u0151, el\u00e9rhet\u0151 effektek.<br \/>\n<img decoding=\"async\" loading=\"lazy\" alt=\"LMMS \u2013 Linux MultiMedia Studio LADSPA\" src=\"\/\/cuccokhalomban.csillagpor.hu\/pict\/lmms-screenshot-6.jpg\" width=\"874\" height=\"500\" \/>\n<\/p>\n<p>Hangszerek, most pl. Analogue voice&#8230;<br \/>\n<img decoding=\"async\" loading=\"lazy\" alt=\"LMMS \u2013 Linux MultiMedia Studio hangszerek\" src=\"\/\/cuccokhalomban.csillagpor.hu\/pict\/lmms-screenshot-7.jpg\" width=\"873\" height=\"500\" \/>\n<\/p>\n<p>Az egyik hangminta be\u00e1ll\u00edt\u00e1sai.<br \/>\n<img decoding=\"async\" loading=\"lazy\" alt=\"LMMS \u2013 Linux MultiMedia Studio hangminta\" src=\"\/\/cuccokhalomban.csillagpor.hu\/pict\/lmms-screenshot-8.jpg\" width=\"873\" height=\"500\" \/>\n<\/p>\n<p>A program be\u00e1ll\u00edt\u00e1sai, puffer m\u00e9ret, projekt f\u00e1jl t\u00f6m\u00f6r\u00edt\u00e9s, ilyesmik.<br \/>\n<img decoding=\"async\" loading=\"lazy\" alt=\"LMMS \u2013 Linux MultiMedia Studio be\u00e1ll\u00edt\u00e1sok\" src=\"\/\/cuccokhalomban.csillagpor.hu\/pict\/lmms-screenshot-9.jpg\" width=\"873\" height=\"500\" \/>\n<\/p>\n<p>Wav \u00e9s ogg f\u00e1jlba export\u00e1lhatjuk a projektet.<br \/>\n<img decoding=\"async\" loading=\"lazy\" alt=\"LMMS \u2013 Linux MultiMedia Studio export\u00e1l\u00e1s\" src=\"\/\/cuccokhalomban.csillagpor.hu\/pict\/lmms-screenshot-10.jpg\" width=\"873\" height=\"500\" \/><\/p>\n","protected":false},"excerpt":{"rendered":"<p><a target=\"_blank\" title=\"LMMS k\u00e9perny\u0151k\u00e9pek\" href=\"\/\/csillagpor.hu\/remek\/programok\/lmms-screenshot\" rel=\"noopener noreferrer\"><img decoding=\"async\" loading=\"lazy\" alt=\"LMMS\" src=\"\/\/cuccokhalomban.csillagpor.hu\/pict\/lmms-kicsi.jpg\" width=\"100\" height=\"58\" class=\"flr\" \/><\/a>LMMS, Linux MultiMedia Studio. Projekt megnyit\u00e1sa, ind\u00edtsunk egy dem\u00f3 f\u00e1jllal. Dem\u00f3 bet\u00f6ltve, Song Editor lej\u00e1tsz\u00e1s k\u00f6zben. LADSPA effekt hozz\u00e1ad\u00e1sa, lent a le\u00edr\u00e1sa. Effekt hozz\u00e1adva, Calf Equalizer. FX-Mixer, van mit \u00e1ll\u00edtgatni&#8230; LADSPA plugin b\u00f6ng\u00e9sz\u0151, el\u00e9rhet\u0151 effektek&#8230;.<\/p>\n","protected":false},"author":1,"featured_media":0,"parent":0,"menu_order":0,"comment_status":"closed","ping_status":"closed","template":"","meta":{"footnotes":""},"_links":{"self":[{"href":"https:\/\/csillagpor.hu\/remek\/programok\/wp-json\/wp\/v2\/pages\/1040"}],"collection":[{"href":"https:\/\/csillagpor.hu\/remek\/programok\/wp-json\/wp\/v2\/pages"}],"about":[{"href":"https:\/\/csillagpor.hu\/remek\/programok\/wp-json\/wp\/v2\/types\/page"}],"author":[{"embeddable":true,"href":"https:\/\/csillagpor.hu\/remek\/programok\/wp-json\/wp\/v2\/users\/1"}],"replies":[{"embeddable":true,"href":"https:\/\/csillagpor.hu\/remek\/programok\/wp-json\/wp\/v2\/comments?post=1040"}],"version-history":[{"count":0,"href":"https:\/\/csillagpor.hu\/remek\/programok\/wp-json\/wp\/v2\/pages\/1040\/revisions"}],"wp:attachment":[{"href":"https:\/\/csillagpor.hu\/remek\/programok\/wp-json\/wp\/v2\/media?parent=1040"}],"curies":[{"name":"wp","href":"https:\/\/api.w.org\/{rel}","templated":true}]}}