{"id":1041,"date":"2012-04-02T17:40:13","date_gmt":"2012-04-02T15:40:13","guid":{"rendered":"http:\/\/csillagpor.hu\/remek\/programok\/?page_id=1041"},"modified":"2022-06-30T18:09:16","modified_gmt":"2022-06-30T16:09:16","slug":"mp3gain-screenshot","status":"publish","type":"page","link":"https:\/\/csillagpor.hu\/remek\/programok\/mp3gain-screenshot","title":{"rendered":"MP3Gain k\u00e9perny\u0151k\u00e9pek"},"content":{"rendered":"<p><a target=\"_blank\" title=\"mp3gain\" href=\"\/\/csillagpor.hu\/remek\/programok\/mp3gain-letoltese\" rel=\"noopener noreferrer\">Az MP3Gain<\/a> valamikor 2009-ben friss\u00fclt utolj\u00e1ra, de t\u00f6k\u00e9letesen v\u00e9gzi a dolg\u00e1t ma is, ak\u00e1r Windows 10-en is!<br \/>\n<img decoding=\"async\" loading=\"lazy\" alt=\"MP3Gain Windows 10-en\" src=\"\/\/cuccokhalomban.csillagpor.hu\/pict\/mp3gain-kepernyokep-1.jpg\" width=\"638\" height=\"479\" \/>\n<\/p>\n<p><a target=\"_blank\" title=\"mp3gain\" href=\"\/\/csillagpor.hu\/remek\/programok\/mp3gain-letoltese\" rel=\"noopener noreferrer\">MP3Gain mp3 hanger\u0151 normaliz\u00e1l\u00f3<\/a>. Telep\u00edt\u00e9skor v\u00e1lasszuk ki a magyar nyelvet!<br \/>\n<img decoding=\"async\" loading=\"lazy\" alt=\"MP3Gain magyar\" src=\"\/\/cuccokhalomban.csillagpor.hu\/pict\/mp3gain-screenshot-1.jpg\" width=\"503\" height=\"389\" \/>\n<\/p>\n<p>&#8230; \u00e9s elindult, t\u00f6lts\u00fcnk be egy \u00faj mapp\u00e1t, vagy csak p\u00e1r f\u00e1jlt!<br \/>\n<img decoding=\"async\" loading=\"lazy\" alt=\"MP3Gain mappa\" src=\"\/\/cuccokhalomban.csillagpor.hu\/pict\/mp3gain-screenshot-2.jpg\" width=\"653\" height=\"485\" \/>\n<\/p>\n<p>Mappa bet\u00f6ltve. Be\u00e1ll\u00edthatjuk h\u00e1ny dB-re szeretn\u00e9nk er\u0151s\u00edteni, az alap\u00e9rtelmezett \u00e9rt\u00e9k 89.<br \/>\n<img decoding=\"async\" loading=\"lazy\" alt=\"MP3Gain 89 dB\" src=\"\/\/cuccokhalomban.csillagpor.hu\/pict\/mp3gain-screenshot-3.jpg\" width=\"653\" height=\"485\" \/>\n<\/p>\n<p>R\u00e1di\u00f3 elemz\u00e9s folyamatban, minden t\u00fal hangos!<br \/>\n<img decoding=\"async\" loading=\"lazy\" alt=\"MP3Gain 4\" src=\"\/\/cuccokhalomban.csillagpor.hu\/pict\/mp3gain-screenshot-4.jpg\" width=\"652\" height=\"485\" \/>\n<\/p>\n<p>Jobb eg\u00e9rgombbal is el\u00e9r\u00fcnk minden m\u0171veletet, pl. lej\u00e1tszhatjuk az mp3 f\u00e1jlunkat is vagy c\u00edmk\u00e9ket t\u00e1vol\u00edthatunk el bel\u0151l\u00fck.<br \/>\n<img decoding=\"async\" loading=\"lazy\" alt=\"MP3Gain men\u00fc\" src=\"\/\/cuccokhalomban.csillagpor.hu\/pict\/mp3gain-screenshot-5.jpg\" width=\"652\" height=\"485\" \/>\n<\/p>\n<p>Be\u00e1ll\u00edt\u00e1sok, sz\u00e1lpriorit\u00e1s, teljes\u00edtm\u00e9ny, maximaliz\u00e1l\u00e1s.<br \/>\n<img decoding=\"async\" loading=\"lazy\" alt=\"MP3Gain 6\" src=\"\/\/cuccokhalomban.csillagpor.hu\/pict\/mp3gain-screenshot-6.jpg\" width=\"652\" height=\"485\" \/>\n<\/p>\n<p>S\u00e1v er\u0151s\u00edt\u00e9s folyamatban, minden 89 dB k\u00f6r\u00fcl lesz&#8230;<br \/>\n<img decoding=\"async\" loading=\"lazy\" alt=\"MP3Gain 7\" src=\"\/\/cuccokhalomban.csillagpor.hu\/pict\/mp3gain-screenshot-7.jpg\" width=\"652\" height=\"485\" \/>\n<\/p>\n<p>Er\u0151s\u00edt\u00e9s m\u00f3dos\u00edt\u00e1sa, ak\u00e1r vissza is vonhatjuk az er\u0151s\u00edt\u00e9st&#8230;<br \/>\n<img decoding=\"async\" loading=\"lazy\" alt=\"MP3Gain 8\" src=\"\/\/cuccokhalomban.csillagpor.hu\/pict\/mp3gain-screenshot-8.jpg\" width=\"652\" height=\"485\" \/>\n<\/p>\n<p>M\u00f3dos\u00edt\u00e1sok visszavon\u00e1sa&#8230; \u00e9s megint minden t\u00fal hangos!<br \/>\n<img decoding=\"async\" loading=\"lazy\" alt=\"MP3Gain 9\" src=\"\/\/cuccokhalomban.csillagpor.hu\/pict\/mp3gain-screenshot-9.jpg\" width=\"652\" height=\"484\" \/><\/p>\n","protected":false},"excerpt":{"rendered":"<p><a target=\"_blank\" title=\"mp3gain k\u00e9perny\u0151k\u00e9pek\" href=\"\/\/csillagpor.hu\/remek\/programok\/mp3gain-screenshot\" rel=\"noopener noreferrer\"><img decoding=\"async\" loading=\"lazy\" alt=\"MP3Gain\" src=\"\/\/cuccokhalomban.csillagpor.hu\/pict\/mp3gain.jpg\" width=\"100\" height=\"25\" class=\"flr\" \/><\/a>MP3Gain mp3 hanger\u0151 normaliz\u00e1l\u00f3. Telep\u00edt\u00e9skor v\u00e1lasszuk ki a magyar nyelvet! &#8230; \u00e9s elindult, t\u00f6lts\u00fcnk be egy \u00faj mapp\u00e1t, vagy csak p\u00e1r f\u00e1jlt! Mappa bet\u00f6ltve. Be\u00e1ll\u00edthatjuk h\u00e1ny dB-re szeretn\u00e9nk er\u0151s\u00edteni, az alap\u00e9rtelmezett \u00e9rt\u00e9k 89. R\u00e1di\u00f3 elemz\u00e9s folyamatban, minden t\u00fal hangos! Jobb eg\u00e9rgombbal is el\u00e9r\u00fcnk minden m\u0171veletet, pl. lej\u00e1tszhatjuk az mp3 f\u00e1jlunkat is vagy c\u00edmk\u00e9ket t\u00e1vol\u00edthatunk el bel\u0151l\u00fck&#8230;<\/p>\n","protected":false},"author":1,"featured_media":0,"parent":0,"menu_order":0,"comment_status":"closed","ping_status":"closed","template":"","meta":{"footnotes":""},"_links":{"self":[{"href":"https:\/\/csillagpor.hu\/remek\/programok\/wp-json\/wp\/v2\/pages\/1041"}],"collection":[{"href":"https:\/\/csillagpor.hu\/remek\/programok\/wp-json\/wp\/v2\/pages"}],"about":[{"href":"https:\/\/csillagpor.hu\/remek\/programok\/wp-json\/wp\/v2\/types\/page"}],"author":[{"embeddable":true,"href":"https:\/\/csillagpor.hu\/remek\/programok\/wp-json\/wp\/v2\/users\/1"}],"replies":[{"embeddable":true,"href":"https:\/\/csillagpor.hu\/remek\/programok\/wp-json\/wp\/v2\/comments?post=1041"}],"version-history":[{"count":0,"href":"https:\/\/csillagpor.hu\/remek\/programok\/wp-json\/wp\/v2\/pages\/1041\/revisions"}],"wp:attachment":[{"href":"https:\/\/csillagpor.hu\/remek\/programok\/wp-json\/wp\/v2\/media?parent=1041"}],"curies":[{"name":"wp","href":"https:\/\/api.w.org\/{rel}","templated":true}]}}