{"id":1043,"date":"2012-04-02T23:44:23","date_gmt":"2012-04-02T21:44:23","guid":{"rendered":"http:\/\/csillagpor.hu\/remek\/programok\/?page_id=1043"},"modified":"2022-06-30T18:09:58","modified_gmt":"2022-06-30T16:09:58","slug":"mixvibes-free-5-screenshot","status":"publish","type":"page","link":"https:\/\/csillagpor.hu\/remek\/programok\/mixvibes-free-5-screenshot","title":{"rendered":"MIXVIBES Free 5 k\u00e9perny\u0151k\u00e9pek"},"content":{"rendered":"<p><a target=\"_blank\" title=\"mixvibes\" href=\"\/\/csillagpor.hu\/remek\/programok\/mixvibes-free-5-letoltese\" rel=\"noopener noreferrer\">MIXVIBES Free 5 zene mixer<\/a>. M\u00e9g \u00fcres a kever\u0151.<br \/>\n<img decoding=\"async\" loading=\"lazy\" alt=\"MIXVIBES Free 5, m\u00e9g \u00fcres\" src=\"\/\/cuccokhalomban.csillagpor.hu\/pict\/mixvibes-free-5-screenshot-1.jpg\" width=\"1003\" height=\"500\" \/>\n<\/p>\n<p>Zen\u00e9k bet\u00f6ltve, most a baloldali sz\u00f3l t\u00f6k&#8217; hanger\u0151n.<br \/>\n<img decoding=\"async\" loading=\"lazy\" alt=\"MIXVIBES Free 5, zen\u00e9k bet\u00f6ltve\" src=\"\/\/cuccokhalomban.csillagpor.hu\/pict\/mixvibes-free-5-screenshot-2.jpg\" width=\"1004\" height=\"500\" \/>\n<\/p>\n<p>Most a jobboldali sz\u00f3l, kicsit lass\u00edtva, m\u00e9lyebb hangon.<br \/>\n<img decoding=\"async\" loading=\"lazy\" alt=\"MIXVIBES Free 5\" src=\"\/\/cuccokhalomban.csillagpor.hu\/pict\/mixvibes-free-5-screenshot-3.jpg\" width=\"1002\" height=\"500\" \/>\n<\/p>\n<p>A mixet el is menthetj\u00fck .vib f\u00e1jlba.<br \/>\n<img decoding=\"async\" loading=\"lazy\" alt=\"MIXVIBES Free 5 vib f\u00e1jl\" src=\"\/\/cuccokhalomban.csillagpor.hu\/pict\/mixvibes-free-5-screenshot-4.jpg\" width=\"1002\" height=\"500\" \/>\n<\/p>\n<p>A f\u00e1jlb\u00f6ng\u00e9sz\u0151 panel.<br \/>\n<img decoding=\"async\" loading=\"lazy\" alt=\"MIXVIBES Free 5 f\u00e1jlb\u00f6ng\u00e9sz\u0151\" src=\"\/\/cuccokhalomban.csillagpor.hu\/pict\/mixvibes-free-5-screenshot-5.jpg\" width=\"1003\" height=\"500\" \/>\n<\/p>\n<p>A bet\u00f6lt\u00f6tt f\u00e1jlok, jobb gombos men\u00fcvel&#8230;<br \/>\n<img decoding=\"async\" loading=\"lazy\" alt=\"MIXVIBES Free 5 bet\u00f6lt\u00f6tt f\u00e1jlok\" src=\"\/\/cuccokhalomban.csillagpor.hu\/pict\/mixvibes-free-5-screenshot-6.jpg\" width=\"1003\" height=\"500\" \/><\/p>\n","protected":false},"excerpt":{"rendered":"<p>MIXVIBES Free 5 zene mixer. M\u00e9g \u00fcres a kever\u0151. Zen\u00e9k bet\u00f6ltve, most a baloldali sz\u00f3l t\u00f6k&#8217; hanger\u0151n. Most a jobboldali sz\u00f3l, kicsit lass\u00edtva,&#46;&#46;&#46;<\/p>\n","protected":false},"author":1,"featured_media":0,"parent":0,"menu_order":0,"comment_status":"closed","ping_status":"closed","template":"","meta":{"footnotes":""},"_links":{"self":[{"href":"https:\/\/csillagpor.hu\/remek\/programok\/wp-json\/wp\/v2\/pages\/1043"}],"collection":[{"href":"https:\/\/csillagpor.hu\/remek\/programok\/wp-json\/wp\/v2\/pages"}],"about":[{"href":"https:\/\/csillagpor.hu\/remek\/programok\/wp-json\/wp\/v2\/types\/page"}],"author":[{"embeddable":true,"href":"https:\/\/csillagpor.hu\/remek\/programok\/wp-json\/wp\/v2\/users\/1"}],"replies":[{"embeddable":true,"href":"https:\/\/csillagpor.hu\/remek\/programok\/wp-json\/wp\/v2\/comments?post=1043"}],"version-history":[{"count":0,"href":"https:\/\/csillagpor.hu\/remek\/programok\/wp-json\/wp\/v2\/pages\/1043\/revisions"}],"wp:attachment":[{"href":"https:\/\/csillagpor.hu\/remek\/programok\/wp-json\/wp\/v2\/media?parent=1043"}],"curies":[{"name":"wp","href":"https:\/\/api.w.org\/{rel}","templated":true}]}}