{"id":1053,"date":"2012-04-04T23:50:01","date_gmt":"2012-04-04T21:50:01","guid":{"rendered":"http:\/\/csillagpor.hu\/remek\/programok\/?page_id=1053"},"modified":"2022-06-30T18:29:11","modified_gmt":"2022-06-30T16:29:11","slug":"avg-antivirus-screenshot","status":"publish","type":"page","link":"https:\/\/csillagpor.hu\/remek\/programok\/avg-antivirus-screenshot","title":{"rendered":"AVG Antivirus k\u00e9perny\u0151k\u00e9pek"},"content":{"rendered":"<p><a target=\"_blank\" title=\"\/\/csillagpor.hu\/remek\/programok\/avg-antivirus-free-letoltese\" href=\"\/\/csillagpor.hu\/remek\/programok\/avg-antivirus-free-letoltese\" rel=\"noopener noreferrer\">Az AVG Antivirus<\/a> 2013 kisebb diz\u00e1jn v\u00e1lt\u00e1son is \u00e1tesett. Szint\u00e9n az alapszint\u0171 az ingyenes v\u00e9delem.<br \/>\n<img decoding=\"async\" loading=\"lazy\" alt=\"AVG Antivirus Free v\u00edrusirt\u00f3\" src=\"\/\/cuccokhalomban.csillagpor.hu\/pict\/avg-screenshot-01.jpg\" width=\"669\" height=\"439\" \/>\n<\/p>\n<p>Egy\u00e9ni telep\u00edt\u00e9s, \u00e9s itt ha nem akarjuk a b\u00f6ng\u00e9sz\u0151be \u00e9p\u00fcl\u00e9st, akkor vegy\u00fck ki a pip\u00e1kat!<br \/>\n<img decoding=\"async\" loading=\"lazy\" alt=\"AVG Antivirus b\u00f6ng\u00e9sz\u0151\" src=\"\/\/cuccokhalomban.csillagpor.hu\/pict\/avg-screenshot-02.jpg\" width=\"670\" height=\"439\" \/>\n<\/p>\n<p>E-mail v\u00e9delem, szem\u00e9lyazonoss\u00e1g-v\u00e9delem, b\u00f6ng\u00e9sz\u00e9sv\u00e9delem.<br \/>\n<img decoding=\"async\" loading=\"lazy\" alt=\"AVG Antivirus v\u00e9delem\" src=\"\/\/cuccokhalomban.csillagpor.hu\/pict\/avg-screenshot-03.jpg\" width=\"669\" height=\"439\" \/>\n<\/p>\n<p>Az AVG MyAccount fi\u00f3k nem sz\u00fcks\u00e9ges a m\u0171k\u00f6d\u00e9shez, teh\u00e1t Befejez\u00e9s, \u00e9s k\u00e9sz.<br \/>\n<img decoding=\"async\" loading=\"lazy\" alt=\"AVG Antivirus MyAccount\" src=\"\/\/cuccokhalomban.csillagpor.hu\/pict\/avg-screenshot-04.jpg\" width=\"669\" height=\"439\" \/>\n<\/p>\n<p>A telep\u00edt\u00e9s k\u00e9sz, elindult &#8230; m\u00e9g kell egy adatb\u00e1zis friss\u00edt\u00e9s, ami p\u00e1r pillanat m\u00falva automatikusan megt\u00f6rt\u00e9nik.<br \/>\n<img decoding=\"async\" loading=\"lazy\" alt=\"AVG Antivirus elindult\" src=\"\/\/cuccokhalomban.csillagpor.hu\/pict\/avg-screenshot-05.jpg\" width=\"664\" height=\"500\" \/>\n<\/p>\n<p>Be\u00e1ll\u00edt\u00e1sok, statisztik\u00e1k &#8230; \u00e9s m\u00e9g mindig elavult a v\u00edruskeres\u0151 adatb\u00e1zis.<br \/>\n<img decoding=\"async\" loading=\"lazy\" alt=\"AVG Antivirus be\u00e1ll\u00edt\u00e1sok\" src=\"\/\/cuccokhalomban.csillagpor.hu\/pict\/avg-screenshot-06.jpg\" width=\"643\" height=\"500\" \/>\n<\/p>\n<p>Vizsg\u00e1lati be\u00e1ll\u00edt\u00e1sok, v\u00edrusfert\u0151z\u00e9s jav\u00edt\u00e1sa\/elt\u00e1vol\u00edt\u00e1sa megk\u00e9rdez\u00e9s n\u00e9lk\u00fcl, Rootkit vizsg\u00e1lat, stb&#8230;<br \/>\n<img decoding=\"async\" loading=\"lazy\" alt=\"AVG Antivirus vizsg\u00e1lati be\u00e1ll\u00edt\u00e1sok\" src=\"\/\/cuccokhalomban.csillagpor.hu\/pict\/avg-screenshot-07.jpg\" width=\"707\" height=\"500\" \/>\n<\/p>\n<p>AVG Antivirus 2012<\/p>\n<p><a target=\"_blank\" title=\"avg antivirus\" href=\"\/\/csillagpor.hu\/remek\/programok\/avg-antivirus-free-letoltese\" rel=\"noopener noreferrer\">AVG Antivirus v\u00edrusirt\u00f3<\/a>, <a target=\"_blank\" title=\"v\u00edrusirt\u00f3\" href=\"\/\/csillagpor.hu\/remek\/programok\/virusirto-tuzfal-kemprogram-eltavolito\" rel=\"noopener noreferrer\">v\u00edruskeres\u0151<\/a>. Telep\u00edt\u00e9s elej\u00e9n az Alapszint\u0171 v\u00e9delmet kell v\u00e1lasztanunk, az az ingyenes.<br \/>\n<img decoding=\"async\" loading=\"lazy\" alt=\"AVG Antivirus Free v\u00edrusirt\u00f3\" src=\"\/\/cuccokhalomban.csillagpor.hu\/pict\/avg-antivirus-screenshot-1.jpg\" width=\"669\" height=\"439\" \/>\n<\/p>\n<p>Az \u00f6sszetev\u0151k, az els\u0151 ind\u00edt\u00e1s ut\u00e1n friss\u00edteni kell, vagyis: Jav\u00edt\u00e1s.<br \/>\n<img decoding=\"async\" loading=\"lazy\" alt=\"AVG Antivirus Free jav\u00edt\u00e1s\" src=\"\/\/cuccokhalomban.csillagpor.hu\/pict\/avg-antivirus-screenshot-2.jpg\" width=\"625\" height=\"500\" \/>\n<\/p>\n<p>V\u00edruskeres\u0151, \u00e1lland\u00f3 v\u00e9delem bekapcsolva \u00e9s k\u00e9rd\u00e9s a fenyeget\u00e9sek elt\u00e1vol\u00edt\u00e1sa el\u0151tt.<br \/>\n<img decoding=\"async\" loading=\"lazy\" alt=\"AVG Antivirus Free v\u00edruskeres\u0151\" src=\"\/\/cuccokhalomban.csillagpor.hu\/pict\/avg-antivirus-screenshot-3.jpg\" width=\"624\" height=\"500\" \/>\n<\/p>\n<p>LinkScanner, Search-Shield \u00e9s Surf-Shield bekapcsolva.<br \/>\n<img decoding=\"async\" loading=\"lazy\" alt=\"AVG Antivirus Free v\u00e9delem\" src=\"\/\/cuccokhalomban.csillagpor.hu\/pict\/avg-antivirus-screenshot-4.jpg\" width=\"624\" height=\"500\" \/>\n<\/p>\n<p>E-mail v\u00e9delem, bej\u00f6v\u0151 \u00fczenetek ellen\u0151rz\u00e9se, de ezt bekapcsolhatjuk a kimen\u0151 emailekn\u00e9l is.<br \/>\n<img decoding=\"async\" loading=\"lazy\" alt=\"AVG Antivirus Free e-mail v\u00e9delem\" src=\"\/\/cuccokhalomban.csillagpor.hu\/pict\/avg-antivirus-screenshot-5.jpg\" width=\"625\" height=\"500\" \/>\n<\/p>\n<p>Anti-Rootkit \u00f6sszetev\u0151, alkalmaz\u00e1sok, dll \u00e9s driver ellen\u0151rz\u00e9s, teljes rootkit ellen\u0151rz\u00e9s.<br \/>\n<img decoding=\"async\" loading=\"lazy\" alt=\"AVG Antivirus Free Anti-Rootkit\" src=\"\/\/cuccokhalomban.csillagpor.hu\/pict\/avg-antivirus-screenshot-6.jpg\" width=\"624\" height=\"500\" \/>\n<\/p>\n<p>PC Analyzer \u00f6sszetev\u0151 elemz\u00e9s ut\u00e1n. Tal\u00e1lt rendszerle\u00edr\u00f3-adatb\u00e1zis hib\u00e1t \u00e9s sz\u00fcks\u00e9gtelen f\u00e1jlokat b\u0151ven.<br \/>\n<img decoding=\"async\" loading=\"lazy\" alt=\"AVG Antivirus Free PC Analyzer\" src=\"\/\/cuccokhalomban.csillagpor.hu\/pict\/avg-antivirus-screenshot-7.jpg\" width=\"624\" height=\"500\" \/>\n<\/p>\n<p>Identity Protection \u00f6sszetev\u0151.<br \/>\n<img decoding=\"async\" loading=\"lazy\" alt=\"AVG Antivirus Free Identity Protection\" src=\"\/\/cuccokhalomban.csillagpor.hu\/pict\/avg-antivirus-screenshot-8.jpg\" width=\"624\" height=\"500\" \/>\n<\/p>\n<p>A v\u00edruskeres\u0151 \u00e1lland\u00f3 v\u00e9delm\u00e9nek be\u00e1ll\u00edt\u00e1sai.<br \/>\n<img decoding=\"async\" loading=\"lazy\" alt=\"AVG Antivirus Free \u00e1lland\u00f3 v\u00e9delem\" src=\"\/\/cuccokhalomban.csillagpor.hu\/pict\/avg-antivirus-screenshot-9.jpg\" width=\"623\" height=\"500\" \/>\n<\/p>\n<p>Az e-mail vizsg\u00e1lat be\u00e1ll\u00edt\u00e1sai, pl. arch\u00edvumok tartalm\u00e1nak vizsg\u00e1lata.<br \/>\n<img decoding=\"async\" loading=\"lazy\" alt=\"AVG Antivirus Free e-mail be\u00e1ll\u00edt\u00e1sok\" src=\"\/\/cuccokhalomban.csillagpor.hu\/pict\/avg-antivirus-screenshot-10.jpg\" width=\"624\" height=\"500\" \/><\/p>\n","protected":false},"excerpt":{"rendered":"<p>Az AVG Antivirus 2013 kisebb diz\u00e1jn v\u00e1lt\u00e1son is \u00e1tesett. Szint\u00e9n az alapszint\u0171 az ingyenes v\u00e9delem. Egy\u00e9ni telep\u00edt\u00e9s, \u00e9s itt ha nem akarjuk a&#46;&#46;&#46;<\/p>\n","protected":false},"author":1,"featured_media":0,"parent":0,"menu_order":0,"comment_status":"closed","ping_status":"closed","template":"","meta":{"footnotes":""},"_links":{"self":[{"href":"https:\/\/csillagpor.hu\/remek\/programok\/wp-json\/wp\/v2\/pages\/1053"}],"collection":[{"href":"https:\/\/csillagpor.hu\/remek\/programok\/wp-json\/wp\/v2\/pages"}],"about":[{"href":"https:\/\/csillagpor.hu\/remek\/programok\/wp-json\/wp\/v2\/types\/page"}],"author":[{"embeddable":true,"href":"https:\/\/csillagpor.hu\/remek\/programok\/wp-json\/wp\/v2\/users\/1"}],"replies":[{"embeddable":true,"href":"https:\/\/csillagpor.hu\/remek\/programok\/wp-json\/wp\/v2\/comments?post=1053"}],"version-history":[{"count":0,"href":"https:\/\/csillagpor.hu\/remek\/programok\/wp-json\/wp\/v2\/pages\/1053\/revisions"}],"wp:attachment":[{"href":"https:\/\/csillagpor.hu\/remek\/programok\/wp-json\/wp\/v2\/media?parent=1053"}],"curies":[{"name":"wp","href":"https:\/\/api.w.org\/{rel}","templated":true}]}}