{"id":1054,"date":"2012-04-07T23:03:52","date_gmt":"2012-04-07T21:03:52","guid":{"rendered":"http:\/\/csillagpor.hu\/remek\/programok\/?page_id=1054"},"modified":"2022-06-30T17:38:29","modified_gmt":"2022-06-30T15:38:29","slug":"waterfox-screenshot","status":"publish","type":"page","link":"https:\/\/csillagpor.hu\/remek\/programok\/waterfox-screenshot","title":{"rendered":"Waterfox k\u00e9perny\u0151k\u00e9pek"},"content":{"rendered":"<p><a target=\"_blank\" title=\"waterfox\" href=\"\/\/csillagpor.hu\/remek\/programok\/waterfox-letoltese\" rel=\"noopener noreferrer\">A Waterfox<\/a> 51.0.1 Windows 10-en.<br \/>\n<img decoding=\"async\" loading=\"lazy\" alt=\"Waterfox Windows 10\" src=\"\/\/cuccokhalomban.csillagpor.hu\/pict\/waterfox-kepernyokep-1.jpg\" width=\"730\" height=\"521\" \/>\n<\/p>\n<p>A be\u00e1ll\u00edt\u00e1saiban l\u00e1thatjuk, hogy az Ecosia az alap\u00e9rtelmezett keres\u0151. Ha szeretj\u00fck a f\u00e1kat, hagyjuk ezt be\u00e1ll\u00edtva.<br \/>\n<img decoding=\"async\" loading=\"lazy\" alt=\"Waterfox Ecosia\" src=\"\/\/cuccokhalomban.csillagpor.hu\/pict\/waterfox-kepernyokep-2.jpg\" width=\"730\" height=\"521\" \/>\n<\/p>\n<p>M\u00e1r magyar nyelv\u0171re \u00e1ll\u00edtva az 51-es verzi\u00f3 Windows 10-en.<br \/>\n<img decoding=\"async\" loading=\"lazy\" alt=\"Waterfox magyar\" src=\"\/\/cuccokhalomban.csillagpor.hu\/pict\/waterfox-kepernyokep-3.jpg\" width=\"730\" height=\"442\" \/>\n<\/p>\n<p>Itt \u00e1ll\u00edthatjuk \u00e1t magyar nyelv\u0171re a fel\u00fcletet telep\u00edt\u00e9s &#8211; vagy a hordozhat\u00f3n\u00e1l &#8211; ind\u00edt\u00e1s ut\u00e1n.<br \/>\n<img decoding=\"async\" loading=\"lazy\" alt=\"Waterfox be\u00e1ll\u00edt\u00e1s magyar nyelv\u0171re\" src=\"\/\/cuccokhalomban.csillagpor.hu\/pict\/waterfox-kepernyokep-4.jpg\" width=\"730\" height=\"442\" \/>\n<\/p>\n<p>R\u00e9gebbi verzi\u00f3k &#8230;<\/p>\n<p><a target=\"_blank\" title=\"waterfox\" href=\"\/\/csillagpor.hu\/remek\/programok\/waterfox-letoltese\" rel=\"noopener noreferrer\">Waterfox 64 bites Firefox webb\u00f6ng\u00e9sz\u0151<\/a>. A magyar nyelvet itt \u00e1ll\u00edthatn\u00e1nk be a Languages-n\u00e9l &#8230;<br \/>\n<img decoding=\"async\" loading=\"lazy\" alt=\"Waterfox nyelvek\" src=\"\/\/cuccokhalomban.csillagpor.hu\/pict\/waterfox-screenshot-02.jpg\" width=\"730\" height=\"482\" \/>\n<\/p>\n<p>Kiv\u00e1lasztjuk a Hungarian-t &#8230;<br \/>\n<img decoding=\"async\" loading=\"lazy\" alt=\"Waterfox magyar\" src=\"\/\/cuccokhalomban.csillagpor.hu\/pict\/waterfox-screenshot-03.jpg\" width=\"730\" height=\"482\" \/>\n<\/p>\n<p>Add \u00e9s OK, ha akarjuk a magyaron k\u00edv\u00fcl a t\u00f6bbit t\u00f6r\u00f6lhetj\u00fck is&#8230;<br \/>\n<img decoding=\"async\" loading=\"lazy\" alt=\"Waterfox ok\" src=\"\/\/cuccokhalomban.csillagpor.hu\/pict\/waterfox-screenshot-04.jpg\" width=\"730\" height=\"482\" \/>\n<\/p>\n<p>\u00d6sszesen ennyi lett bel\u0151le magyar &#8230; valamit nem j\u00f3l csin\u00e1ltam?<br \/>\n<img decoding=\"async\" loading=\"lazy\" alt=\"Waterfox nem magyar\" src=\"\/\/cuccokhalomban.csillagpor.hu\/pict\/waterfox-screenshot-05.jpg\" width=\"730\" height=\"403\" \/>\n<\/p>\n<p>A <a target=\"_blank\" title=\"waterfox\" href=\"\/\/csillagpor.hu\/remek\/programok\/waterfox-letoltese\" rel=\"noopener noreferrer\">Waterfox<\/a> <a target=\"_blank\" title=\"b\u00f6ng\u00e9sz\u0151\" href=\"\/\/csillagpor.hu\/remek\/programok\/internet-bongeszo\" rel=\"noopener noreferrer\">webb\u00f6ng\u00e9sz\u0151<\/a> a sz\u00edneket \u00e9s a nev\u00e9t lesz\u00e1m\u00edtva <a target=\"_blank\" href=\"\/\/csillagpor.hu\/remek\/programok\/firefox-letoltese\" rel=\"noopener noreferrer\">teljesen Firefox<\/a> csak 64 bites.<br \/>\n<img decoding=\"async\" loading=\"lazy\" alt=\"Waterfox Firefox kl\u00f3n\" src=\"\/\/cuccokhalomban.csillagpor.hu\/pict\/waterfox-screenshot-1.jpg\" width=\"706\" height=\"500\" \/>\n<\/p>\n<p>Be\u00e1ll\u00edt\u00e1sok, let\u00f6lt\u00e9s, kezd\u0151oldal, kieg\u00e9sz\u00edt\u0151k.<br \/>\n<img decoding=\"async\" loading=\"lazy\" alt=\"Waterfox let\u00f6lt\u00e9s\" src=\"\/\/cuccokhalomban.csillagpor.hu\/pict\/waterfox-screenshot-2.jpg\" width=\"707\" height=\"500\" \/>\n<\/p>\n<p>Halad\u00f3 be\u00e1ll\u00edt\u00e1sok, keres\u00e9s g\u00e9pel\u00e9ssel, hardveres gyors\u00edt\u00e1s, helyes\u00edr\u00e1s ellen\u0151rz\u00e9s be\u00edr\u00e1skor, alap\u00e9rtelmezett b\u00f6ng\u00e9sz\u0151.<br \/>\n<img decoding=\"async\" loading=\"lazy\" alt=\"Waterfox be\u00e1ll\u00edt\u00e1sok\" src=\"\/\/cuccokhalomban.csillagpor.hu\/pict\/waterfox-screenshot-3.jpg\" width=\"708\" height=\"500\" \/>\n<\/p>\n<p>Kieg\u00e9sz\u00edt\u0151k keres\u00e9se, kiv\u00e1laszt\u00e1sa, telep\u00edt\u00e9se.<br \/>\n<img decoding=\"async\" loading=\"lazy\" alt=\"Waterfox telep\u00edt\u00e9s\" src=\"\/\/cuccokhalomban.csillagpor.hu\/pict\/waterfox-screenshot-4.jpg\" width=\"709\" height=\"500\" \/>\n<\/p>\n<p>Lapcsoportok n\u00e9zet, a megnyitott oldalak v\u00e1laszthat\u00f3k innen.<br \/>\n<img decoding=\"async\" loading=\"lazy\" alt=\"Waterfox lapcsoportok\" src=\"\/\/cuccokhalomban.csillagpor.hu\/pict\/waterfox-screenshot-5.jpg\" width=\"707\" height=\"500\" \/>\n<\/p>\n<p>Style Editor, CSS szintaxis kiemel\u00e9ssel.<br \/>\n<img decoding=\"async\" loading=\"lazy\" alt=\"Waterfox Style Editor\" src=\"\/\/cuccokhalomban.csillagpor.hu\/pict\/waterfox-screenshot-6.jpg\" width=\"706\" height=\"500\" \/>\n<\/p>\n<p>Priv\u00e1t b\u00f6ng\u00e9sz\u00e9s, semmi nyom nem marad b\u00f6ng\u00e9sz\u00e9s\u00fcnkb\u0151l a g\u00e9pen.<br \/>\n<img decoding=\"async\" loading=\"lazy\" alt=\"Waterfox priv\u00e1t b\u00f6ng\u00e9sz\u00e9s\" src=\"\/\/cuccokhalomban.csillagpor.hu\/pict\/waterfox-screenshot-7.jpg\" width=\"706\" height=\"500\" \/>\n<\/p>\n<p>A Waterfox n\u00e9vjegye, sz\u00e9p k\u00e9k r\u00f3ka.<br \/>\n<img decoding=\"async\" loading=\"lazy\" alt=\"Waterfox n\u00e9vjegye\" src=\"\/\/cuccokhalomban.csillagpor.hu\/pict\/waterfox-screenshot-8.jpg\" width=\"706\" height=\"500\" \/><\/p>\n","protected":false},"excerpt":{"rendered":"<p><a target=\"_blank\" title=\"waterfox k\u00e9perny\u0151k\u00e9pek\" href=\"\/\/csillagpor.hu\/remek\/programok\/waterfox-screenshot\" rel=\"noopener noreferrer\"><img decoding=\"async\" loading=\"lazy\" alt=\"Waterfox\" src=\"\/\/cuccokhalomban.csillagpor.hu\/pict\/waterfox-kicsi.jpg\" width=\"100\" height=\"100\" class=\"flr\" \/><\/a>A Waterfox Windows 10-en. A be\u00e1ll\u00edt\u00e1saiban l\u00e1thatjuk, hogy az Ecosia az alap\u00e9rtelmezett keres\u0151. Ha szeretj\u00fck a f\u00e1kat, hagyjuk ezt be\u00e1ll\u00edtva. A Waterfox webb\u00f6ng\u00e9sz\u0151 a sz\u00edneket \u00e9s a nev\u00e9t lesz\u00e1m\u00edtva teljesen Firefox csak 64 bites. Halad\u00f3 be\u00e1ll\u00edt\u00e1sok, keres\u00e9s g\u00e9pel\u00e9ssel, hardveres gyors\u00edt\u00e1s, helyes\u00edr\u00e1s ellen\u0151rz\u00e9s be\u00edr\u00e1skor, alap\u00e9rtelmezett b\u00f6ng\u00e9sz\u0151.<\/p>\n","protected":false},"author":1,"featured_media":0,"parent":0,"menu_order":0,"comment_status":"closed","ping_status":"closed","template":"","meta":{"footnotes":""},"_links":{"self":[{"href":"https:\/\/csillagpor.hu\/remek\/programok\/wp-json\/wp\/v2\/pages\/1054"}],"collection":[{"href":"https:\/\/csillagpor.hu\/remek\/programok\/wp-json\/wp\/v2\/pages"}],"about":[{"href":"https:\/\/csillagpor.hu\/remek\/programok\/wp-json\/wp\/v2\/types\/page"}],"author":[{"embeddable":true,"href":"https:\/\/csillagpor.hu\/remek\/programok\/wp-json\/wp\/v2\/users\/1"}],"replies":[{"embeddable":true,"href":"https:\/\/csillagpor.hu\/remek\/programok\/wp-json\/wp\/v2\/comments?post=1054"}],"version-history":[{"count":0,"href":"https:\/\/csillagpor.hu\/remek\/programok\/wp-json\/wp\/v2\/pages\/1054\/revisions"}],"wp:attachment":[{"href":"https:\/\/csillagpor.hu\/remek\/programok\/wp-json\/wp\/v2\/media?parent=1054"}],"curies":[{"name":"wp","href":"https:\/\/api.w.org\/{rel}","templated":true}]}}