{"id":1057,"date":"2012-04-09T22:36:43","date_gmt":"2012-04-09T20:36:43","guid":{"rendered":"http:\/\/csillagpor.hu\/remek\/programok\/?page_id=1057"},"modified":"2022-06-30T17:41:58","modified_gmt":"2022-06-30T15:41:58","slug":"truecrypt-screenshot","status":"publish","type":"page","link":"https:\/\/csillagpor.hu\/remek\/programok\/truecrypt-screenshot","title":{"rendered":"TrueCrypt k\u00e9perny\u0151k\u00e9pek"},"content":{"rendered":"<p><a target=\"_blank\" title=\"truecrypt\" href=\"\/\/csillagpor.hu\/remek\/programok\/truecrypt-letoltese\" rel=\"noopener noreferrer\">TrueCrypt f\u00e1jl \u00e9s k\u00f6nyvt\u00e1r titkos\u00edt\u00f3<\/a>. Ha az Extract-ot v\u00e1lasztjuk, akkor csak kit\u00f6m\u00f6r\u00edti \u00e9s innent\u0151l kezdve hordozhat\u00f3k\u00e9nt haszn\u00e1lhat\u00f3 tov\u00e1bb a program.<br \/>\n<img decoding=\"async\" loading=\"lazy\" alt=\"TrueCrypt hordozhat\u00f3\" src=\"\/\/cuccokhalomban.csillagpor.hu\/pict\/truecrypt-screenshot-1.jpg\" width=\"566\" height=\"403\" \/>\n<\/p>\n<p>Elindult a program, kezdhetj\u00fck a titkos\u00edt\u00e1st.<br \/>\n<img decoding=\"async\" loading=\"lazy\" alt=\"TrueCrypt\" src=\"\/\/cuccokhalomban.csillagpor.hu\/pict\/truecrypt-screenshot-2.jpg\" width=\"570\" height=\"489\" \/>\n<\/p>\n<p>Csak f\u00e9lig-meddig magyar, innen v\u00e1laszthatunk pl. f\u00e1jlt, eszk\u00f6zt, k\u00f6tetet.<br \/>\n<img decoding=\"async\" loading=\"lazy\" alt=\"TrueCrypt alig magyar\" src=\"\/\/cuccokhalomban.csillagpor.hu\/pict\/truecrypt-screenshot-3.jpg\" width=\"569\" height=\"488\" \/>\n<\/p>\n<p>Part\u00edci\u00f3 titkos\u00edt\u00e1s, rejtett oper\u00e1ci\u00f3s rendszer, helyre\u00e1ll\u00edt\u00f3 lemez l\u00e9trehoz\u00e1sa \u00e9s egyebek&#8230;<br \/>\n<img decoding=\"async\" loading=\"lazy\" alt=\"TrueCrypt part\u00edci\u00f3 titkos\u00edt\u00e1s\" src=\"\/\/cuccokhalomban.csillagpor.hu\/pict\/truecrypt-screenshot-4.jpg\" width=\"569\" height=\"488\" \/>\n<\/p>\n<p>Titkos\u00edt\u00f3 kulcsf\u00e1jl l\u00e9trehoz\u00e1sa&#8230;<br \/>\n<img decoding=\"async\" loading=\"lazy\" alt=\"TrueCrypt kulcsf\u00e1jl\" src=\"\/\/cuccokhalomban.csillagpor.hu\/pict\/truecrypt-screenshot-5.jpg\" width=\"569\" height=\"488\" \/>\n<\/p>\n<p>Be\u00e1ll\u00edt\u00e1sok, p\u00e9ld\u00e1ul csak olvashat\u00f3nak csatolni a meghajt\u00f3kat.<br \/>\n<img decoding=\"async\" loading=\"lazy\" alt=\"TrueCrypt be\u00e1ll\u00edt\u00e1sok\" src=\"\/\/cuccokhalomban.csillagpor.hu\/pict\/truecrypt-screenshot-6.jpg\" width=\"569\" height=\"487\" \/><\/p>\n","protected":false},"excerpt":{"rendered":"<p>TrueCrypt f\u00e1jl \u00e9s k\u00f6nyvt\u00e1r titkos\u00edt\u00f3. Ha az Extract-ot v\u00e1lasztjuk, akkor csak kit\u00f6m\u00f6r\u00edti \u00e9s innent\u0151l kezdve hordozhat\u00f3k\u00e9nt haszn\u00e1lhat\u00f3 tov\u00e1bb a program. Elindult a program,&#46;&#46;&#46;<\/p>\n","protected":false},"author":1,"featured_media":0,"parent":0,"menu_order":0,"comment_status":"closed","ping_status":"closed","template":"","meta":{"footnotes":""},"_links":{"self":[{"href":"https:\/\/csillagpor.hu\/remek\/programok\/wp-json\/wp\/v2\/pages\/1057"}],"collection":[{"href":"https:\/\/csillagpor.hu\/remek\/programok\/wp-json\/wp\/v2\/pages"}],"about":[{"href":"https:\/\/csillagpor.hu\/remek\/programok\/wp-json\/wp\/v2\/types\/page"}],"author":[{"embeddable":true,"href":"https:\/\/csillagpor.hu\/remek\/programok\/wp-json\/wp\/v2\/users\/1"}],"replies":[{"embeddable":true,"href":"https:\/\/csillagpor.hu\/remek\/programok\/wp-json\/wp\/v2\/comments?post=1057"}],"version-history":[{"count":0,"href":"https:\/\/csillagpor.hu\/remek\/programok\/wp-json\/wp\/v2\/pages\/1057\/revisions"}],"wp:attachment":[{"href":"https:\/\/csillagpor.hu\/remek\/programok\/wp-json\/wp\/v2\/media?parent=1057"}],"curies":[{"name":"wp","href":"https:\/\/api.w.org\/{rel}","templated":true}]}}