{"id":1058,"date":"2012-04-12T00:19:09","date_gmt":"2012-04-11T22:19:09","guid":{"rendered":"http:\/\/csillagpor.hu\/remek\/programok\/?page_id=1058"},"modified":"2022-06-30T17:35:27","modified_gmt":"2022-06-30T15:35:27","slug":"wipe-screenshot","status":"publish","type":"page","link":"https:\/\/csillagpor.hu\/remek\/programok\/wipe-screenshot","title":{"rendered":"Wipe k\u00e9perny\u0151k\u00e9pek"},"content":{"rendered":"<p><a target=\"_blank\" title=\"wipe\" href=\"\/\/csillagpor.hu\/remek\/programok\/wipe-letoltese\" rel=\"noopener noreferrer\">Wipe biztons\u00e1gi, f\u00e1jl t\u00f6rl\u0151 program<\/a>. Nyelv v\u00e1laszt\u00e1s telep\u00edt\u00e9skor, magyar nyelv sajnos m\u00e9g nincs.<br \/>\n<img decoding=\"async\" loading=\"lazy\" alt=\"Wipe\" src=\"\/\/cuccokhalomban.csillagpor.hu\/pict\/wipe-screenshot-1.jpg\" width=\"713\" height=\"500\" \/>\n<\/p>\n<p>No, thanks &#8211; ha nem szeretn\u00e9nk h\u00edrlevelet.<br \/>\n<img decoding=\"async\" loading=\"lazy\" alt=\"Wipe\" src=\"\/\/cuccokhalomban.csillagpor.hu\/pict\/wipe-screenshot-2.jpg\" width=\"714\" height=\"500\" \/>\n<\/p>\n<p>Csak Save, ha nem akarunk csatlakozni a szoftver min\u0151s\u00e9g\u00e9t jav\u00edt\u00f3 programhoz.<br \/>\n<img decoding=\"async\" loading=\"lazy\" alt=\"Wipe save\" src=\"\/\/cuccokhalomban.csillagpor.hu\/pict\/wipe-screenshot-3.jpg\" width=\"713\" height=\"500\" \/>\n<\/p>\n<p>Indul\u00e1skor felveszi a list\u00e1ba az \u00fajonnan tal\u00e1lt programokat, \u00e9s ezt jelzi is.<br \/>\n<img decoding=\"async\" loading=\"lazy\" alt=\"Wipe \u00faj programok\" src=\"\/\/cuccokhalomban.csillagpor.hu\/pict\/wipe-screenshot-4.jpg\" width=\"450\" height=\"340\" \/>\n<\/p>\n<p>A t\u00f6r\u00f6lhet\u0151 f\u00e1jlok, registry bejegyz\u00e9sek \u00e9s m\u00e9ret\u00fck.<br \/>\n<img decoding=\"async\" loading=\"lazy\" alt=\"Wipe t\u00f6r\u00f6lhet\u0151k\" src=\"\/\/cuccokhalomban.csillagpor.hu\/pict\/wipe-screenshot-5.jpg\" width=\"657\" height=\"500\" \/>\n<\/p>\n<p>Be\u00e1ll\u00edt\u00e1sok, pl. hogy mindig advanced mode-ban induljon (ez most az).<br \/>\n<img decoding=\"async\" loading=\"lazy\" alt=\"Wipe advanced m\u00f3d\" src=\"\/\/cuccokhalomban.csillagpor.hu\/pict\/wipe-screenshot-6.jpg\" width=\"658\" height=\"500\" \/>\n<\/p>\n<p>Az egyetlen korl\u00e1toz\u00e1s, hogy a t\u00f6bbsz\u00f6r\u00f6s t\u00f6rl\u0151 algoritmusokat csak a fizet\u0151s programban lehet haszn\u00e1lni.<br \/>\n<img decoding=\"async\" loading=\"lazy\" alt=\"Wipe korl\u00e1toz\u00e1s\" src=\"\/\/cuccokhalomban.csillagpor.hu\/pict\/wipe-screenshot-7.jpg\" width=\"658\" height=\"500\" \/>\n<\/p>\n<p>Egyenk\u00e9nt is t\u00f6r\u00f6lhetj\u00fck az elemeket, ha jobb eg\u00e9rgombbal kattintunk, vagy a bejel\u00f6lteket egyszerre, a jobb als\u00f3 Delete gombbal.<br \/>\n<img decoding=\"async\" loading=\"lazy\" alt=\"Wipe delete\" src=\"\/\/cuccokhalomban.csillagpor.hu\/pict\/wipe-screenshot-8.jpg\" width=\"659\" height=\"500\" \/>\n<\/p>\n<p>T\u00f6rl\u00e9s folyamatban.<br \/>\n<img decoding=\"async\" loading=\"lazy\" alt=\"Wipe t\u00f6rl\u00e9s\" src=\"\/\/cuccokhalomban.csillagpor.hu\/pict\/wipe-screenshot-9.jpg\" width=\"657\" height=\"500\" \/>\n<\/p>\n<p>T\u00f6rl\u00e9s befejezve.<br \/>\n<img decoding=\"async\" loading=\"lazy\" alt=\"Wipe k\u00e9sz\" src=\"\/\/cuccokhalomban.csillagpor.hu\/pict\/wipe-screenshot-10.jpg\" width=\"658\" height=\"500\" \/><\/p>\n","protected":false},"excerpt":{"rendered":"<p>Wipe biztons\u00e1gi, f\u00e1jl t\u00f6rl\u0151 program. Nyelv v\u00e1laszt\u00e1s telep\u00edt\u00e9skor, magyar nyelv sajnos m\u00e9g nincs. No, thanks &#8211; ha nem szeretn\u00e9nk h\u00edrlevelet. Csak Save, ha&#46;&#46;&#46;<\/p>\n","protected":false},"author":1,"featured_media":0,"parent":0,"menu_order":0,"comment_status":"closed","ping_status":"closed","template":"","meta":{"footnotes":""},"_links":{"self":[{"href":"https:\/\/csillagpor.hu\/remek\/programok\/wp-json\/wp\/v2\/pages\/1058"}],"collection":[{"href":"https:\/\/csillagpor.hu\/remek\/programok\/wp-json\/wp\/v2\/pages"}],"about":[{"href":"https:\/\/csillagpor.hu\/remek\/programok\/wp-json\/wp\/v2\/types\/page"}],"author":[{"embeddable":true,"href":"https:\/\/csillagpor.hu\/remek\/programok\/wp-json\/wp\/v2\/users\/1"}],"replies":[{"embeddable":true,"href":"https:\/\/csillagpor.hu\/remek\/programok\/wp-json\/wp\/v2\/comments?post=1058"}],"version-history":[{"count":0,"href":"https:\/\/csillagpor.hu\/remek\/programok\/wp-json\/wp\/v2\/pages\/1058\/revisions"}],"wp:attachment":[{"href":"https:\/\/csillagpor.hu\/remek\/programok\/wp-json\/wp\/v2\/media?parent=1058"}],"curies":[{"name":"wp","href":"https:\/\/api.w.org\/{rel}","templated":true}]}}