{"id":1065,"date":"2012-04-16T22:27:15","date_gmt":"2012-04-16T20:27:15","guid":{"rendered":"http:\/\/csillagpor.hu\/remek\/programok\/?page_id=1065"},"modified":"2022-06-30T18:05:23","modified_gmt":"2022-06-30T16:05:23","slug":"panda-cloud-antivirus-screenshot","status":"publish","type":"page","link":"https:\/\/csillagpor.hu\/remek\/programok\/panda-cloud-antivirus-screenshot","title":{"rendered":"Panda Cloud Antivirus k\u00e9perny\u0151k\u00e9pek"},"content":{"rendered":"<p><a target=\"_blank\" title=\"panda cloud antivirus\" href=\"\/\/csillagpor.hu\/remek\/programok\/panda-cloud-antivirus-letoltese\" rel=\"noopener noreferrer\">Panda Cloud Antivirus v\u00edrusirt\u00f3<\/a>. A telep\u00edt\u00e9s elej\u00e9n, ha nem akarjuk, ne telep\u00edts\u00fck a Panda Security Toolbart \u00e9s egyebeket!<br \/>\n<img decoding=\"async\" loading=\"lazy\" alt=\"Panda Cloud Antivirus Toolbar\" src=\"\/\/cuccokhalomban.csillagpor.hu\/pict\/panda-cloud-antivirus-screenshot-1.jpg\" width=\"491\" height=\"403\" \/>\n<\/p>\n<p>Free Edition \u00e9s Befejez\u00e9sre kattint\u00e1s.<br \/>\n<img decoding=\"async\" loading=\"lazy\" alt=\"Panda Cloud Antivirus Free Edition\" src=\"\/\/cuccokhalomban.csillagpor.hu\/pict\/panda-cloud-antivirus-screenshot-2.jpg\" width=\"485\" height=\"479\" \/>\n<\/p>\n<p>Elindult, nincsenek biztons\u00e1gi probl\u00e9m\u00e1k \u00e9s csatlakozhatunk a k\u00f6z\u00f6ss\u00e9ghez is.<br \/>\n<img decoding=\"async\" loading=\"lazy\" alt=\"Panda Cloud Antivirus k\u00f6z\u00f6ss\u00e9g\" src=\"\/\/cuccokhalomban.csillagpor.hu\/pict\/panda-cloud-antivirus-screenshot-3.jpg\" width=\"531\" height=\"485\" \/>\n<\/p>\n<p>A k\u00f6z\u00f6ss\u00e9gi csatlakoz\u00e1sos r\u00e9szt fel lehet z\u00e1rni, \u00e9s jobb lent el\u00e9rhetj\u00fck a be\u00e1ll\u00edt\u00e1sokat.<br \/>\n<img decoding=\"async\" loading=\"lazy\" alt=\"Panda Cloud Antivirus be\u00e1ll\u00edt\u00e1sok\" src=\"\/\/cuccokhalomban.csillagpor.hu\/pict\/panda-cloud-antivirus-screenshot-4.jpg\" width=\"531\" height=\"366\" \/>\n<\/p>\n<p>Internet csatlakoz\u00e1s, automatikus futtat\u00e1s \u00e9s speci\u00e1lis be\u00e1ll\u00edt\u00e1sok.<br \/>\n<img decoding=\"async\" loading=\"lazy\" alt=\"Panda Cloud Antivirus\" src=\"\/\/cuccokhalomban.csillagpor.hu\/pict\/panda-cloud-antivirus-screenshot-5.jpg\" width=\"530\" height=\"366\" \/>\n<\/p>\n<p>Speci\u00e1lis be\u00e1ll\u00edt\u00e1sok, ez sem t\u00fal bonyolult.<br \/>\n<img decoding=\"async\" loading=\"lazy\" alt=\"Panda Cloud Antivirus speci\u00e1lis be\u00e1ll\u00edt\u00e1sok\" src=\"\/\/cuccokhalomban.csillagpor.hu\/pict\/panda-cloud-antivirus-screenshot-6.jpg\" width=\"668\" height=\"455\" \/>\n<\/p>\n<p>Vizsg\u00e1lat, optimaliz\u00e1lt \u00e9s egy\u00e9b ellen\u0151rz\u00e9sek.<br \/>\n<img decoding=\"async\" loading=\"lazy\" alt=\"Panda Cloud Antivirus vizsg\u00e1lat\" src=\"\/\/cuccokhalomban.csillagpor.hu\/pict\/panda-cloud-antivirus-screenshot-7.jpg\" width=\"530\" height=\"365\" \/>\n<\/p>\n<p>Ellen\u0151rz\u00e9s folyamatban.<br \/>\n<img decoding=\"async\" loading=\"lazy\" alt=\"Panda Cloud Antivirus ellen\u0151rz\u00e9s\" src=\"\/\/cuccokhalomban.csillagpor.hu\/pict\/panda-cloud-antivirus-screenshot-8.jpg\" width=\"550\" height=\"367\" \/>\n<\/p>\n<p>Kimutat\u00e1s: v\u00edrusok, f\u00e9rgek, tr\u00f3jaiak, k\u00e9mprogram, gyan\u00fas elemek, rekl\u00e1mok, t\u00e1rcs\u00e1z\u00f3k, viccprogramok \u00e9s egyebek.<br \/>\n<img decoding=\"async\" loading=\"lazy\" alt=\"Panda Cloud Antivirus kimutat\u00e1s\" src=\"\/\/cuccokhalomban.csillagpor.hu\/pict\/panda-cloud-antivirus-screenshot-9.jpg\" width=\"531\" height=\"366\" \/>\n<\/p>\n<p>Lomt\u00e1rban a hat\u00e1stalan\u00edtott f\u00e1jlok.<br \/>\n<img decoding=\"async\" loading=\"lazy\" alt=\"Panda Cloud Antivirus hat\u00e1stalan\u00edtott f\u00e1jlok\" src=\"\/\/cuccokhalomban.csillagpor.hu\/pict\/panda-cloud-antivirus-screenshot-10.jpg\" width=\"531\" height=\"366\" \/><\/p>\n","protected":false},"excerpt":{"rendered":"<p>Panda Cloud Antivirus v\u00edrusirt\u00f3. A telep\u00edt\u00e9s elej\u00e9n, ha nem akarjuk, ne telep\u00edts\u00fck a Panda Security Toolbart \u00e9s egyebeket! Free Edition \u00e9s Befejez\u00e9sre kattint\u00e1s.&#46;&#46;&#46;<\/p>\n","protected":false},"author":1,"featured_media":0,"parent":0,"menu_order":0,"comment_status":"closed","ping_status":"closed","template":"","meta":{"footnotes":""},"_links":{"self":[{"href":"https:\/\/csillagpor.hu\/remek\/programok\/wp-json\/wp\/v2\/pages\/1065"}],"collection":[{"href":"https:\/\/csillagpor.hu\/remek\/programok\/wp-json\/wp\/v2\/pages"}],"about":[{"href":"https:\/\/csillagpor.hu\/remek\/programok\/wp-json\/wp\/v2\/types\/page"}],"author":[{"embeddable":true,"href":"https:\/\/csillagpor.hu\/remek\/programok\/wp-json\/wp\/v2\/users\/1"}],"replies":[{"embeddable":true,"href":"https:\/\/csillagpor.hu\/remek\/programok\/wp-json\/wp\/v2\/comments?post=1065"}],"version-history":[{"count":0,"href":"https:\/\/csillagpor.hu\/remek\/programok\/wp-json\/wp\/v2\/pages\/1065\/revisions"}],"wp:attachment":[{"href":"https:\/\/csillagpor.hu\/remek\/programok\/wp-json\/wp\/v2\/media?parent=1065"}],"curies":[{"name":"wp","href":"https:\/\/api.w.org\/{rel}","templated":true}]}}