{"id":1067,"date":"2012-04-17T21:54:08","date_gmt":"2012-04-17T19:54:08","guid":{"rendered":"http:\/\/csillagpor.hu\/remek\/programok\/?page_id=1067"},"modified":"2022-06-30T17:41:08","modified_gmt":"2022-06-30T15:41:08","slug":"universal-extractor-screenshot","status":"publish","type":"page","link":"https:\/\/csillagpor.hu\/remek\/programok\/universal-extractor-screenshot","title":{"rendered":"Universal Extractor k\u00e9perny\u0151k\u00e9pek"},"content":{"rendered":"<p><a target=\"_blank\" title=\"universal extractor\" href=\"\/\/csillagpor.hu\/remek\/programok\/universal-extractor\" rel=\"noopener noreferrer\">Universal Extractor kicsomagol\u00f3 program<\/a>. Telep\u00edt\u00e9skor az \u00f6sszetev\u0151k kiv\u00e1laszt\u00e1sa, pl. ACE, KGB, Pea \u00e9s StuffIt f\u00e1jl t\u00e1mogat\u00e1s.<br \/>\n<img decoding=\"async\" loading=\"lazy\" alt=\"Universal Extractor \u00f6sszetev\u0151k\" src=\"\/\/cuccokhalomban.csillagpor.hu\/pict\/universal-extractor-screenshot-1.jpg\" width=\"504\" height=\"388\" \/>\n<\/p>\n<p>Opci\u00f3k be\u00e1ll\u00edt\u00e1sa, mint dupla \u00e9s ideiglenes f\u00e1jlok elt\u00e1vol\u00edt\u00e1sa.<br \/>\n<img decoding=\"async\" loading=\"lazy\" alt=\"Universal Extractor opci\u00f3k\" src=\"\/\/cuccokhalomban.csillagpor.hu\/pict\/universal-extractor-screenshot-2.jpg\" width=\"504\" height=\"388\" \/>\n<\/p>\n<p>K\u00f6rnyezeti men\u00fcbe integr\u00e1l\u00e1s.<br \/>\n<img decoding=\"async\" loading=\"lazy\" alt=\"Universal Extractor k\u00f6rnyezeti men\u00fc\" src=\"\/\/cuccokhalomban.csillagpor.hu\/pict\/universal-extractor-screenshot-3.jpg\" width=\"503\" height=\"388\" \/>\n<\/p>\n<p>Be\u00e1ll\u00edt\u00e1sok<br \/>\n<img decoding=\"async\" loading=\"lazy\" alt=\"Universal Extractor be\u00e1ll\u00edt\u00e1sok\" src=\"\/\/cuccokhalomban.csillagpor.hu\/pict\/universal-extractor-screenshot-4.jpg\" width=\"306\" height=\"269\" \/>\n<\/p>\n<p>Arch\u00edv, telep\u00edt\u0151 f\u00e1jl a kicsomagol\u00e1shoz \u00e9s c\u00e9lk\u00f6nyvt\u00e1r megad\u00e1sa.<br \/>\n<img decoding=\"async\" loading=\"lazy\" alt=\"Universal Extractor\" src=\"\/\/cuccokhalomban.csillagpor.hu\/pict\/universal-extractor-screenshot-5.jpg\" width=\"306\" height=\"163\" \/>\n<\/p>\n<p>A k\u00f6rnyezeti men\u00fcbe be\u00e9p\u00fclve, UniExtract f\u00e1jlok&#8230;<br \/>\n<img decoding=\"async\" loading=\"lazy\" alt=\"Universal Extractor UniExtract\" src=\"\/\/cuccokhalomban.csillagpor.hu\/pict\/universal-extractor-screenshot-6.jpg\" width=\"329\" height=\"324\" \/><\/p>\n","protected":false},"excerpt":{"rendered":"<p>Universal Extractor kicsomagol\u00f3 program. Telep\u00edt\u00e9skor az \u00f6sszetev\u0151k kiv\u00e1laszt\u00e1sa, pl. ACE, KGB, Pea \u00e9s StuffIt f\u00e1jl t\u00e1mogat\u00e1s. Opci\u00f3k be\u00e1ll\u00edt\u00e1sa, mint dupla \u00e9s ideiglenes f\u00e1jlok&#46;&#46;&#46;<\/p>\n","protected":false},"author":1,"featured_media":0,"parent":0,"menu_order":0,"comment_status":"closed","ping_status":"closed","template":"","meta":{"footnotes":""},"_links":{"self":[{"href":"https:\/\/csillagpor.hu\/remek\/programok\/wp-json\/wp\/v2\/pages\/1067"}],"collection":[{"href":"https:\/\/csillagpor.hu\/remek\/programok\/wp-json\/wp\/v2\/pages"}],"about":[{"href":"https:\/\/csillagpor.hu\/remek\/programok\/wp-json\/wp\/v2\/types\/page"}],"author":[{"embeddable":true,"href":"https:\/\/csillagpor.hu\/remek\/programok\/wp-json\/wp\/v2\/users\/1"}],"replies":[{"embeddable":true,"href":"https:\/\/csillagpor.hu\/remek\/programok\/wp-json\/wp\/v2\/comments?post=1067"}],"version-history":[{"count":0,"href":"https:\/\/csillagpor.hu\/remek\/programok\/wp-json\/wp\/v2\/pages\/1067\/revisions"}],"wp:attachment":[{"href":"https:\/\/csillagpor.hu\/remek\/programok\/wp-json\/wp\/v2\/media?parent=1067"}],"curies":[{"name":"wp","href":"https:\/\/api.w.org\/{rel}","templated":true}]}}