{"id":1069,"date":"2012-04-18T23:15:09","date_gmt":"2012-04-18T21:15:09","guid":{"rendered":"http:\/\/csillagpor.hu\/remek\/programok\/?page_id=1069"},"modified":"2022-06-30T17:41:32","modified_gmt":"2022-06-30T15:41:32","slug":"tugzip-screenshot","status":"publish","type":"page","link":"https:\/\/csillagpor.hu\/remek\/programok\/tugzip-screenshot","title":{"rendered":"TUGZip k\u00e9perny\u0151k\u00e9pek"},"content":{"rendered":"<p><a target=\"_blank\" title=\"tugzip\" href=\"\/\/csillagpor.hu\/remek\/programok\/tugzip-letoltese\" rel=\"noopener noreferrer\">TUGZip t\u00f6m\u00f6r\u00edt\u0151 program<\/a>, telep\u00edt\u00e9s ut\u00e1n be\u00e1ll\u00edthatjuk a n\u00e9zetet.<br \/>\n<img decoding=\"async\" loading=\"lazy\" alt=\"TUGZip n\u00e9zet\" src=\"\/\/cuccokhalomban.csillagpor.hu\/pict\/tugzip-screenshot-1.jpg\" width=\"471\" height=\"405\" \/>\n<\/p>\n<p>A Windows jobb klikkes men\u00fcbe val\u00f3 be\u00e9p\u00fcl\u00e9s.<br \/>\n<img decoding=\"async\" loading=\"lazy\" alt=\"TUGZip jobb gombos men\u00fc\" src=\"\/\/cuccokhalomban.csillagpor.hu\/pict\/tugzip-screenshot-2.jpg\" width=\"471\" height=\"406\" \/>\n<\/p>\n<p>ACE \u00e9s RAR t\u00f6m\u00f6r\u00edt\u0151 be\u00e9p\u00fcl\u0151k telep\u00edt\u00e9se.<br \/>\n<img decoding=\"async\" loading=\"lazy\" alt=\"TUGZip ace, rar\" src=\"\/\/cuccokhalomban.csillagpor.hu\/pict\/tugzip-screenshot-3.jpg\" width=\"472\" height=\"405\" \/>\n<\/p>\n<p>F\u00e1jlt\u00edpus hozz\u00e1rendel\u00e9sek be\u00e1ll\u00edt\u00e1sa.<br \/>\n<img decoding=\"async\" loading=\"lazy\" alt=\"TUGZip f\u00e1jlt\u00edpus\" src=\"\/\/cuccokhalomban.csillagpor.hu\/pict\/tugzip-screenshot-4.jpg\" width=\"471\" height=\"405\" \/>\n<\/p>\n<p>A men\u00fcb\u0151l r\u00f6gt\u00f6n kiv\u00e1laszthatjuk milyen form\u00e1tumba t\u00f6m\u00f6r\u00edt\u00fcnk.<br \/>\n<img decoding=\"async\" loading=\"lazy\" alt=\"TUGZip form\u00e1tum\" src=\"\/\/cuccokhalomban.csillagpor.hu\/pict\/tugzip-screenshot-5.jpg\" width=\"792\" height=\"500\" \/>\n<\/p>\n<p>Kicsomagolhatjuk, k\u00fcldhetj\u00fck lev\u00e9lben vagy \u00f6nkicsomagol\u00f3 arch\u00edvumot is l\u00e9trehozhatunk.<br \/>\n<img decoding=\"async\" loading=\"lazy\" alt=\"TUGZip m\u0171veletek\" src=\"\/\/cuccokhalomban.csillagpor.hu\/pict\/tugzip-screenshot-6.jpg\" width=\"792\" height=\"500\" \/>\n<\/p>\n<p>Self-Extractor, \u00f6nkicsomagol\u00f3 arch\u00edvum k\u00e9sz\u00edt\u00e9se.<br \/>\n<img decoding=\"async\" loading=\"lazy\" alt=\"TUGZip \u00f6nkicsomagol\u00f3\" src=\"\/\/cuccokhalomban.csillagpor.hu\/pict\/tugzip-screenshot-7.jpg\" width=\"849\" height=\"500\" \/>\n<\/p>\n<p>Alap\u00e9rtelmezett t\u00f6m\u00f6r\u00edt\u00e9si be\u00e1ll\u00edt\u00e1sok.<br \/>\n<img decoding=\"async\" loading=\"lazy\" alt=\"TUGZip alap\u00e9rtelmezett\" src=\"\/\/cuccokhalomban.csillagpor.hu\/pict\/tugzip-screenshot-8.jpg\" width=\"848\" height=\"500\" \/>\n<\/p>\n<p>Rendszer be\u00e1ll\u00edt\u00e1sok, Shell men\u00fc (vagyis a jobb klikkes Windows men\u00fc).<br \/>\n<img decoding=\"async\" loading=\"lazy\" alt=\"TUGZip rendszer be\u00e1ll\u00edt\u00e1sok\" src=\"\/\/cuccokhalomban.csillagpor.hu\/pict\/tugzip-screenshot-9.jpg\" width=\"849\" height=\"500\" \/>\n<\/p>\n<p>Eszk\u00f6z\u00f6k: arch\u00edv jav\u00edt\u00e1s, t\u00f6bbr\u00e9szes kicsomagol\u00e1s, batch arch\u00edv k\u00e9sz\u00edt\u00e9s, konvert\u00e1l\u00f3, \u00f6nkicsomagol\u00f3, script szerkeszt\u0151, titkos\u00edt\u00f3.<br \/>\n<img decoding=\"async\" loading=\"lazy\" alt=\"TUGZip eszk\u00f6z\u00f6k\" src=\"\/\/cuccokhalomban.csillagpor.hu\/pict\/tugzip-screenshot-10.jpg\" width=\"848\" height=\"500\" \/><\/p>\n","protected":false},"excerpt":{"rendered":"<p>TUGZip t\u00f6m\u00f6r\u00edt\u0151 program, telep\u00edt\u00e9s ut\u00e1n be\u00e1ll\u00edthatjuk a n\u00e9zetet. A Windows jobb klikkes men\u00fcbe val\u00f3 be\u00e9p\u00fcl\u00e9s. ACE \u00e9s RAR t\u00f6m\u00f6r\u00edt\u0151 be\u00e9p\u00fcl\u0151k telep\u00edt\u00e9se. F\u00e1jlt\u00edpus hozz\u00e1rendel\u00e9sek&#46;&#46;&#46;<\/p>\n","protected":false},"author":1,"featured_media":0,"parent":0,"menu_order":0,"comment_status":"closed","ping_status":"closed","template":"","meta":{"footnotes":""},"_links":{"self":[{"href":"https:\/\/csillagpor.hu\/remek\/programok\/wp-json\/wp\/v2\/pages\/1069"}],"collection":[{"href":"https:\/\/csillagpor.hu\/remek\/programok\/wp-json\/wp\/v2\/pages"}],"about":[{"href":"https:\/\/csillagpor.hu\/remek\/programok\/wp-json\/wp\/v2\/types\/page"}],"author":[{"embeddable":true,"href":"https:\/\/csillagpor.hu\/remek\/programok\/wp-json\/wp\/v2\/users\/1"}],"replies":[{"embeddable":true,"href":"https:\/\/csillagpor.hu\/remek\/programok\/wp-json\/wp\/v2\/comments?post=1069"}],"version-history":[{"count":0,"href":"https:\/\/csillagpor.hu\/remek\/programok\/wp-json\/wp\/v2\/pages\/1069\/revisions"}],"wp:attachment":[{"href":"https:\/\/csillagpor.hu\/remek\/programok\/wp-json\/wp\/v2\/media?parent=1069"}],"curies":[{"name":"wp","href":"https:\/\/api.w.org\/{rel}","templated":true}]}}