{"id":1070,"date":"2012-04-20T16:59:43","date_gmt":"2012-04-20T14:59:43","guid":{"rendered":"http:\/\/csillagpor.hu\/remek\/programok\/?page_id=1070"},"modified":"2022-06-30T18:08:53","modified_gmt":"2022-06-30T16:08:53","slug":"multi-commander-screenshot","status":"publish","type":"page","link":"https:\/\/csillagpor.hu\/remek\/programok\/multi-commander-screenshot","title":{"rendered":"Multi Commander k\u00e9perny\u0151k\u00e9pek"},"content":{"rendered":"<p>&rarr; <a target=\"_blank\" title=\"\u00faj multi commander k\u00e9perny\u0151k\u00e9pek\" href=\"\/\/csillagpor.hu\/remek\/programok\/uj-multi-commander-kepernyokepek\" rel=\"noopener noreferrer\">K\u00e9perny\u0151k\u00e9pek az \u00fajabb, magyar nyelv\u0171 Multi Commanderr\u0151l<\/a><\/p>\n<p><a target=\"_blank\" title=\"multi commander\" href=\"\/\/csillagpor.hu\/remek\/programok\/multi-commander\" rel=\"noopener noreferrer\">A Multi Commander<\/a> <a target=\"_blank\" title=\"f\u00e1jlkezel\u0151\" href=\"\/\/csillagpor.hu\/remek\/programok\/fajlkezelo-tomorito-programok\" rel=\"noopener noreferrer\">k\u00e9tpaneles f\u00e1jlkezel\u0151ben<\/a> telep\u00edt\u00e9skor kiv\u00e1laszthatjuk a kin\u00e9zet, sz\u00edn, billenty\u0171zet, eg\u00e9r be\u00e1ll\u00edt\u00e1sok Int\u00e9z\u0151 vagy Commander st\u00edlus\u00faak legyenek, vagy mi \u00e1ll\u00edtgatjuk be.<br \/>\n<img decoding=\"async\" loading=\"lazy\" alt=\"Multi Commander kin\u00e9zet be\u00e1ll\u00edt\u00e1sai\" src=\"\/\/cuccokhalomban.csillagpor.hu\/pict\/multi-commander-screenshot-1.jpg\" width=\"556\" height=\"436\" \/>\n<\/p>\n<p>A k\u00e9tpaneles f\u00e1jlkezel\u0151 m\u0171velet gombokkal, \u00e1ll\u00edtgassuk egy kicsit&#8230;<br \/>\n<img decoding=\"async\" loading=\"lazy\" alt=\"Multi Commander k\u00e9tpaneles f\u00e1jlkezel\u0151\" src=\"\/\/cuccokhalomban.csillagpor.hu\/pict\/multi-commander-screenshot-2.jpg\" width=\"730\" height=\"364\" \/>\n<\/p>\n<p>Be\u00e1ll\u00edt\u00e1sok, Adminisztr\u00e1tor m\u00f3dban is ind\u00edthatjuk.<br \/>\n<img decoding=\"async\" loading=\"lazy\" alt=\"Multi Commander Adminisztr\u00e1tor m\u00f3dban\" src=\"\/\/cuccokhalomban.csillagpor.hu\/pict\/multi-commander-screenshot-3.jpg\" width=\"730\" height=\"364\" \/>\n<\/p>\n<p>Rejtett k\u00f6nyvt\u00e1rak \u00e9s f\u00e1jlok l\u00e1that\u00f3v\u00e1 t\u00e9tele.<br \/>\n<img decoding=\"async\" loading=\"lazy\" alt=\"Multi Commander rejtett k\u00f6nyvt\u00e1rak\" src=\"\/\/cuccokhalomban.csillagpor.hu\/pict\/multi-commander-screenshot-4.jpg\" width=\"730\" height=\"364\" \/>\n<\/p>\n<p>Eg\u00e9r be\u00e1ll\u00edt\u00e1sok.<br \/>\n<img decoding=\"async\" loading=\"lazy\" alt=\"Multi Commander eg\u00e9r\" src=\"\/\/cuccokhalomban.csillagpor.hu\/pict\/multi-commander-screenshot-5.jpg\" width=\"730\" height=\"364\" \/>\n<\/p>\n<p>F\u00e1jl t\u00edpusok programokhoz rendel\u00e9se, pl. MC Picture Viewer a Multi Commander k\u00e9pn\u00e9zeget\u0151je.<br \/>\n<img decoding=\"async\" loading=\"lazy\" alt=\"Multi Commander f\u00e1jl t\u00edpusok\" src=\"\/\/cuccokhalomban.csillagpor.hu\/pict\/multi-commander-screenshot-6.jpg\" width=\"730\" height=\"399\" \/>\n<\/p>\n<p>Jelenleg m\u00e9g nem magyar nyelv\u0171, de ak\u00e1r magunk is azz\u00e1 tehetj\u00fck a Language Editorral.<br \/>\n<img decoding=\"async\" loading=\"lazy\" alt=\"Multi Commander\" src=\"\/\/cuccokhalomban.csillagpor.hu\/pict\/multi-commander-screenshot-7.jpg\" width=\"730\" height=\"364\" \/>\n<\/p>\n<p>Sz\u00f6veg, k\u00e9p, hang \u00e9s vide\u00f3, k\u00f3dol\u00f3 \u00e9s dek\u00f3dol\u00f3, \u00e1talak\u00edt\u00f3. Biztons\u00e1gi, \u00e1tnevez\u0151, v\u00e1g\u00f3lap \u00e9s tov\u00e1bbi eszk\u00f6z\u00f6k be\u00e9p\u00edtve.<br \/>\n<img decoding=\"async\" loading=\"lazy\" alt=\"Multi Commander eszk\u00f6z\u00f6k\" src=\"\/\/cuccokhalomban.csillagpor.hu\/pict\/multi-commander-screenshot-8.jpg\" width=\"730\" height=\"364\" \/>\n<\/p>\n<p>Billenty\u0171 parancs be\u00e1ll\u00edt\u00e1sok.<br \/>\n<img decoding=\"async\" loading=\"lazy\" alt=\"Multi Commander billenty\u0171\" src=\"\/\/cuccokhalomban.csillagpor.hu\/pict\/multi-commander-screenshot-9.jpg\" width=\"730\" height=\"390\" \/>\n<\/p>\n<p>El\u00e9rhet\u0151 meghajt\u00f3k, k\u00f6zt\u00fck FTP, h\u00e1l\u00f3zat \u00e9s Windows Registry.<br \/>\n<img decoding=\"async\" loading=\"lazy\" alt=\"Multi Commander meghajt\u00f3k\" src=\"\/\/cuccokhalomban.csillagpor.hu\/pict\/multi-commander-screenshot-10.jpg\" width=\"730\" height=\"364\" \/><\/p>\n","protected":false},"excerpt":{"rendered":"<p><a target=\"_blank\" title=\"multi commander k\u00e9perny\u0151k\u00e9pek\" href=\"\/\/csillagpor.hu\/remek\/programok\/multi-commander-screenshot\" rel=\"noopener noreferrer\"><img decoding=\"async\" loading=\"lazy\" alt=\"Multi Commander\" src=\"\/\/cuccokhalomban.csillagpor.hu\/pict\/multi-commander-kicsi.jpg\" width=\"100\" height=\"50\" class=\"flr\" \/><\/a>A Multi Commander k\u00e9tpaneles f\u00e1jlkezel\u0151ben telep\u00edt\u00e9skor kiv\u00e1laszthatjuk a kin\u00e9zet, sz\u00edn, billenty\u0171zet, eg\u00e9r be\u00e1ll\u00edt\u00e1sok Int\u00e9z\u0151 vagy Commander st\u00edlus\u00faak legyenek, vagy mi \u00e1ll\u00edtgatjuk be. A k\u00e9tpaneles f\u00e1jlkezel\u0151 m\u0171velet gombokkal, \u00e1ll\u00edtgassuk egy kicsit&#8230; Be\u00e1ll\u00edt\u00e1sok, Adminisztr\u00e1tor m\u00f3dban is ind\u00edthatjuk. Rejtett k\u00f6nyvt\u00e1rak \u00e9s f\u00e1jlok l\u00e1that\u00f3v\u00e1 t\u00e9tele&#8230;<\/p>\n","protected":false},"author":1,"featured_media":0,"parent":0,"menu_order":0,"comment_status":"closed","ping_status":"closed","template":"","meta":{"footnotes":""},"_links":{"self":[{"href":"https:\/\/csillagpor.hu\/remek\/programok\/wp-json\/wp\/v2\/pages\/1070"}],"collection":[{"href":"https:\/\/csillagpor.hu\/remek\/programok\/wp-json\/wp\/v2\/pages"}],"about":[{"href":"https:\/\/csillagpor.hu\/remek\/programok\/wp-json\/wp\/v2\/types\/page"}],"author":[{"embeddable":true,"href":"https:\/\/csillagpor.hu\/remek\/programok\/wp-json\/wp\/v2\/users\/1"}],"replies":[{"embeddable":true,"href":"https:\/\/csillagpor.hu\/remek\/programok\/wp-json\/wp\/v2\/comments?post=1070"}],"version-history":[{"count":0,"href":"https:\/\/csillagpor.hu\/remek\/programok\/wp-json\/wp\/v2\/pages\/1070\/revisions"}],"wp:attachment":[{"href":"https:\/\/csillagpor.hu\/remek\/programok\/wp-json\/wp\/v2\/media?parent=1070"}],"curies":[{"name":"wp","href":"https:\/\/api.w.org\/{rel}","templated":true}]}}