{"id":1078,"date":"2012-04-22T13:39:18","date_gmt":"2012-04-22T11:39:18","guid":{"rendered":"http:\/\/csillagpor.hu\/remek\/programok\/?page_id=1078"},"modified":"2022-06-30T18:25:43","modified_gmt":"2022-06-30T16:25:43","slug":"double-commander-screenshot","status":"publish","type":"page","link":"https:\/\/csillagpor.hu\/remek\/programok\/double-commander-screenshot","title":{"rendered":"Double Commander k\u00e9perny\u0151k\u00e9pek"},"content":{"rendered":"<p>Alapbe\u00e1ll\u00edt\u00e1sokkal \u00edgy indul a <a target=\"_blank\" title=\"double commander\" href=\"\/\/csillagpor.hu\/remek\/programok\/double-commander\" rel=\"noopener noreferrer\">Double Commander<\/a> <a target=\"_blank\" title=\"f\u00e1jlkezel\u0151\" href=\"\/\/csillagpor.hu\/remek\/programok\/fajlkezelo-tomorito-programok\" rel=\"noopener noreferrer\">k\u00e9tpaneles f\u00e1jlkezel\u0151<\/a>.<br \/>\n<img decoding=\"async\" loading=\"lazy\" alt=\"Double Commander alapbe\u00e1ll\u00edt\u00e1sok\" src=\"\/\/cuccokhalomban.csillagpor.hu\/pict\/double-commander-screenshot-1.jpg\" width=\"854\" height=\"500\" \/>\n<\/p>\n<p>Linuxon, \u00e1t\u00e1ll\u00edtgatott fel\u00fclettel, f\u00fclekkel.<br \/>\n<img decoding=\"async\" loading=\"lazy\" alt=\"Double Commander linux\" src=\"\/\/cuccokhalomban.csillagpor.hu\/pict\/double-commander-screenshot-2.jpg\" width=\"870\" height=\"500\" \/>\n<\/p>\n<p>F\u00e1jl panel sz\u00ednek be\u00e1ll\u00edt\u00e1sa, f\u00e1jlt\u00edpusokat is sz\u00ednezhet\u00fcnk.<br \/>\n<img decoding=\"async\" loading=\"lazy\" alt=\"Double Commander f\u00e1jl panel sz\u00ednek\" src=\"\/\/cuccokhalomban.csillagpor.hu\/pict\/double-commander-screenshot-3.jpg\" width=\"853\" height=\"500\" \/>\n<\/p>\n<p>T\u00f6m\u00f6r\u00edt\u0151 be\u00e9p\u00fcl\u0151k \u00e9s mellette a t\u00f6bbi f\u00fcl a tartalmi, n\u00e9z\u0151ke, keres\u0151, f\u00e1jlrendszer be\u00e9p\u00fcl\u0151knek.<br \/>\n<img decoding=\"async\" loading=\"lazy\" alt=\"Double Commander t\u00f6m\u00f6r\u00edt\u00e9s\" src=\"\/\/cuccokhalomban.csillagpor.hu\/pict\/double-commander-screenshot-4.jpg\" width=\"853\" height=\"500\" \/>\n<\/p>\n<p>Megjelen\u00e9s be\u00e1ll\u00edt\u00e1sai. Elrejtem a funkci\u00f3 billenty\u0171ket, a parancssort \u00e9s a gombsort.<br \/>\n<img decoding=\"async\" loading=\"lazy\" alt=\"Double Commander megjelen\u00e9s\" src=\"\/\/cuccokhalomban.csillagpor.hu\/pict\/double-commander-screenshot-5.jpg\" width=\"854\" height=\"500\" \/>\n<\/p>\n<p>Mappaf\u00fclek be\u00e1ll\u00edt\u00e1sai, t\u00f6bb sorba is rendezhetj\u00fck a f\u00fcleket, z\u00e1rolhatjuk is.<br \/>\n<img decoding=\"async\" loading=\"lazy\" alt=\"Double Commander mappaf\u00fclek\" src=\"\/\/cuccokhalomban.csillagpor.hu\/pict\/double-commander-screenshot-6.jpg\" width=\"854\" height=\"500\" \/>\n<\/p>\n<p>FTP kapcsolat be\u00e1ll\u00edt\u00e1sai, mester jelsz\u00f3, t\u00e1voli k\u00f6nyvt\u00e1r, passz\u00edv m\u00f3d.<br \/>\n<img decoding=\"async\" loading=\"lazy\" alt=\"Double Commander FTP\" src=\"\/\/cuccokhalomban.csillagpor.hu\/pict\/double-commander-screenshot-7.jpg\" width=\"855\" height=\"500\" \/>\n<\/p>\n<p>Kedvenc k\u00f6nyvt\u00e1rak hozz\u00e1ad\u00e1sa.<br \/>\n<img decoding=\"async\" loading=\"lazy\" alt=\"Double Commander Kedvencek\" src=\"\/\/cuccokhalomban.csillagpor.hu\/pict\/double-commander-screenshot-8.jpg\" width=\"854\" height=\"500\" \/>\n<\/p>\n<p>F\u00e1jlok men\u00fcpont, pl. \u00f6sszehasonl\u00edt\u00e1s tartalom alapj\u00e1n \u00e9s csoportos \u00e1tnevez\u0151 eszk\u00f6z&#8230;<br \/>\n<img decoding=\"async\" loading=\"lazy\" alt=\"Double Commander f\u00e1jlok\" src=\"\/\/cuccokhalomban.csillagpor.hu\/pict\/double-commander-screenshot-9.jpg\" width=\"853\" height=\"500\" \/>\n<\/p>\n<p>F\u00e1jl attrib\u00fatum v\u00e1ltoztat\u00e1s, d\u00e1tummal \u00e9s id\u0151ponttal egy\u00fctt.<br \/>\n<img decoding=\"async\" loading=\"lazy\" alt=\"Double Commander attrib\u00fatumok\" src=\"\/\/cuccokhalomban.csillagpor.hu\/pict\/double-commander-screenshot-10.jpg\" width=\"854\" height=\"500\" \/><\/p>\n","protected":false},"excerpt":{"rendered":"<p>Alapbe\u00e1ll\u00edt\u00e1sokkal \u00edgy indul a Double Commander k\u00e9tpaneles f\u00e1jlkezel\u0151. Linuxon, \u00e1t\u00e1ll\u00edtgatott fel\u00fclettel, f\u00fclekkel. F\u00e1jl panel sz\u00ednek be\u00e1ll\u00edt\u00e1sa, f\u00e1jlt\u00edpusokat is sz\u00ednezhet\u00fcnk. T\u00f6m\u00f6r\u00edt\u0151 be\u00e9p\u00fcl\u0151k \u00e9s mellette&#46;&#46;&#46;<\/p>\n","protected":false},"author":1,"featured_media":0,"parent":0,"menu_order":0,"comment_status":"closed","ping_status":"closed","template":"","meta":{"footnotes":""},"_links":{"self":[{"href":"https:\/\/csillagpor.hu\/remek\/programok\/wp-json\/wp\/v2\/pages\/1078"}],"collection":[{"href":"https:\/\/csillagpor.hu\/remek\/programok\/wp-json\/wp\/v2\/pages"}],"about":[{"href":"https:\/\/csillagpor.hu\/remek\/programok\/wp-json\/wp\/v2\/types\/page"}],"author":[{"embeddable":true,"href":"https:\/\/csillagpor.hu\/remek\/programok\/wp-json\/wp\/v2\/users\/1"}],"replies":[{"embeddable":true,"href":"https:\/\/csillagpor.hu\/remek\/programok\/wp-json\/wp\/v2\/comments?post=1078"}],"version-history":[{"count":0,"href":"https:\/\/csillagpor.hu\/remek\/programok\/wp-json\/wp\/v2\/pages\/1078\/revisions"}],"wp:attachment":[{"href":"https:\/\/csillagpor.hu\/remek\/programok\/wp-json\/wp\/v2\/media?parent=1078"}],"curies":[{"name":"wp","href":"https:\/\/api.w.org\/{rel}","templated":true}]}}