{"id":1083,"date":"2012-04-23T23:00:38","date_gmt":"2012-04-23T21:00:38","guid":{"rendered":"http:\/\/csillagpor.hu\/remek\/programok\/?page_id=1083"},"modified":"2022-06-30T18:25:56","modified_gmt":"2022-06-30T16:25:56","slug":"divx-plus-software-screenshot","status":"publish","type":"page","link":"https:\/\/csillagpor.hu\/remek\/programok\/divx-plus-software-screenshot","title":{"rendered":"DivX Plus Software k\u00e9perny\u0151k\u00e9pek"},"content":{"rendered":"<p><a target=\"_blank\" title=\"divx codec\" href=\"\/\/csillagpor.hu\/remek\/programok\/divx-codec-letoltese\" rel=\"noopener noreferrer\">DivX Plus Software codec \u00e9s lej\u00e1tsz\u00f3 szoftver<\/a>. A telep\u00edt\u00e9s elej\u00e9n kiv\u00e1lasztjuk, hogy melyik szoftverre van sz\u00fcks\u00e9g, a Codec Pack csak a fontos a t\u00f6bbi szabadon v\u00e1laszthat\u00f3.<br \/>\n<img decoding=\"async\" loading=\"lazy\" alt=\"DivX Plus Software telep\u00edt\u00e9s\" src=\"\/\/cuccokhalomban.csillagpor.hu\/pict\/divx-plus-software-screenshot-1.jpg\" width=\"649\" height=\"500\" \/>\n<\/p>\n<p>A <a target=\"_blank\" title=\"divx codec\" href=\"\/\/csillagpor.hu\/remek\/programok\/divx-codec-letoltese\" rel=\"noopener noreferrer\">DivX<\/a> Plus Software <a target=\"_blank\" title=\"kodek\" href=\"\/\/csillagpor.hu\/remek\/programok\/codec-kodek\" rel=\"noopener noreferrer\">codec<\/a> \u00e9s lej\u00e1tsz\u00f3 szoftver telep\u00edt\u00e9se. Vegy\u00fck ki a pip\u00e1kat a n\u00e9gyzetekb\u0151l, ha nem akarjuk a <a target=\"_blank\" href=\"\/\/csillagpor.hu\/remek\/programok\/google-chrome-letoltese\" rel=\"noopener noreferrer\">Google Chrome-ot<\/a> telep\u00edteni.<br \/>\n<img decoding=\"async\" loading=\"lazy\" alt=\"DivX Plus Software, Google Chrome\" src=\"\/\/cuccokhalomban.csillagpor.hu\/pict\/divx-plus-software-screenshot-2.jpg\" width=\"648\" height=\"500\" \/>\n<\/p>\n<p>Itt csak Finish, nem kell be\u00edrni az e-mail c\u00edm\u00fcnket, ha nem akarjuk.<br \/>\n<img decoding=\"async\" loading=\"lazy\" alt=\"DivX Plus Software finish\" src=\"\/\/cuccokhalomban.csillagpor.hu\/pict\/divx-plus-software-screenshot-3.jpg\" width=\"650\" height=\"500\" \/>\n<\/p>\n<p>DivX Control Panel &#8211; a DivX v\u00edzjelet levehetj\u00fck a vide\u00f3kr\u00f3l, ha akarjuk, \u00e9s a vide\u00f3n \u00e1ll\u00edthatunk f\u00e9nyer\u0151t, kontrasztot \u00e9s tel\u00edtetts\u00e9get.<br \/>\n<img decoding=\"async\" loading=\"lazy\" alt=\"DivX Plus Software Control Panel\" src=\"\/\/cuccokhalomban.csillagpor.hu\/pict\/divx-plus-software-screenshot-4.jpg\" width=\"705\" height=\"500\" \/>\n<\/p>\n<p>\u00d6sszetettebb vide\u00f3 be\u00e1ll\u00edt\u00e1sok mindegyikre vagy csak H.264-re.<br \/>\n<img decoding=\"async\" loading=\"lazy\" alt=\"DivX Plus Software vide\u00f3 be\u00e1ll\u00edt\u00e1sok\" src=\"\/\/cuccokhalomban.csillagpor.hu\/pict\/divx-plus-software-screenshot-5.jpg\" width=\"705\" height=\"500\" \/>\n<\/p>\n<p>DivX Plus Converter &#8211; Ez sajnos csak pr\u00f3baverzi\u00f3.<br \/>\n<img decoding=\"async\" loading=\"lazy\" alt=\"DivX Plus Software Converter pr\u00f3baverzi\u00f3\" src=\"\/\/cuccokhalomban.csillagpor.hu\/pict\/divx-plus-software-screenshot-6.jpg\" width=\"534\" height=\"390\" \/>\n<\/p>\n<p>DVD, Blu-ray, TV \u00e9s PlayStation lej\u00e1tsz\u00f3 \u00e9s m\u00e9g hozz\u00e1adhatunk eszk\u00f6z\u00f6ket.<br \/>\n<img decoding=\"async\" loading=\"lazy\" alt=\"DivX Plus Software DVD, Blu-ray\" src=\"\/\/cuccokhalomban.csillagpor.hu\/pict\/divx-plus-software-screenshot-7.jpg\" width=\"700\" height=\"500\" \/>\n<\/p>\n<p>Be\u00e1ll\u00edt\u00e1sok, pl. f\u00e1jlt\u00edpus hozz\u00e1rendel\u00e9sek, mapp\u00e1k. Haszn\u00e1lhatjuk a lej\u00e1tsz\u00f3j\u00e1t avi, divx, xvid, mkv, mov, mp4, wmv, vob, mpg, mpeg, asf, qt f\u00e1jlok lej\u00e1tsz\u00e1s\u00e1hoz.<br \/>\n<img decoding=\"async\" loading=\"lazy\" alt=\"DivX Plus Software be\u00e1ll\u00edt\u00e1sok\" src=\"\/\/cuccokhalomban.csillagpor.hu\/pict\/divx-plus-software-screenshot-8.jpg\" width=\"574\" height=\"500\" \/>\n<\/p>\n<p>A lej\u00e1tsz\u00e1s be\u00e1ll\u00edt\u00e1sai, feliratok, hang \u00e9s men\u00fc nyelv be\u00e1ll\u00edt\u00e1sok.<br \/>\n<img decoding=\"async\" loading=\"lazy\" alt=\"DivX Plus Software lej\u00e1tsz\u00e1s\" src=\"\/\/cuccokhalomban.csillagpor.hu\/pict\/divx-plus-software-screenshot-9.jpg\" width=\"573\" height=\"500\" \/><\/p>\n","protected":false},"excerpt":{"rendered":"<p>DivX Plus Software codec \u00e9s lej\u00e1tsz\u00f3 szoftver. A telep\u00edt\u00e9s elej\u00e9n kiv\u00e1lasztjuk, hogy melyik szoftverre van sz\u00fcks\u00e9g, a Codec Pack csak a fontos a&#46;&#46;&#46;<\/p>\n","protected":false},"author":1,"featured_media":0,"parent":0,"menu_order":0,"comment_status":"closed","ping_status":"closed","template":"","meta":{"footnotes":""},"_links":{"self":[{"href":"https:\/\/csillagpor.hu\/remek\/programok\/wp-json\/wp\/v2\/pages\/1083"}],"collection":[{"href":"https:\/\/csillagpor.hu\/remek\/programok\/wp-json\/wp\/v2\/pages"}],"about":[{"href":"https:\/\/csillagpor.hu\/remek\/programok\/wp-json\/wp\/v2\/types\/page"}],"author":[{"embeddable":true,"href":"https:\/\/csillagpor.hu\/remek\/programok\/wp-json\/wp\/v2\/users\/1"}],"replies":[{"embeddable":true,"href":"https:\/\/csillagpor.hu\/remek\/programok\/wp-json\/wp\/v2\/comments?post=1083"}],"version-history":[{"count":0,"href":"https:\/\/csillagpor.hu\/remek\/programok\/wp-json\/wp\/v2\/pages\/1083\/revisions"}],"wp:attachment":[{"href":"https:\/\/csillagpor.hu\/remek\/programok\/wp-json\/wp\/v2\/media?parent=1083"}],"curies":[{"name":"wp","href":"https:\/\/api.w.org\/{rel}","templated":true}]}}