{"id":1088,"date":"2012-04-25T22:10:10","date_gmt":"2012-04-25T20:10:10","guid":{"rendered":"http:\/\/csillagpor.hu\/remek\/programok\/?page_id=1088"},"modified":"2022-06-30T18:03:34","modified_gmt":"2022-06-30T16:03:34","slug":"peazip-screenshot","status":"publish","type":"page","link":"https:\/\/csillagpor.hu\/remek\/programok\/peazip-screenshot","title":{"rendered":"PeaZip k\u00e9perny\u0151k\u00e9pek"},"content":{"rendered":"<p>A <a target=\"_blank\" title=\"PeaZip\" href=\"\/\/csillagpor.hu\/remek\/programok\/peazip-letoltes\" rel=\"noopener noreferrer\">PeaZip<\/a> <a target=\"_blank\" title=\"\/\/csillagpor.hu\/remek\/programok\/tomorito-programok\" href=\"\/\/csillagpor.hu\/remek\/programok\/tomorito-programok\" rel=\"noopener noreferrer\">t\u00f6m\u00f6r\u00edt\u0151 program<\/a> telep\u00edt\u00e9sekor v\u00e1lasszuk a Custom Installation-t, \u00e9s vegy\u00fck ki a pip\u00e1kat, ha nem akarjuk telep\u00edteni az <a target=\"_blank\" href=\"\/\/csillagpor.hu\/remek\/programok\/avg-antivirus-free-letoltese\" rel=\"noopener noreferrer\">AVG<\/a> eszk\u00f6zt\u00e1r\u00e1t, \u00e9s nem akarjuk, hogy \u00e1t\u00e1ll\u00edtsa a kezd\u0151 oldalunkat.<br \/>\n<img decoding=\"async\" loading=\"lazy\" alt=\"PeaZip v\u00e1logat\u00f3s telep\u00edt\u00e9s\" src=\"\/\/cuccokhalomban.csillagpor.hu\/pict\/peazip-screenshot-1.jpg\" width=\"503\" height=\"388\" \/>\n<\/p>\n<p>Ha a k\u00f6vetkez\u0151 l\u00e9p\u00e9sn\u00e9l a Custom installation \/ Configuration-t v\u00e1lasztjuk &#8230;<br \/>\n<img decoding=\"async\" loading=\"lazy\" alt=\"PeaZip\" src=\"\/\/cuccokhalomban.csillagpor.hu\/pict\/peazip-screenshot-2.jpg\" width=\"503\" height=\"388\" \/>\n<\/p>\n<p>&#8230; be\u00e1ll\u00edthatjuk mi jelenjen meg a jobb gombos men\u00fcben, pl. 7-zip \u00e9s zip f\u00e1jlok l\u00e9trehoz\u00e1sa, kicsomagol\u00e1s, stb&#8230;<br \/>\n<img decoding=\"async\" loading=\"lazy\" alt=\"PeaZip men\u00fc be\u00e1ll\u00edt\u00e1s\" src=\"\/\/cuccokhalomban.csillagpor.hu\/pict\/peazip-screenshot-3.jpg\" width=\"504\" height=\"388\" \/>\n<\/p>\n<p>&#8230; \u00e9s ott mi a K\u00fcld\u00e9s mapp\u00e1ban.<br \/>\n<img decoding=\"async\" loading=\"lazy\" alt=\"PeaZip k\u00fcld\u00e9s\" src=\"\/\/cuccokhalomban.csillagpor.hu\/pict\/peazip-screenshot-4.jpg\" width=\"503\" height=\"388\" \/>\n<\/p>\n<p>Be\u00e1ll\u00edthatjuk a f\u00e1jlt\u00edpus hozz\u00e1rendel\u00e9seket is. 7z, bz2, tar \u00e9s gz, zip, ace, iso, deb \u00e9s rpm, lha, cab, rar \u00e9s m\u00e1s t\u00f6m\u00f6r\u00edtett t\u00e1rsai.<br \/>\n<img decoding=\"async\" loading=\"lazy\" alt=\"PeaZip f\u00e1jlt\u00edpus\" src=\"\/\/cuccokhalomban.csillagpor.hu\/pict\/peazip-screenshot-5.jpg\" width=\"504\" height=\"389\" \/>\n<\/p>\n<p>Elindult a t\u00f6m\u00f6r\u00edt\u0151 program, m\u00e9g angolul, az Optionsn\u00e9l \u00e1ll\u00edthatjuk a nyelvet.<br \/>\n<img decoding=\"async\" loading=\"lazy\" alt=\"PeaZip t\u00f6m\u00f6r\u00edt\u0151 program\" src=\"\/\/cuccokhalomban.csillagpor.hu\/pict\/peazip-screenshot-6.jpg\" width=\"842\" height=\"500\" \/>\n<\/p>\n<p>Keress\u00fck meg a hu f\u00e1jlt \u00e9s Megnyit\u00e1s.<br \/>\n<img decoding=\"async\" loading=\"lazy\" alt=\"PeaZip 7\" src=\"\/\/cuccokhalomban.csillagpor.hu\/pict\/peazip-screenshot-7.jpg\" width=\"842\" height=\"500\" \/>\n<\/p>\n<p>M\u00e1r magyar nyelv\u0171 a fel\u00fclet.<br \/>\n<img decoding=\"async\" loading=\"lazy\" alt=\"PeaZip magyar nyelv\u0171\" src=\"\/\/cuccokhalomban.csillagpor.hu\/pict\/peazip-screenshot-8.jpg\" width=\"842\" height=\"500\" \/>\n<\/p>\n<p>Arch\u00edvum l\u00e9trehoz\u00e1sa, kiv\u00e1laszthatunk kedvenc form\u00e1tumokat.<br \/>\n<img decoding=\"async\" loading=\"lazy\" alt=\"PeaZip arch\u00edvum\" src=\"\/\/cuccokhalomban.csillagpor.hu\/pict\/peazip-screenshot-9.jpg\" width=\"842\" height=\"500\" \/>\n<\/p>\n<p>F\u00e1jl eszk\u00f6z\u00f6k, ellen\u0151rz\u0151 \u00f6sszeg\/hash f\u00e1jlok, algoritmusok.<br \/>\n<img decoding=\"async\" loading=\"lazy\" alt=\"PeaZip eszk\u00f6z\u00f6k\" src=\"\/\/cuccokhalomban.csillagpor.hu\/pict\/peazip-screenshot-10.jpg\" width=\"843\" height=\"500\" \/><\/p>\n","protected":false},"excerpt":{"rendered":"<p>A PeaZip t\u00f6m\u00f6r\u00edt\u0151 program telep\u00edt\u00e9sekor v\u00e1lasszuk a Custom Installation-t, \u00e9s vegy\u00fck ki a pip\u00e1kat, ha nem akarjuk telep\u00edteni az AVG eszk\u00f6zt\u00e1r\u00e1t, \u00e9s nem&#46;&#46;&#46;<\/p>\n","protected":false},"author":1,"featured_media":0,"parent":0,"menu_order":0,"comment_status":"closed","ping_status":"closed","template":"","meta":{"footnotes":""},"_links":{"self":[{"href":"https:\/\/csillagpor.hu\/remek\/programok\/wp-json\/wp\/v2\/pages\/1088"}],"collection":[{"href":"https:\/\/csillagpor.hu\/remek\/programok\/wp-json\/wp\/v2\/pages"}],"about":[{"href":"https:\/\/csillagpor.hu\/remek\/programok\/wp-json\/wp\/v2\/types\/page"}],"author":[{"embeddable":true,"href":"https:\/\/csillagpor.hu\/remek\/programok\/wp-json\/wp\/v2\/users\/1"}],"replies":[{"embeddable":true,"href":"https:\/\/csillagpor.hu\/remek\/programok\/wp-json\/wp\/v2\/comments?post=1088"}],"version-history":[{"count":0,"href":"https:\/\/csillagpor.hu\/remek\/programok\/wp-json\/wp\/v2\/pages\/1088\/revisions"}],"wp:attachment":[{"href":"https:\/\/csillagpor.hu\/remek\/programok\/wp-json\/wp\/v2\/media?parent=1088"}],"curies":[{"name":"wp","href":"https:\/\/api.w.org\/{rel}","templated":true}]}}