{"id":1186,"date":"2012-05-03T23:23:07","date_gmt":"2012-05-03T21:23:07","guid":{"rendered":"http:\/\/csillagpor.hu\/remek\/programok\/?page_id=1186"},"modified":"2022-06-30T18:19:19","modified_gmt":"2022-06-30T16:19:19","slug":"geometer-screenshot","status":"publish","type":"page","link":"https:\/\/csillagpor.hu\/remek\/programok\/geometer-screenshot","title":{"rendered":"Geometer k\u00e9perny\u0151k\u00e9pek"},"content":{"rendered":"<p><a target=\"_blank\" title=\"geometer\" href=\"\/\/csillagpor.hu\/remek\/programok\/geometer-letoltese\" rel=\"noopener noreferrer\">Geometer<\/a>, h\u00e1romsz\u00f6g megadott \u00e9s kisz\u00e1m\u00edtott adatai.<br \/>\n<img decoding=\"async\" loading=\"lazy\" alt=\"Geometer h\u00e1romsz\u00f6g\" src=\"\/\/cuccokhalomban.csillagpor.hu\/pict\/geometer-screenshot-1.jpg\" width=\"789\" height=\"500\" \/>\n<\/p>\n<p>K\u00f6r sug\u00e1r, \u00e1tm\u00e9r\u0151, ker\u00fclet, ter\u00fclet.<br \/>\n<img decoding=\"async\" loading=\"lazy\" alt=\"Geometer k\u00f6r\" src=\"\/\/cuccokhalomban.csillagpor.hu\/pict\/geometer-screenshot-2.jpg\" width=\"792\" height=\"500\" \/>\n<\/p>\n<p>K\u00f6rcikk adatai.<br \/>\n<img decoding=\"async\" loading=\"lazy\" alt=\"Geometer k\u00f6rcikk\" src=\"\/\/cuccokhalomban.csillagpor.hu\/pict\/geometer-screenshot-3.jpg\" width=\"791\" height=\"500\" \/>\n<\/p>\n<p>Kocka, a testekn\u00e9l m\u00e1r a megadott anyag alapj\u00e1n t\u00f6meg is sz\u00e1m\u00edthat\u00f3. Egy pl. egy 20&#215;20-as arany kocka.<br \/>\n<img decoding=\"async\" loading=\"lazy\" alt=\"Geometer kocka\" src=\"\/\/cuccokhalomban.csillagpor.hu\/pict\/geometer-screenshot-4.jpg\" width=\"792\" height=\"500\" \/>\n<\/p>\n<p>Ez pedig egy r\u00e9z henger az adataival egy\u00fctt&#8230;<br \/>\n<img decoding=\"async\" loading=\"lazy\" alt=\"Geometer henger\" src=\"\/\/cuccokhalomban.csillagpor.hu\/pict\/geometer-screenshot-5.jpg\" width=\"794\" height=\"500\" \/>\n<\/p>\n<p>Ez egy \u00f3ri\u00e1si ez\u00fcst k\u00fap &#8230; ez kicsit elt\u00faloztam.<br \/>\n<img decoding=\"async\" loading=\"lazy\" alt=\"Geometer k\u00fap\" src=\"\/\/cuccokhalomban.csillagpor.hu\/pict\/geometer-screenshot-6.jpg\" width=\"790\" height=\"500\" \/>\n<\/p>\n<p>Egy csonka k\u00fap minden adata.<br \/>\n<img decoding=\"async\" loading=\"lazy\" alt=\"Geometer csonka k\u00fap\" src=\"\/\/cuccokhalomban.csillagpor.hu\/pict\/geometer-screenshot-7.jpg\" width=\"790\" height=\"500\" \/>\n<\/p>\n<p>Egy 66 m\u00e9ter \u00e1tm\u00e9r\u0151j\u0171 arany g\u00f6mb.<br \/>\n<img decoding=\"async\" loading=\"lazy\" alt=\"Geometer g\u00f6mb\" src=\"\/\/cuccokhalomban.csillagpor.hu\/pict\/geometer-screenshot-8.jpg\" width=\"789\" height=\"500\" \/>\n<\/p>\n<p>A program skinezhet\u0151, itt v\u00e1ltoztathat\u00f3 a fel\u00fclet.<br \/>\n<img decoding=\"async\" loading=\"lazy\" alt=\"Geometer fel\u00fclet\" src=\"\/\/cuccokhalomban.csillagpor.hu\/pict\/geometer-screenshot-9.jpg\" width=\"790\" height=\"500\" \/>\n<\/p>\n<p>Hozz\u00e1adhatunk magunk is anyagot, a fajs\u00falya megad\u00e1s\u00e1val.<br \/>\n<img decoding=\"async\" loading=\"lazy\" alt=\"Geometer anyag hozz\u00e1ad\u00e1sa\" src=\"\/\/cuccokhalomban.csillagpor.hu\/pict\/geometer-screenshot-10.jpg\" width=\"789\" height=\"500\" \/><\/p>\n","protected":false},"excerpt":{"rendered":"<p>Geometer, h\u00e1romsz\u00f6g megadott \u00e9s kisz\u00e1m\u00edtott adatai. K\u00f6r sug\u00e1r, \u00e1tm\u00e9r\u0151, ker\u00fclet, ter\u00fclet. K\u00f6rcikk adatai. Kocka, a testekn\u00e9l m\u00e1r a megadott anyag alapj\u00e1n t\u00f6meg is&#46;&#46;&#46;<\/p>\n","protected":false},"author":1,"featured_media":0,"parent":0,"menu_order":0,"comment_status":"closed","ping_status":"closed","template":"","meta":{"footnotes":""},"_links":{"self":[{"href":"https:\/\/csillagpor.hu\/remek\/programok\/wp-json\/wp\/v2\/pages\/1186"}],"collection":[{"href":"https:\/\/csillagpor.hu\/remek\/programok\/wp-json\/wp\/v2\/pages"}],"about":[{"href":"https:\/\/csillagpor.hu\/remek\/programok\/wp-json\/wp\/v2\/types\/page"}],"author":[{"embeddable":true,"href":"https:\/\/csillagpor.hu\/remek\/programok\/wp-json\/wp\/v2\/users\/1"}],"replies":[{"embeddable":true,"href":"https:\/\/csillagpor.hu\/remek\/programok\/wp-json\/wp\/v2\/comments?post=1186"}],"version-history":[{"count":0,"href":"https:\/\/csillagpor.hu\/remek\/programok\/wp-json\/wp\/v2\/pages\/1186\/revisions"}],"wp:attachment":[{"href":"https:\/\/csillagpor.hu\/remek\/programok\/wp-json\/wp\/v2\/media?parent=1186"}],"curies":[{"name":"wp","href":"https:\/\/api.w.org\/{rel}","templated":true}]}}