{"id":1199,"date":"2012-05-09T15:04:35","date_gmt":"2012-05-09T13:04:35","guid":{"rendered":"http:\/\/csillagpor.hu\/remek\/programok\/?page_id=1199"},"modified":"2022-06-30T18:15:53","modified_gmt":"2022-06-30T16:15:53","slug":"izarc-screenshot","status":"publish","type":"page","link":"https:\/\/csillagpor.hu\/remek\/programok\/izarc-screenshot","title":{"rendered":"IZArc k\u00e9perny\u0151k\u00e9pek"},"content":{"rendered":"<p><a target=\"_blank\" title=\"izarc\" href=\"\/\/csillagpor.hu\/remek\/programok\/izarc-letoltese\" rel=\"noopener noreferrer\">IZArc t\u00f6m\u00f6r\u00edt\u0151 program.<\/a> A PC Speed Up szeretne felk\u00e9redzkedni, ha nem akarjuk akkor v\u00e1lasszuk azt&#8230;<br \/>\n<img decoding=\"async\" loading=\"lazy\" alt=\"IZArc telep\u00edt\u00e9s\" src=\"\/\/cuccokhalomban.csillagpor.hu\/pict\/izarc-screenshot-1.jpg\" width=\"503\" height=\"388\" \/>\n<\/p>\n<p>Be\u00e1ll\u00edt\u00e1sok, f\u00e1jlt\u00e1rs\u00edt\u00e1sok. Rengeteg arch\u00edv f\u00e1jlform\u00e1tum rendelhet\u0151 a programhoz.<br \/>\n<img decoding=\"async\" loading=\"lazy\" alt=\"IZArc f\u00e1jlt\u00e1rs\u00edt\u00e1sok\" src=\"\/\/cuccokhalomban.csillagpor.hu\/pict\/izarc-screenshot-2.jpg\" width=\"562\" height=\"463\" \/>\n<\/p>\n<p>Int\u00e9z\u0151 b\u0151v\u00edtm\u00e9nyek, a k\u00f6rnyezeti men\u00fc be\u00e1ll\u00edt\u00e1sai.<br \/>\n<img decoding=\"async\" loading=\"lazy\" alt=\"IZArc b\u0151v\u00edtm\u00e9nyek\" src=\"\/\/cuccokhalomban.csillagpor.hu\/pict\/izarc-screenshot-3.jpg\" width=\"563\" height=\"463\" \/>\n<\/p>\n<p>A k\u00f6rnyezeti men\u00fcb\u0151l kiindulva hozz\u00e1ad\u00e1s az arch\u00edvumhoz.<br \/>\n<img decoding=\"async\" loading=\"lazy\" alt=\"IZArc k\u00f6rnyezeti men\u00fc\" src=\"\/\/cuccokhalomban.csillagpor.hu\/pict\/izarc-screenshot-4.jpg\" width=\"429\" height=\"353\" \/>\n<\/p>\n<p>F\u00e1jl hozz\u00e1ad\u00e1sa, titkos\u00edt\u00e1si rendszer be\u00e1ll\u00edt\u00e1sa.<br \/>\n<img decoding=\"async\" loading=\"lazy\" alt=\"IZArc titkos\u00edt\u00e1s\" src=\"\/\/cuccokhalomban.csillagpor.hu\/pict\/izarc-screenshot-5.jpg\" width=\"429\" height=\"353\" \/>\n<\/p>\n<p>Biztons\u00e1gi titkos\u00edt\u00e1s, jelsz\u00f3 megad\u00e1sa.<br \/>\n<img decoding=\"async\" loading=\"lazy\" alt=\"IZArc biztons\u00e1g\" src=\"\/\/cuccokhalomban.csillagpor.hu\/pict\/izarc-screenshot-6.jpg\" width=\"429\" height=\"353\" \/>\n<\/p>\n<p>F\u00e1jl hozz\u00e1ad\u00e1sa, cab f\u00e1jlba archiv\u00e1l\u00e1s, m\u00f3dszer be\u00e1ll\u00edt\u00e1sa.<br \/>\n<img decoding=\"async\" loading=\"lazy\" alt=\"IZArc cab f\u00e1jl\" src=\"\/\/cuccokhalomban.csillagpor.hu\/pict\/izarc-screenshot-7.jpg\" width=\"429\" height=\"354\" \/>\n<\/p>\n<p>Eszk\u00f6z\u00f6k, arch\u00edvum \u00e1talak\u00edt\u00e1sa, CD k\u00e9p \u00e1talak\u00edt\u00e1sa, titkos\u00edt\u00e1s, k\u00f3dol\u00e1s, dek\u00f3dol\u00e1s, arch\u00edvum jav\u00edt\u00e1sa, UnSFX &#8230;<br \/>\n<img decoding=\"async\" loading=\"lazy\" alt=\"IZArc \u00e1talak\u00edt\u00e1s\" src=\"\/\/cuccokhalomban.csillagpor.hu\/pict\/izarc-screenshot-8.jpg\" width=\"605\" height=\"500\" \/>\n<\/p>\n<p>CD k\u00e9pf\u00e1jlok \u00e1talak\u00edt\u00e1sa, BIN &#8211; ISO, MDF &#8211; ISO, NRG &#8211; ISO, PDI &#8211; ISO.<br \/>\n<img decoding=\"async\" loading=\"lazy\" alt=\"IZArc k\u00e9pf\u00e1jlok\" src=\"\/\/cuccokhalomban.csillagpor.hu\/pict\/izarc-screenshot-9.jpg\" width=\"605\" height=\"500\" \/>\n<\/p>\n<p>\u00d6nkicsomagol\u00f3 arch\u00edvum l\u00e9trehoz\u00e1sa (SFX).<br \/>\n<img decoding=\"async\" loading=\"lazy\" alt=\"IZArc \u00f6nkicsomagol\u00f3 arch\u00edvum\" src=\"\/\/cuccokhalomban.csillagpor.hu\/pict\/izarc-screenshot-10.jpg\" width=\"605\" height=\"500\" \/><\/p>\n","protected":false},"excerpt":{"rendered":"<p>IZArc t\u00f6m\u00f6r\u00edt\u0151 program. A PC Speed Up szeretne felk\u00e9redzkedni, ha nem akarjuk akkor v\u00e1lasszuk azt&#8230; Be\u00e1ll\u00edt\u00e1sok, f\u00e1jlt\u00e1rs\u00edt\u00e1sok. Rengeteg arch\u00edv f\u00e1jlform\u00e1tum rendelhet\u0151 a programhoz.&#46;&#46;&#46;<\/p>\n","protected":false},"author":1,"featured_media":0,"parent":0,"menu_order":0,"comment_status":"closed","ping_status":"closed","template":"","meta":{"footnotes":""},"_links":{"self":[{"href":"https:\/\/csillagpor.hu\/remek\/programok\/wp-json\/wp\/v2\/pages\/1199"}],"collection":[{"href":"https:\/\/csillagpor.hu\/remek\/programok\/wp-json\/wp\/v2\/pages"}],"about":[{"href":"https:\/\/csillagpor.hu\/remek\/programok\/wp-json\/wp\/v2\/types\/page"}],"author":[{"embeddable":true,"href":"https:\/\/csillagpor.hu\/remek\/programok\/wp-json\/wp\/v2\/users\/1"}],"replies":[{"embeddable":true,"href":"https:\/\/csillagpor.hu\/remek\/programok\/wp-json\/wp\/v2\/comments?post=1199"}],"version-history":[{"count":0,"href":"https:\/\/csillagpor.hu\/remek\/programok\/wp-json\/wp\/v2\/pages\/1199\/revisions"}],"wp:attachment":[{"href":"https:\/\/csillagpor.hu\/remek\/programok\/wp-json\/wp\/v2\/media?parent=1199"}],"curies":[{"name":"wp","href":"https:\/\/api.w.org\/{rel}","templated":true}]}}