{"id":1211,"date":"2012-05-15T22:05:00","date_gmt":"2012-05-15T20:05:00","guid":{"rendered":"http:\/\/csillagpor.hu\/remek\/programok\/?page_id=1211"},"modified":"2022-06-30T17:29:18","modified_gmt":"2022-06-30T15:29:18","slug":"zonealarm-free-firewall-screenshot","status":"publish","type":"page","link":"https:\/\/csillagpor.hu\/remek\/programok\/zonealarm-free-firewall-screenshot","title":{"rendered":"ZoneAlarm Free Firewall k\u00e9perny\u0151k\u00e9pek"},"content":{"rendered":"<p>A <a target=\"_blank\" title=\"zonealarm\" href=\"\/\/csillagpor.hu\/remek\/programok\/zonealarm-free-firewall-letoltese\" rel=\"noopener noreferrer\">ZoneAlarm<\/a> <a target=\"_blank\" title=\"t\u0171zfal\" href=\"\/\/csillagpor.hu\/remek\/programok\/tuzfal-programok\" rel=\"noopener noreferrer\">ingyenes t\u0171zfal<\/a> felrak\u00e1sakor az eszk\u00f6zt\u00e1rt \u00e9s egyebeket nem sz\u00fcks\u00e9ges telep\u00edteni, mint ahogy regisztr\u00e1lni sem sz\u00fcks\u00e9ges a telep\u00edt\u00e9shez.<br \/>\n<img decoding=\"async\" loading=\"lazy\" alt=\"ZoneAlarm eszk\u00f6zt\u00e1r\" src=\"\/\/cuccokhalomban.csillagpor.hu\/pict\/zonealarm-screenshot-1.jpg\" width=\"615\" height=\"397\" \/>\n<\/p>\n<p>El\u0151fordul, hogy a webes telep\u00edt\u0151program nem \u00e9ri el a let\u00f6lt\u0151 szervert, ilyen esetben kattintsunk a Download Full Installerre.<br \/>\n<img decoding=\"async\" loading=\"lazy\" alt=\"Zonealarm Download Full Installer\" src=\"\/\/cuccokhalomban.csillagpor.hu\/pict\/zonealarm-screenshot-2.jpg\" width=\"615\" height=\"398\" \/>\n<\/p>\n<p>Sz\u00e1m\u00edt\u00f3g\u00e9p, internet, szem\u00e9lyis\u00e9g \u00e9s adat v\u00e9delem.<br \/>\n<img decoding=\"async\" loading=\"lazy\" alt=\"Zonealarm, szem\u00e9lyis\u00e9g \u00e9s adatv\u00e9delem\" src=\"\/\/cuccokhalomban.csillagpor.hu\/pict\/zonealarm-screenshot-3.jpg\" width=\"775\" height=\"500\" \/>\n<\/p>\n<p>Internet v\u00e9delem be\u00e1ll\u00edt\u00e1sok, Anti-phishing bekapcsolva.<br \/>\n<img decoding=\"async\" loading=\"lazy\" alt=\"Zonealarm Anti-phishing\" src=\"\/\/cuccokhalomban.csillagpor.hu\/pict\/zonealarm-screenshot-4.jpg\" width=\"776\" height=\"500\" \/>\n<\/p>\n<p>Szem\u00e9lyazonoss\u00e1g \u00e9s adat v\u00e9delem, innen \u00e9rhetj\u00fck el a 2 GB online backup t\u00e1rhelyet is.<br \/>\n<img decoding=\"async\" loading=\"lazy\" alt=\"Zonealarm online backup\" src=\"\/\/cuccokhalomban.csillagpor.hu\/pict\/zonealarm-screenshot-5.jpg\" width=\"775\" height=\"500\" \/>\n<\/p>\n<p>J\u00e1t\u00e9k m\u00f3d be\u00e1ll\u00edt\u00e1sa \u00e9s ind\u00edt\u00e1sa.<br \/>\n<img decoding=\"async\" loading=\"lazy\" alt=\"Zonealarm j\u00e1t\u00e9 m\u00f3d\" src=\"\/\/cuccokhalomban.csillagpor.hu\/pict\/zonealarm-screenshot-6.jpg\" width=\"775\" height=\"500\" \/>\n<\/p>\n<p>Sz\u00e1m\u00edt\u00f3g\u00e9p v\u00e9delem biztons\u00e1gi szint be\u00e1ll\u00edt\u00e1sok.<br \/>\n<img decoding=\"async\" loading=\"lazy\" alt=\"Zonealarm biztons\u00e1gi szintek\" src=\"\/\/cuccokhalomban.csillagpor.hu\/pict\/zonealarm-screenshot-7.jpg\" width=\"774\" height=\"500\" \/>\n<\/p>\n<p><a target=\"_blank\" href=\"\/\/csillagpor.hu\/remek\/programok\/tuzfal-programok\" rel=\"noopener noreferrer\">T\u0171zfal<\/a> halad\u00f3 be\u00e1ll\u00edt\u00e1sok.<br \/>\n<img decoding=\"async\" loading=\"lazy\" alt=\"Zonealarm t\u0171zfal\" src=\"\/\/cuccokhalomban.csillagpor.hu\/pict\/zonealarm-screenshot-8.jpg\" width=\"775\" height=\"500\" \/>\n<\/p>\n<p>Itt l\u00e1thatjuk az enged\u00e9lyezett \u00e9s tiltott szoftvereket, folyamatokat, innen fel\u00fcl is b\u00edr\u00e1lhatjuk a t\u0171zfal d\u00f6nt\u00e9seit.<br \/>\n<img decoding=\"async\" loading=\"lazy\" alt=\"Zonealarm folyamatok\" src=\"\/\/cuccokhalomban.csillagpor.hu\/pict\/zonealarm-screenshot-9.jpg\" width=\"766\" height=\"500\" \/><\/p>\n","protected":false},"excerpt":{"rendered":"<p>A ZoneAlarm ingyenes t\u0171zfal felrak\u00e1sakor az eszk\u00f6zt\u00e1rt \u00e9s egyebeket nem sz\u00fcks\u00e9ges telep\u00edteni, mint ahogy regisztr\u00e1lni sem sz\u00fcks\u00e9ges a telep\u00edt\u00e9shez. El\u0151fordul, hogy a webes&#46;&#46;&#46;<\/p>\n","protected":false},"author":1,"featured_media":0,"parent":0,"menu_order":0,"comment_status":"closed","ping_status":"closed","template":"","meta":{"footnotes":""},"_links":{"self":[{"href":"https:\/\/csillagpor.hu\/remek\/programok\/wp-json\/wp\/v2\/pages\/1211"}],"collection":[{"href":"https:\/\/csillagpor.hu\/remek\/programok\/wp-json\/wp\/v2\/pages"}],"about":[{"href":"https:\/\/csillagpor.hu\/remek\/programok\/wp-json\/wp\/v2\/types\/page"}],"author":[{"embeddable":true,"href":"https:\/\/csillagpor.hu\/remek\/programok\/wp-json\/wp\/v2\/users\/1"}],"replies":[{"embeddable":true,"href":"https:\/\/csillagpor.hu\/remek\/programok\/wp-json\/wp\/v2\/comments?post=1211"}],"version-history":[{"count":0,"href":"https:\/\/csillagpor.hu\/remek\/programok\/wp-json\/wp\/v2\/pages\/1211\/revisions"}],"wp:attachment":[{"href":"https:\/\/csillagpor.hu\/remek\/programok\/wp-json\/wp\/v2\/media?parent=1211"}],"curies":[{"name":"wp","href":"https:\/\/api.w.org\/{rel}","templated":true}]}}