{"id":1215,"date":"2012-05-23T13:59:46","date_gmt":"2012-05-23T11:59:46","guid":{"rendered":"http:\/\/csillagpor.hu\/remek\/programok\/?page_id=1215"},"modified":"2022-06-30T18:02:26","modified_gmt":"2022-06-30T16:02:26","slug":"privatefirewall-screenshot","status":"publish","type":"page","link":"https:\/\/csillagpor.hu\/remek\/programok\/privatefirewall-screenshot","title":{"rendered":"Privatefirewall k\u00e9perny\u0151k\u00e9pek"},"content":{"rendered":"<p><a target=\"_blank\" title=\"privatefirewall\" href=\"\/\/csillagpor.hu\/remek\/programok\/privatefirewall\" rel=\"noopener noreferrer\">A Privatefirewall t\u0171zfal<\/a> telep\u00edt\u00e9se elej\u00e9n aj\u00e1nlja, hogy l\u00e9pj\u00fcnk ki minden programb\u00f3l, tiltsuk le \u00e1tmenetileg a v\u00edrusirt\u00f3t \u00e9s m\u00e1s v\u00e9delmi programokat.<br \/>\n<img decoding=\"async\" loading=\"lazy\" alt=\"Privatefirewall telep\u00edt\u00e9s\" src=\"\/\/cuccokhalomban.csillagpor.hu\/pict\/privatefirewall-screenshot-1.jpg\" width=\"504\" height=\"384\" \/>\n<\/p>\n<p>A Privatefirewall <a target=\"_blank\" href=\"\/\/csillagpor.hu\/remek\/programok\/tuzfal-programok\" rel=\"noopener noreferrer\">t\u0171zfal<\/a> elindult \u00e9s v\u00e9d helyi h\u00e1l\u00f3zaton \u00e9s Interneten egyar\u00e1nt.<br \/>\n<img decoding=\"async\" loading=\"lazy\" alt=\"Privatefirewall t\u0171zfal v\u00e9delem\" src=\"\/\/cuccokhalomban.csillagpor.hu\/pict\/privatefirewall-screenshot-2.jpg\" width=\"714\" height=\"500\" \/>\n<\/p>\n<p>Be\u00e1ll\u00edt\u00e1sok, automatikus v\u00e9delem, vagy k\u00e9zzel tiltunk, enged\u00e9lyez\u00fcnk, stb&#8230;<br \/>\n<img decoding=\"async\" loading=\"lazy\" alt=\"Privatefirewall be\u00e1ll\u00edt\u00e1sok\" src=\"\/\/cuccokhalomban.csillagpor.hu\/pict\/privatefirewall-screenshot-3.jpg\" width=\"714\" height=\"500\" \/>\n<\/p>\n<p>Halad\u00f3 be\u00e1ll\u00edt\u00e1sok, tal\u00e1lt alkalmaz\u00e1sok be\u00e1ll\u00edt\u00e1sai.<br \/>\n<img decoding=\"async\" loading=\"lazy\" alt=\"Privatefirewall, alkalmaz\u00e1sok\" src=\"\/\/cuccokhalomban.csillagpor.hu\/pict\/privatefirewall-screenshot-4.jpg\" width=\"714\" height=\"500\" \/>\n<\/p>\n<p>Az \u00e9ppen fut\u00f3 alkalmaz\u00e1sok \u00e9s folyamataik tilthat\u00f3k, enged\u00e9lyezhet\u0151k, elt\u00e1vol\u00edthat\u00f3k.<br \/>\n<img decoding=\"async\" loading=\"lazy\" alt=\"Privatefirewall, folyamatok\" src=\"\/\/cuccokhalomban.csillagpor.hu\/pict\/privatefirewall-screenshot-5.jpg\" width=\"716\" height=\"500\" \/>\n<\/p>\n<p>A megb\u00edzhat\u00f3 szoftver fejleszt\u0151k list\u00e1ja.<br \/>\n<img decoding=\"async\" loading=\"lazy\" alt=\"Privatefirewall, megb\u00edzhat\u00f3 fejleszt\u0151k\" src=\"\/\/cuccokhalomban.csillagpor.hu\/pict\/privatefirewall-screenshot-6.jpg\" width=\"713\" height=\"500\" \/>\n<\/p>\n<p>Process Monitor, \u00e9ppen milyen alkalmaz\u00e1sok folyamatai futnak.<br \/>\n<img decoding=\"async\" loading=\"lazy\" alt=\"Privatefirewall Process Monitor\" src=\"\/\/cuccokhalomban.csillagpor.hu\/pict\/privatefirewall-screenshot-7.jpg\" width=\"716\" height=\"500\" \/>\n<\/p>\n<p>Port tracking, a rendszer portokat milyen alkalmaz\u00e1sok haszn\u00e1lj\u00e1k, c\u00edmek, protokollok, folyamat azonos\u00edt\u00f3k&#8230;<br \/>\n<img decoding=\"async\" loading=\"lazy\" alt=\"Privatefirewall Port Tracking\" src=\"\/\/cuccokhalomban.csillagpor.hu\/pict\/privatefirewall-screenshot-8.jpg\" width=\"714\" height=\"500\" \/>\n<\/p>\n<p>R\u00e9szletes besz\u00e1mol\u00f3 \u00f3rai, napi, heti bont\u00e1sban a blokkolt folyamatokr\u00f3l. Most \u00fcres, mert friss telep\u00edt\u00e9s.<br \/>\n<img decoding=\"async\" loading=\"lazy\" alt=\"Privatefirewall napl\u00f3\" src=\"\/\/cuccokhalomban.csillagpor.hu\/pict\/privatefirewall-screenshot-9.jpg\" width=\"714\" height=\"500\" \/><\/p>\n","protected":false},"excerpt":{"rendered":"<p>A Privatefirewall t\u0171zfal telep\u00edt\u00e9se elej\u00e9n aj\u00e1nlja, hogy l\u00e9pj\u00fcnk ki minden programb\u00f3l, tiltsuk le \u00e1tmenetileg a v\u00edrusirt\u00f3t \u00e9s m\u00e1s v\u00e9delmi programokat. A Privatefirewall t\u0171zfal&#46;&#46;&#46;<\/p>\n","protected":false},"author":1,"featured_media":0,"parent":0,"menu_order":0,"comment_status":"closed","ping_status":"closed","template":"","meta":{"footnotes":""},"_links":{"self":[{"href":"https:\/\/csillagpor.hu\/remek\/programok\/wp-json\/wp\/v2\/pages\/1215"}],"collection":[{"href":"https:\/\/csillagpor.hu\/remek\/programok\/wp-json\/wp\/v2\/pages"}],"about":[{"href":"https:\/\/csillagpor.hu\/remek\/programok\/wp-json\/wp\/v2\/types\/page"}],"author":[{"embeddable":true,"href":"https:\/\/csillagpor.hu\/remek\/programok\/wp-json\/wp\/v2\/users\/1"}],"replies":[{"embeddable":true,"href":"https:\/\/csillagpor.hu\/remek\/programok\/wp-json\/wp\/v2\/comments?post=1215"}],"version-history":[{"count":0,"href":"https:\/\/csillagpor.hu\/remek\/programok\/wp-json\/wp\/v2\/pages\/1215\/revisions"}],"wp:attachment":[{"href":"https:\/\/csillagpor.hu\/remek\/programok\/wp-json\/wp\/v2\/media?parent=1215"}],"curies":[{"name":"wp","href":"https:\/\/api.w.org\/{rel}","templated":true}]}}