{"id":1223,"date":"2012-05-28T22:26:31","date_gmt":"2012-05-28T20:26:31","guid":{"rendered":"http:\/\/csillagpor.hu\/remek\/programok\/?page_id=1223"},"modified":"2022-06-30T17:43:21","modified_gmt":"2022-06-30T15:43:21","slug":"sumatra-pdf-screenshot","status":"publish","type":"page","link":"https:\/\/csillagpor.hu\/remek\/programok\/sumatra-pdf-screenshot","title":{"rendered":"Sumatra PDF k\u00e9perny\u0151k\u00e9pek"},"content":{"rendered":"<p><a target=\"_blank\" title=\"sumatra pdf\" href=\"\/\/csillagpor.hu\/remek\/programok\/sumatra-pdf-ebook-olvaso\" rel=\"noopener noreferrer\">A Sumatra PDF, PDF \u00e9s ebook olvas\u00f3<\/a> 64 bites Windows 10-en. A leggyakrabban olvasott f\u00e1jlok.<br \/>\n<img decoding=\"async\" loading=\"lazy\" alt=\"Sumatra PDF Windows 10\" src=\"\/\/cuccokhalomban.csillagpor.hu\/pict\/sumatra-kepernyokep-1.jpg\" width=\"888\" height=\"853\" \/>\n<\/p>\n<p>T\u00e1mogatott f\u00e1jlt\u00edpusok, a lentebb l\u00e1that\u00f3 r\u00e9gebbihez k\u00e9pest itt megjelentek a FictionBook \u00e9s PalDoc f\u00e1jlok is.<br \/>\n<img decoding=\"async\" loading=\"lazy\" alt=\"Sumatra PDF f\u00e1jlt\u00edpusok\" src=\"\/\/cuccokhalomban.csillagpor.hu\/pict\/sumatra-kepernyokep-2.jpg\" width=\"880\" height=\"739\" \/>\n<\/p>\n<p>R\u00e9gebbi verzi\u00f3&#8230;<\/p>\n<p>A Sumatra PDF telep\u00edt\u00e9se elej\u00e9n v\u00e1lasszuk az Optionst&#8230;<br \/>\n<img decoding=\"async\" loading=\"lazy\" alt=\"Sumatra PDF telep\u00edt\u00e9se\" src=\"\/\/cuccokhalomban.csillagpor.hu\/pict\/sumatra-pdf-screenshot-1.jpg\" width=\"419\" height=\"340\" \/>\n<\/p>\n<p>&#8230;\u00edgy testre szabhatjuk a telep\u00edt\u00e9s hely\u00e9t, az alap\u00e9rtelmezett PDF olvas\u00f3t, b\u00f6ng\u00e9sz\u0151 be\u00e9p\u00fcl\u0151t, egyebeket.<br \/>\n<img decoding=\"async\" loading=\"lazy\" alt=\"Sumatra PDF alap\u00e9rtelmezett PDF olvas\u00f3\" src=\"\/\/cuccokhalomban.csillagpor.hu\/pict\/sumatra-pdf-screenshot-2.jpg\" width=\"420\" height=\"340\" \/>\n<\/p>\n<p>\u00cdgy indul a program, m\u00e1r nyithatjuk is az olvasand\u00f3 f\u00e1jlt&#8230;<br \/>\n<img decoding=\"async\" loading=\"lazy\" alt=\"Sumatra PDF\" src=\"\/\/cuccokhalomban.csillagpor.hu\/pict\/sumatra-pdf-screenshot-3.jpg\" width=\"423\" height=\"500\" \/>\n<\/p>\n<p>Megnyitott <a target=\"_blank\" title=\"pdf\" href=\"\/\/csillagpor.hu\/remek\/fajlkiterjesztes\/pdf\" rel=\"noopener noreferrer\">PDF f\u00e1jl<\/a>, alap\u00e9rtelmezett n\u00e9zet.<br \/>\n<img decoding=\"async\" loading=\"lazy\" alt=\"Sumatra PDF alap\u00e9rtelmezett n\u00e9zet\" src=\"\/\/cuccokhalomban.csillagpor.hu\/pict\/sumatra-pdf-screenshot-4.jpg\" width=\"423\" height=\"500\" \/>\n<\/p>\n<p>Oldalp\u00e1r, folyamatos n\u00e9zet, teljes k\u00e9perny\u0151n k\u00e9nyelmesen n\u00e9zegethet\u00fcnk sok lapot egyszerre.<br \/>\n<img decoding=\"async\" loading=\"lazy\" alt=\"Sumatra PDF - oldalp\u00e1r, folyamatos n\u00e9zet\" src=\"\/\/cuccokhalomban.csillagpor.hu\/pict\/sumatra-pdf-screenshot-5.jpg\" width=\"423\" height=\"500\" \/>\n<\/p>\n<p>M\u00e9retek, n\u00e9zetek be\u00e1ll\u00edt\u00e1sa, ak\u00e1r 6400%-os nagy\u00edt\u00e1s is lehets\u00e9ges.<br \/>\n<img decoding=\"async\" loading=\"lazy\" alt=\"Sumatra PDF nagy\u00edt\u00e1s\" src=\"\/\/cuccokhalomban.csillagpor.hu\/pict\/sumatra-pdf-screenshot-6.jpg\" width=\"423\" height=\"500\" \/>\n<\/p>\n<p>Ennyi az \u00f6sszes be\u00e1ll\u00edt\u00e1si lehet\u0151s\u00e9ge.<br \/>\n<img decoding=\"async\" loading=\"lazy\" alt=\"Sumatra PDF be\u00e1ll\u00edt\u00e1sok\" src=\"\/\/cuccokhalomban.csillagpor.hu\/pict\/sumatra-pdf-screenshot-7.jpg\" width=\"423\" height=\"500\" \/>\n<\/p>\n<p>PDF, XPS, DjVu, k\u00e9preg\u00e9ny, CHM, Mobi \u00e9s EPUB form\u00e1tum\u00fa f\u00e1jlok megnyit\u00e1sa.<br \/>\n<img decoding=\"async\" loading=\"lazy\" alt=\"Sumatra PDF - PDF, XPS, DjVu\" src=\"\/\/cuccokhalomban.csillagpor.hu\/pict\/sumatra-pdf-screenshot-8.jpg\" width=\"673\" height=\"500\" \/>\n<\/p>\n<p>100%-ra nagy\u00edtott oldal.<br \/>\n<img decoding=\"async\" loading=\"lazy\" alt=\"Sumatra PDF 100%\" src=\"\/\/cuccokhalomban.csillagpor.hu\/pict\/sumatra-pdf-screenshot-9.jpg\" width=\"673\" height=\"500\" \/><\/p>\n","protected":false},"excerpt":{"rendered":"<p><a target=\"_blank\" title=\"Sumatra PDF\" href=\"\/\/csillagpor.hu\/remek\/programok\/sumatra-pdf-screenshot\" rel=\"noopener noreferrer\"><img decoding=\"async\" loading=\"lazy\" alt=\"Sumatra PDF\" src=\"\/\/cuccokhalomban.csillagpor.hu\/pict\/sumatra-pdf-kicsi.jpg\" width=\"100\" height=\"118\" class=\"flr\" \/><\/a><\/p>\n<p><a target=\"_blank\" title=\"sumatra pdf\" href=\"\/\/csillagpor.hu\/remek\/programok\/sumatra-pdf-ebook-olvaso\" rel=\"noopener noreferrer\">A Sumatra PDF, PDF \u00e9s ebook olvas\u00f3 64 bites Windows 10-en. A leggyakrabban olvasott f\u00e1jlok. T\u00e1mogatott f\u00e1jlt\u00edpusok, megjelentek a FictionBook \u00e9s PalDoc f\u00e1jlok is. A telep\u00edt\u00e9s elej\u00e9n v\u00e1lasszuk az Optionst, \u00edgy testre szabhatjuk a telep\u00edt\u00e9s hely\u00e9t, az alap\u00e9rtelmezett PDF olvas\u00f3t, b\u00f6ng\u00e9sz\u0151 be\u00e9p\u00fcl\u0151t, egyebeket&#8230;<\/p>\n","protected":false},"author":1,"featured_media":0,"parent":0,"menu_order":0,"comment_status":"closed","ping_status":"closed","template":"","meta":{"footnotes":""},"_links":{"self":[{"href":"https:\/\/csillagpor.hu\/remek\/programok\/wp-json\/wp\/v2\/pages\/1223"}],"collection":[{"href":"https:\/\/csillagpor.hu\/remek\/programok\/wp-json\/wp\/v2\/pages"}],"about":[{"href":"https:\/\/csillagpor.hu\/remek\/programok\/wp-json\/wp\/v2\/types\/page"}],"author":[{"embeddable":true,"href":"https:\/\/csillagpor.hu\/remek\/programok\/wp-json\/wp\/v2\/users\/1"}],"replies":[{"embeddable":true,"href":"https:\/\/csillagpor.hu\/remek\/programok\/wp-json\/wp\/v2\/comments?post=1223"}],"version-history":[{"count":0,"href":"https:\/\/csillagpor.hu\/remek\/programok\/wp-json\/wp\/v2\/pages\/1223\/revisions"}],"wp:attachment":[{"href":"https:\/\/csillagpor.hu\/remek\/programok\/wp-json\/wp\/v2\/media?parent=1223"}],"curies":[{"name":"wp","href":"https:\/\/api.w.org\/{rel}","templated":true}]}}