{"id":1227,"date":"2012-06-04T13:23:33","date_gmt":"2012-06-04T11:23:33","guid":{"rendered":"http:\/\/csillagpor.hu\/remek\/programok\/?page_id=1227"},"modified":"2022-06-30T18:07:39","modified_gmt":"2022-06-30T16:07:39","slug":"outpost-security-suite-free-screenshot","status":"publish","type":"page","link":"https:\/\/csillagpor.hu\/remek\/programok\/outpost-security-suite-free-screenshot","title":{"rendered":"Outpost Security Suite Free k\u00e9perny\u0151k\u00e9pek"},"content":{"rendered":"<p>Ha lefutott a telep\u00edt\u00e9s \u00e9s \u00fajraind\u00edtottuk a rendszert, <a target=\"_blank\" title=\"outpost internet security\" href=\"\/\/csillagpor.hu\/remek\/programok\/outpost-internet-security-suite-free\" rel=\"noopener noreferrer\">az Outpost Security Suite Free<\/a> <a target=\"_blank\" title=\"v\u00edrusirt\u00f3\" href=\"\/\/csillagpor.hu\/remek\/programok\/virusirto-tuzfal-kemprogram-eltavolito\" rel=\"noopener noreferrer\">t\u0171zfal \u00e9s v\u00e9delmi program<\/a> regisztr\u00e1l\u00e1sa a k\u00f6vetkez\u0151 l\u00e9p\u00e9s&#8230;<br \/>\n<img decoding=\"async\" loading=\"lazy\" alt=\"Outpost Security Suite Free regisztr\u00e1l\u00e1s\" src=\"\/\/cuccokhalomban.csillagpor.hu\/pict\/outpost-security-suite-free-screenshot-1.jpg\" width=\"365\" height=\"246\" \/>\n<\/p>\n<p>&#8230;itt arra a sz\u00fcrke Registerre kell kattintani. Ez az ingyenes v\u00e1ltozata.<br \/>\n<img decoding=\"async\" loading=\"lazy\" alt=\"Outpost Security Suite Free ingyenes v\u00e1ltozat\" src=\"\/\/cuccokhalomban.csillagpor.hu\/pict\/outpost-security-suite-free-screenshot-2.jpg\" width=\"516\" height=\"343\" \/>\n<\/p>\n<p>Nev\u00fcnk \u00e9s e-mail c\u00edm\u00fcnk megad\u00e1sa ut\u00e1n kapunk egy mailt a k\u00f3ddal, amit itt kell megadni.<br \/>\n<img decoding=\"async\" loading=\"lazy\" alt=\"Outpost Security Suite Free\" src=\"\/\/cuccokhalomban.csillagpor.hu\/pict\/outpost-security-suite-free-screenshot-3.jpg\" width=\"713\" height=\"390\" \/>\n<\/p>\n<p>Elindult a <a target=\"_blank\" href=\"\/\/csillagpor.hu\/remek\/programok\/virusirto-tuzfal-kemprogram-eltavolito\" rel=\"noopener noreferrer\">v\u00e9delmi program<\/a>, most egy \u00e9vig ingyen haszn\u00e1lhatjuk, azut\u00e1n \u00fajabb k\u00f3dot kell k\u00e9rni, de azt is ingyen.<br \/>\n<img decoding=\"async\" loading=\"lazy\" alt=\"Outpost Security Suite Free v\u00e9delmi program\" src=\"\/\/cuccokhalomban.csillagpor.hu\/pict\/outpost-security-suite-free-screenshot-4.jpg\" width=\"668\" height=\"500\" \/>\n<\/p>\n<p>A t\u0171zfal m\u0171k\u00f6dik \u00e9s v\u00e9d minket a h\u00e1l\u00f3zat fel\u0151l j\u00f6v\u0151 t\u00e1mad\u00e1sokt\u00f3l.<br \/>\n<img decoding=\"async\" loading=\"lazy\" alt=\"Outpost Security Suite v\u00e9d minket a h\u00e1l\u00f3zat fel\u0151l j\u00f6v\u0151 t\u00e1mad\u00e1sokt\u00f3l\" src=\"\/\/cuccokhalomban.csillagpor.hu\/pict\/outpost-security-suite-free-screenshot-5.jpg\" width=\"669\" height=\"500\" \/>\n<\/p>\n<p>Az Anti-Malware is akt\u00edv, val\u00f3s id\u0151ben v\u00e9d a rosszindulat\u00fa programokt\u00f3l.<br \/>\n<img decoding=\"async\" loading=\"lazy\" alt=\"Outpost Security Suite Free Anti-Malware\" src=\"\/\/cuccokhalomban.csillagpor.hu\/pict\/outpost-security-suite-free-screenshot-6.jpg\" width=\"669\" height=\"500\" \/>\n<\/p>\n<p>Az Anti-Leak viselked\u00e9s v\u00e9delem figyelmeztet\u00e9seinek be\u00e1ll\u00edt\u00e1sai. Sz\u00f3ljon, ha rosszindulat\u00fa vagy gyan\u00fas programot tal\u00e1lt, ha k\u00e9sz a keres\u00e9s, stb.<br \/>\n<img decoding=\"async\" loading=\"lazy\" alt=\"Outpost Security Suite Free Anti-Leak\" src=\"\/\/cuccokhalomban.csillagpor.hu\/pict\/outpost-security-suite-free-screenshot-7.jpg\" width=\"668\" height=\"500\" \/>\n<\/p>\n<p>Az Anti-Malware val\u00f3sidej\u0171 v\u00e9delm\u00e9nek be\u00e1ll\u00edt\u00e1sai. Milyen szint\u0171 legyen a v\u00e9delem \u00e9s mit tegyen a tal\u00e1lt dolgokkal.<br \/>\n<img decoding=\"async\" loading=\"lazy\" alt=\"Outpost Security Suite Free val\u00f3sidej\u0171 v\u00e9delem be\u00e1ll\u00edt\u00e1sai\" src=\"\/\/cuccokhalomban.csillagpor.hu\/pict\/outpost-security-suite-free-screenshot-8.jpg\" width=\"668\" height=\"500\" \/>\n<\/p>\n<p>Az Anti-Leak be\u00e1ll\u00edt\u00e1sai, p\u00e9ld\u00e1ul figyeli a billenty\u0171zet napl\u00f3z\u00e1st is.<br \/>\n<img decoding=\"async\" loading=\"lazy\" alt=\"Outpost Security Suite Free - figyeli a billenty\u0171zet napl\u00f3z\u00e1st\" src=\"\/\/cuccokhalomban.csillagpor.hu\/pict\/outpost-security-suite-free-screenshot-9.jpg\" width=\"669\" height=\"500\" \/>\n<\/p>\n<p>Anti-Spam be\u00e1ll\u00edt\u00e1sok, az Outlook, Outlook Express, Windows Mail, The Bat! levelez\u0151 program spamjeit sz\u0171ri.<br \/>\n<img decoding=\"async\" loading=\"lazy\" alt=\"Outpost Security Suite Free Anti-Spam\" src=\"\/\/cuccokhalomban.csillagpor.hu\/pict\/outpost-security-suite-free-screenshot-10.jpg\" width=\"669\" height=\"500\" \/><\/p>\n","protected":false},"excerpt":{"rendered":"<p>Ha lefutott a telep\u00edt\u00e9s \u00e9s \u00fajraind\u00edtottuk a rendszert, az Outpost Security Suite Free t\u0171zfal \u00e9s v\u00e9delmi program regisztr\u00e1l\u00e1sa a k\u00f6vetkez\u0151 l\u00e9p\u00e9s&#8230; &#8230;itt arra&#46;&#46;&#46;<\/p>\n","protected":false},"author":1,"featured_media":0,"parent":0,"menu_order":0,"comment_status":"closed","ping_status":"closed","template":"","meta":{"footnotes":""},"_links":{"self":[{"href":"https:\/\/csillagpor.hu\/remek\/programok\/wp-json\/wp\/v2\/pages\/1227"}],"collection":[{"href":"https:\/\/csillagpor.hu\/remek\/programok\/wp-json\/wp\/v2\/pages"}],"about":[{"href":"https:\/\/csillagpor.hu\/remek\/programok\/wp-json\/wp\/v2\/types\/page"}],"author":[{"embeddable":true,"href":"https:\/\/csillagpor.hu\/remek\/programok\/wp-json\/wp\/v2\/users\/1"}],"replies":[{"embeddable":true,"href":"https:\/\/csillagpor.hu\/remek\/programok\/wp-json\/wp\/v2\/comments?post=1227"}],"version-history":[{"count":0,"href":"https:\/\/csillagpor.hu\/remek\/programok\/wp-json\/wp\/v2\/pages\/1227\/revisions"}],"wp:attachment":[{"href":"https:\/\/csillagpor.hu\/remek\/programok\/wp-json\/wp\/v2\/media?parent=1227"}],"curies":[{"name":"wp","href":"https:\/\/api.w.org\/{rel}","templated":true}]}}