{"id":1233,"date":"2012-06-08T21:42:56","date_gmt":"2012-06-08T19:42:56","guid":{"rendered":"http:\/\/csillagpor.hu\/remek\/programok\/?page_id=1233"},"modified":"2022-06-30T18:03:18","modified_gmt":"2022-06-30T16:03:18","slug":"photo-resize-magic-screenshot","status":"publish","type":"page","link":"https:\/\/csillagpor.hu\/remek\/programok\/photo-resize-magic-screenshot","title":{"rendered":"Photo Resize Magic k\u00e9perny\u0151k\u00e9pek"},"content":{"rendered":"<p><a target=\"_blank\" title=\"photo resize magic\" href=\"\/\/csillagpor.hu\/remek\/programok\/photo-resize-magic-letoltes\" rel=\"noopener noreferrer\">A Photo Resize Magic<\/a> <a target=\"_blank\" href=\"\/\/csillagpor.hu\/remek\/programok\/kepszerkeszto-programok\" rel=\"noopener noreferrer\">k\u00e9p \u00e1tm\u00e9retez\u0151<\/a> \u00edgy indul, meg kell adni a k\u00f6nyvt\u00e1rakat \u00e9s hogy mit szeretn\u00e9nk alak\u00edtani a k\u00e9peken.<br \/>\n<img decoding=\"async\" loading=\"lazy\" alt=\"Photo Resize Magic k\u00e9p \u00e1tm\u00e9retez\u0151\" src=\"\/\/cuccokhalomban.csillagpor.hu\/pict\/photo-resize-magic-screenshot-1.jpg\" width=\"440\" height=\"408\" \/>\n<\/p>\n<p>Megadva egy k\u00f6zepes k\u00e9pmin\u0151s\u00e9g, fel\u00e9re cs\u00f6kkentend\u0151 m\u00e9ret, effektek k\u00f6z\u00fcl itt a sz\u00fcrke \u00e1rnyalat van most kiv\u00e1lasztva, forr\u00e1s \u00e9s c\u00e9l k\u00f6nyvt\u00e1r, \u00e1talak\u00edt\u00e1s folyamatban&#8230;<br \/>\n<img decoding=\"async\" loading=\"lazy\" alt=\"Photo Resize Magic - cs\u00f6kkentend\u0151 m\u00e9ret\" src=\"\/\/cuccokhalomban.csillagpor.hu\/pict\/photo-resize-magic-screenshot-2.jpg\" width=\"439\" height=\"408\" \/>\n<\/p>\n<p>OK! Elk\u00e9sz\u00fclt az \u00e1talak\u00edt\u00e1s, \u00e1tm\u00e9retez\u00e9s, effektez\u00e9s.<br \/>\n<img decoding=\"async\" loading=\"lazy\" alt=\"Photo Resize Magic - \u00e1talak\u00edt\u00e1s, \u00e1tm\u00e9retez\u00e9s, effektez\u00e9s\" src=\"\/\/cuccokhalomban.csillagpor.hu\/pict\/photo-resize-magic-screenshot-3.jpg\" width=\"440\" height=\"408\" \/>\n<\/p>\n<p>V\u00e1laszthatunk egy f\u00e9nyk\u00e9pet is \u00e1tm\u00e9retez\u00e9sre.<br \/>\n<img decoding=\"async\" loading=\"lazy\" alt=\"Photo Resize Magic - \u00e1tm\u00e9retez\u00e9s\" src=\"\/\/cuccokhalomban.csillagpor.hu\/pict\/photo-resize-magic-screenshot-4.jpg\" width=\"440\" height=\"408\" \/><\/p>\n","protected":false},"excerpt":{"rendered":"<p>A Photo Resize Magic k\u00e9p \u00e1tm\u00e9retez\u0151 \u00edgy indul, meg kell adni a k\u00f6nyvt\u00e1rakat \u00e9s hogy mit szeretn\u00e9nk alak\u00edtani a k\u00e9peken. Megadva egy k\u00f6zepes&#46;&#46;&#46;<\/p>\n","protected":false},"author":1,"featured_media":0,"parent":0,"menu_order":0,"comment_status":"closed","ping_status":"closed","template":"","meta":{"footnotes":""},"_links":{"self":[{"href":"https:\/\/csillagpor.hu\/remek\/programok\/wp-json\/wp\/v2\/pages\/1233"}],"collection":[{"href":"https:\/\/csillagpor.hu\/remek\/programok\/wp-json\/wp\/v2\/pages"}],"about":[{"href":"https:\/\/csillagpor.hu\/remek\/programok\/wp-json\/wp\/v2\/types\/page"}],"author":[{"embeddable":true,"href":"https:\/\/csillagpor.hu\/remek\/programok\/wp-json\/wp\/v2\/users\/1"}],"replies":[{"embeddable":true,"href":"https:\/\/csillagpor.hu\/remek\/programok\/wp-json\/wp\/v2\/comments?post=1233"}],"version-history":[{"count":0,"href":"https:\/\/csillagpor.hu\/remek\/programok\/wp-json\/wp\/v2\/pages\/1233\/revisions"}],"wp:attachment":[{"href":"https:\/\/csillagpor.hu\/remek\/programok\/wp-json\/wp\/v2\/media?parent=1233"}],"curies":[{"name":"wp","href":"https:\/\/api.w.org\/{rel}","templated":true}]}}