{"id":1234,"date":"2012-06-10T21:53:08","date_gmt":"2012-06-10T19:53:08","guid":{"rendered":"http:\/\/csillagpor.hu\/remek\/programok\/?page_id=1234"},"modified":"2022-06-30T18:05:03","modified_gmt":"2022-06-30T16:05:03","slug":"pctools-firewall-plus-screenshot","status":"publish","type":"page","link":"https:\/\/csillagpor.hu\/remek\/programok\/pctools-firewall-plus-screenshot","title":{"rendered":"PC Tools Firewall Plus k\u00e9perny\u0151k\u00e9pek"},"content":{"rendered":"<p>Az <a target=\"_blank\" href=\"\/\/csillagpor.hu\/remek\/programok\/tuzfal-programok\" rel=\"noopener noreferrer\">ingyenes t\u0171zfal<\/a> telep\u00edt\u00e9s\u00e9nek elej\u00e9n fel szeretne ker\u00fclni a Google Eszk\u00f6zt\u00e1r, ha nem szeretn\u00e9nk, ne telep\u00edts\u00fck.<br \/>\n<img decoding=\"async\" loading=\"lazy\" alt=\"PC Tools Firewall Plus - ingyenes t\u0171zfal\" src=\"\/\/cuccokhalomban.csillagpor.hu\/pict\/pctools-firewall-screenshot-1.jpg\" width=\"503\" height=\"388\" \/>\n<\/p>\n<p>A t\u0171zfal elindult, bekapcsolva a val\u00f3sidej\u0171 v\u00e9delem.<br \/>\n<img decoding=\"async\" loading=\"lazy\" alt=\"PC Tools Firewall Plus - val\u00f3sidej\u0171 v\u00e9delem\" src=\"\/\/cuccokhalomban.csillagpor.hu\/pict\/pctools-firewall-screenshot-2.jpg\" width=\"750\" height=\"500\" \/>\n<\/p>\n<p>M\u00e9g angolul &#8230; a Settings &#8211; Preferences-n\u00e9l itt \u00e1ll\u00edthatjuk \u00e1t magyar nyelv\u0171re.<br \/>\n<img decoding=\"async\" loading=\"lazy\" alt=\"PC Tools Firewall Plus \u00e1t\u00e1ll\u00edt\u00e1s magyar nyelvre\" src=\"\/\/cuccokhalomban.csillagpor.hu\/pict\/pctools-firewall-screenshot-3.jpg\" width=\"750\" height=\"500\" \/>\n<\/p>\n<p>M\u00e1r magyarul a be\u00e1ll\u00edt\u00e1sok \u00e9s a program minden r\u00e9sze.<br \/>\n<img decoding=\"async\" loading=\"lazy\" alt=\"PC Tools Firewall Plus magyarul\" src=\"\/\/cuccokhalomban.csillagpor.hu\/pict\/pctools-firewall-screenshot-4.jpg\" width=\"750\" height=\"500\" \/>\n<\/p>\n<p>Magyarul: v\u00e1lasszon egy funkci\u00f3t! T\u0171zfal, alkalmaz\u00e1stilt\u00e1s, profilok.<br \/>\n<img decoding=\"async\" loading=\"lazy\" alt=\"PC Tools Firewall Plus - T\u0171zfal, alkalmaz\u00e1stilt\u00e1s, profilok\" src=\"\/\/cuccokhalomban.csillagpor.hu\/pict\/pctools-firewall-screenshot-5.jpg\" width=\"750\" height=\"500\" \/>\n<\/p>\n<p>Ezek az enged\u00e9lyezet, h\u00e1l\u00f3zat el\u00e9r\u00e9s\u00e9re feljogos\u00edtott alkalmaz\u00e1sok.<br \/>\n<img decoding=\"async\" loading=\"lazy\" alt=\"PC Tools Firewall Plus - h\u00e1l\u00f3zati el\u00e9r\u00e9s\" src=\"\/\/cuccokhalomban.csillagpor.hu\/pict\/pctools-firewall-screenshot-6.jpg\" width=\"750\" height=\"500\" \/>\n<\/p>\n<p>\u00c1ltal\u00e1nos be\u00e1ll\u00edt\u00e1sok, pl. t\u0171zfal \u00fczemm\u00f3dja: mindent, r\u00e1k\u00e9rdez, mindent tilt.<br \/>\n<img decoding=\"async\" loading=\"lazy\" alt=\"PC Tools Firewall Plus be\u00e1ll\u00edt\u00e1sok\" src=\"\/\/cuccokhalomban.csillagpor.hu\/pict\/pctools-firewall-screenshot-7.jpg\" width=\"749\" height=\"500\" \/>\n<\/p>\n<p>Sz\u0171r\u00e9si \u00e9s csomagbe\u00e1ll\u00edt\u00e1sok, alkalmaz\u00e1ssz\u0171r\u00e9s, csomagsz\u0171r\u00e9s, stb.<br \/>\n<img decoding=\"async\" loading=\"lazy\" alt=\"PC Tools Firewall Plus 8 csomagbe\u00e1ll\u00edt\u00e1sok\" src=\"\/\/cuccokhalomban.csillagpor.hu\/pict\/pctools-firewall-screenshot-8.jpg\" width=\"749\" height=\"500\" \/>\n<\/p>\n<p>Teljes k\u00e9perny\u0151s felismer\u00e9s bekapcsol\u00e1sa (m\u00e1shol j\u00e1t\u00e9k \u00fczemm\u00f3d). Azaz nem zavar az \u00fczeneteivel, csendben v\u00e9d.<br \/>\n<img decoding=\"async\" loading=\"lazy\" alt=\"PC Tools Firewall Plus teljes k\u00e9perny\u0151s felismer\u00e9s\" src=\"\/\/cuccokhalomban.csillagpor.hu\/pict\/pctools-firewall-screenshot-9.jpg\" width=\"750\" height=\"500\" \/>\n<\/p>\n<p>A Smart Update-el v\u00e9gzett friss\u00edt\u00e9s k\u00e9sz.<br \/>\n<img decoding=\"async\" loading=\"lazy\" alt=\"PC Tools Firewall Plus Smart Update\" src=\"\/\/cuccokhalomban.csillagpor.hu\/pict\/pctools-firewall-screenshot-10.jpg\" width=\"750\" height=\"500\" \/><\/p>\n","protected":false},"excerpt":{"rendered":"<p>Az ingyenes t\u0171zfal telep\u00edt\u00e9s\u00e9nek elej\u00e9n fel szeretne ker\u00fclni a Google Eszk\u00f6zt\u00e1r, ha nem szeretn\u00e9nk, ne telep\u00edts\u00fck. A t\u0171zfal elindult, bekapcsolva a val\u00f3sidej\u0171 v\u00e9delem.&#46;&#46;&#46;<\/p>\n","protected":false},"author":1,"featured_media":0,"parent":0,"menu_order":0,"comment_status":"closed","ping_status":"closed","template":"","meta":{"footnotes":""},"_links":{"self":[{"href":"https:\/\/csillagpor.hu\/remek\/programok\/wp-json\/wp\/v2\/pages\/1234"}],"collection":[{"href":"https:\/\/csillagpor.hu\/remek\/programok\/wp-json\/wp\/v2\/pages"}],"about":[{"href":"https:\/\/csillagpor.hu\/remek\/programok\/wp-json\/wp\/v2\/types\/page"}],"author":[{"embeddable":true,"href":"https:\/\/csillagpor.hu\/remek\/programok\/wp-json\/wp\/v2\/users\/1"}],"replies":[{"embeddable":true,"href":"https:\/\/csillagpor.hu\/remek\/programok\/wp-json\/wp\/v2\/comments?post=1234"}],"version-history":[{"count":0,"href":"https:\/\/csillagpor.hu\/remek\/programok\/wp-json\/wp\/v2\/pages\/1234\/revisions"}],"wp:attachment":[{"href":"https:\/\/csillagpor.hu\/remek\/programok\/wp-json\/wp\/v2\/media?parent=1234"}],"curies":[{"name":"wp","href":"https:\/\/api.w.org\/{rel}","templated":true}]}}