{"id":1237,"date":"2012-06-20T17:46:13","date_gmt":"2012-06-20T15:46:13","guid":{"rendered":"http:\/\/csillagpor.hu\/remek\/programok\/?page_id=1237"},"modified":"2022-06-30T18:29:02","modified_gmt":"2022-06-30T16:29:02","slug":"avira-free-antivirus-screenshot","status":"publish","type":"page","link":"https:\/\/csillagpor.hu\/remek\/programok\/avira-free-antivirus-screenshot","title":{"rendered":"Avira Free Antivirus k\u00e9perny\u0151k\u00e9pek"},"content":{"rendered":"<p>Az <a target=\"_blank\" title=\"antivirus\" href=\"\/\/csillagpor.hu\/remek\/programok\/avira-free-antivirus\" rel=\"noopener noreferrer\">Avira Free Antivirus<\/a> <a target=\"_blank\" title=\"v\u00edrusirt\u00f3\" href=\"\/\/csillagpor.hu\/remek\/programok\/virusirto-tuzfal-kemprogram-eltavolito\" rel=\"noopener noreferrer\">ingyenes v\u00edrusirt\u00f3<\/a> telep\u00edt\u00e9se elindult. V\u00e1logassunk meg mit \u00e9s hogy telep\u00edt\u00fcnk, vagyis Custom.<br \/>\n<img decoding=\"async\" loading=\"lazy\" alt=\"Avira Free Antivirus - indul a telep\u00edt\u00e9s\" src=\"\/\/cuccokhalomban.csillagpor.hu\/pict\/avira-antivirus-screenshot-1.jpg\" width=\"507\" height=\"405\" \/>\n<\/p>\n<p>A web v\u00e9delemhez telep\u00edts\u00fck az Avira SearchFree Toolbart \u00e9s az Avira SearchFree Updatert, \u00e9s az alap\u00e9rtelmezett keres\u0151t \u00e9s kezd\u0151oldalt is \u00e1ll\u00edtsuk \u00e1t erre. Esetleg ha nem szeretn\u00e9nk (\u00e9n nem szoktam), akkor vegy\u00fck ki a pip\u00e1kat a n\u00e9gyzetekb\u0151l.<br \/>\n<img decoding=\"async\" loading=\"lazy\" alt=\"Avira Free Antivirus - ezeket ne telep\u00edts\u00fck\" src=\"\/\/cuccokhalomban.csillagpor.hu\/pict\/avira-antivirus-screenshot-2.jpg\" width=\"506\" height=\"406\" \/>\n<\/p>\n<p>Telep\u00edtend\u0151 \u00f6sszetev\u0151k: Val\u00f3sidej\u0171 v\u00e9delem, rootkit v\u00e9delem, Windows men\u00fcbe \u00e9p\u00fcl\u00e9s.<br \/>\n<img decoding=\"async\" loading=\"lazy\" alt=\"Avira Free Antivirus - \u00f6sszetev\u0151k\" src=\"\/\/cuccokhalomban.csillagpor.hu\/pict\/avira-antivirus-screenshot-3.jpg\" width=\"507\" height=\"406\" \/>\n<\/p>\n<p>AHeAD heurisztikus v\u00e9delem aktiv\u00e1l\u00e1sa \u00e9s a v\u00e9delmi szint be\u00e1ll\u00edt\u00e1sa.<br \/>\n<img decoding=\"async\" loading=\"lazy\" alt=\"Avira Free Antivirus - heurisztikus v\u00e9delem\" src=\"\/\/cuccokhalomban.csillagpor.hu\/pict\/avira-antivirus-screenshot-4.jpg\" width=\"504\" height=\"399\" \/>\n<\/p>\n<p>Rosszindulat\u00fa programok kateg\u00f3ri\u00e1i&#8230; pl: adware, spyware, back-door, dialer, jokes, phishing &#8230;<br \/>\n<img decoding=\"async\" loading=\"lazy\" alt=\"Avira Free Antivirus - kateg\u00f3ri\u00e1k\" src=\"\/\/cuccokhalomban.csillagpor.hu\/pict\/avira-antivirus-screenshot-5.jpg\" width=\"504\" height=\"399\" \/>\n<\/p>\n<p>Alap\u00e9rtelmez\u00e9sben nincs mind bekapcsolva, de szerintem telep\u00edts\u00fck mindet.<br \/>\n<img decoding=\"async\" loading=\"lazy\" alt=\"Avira Free Antivirus - bekapcsolva\" src=\"\/\/cuccokhalomban.csillagpor.hu\/pict\/avira-antivirus-screenshot-6.jpg\" width=\"504\" height=\"399\" \/>\n<\/p>\n<p>Norm\u00e1l vagy biztons\u00e1gos ind\u00edt\u00e1s. A m\u00e1sodik bonyolultabb, de helyes be\u00e1ll\u00edt\u00e1s eset\u00e9n er\u0151sebb v\u00e9delmet ny\u00fajthat.<br \/>\n<img decoding=\"async\" loading=\"lazy\" alt=\"Avira Free Antivirus - be\u00e1ll\u00edt\u00e1s\" src=\"\/\/cuccokhalomban.csillagpor.hu\/pict\/avira-antivirus-screenshot-7.jpg\" width=\"503\" height=\"398\" \/>\n<\/p>\n<p>Rendszer vizsg\u00e1lat. Telep\u00edt\u00e9s ut\u00e1n gyorsan \u00e1tn\u00e9zi a Windowszunkat.<br \/>\n<img decoding=\"async\" loading=\"lazy\" alt=\"Avira Free Antivirus - rendszer vizsg\u00e1lat\" src=\"\/\/cuccokhalomban.csillagpor.hu\/pict\/avira-antivirus-screenshot-8.jpg\" width=\"503\" height=\"399\" \/>\n<\/p>\n<p>A gyors vizsg\u00e1lat nem tal\u00e1lt v\u00edrust, tiszta a rendszer.<br \/>\n<img decoding=\"async\" loading=\"lazy\" alt=\"Avira Free Antivirus - tiszta a rendszer\" src=\"\/\/cuccokhalomban.csillagpor.hu\/pict\/avira-antivirus-screenshot-9.jpg\" width=\"504\" height=\"414\" \/>\n<\/p>\n<p>Elindult a v\u00edrusirt\u00f3nk, biztons\u00e1gos a sz\u00e1m\u00edt\u00f3g\u00e9p \u00e9s minden szolg\u00e1ltat\u00e1s megfelel\u0151en fut.<br \/>\n<img decoding=\"async\" loading=\"lazy\" alt=\"Avira Free Antivirus - elindult\" src=\"\/\/cuccokhalomban.csillagpor.hu\/pict\/avira-antivirus-screenshot-10.jpg\" width=\"712\" height=\"500\" \/>\n<\/p>\n<p>Fut a val\u00f3sidej\u0171 v\u00e9delem, a seg\u00edts\u00e9g szolg\u00e1ltat\u00e1s, az \u00fctemez\u0151, a friss\u00edt\u0151 \u00e9s a rendszer \u00e1tvizsg\u00e1l\u00f3 modul is.<br \/>\n<img decoding=\"async\" loading=\"lazy\" alt=\"Avira Free Antivirus - szolg\u00e1ltat\u00e1sok\" src=\"\/\/cuccokhalomban.csillagpor.hu\/pict\/avira-antivirus-screenshot-11.jpg\" width=\"713\" height=\"500\" \/>\n<\/p>\n<p>Be\u00e1ll\u00edt\u00e1sok, rendszer vizsg\u00e1lat \u00e9s keres\u00e9s be\u00e1ll\u00edt\u00e1sai. Boot \u00e9s master boot szektorok vizsg\u00e1lata, optimaliz\u00e1l\u00e1s, registry keres\u00e9s, stb&#8230;<br \/>\n<img decoding=\"async\" loading=\"lazy\" alt=\"Avira Free Antivirus - v\u00edrus keres\u00e9s be\u00e1ll\u00edt\u00e1sok\" src=\"\/\/cuccokhalomban.csillagpor.hu\/pict\/avira-antivirus-screenshot-12.jpg\" width=\"710\" height=\"500\" \/>\n<\/p>\n<p>Val\u00f3sidej\u0171 v\u00e9delem, heurisztikus anal\u00edzis \u00e9s felismer\u00e9s, AHeAD \u00e9s makr\u00f3v\u00edrus.<br \/>\n<img decoding=\"async\" loading=\"lazy\" alt=\"Avira Free Antivirus - val\u00f3sidej\u0171 v\u00e9delem\" src=\"\/\/cuccokhalomban.csillagpor.hu\/pict\/avira-antivirus-screenshot-13.jpg\" width=\"711\" height=\"500\" \/>\n<\/p>\n<p>Szak\u00e9rt\u0151 be\u00e1ll\u00edt\u00e1sok, biztons\u00e1g, autorun funkci\u00f3k blokkol\u00e1sa, Windows rendszerf\u00e1jlok \u00e9s folyamatok v\u00e9delme.<br \/>\n<img decoding=\"async\" loading=\"lazy\" alt=\"Avira Free Antivirus - szak\u00e9rt\u0151 be\u00e1ll\u00edt\u00e1sok\" src=\"\/\/cuccokhalomban.csillagpor.hu\/pict\/avira-antivirus-screenshot-14.jpg\" width=\"710\" height=\"500\" \/>\n<\/p>\n<p>V\u00edrus inform\u00e1ci\u00f3k. 6830 fenyeget\u00e9s ABC sorrendben, kategoriz\u00e1lva, vesz\u00e9lyess\u00e9g, felfedez\u00e9s d\u00e1tuma felt\u00fcntetve.<br \/>\n<img decoding=\"async\" loading=\"lazy\" alt=\"Avira Free Antivirus - v\u00edrus inform\u00e1ci\u00f3k\" src=\"\/\/cuccokhalomban.csillagpor.hu\/pict\/avira-antivirus-screenshot-15.jpg\" width=\"622\" height=\"500\" \/><\/p>\n","protected":false},"excerpt":{"rendered":"<p>Az Avira Free Antivirus ingyenes v\u00edrusirt\u00f3 telep\u00edt\u00e9se elindult. V\u00e1logassunk meg mit \u00e9s hogy telep\u00edt\u00fcnk, vagyis Custom. A web v\u00e9delemhez telep\u00edts\u00fck az Avira SearchFree&#46;&#46;&#46;<\/p>\n","protected":false},"author":1,"featured_media":0,"parent":0,"menu_order":0,"comment_status":"closed","ping_status":"closed","template":"","meta":{"footnotes":""},"_links":{"self":[{"href":"https:\/\/csillagpor.hu\/remek\/programok\/wp-json\/wp\/v2\/pages\/1237"}],"collection":[{"href":"https:\/\/csillagpor.hu\/remek\/programok\/wp-json\/wp\/v2\/pages"}],"about":[{"href":"https:\/\/csillagpor.hu\/remek\/programok\/wp-json\/wp\/v2\/types\/page"}],"author":[{"embeddable":true,"href":"https:\/\/csillagpor.hu\/remek\/programok\/wp-json\/wp\/v2\/users\/1"}],"replies":[{"embeddable":true,"href":"https:\/\/csillagpor.hu\/remek\/programok\/wp-json\/wp\/v2\/comments?post=1237"}],"version-history":[{"count":0,"href":"https:\/\/csillagpor.hu\/remek\/programok\/wp-json\/wp\/v2\/pages\/1237\/revisions"}],"wp:attachment":[{"href":"https:\/\/csillagpor.hu\/remek\/programok\/wp-json\/wp\/v2\/media?parent=1237"}],"curies":[{"name":"wp","href":"https:\/\/api.w.org\/{rel}","templated":true}]}}