{"id":1251,"date":"2012-06-30T22:37:22","date_gmt":"2012-06-30T20:37:22","guid":{"rendered":"http:\/\/csillagpor.hu\/remek\/programok\/?page_id=1251"},"modified":"2022-06-30T17:36:25","modified_gmt":"2022-06-30T15:36:25","slug":"windows-error-lookup-tool-screenshot","status":"publish","type":"page","link":"https:\/\/csillagpor.hu\/remek\/programok\/windows-error-lookup-tool-screenshot","title":{"rendered":"Windows Error Lookup Tool k\u00e9perny\u0151k\u00e9pek"},"content":{"rendered":"<p>Elindult a <a target=\"_blank\" title=\"windows error lookup tool\" href=\"\/\/csillagpor.hu\/remek\/programok\/windows-error-lookup-tool\" rel=\"noopener noreferrer\">Windows Error Lookup Tool hibajegyz\u00e9k<\/a>, m\u00e9g nem \u00edrtunk be semmit&#8230;<br \/>\n<img decoding=\"async\" loading=\"lazy\" alt=\"Windows Error Lookup Tool - elindult\" src=\"\/\/cuccokhalomban.csillagpor.hu\/pict\/windows-error-lookup-tool-screenshot-1.jpg\" width=\"550\" height=\"300\" \/>\n<\/p>\n<p>A gunnerinc.com\/welt.htm oldalon l\u00e9v\u0151 p\u00e9lda k\u00f3dokat \u00edrom be sorban, l\u00e1thatjuk a le\u00edr\u00e1sukat magyarul. Ez pl. egy HRESULT t\u00edpus\u00fa el\u0151jeles decim\u00e1lis k\u00f3d, a mem\u00f3riafoglal\u00f3 elfogadhatatlan.<br \/>\n<img decoding=\"async\" loading=\"lazy\" alt=\"Windows Error Lookup Tool - el\u0151jeles decim\u00e1lis\" src=\"\/\/cuccokhalomban.csillagpor.hu\/pict\/windows-error-lookup-tool-screenshot-2.jpg\" width=\"549\" height=\"300\" \/>\n<\/p>\n<p>Ez pedig egy el\u0151jel n\u00e9lk\u00fcli, decim\u00e1lis, Win32 t\u00edpus\u00fa hiba. Nem lehet kapcsolatba l\u00e9pni a visszavont tan\u00fas\u00edtv\u00e1nyok kiszolg\u00e1l\u00f3j\u00e1val, vagy nem \u00e9rkezett hat\u00e1rozott v\u00e1lasz.<br \/>\n<img decoding=\"async\" loading=\"lazy\" alt=\"Windows Error Lookup Tool - decim\u00e1lis win32\" src=\"\/\/cuccokhalomban.csillagpor.hu\/pict\/windows-error-lookup-tool-screenshot-3.jpg\" width=\"550\" height=\"299\" \/>\n<\/p>\n<p>Hexadecim\u00e1lis Win32. A telep\u00edt\u00e9si csomag nem nyithat\u00f3 meg. Ellen\u0151rizze, hogy l\u00e9tezik e a csomag, stb &#8230;<br \/>\n<img decoding=\"async\" loading=\"lazy\" alt=\"Windows Error Lookup Tool - Hexadecim\u00e1lis Win32\" src=\"\/\/cuccokhalomban.csillagpor.hu\/pict\/windows-error-lookup-tool-screenshot-4.jpg\" width=\"550\" height=\"300\" \/>\n<\/p>\n<p>Sz\u00e1mok helyett sz\u00f6vegesen is megadhatjuk a hib\u00e1t. A Windows Installer szolg\u00e1ltat\u00e1s nem tudja telep\u00edteni a friss\u00edt\u00e9st &#8230;<br \/>\n<img decoding=\"async\" loading=\"lazy\" alt=\"Windows Error Lookup Tool - sz\u00f6veges k\u00f3d\" src=\"\/\/cuccokhalomban.csillagpor.hu\/pict\/windows-error-lookup-tool-screenshot-5.jpg\" width=\"550\" height=\"300\" \/>\n<\/p>\n<p>RPC subsystem. A h\u00edvott f\u00e9l nem \u00e9rhet\u0151 el \u00e9s elt\u0171nt; az \u00f6ssze kapcsolat \u00e9rv\u00e9nytelen. A h\u00edv\u00e1s nem lett (v\u00e9gre)hajtva.<br \/>\n<img decoding=\"async\" loading=\"lazy\" alt=\"Windows Error Lookup Tool - nem el\u00e9rhet\u0151\" src=\"\/\/cuccokhalomban.csillagpor.hu\/pict\/windows-error-lookup-tool-screenshot-6.jpg\" width=\"549\" height=\"300\" \/>\n<\/p>\n<p>Graphics Kernel, a megadott VidPN modalit\u00e1s nincs t\u00e1mogatva&#8230;<br \/>\n<img decoding=\"async\" loading=\"lazy\" alt=\"Windows Error Lookup Tool - grafikus kernel hiba\" src=\"\/\/cuccokhalomban.csillagpor.hu\/pict\/windows-error-lookup-tool-screenshot-7.jpg\" width=\"550\" height=\"300\" \/>\n<\/p>\n<p>STOP k\u00f3d, CRITICAL_SERVICE_FAILED.<br \/>\n<img decoding=\"async\" loading=\"lazy\" alt=\"Windows Error Lookup Tool - STOP k\u00f3d\" src=\"\/\/cuccokhalomban.csillagpor.hu\/pict\/windows-error-lookup-tool-screenshot-8.jpg\" width=\"550\" height=\"300\" \/>\n<\/p>\n<p>\u00c9s a v\u00e9g\u00e9n az About.<br \/>\n<img decoding=\"async\" loading=\"lazy\" alt=\"Windows Error Lookup Tool - About\" src=\"\/\/cuccokhalomban.csillagpor.hu\/pict\/windows-error-lookup-tool-screenshot-9.jpg\" width=\"549\" height=\"300\" \/><\/p>\n","protected":false},"excerpt":{"rendered":"<p>Elindult a Windows Error Lookup Tool hibajegyz\u00e9k, m\u00e9g nem \u00edrtunk be semmit&#8230; A gunnerinc.com\/welt.htm oldalon l\u00e9v\u0151 p\u00e9lda k\u00f3dokat \u00edrom be sorban, l\u00e1thatjuk a&#46;&#46;&#46;<\/p>\n","protected":false},"author":1,"featured_media":0,"parent":0,"menu_order":0,"comment_status":"closed","ping_status":"closed","template":"","meta":{"footnotes":""},"_links":{"self":[{"href":"https:\/\/csillagpor.hu\/remek\/programok\/wp-json\/wp\/v2\/pages\/1251"}],"collection":[{"href":"https:\/\/csillagpor.hu\/remek\/programok\/wp-json\/wp\/v2\/pages"}],"about":[{"href":"https:\/\/csillagpor.hu\/remek\/programok\/wp-json\/wp\/v2\/types\/page"}],"author":[{"embeddable":true,"href":"https:\/\/csillagpor.hu\/remek\/programok\/wp-json\/wp\/v2\/users\/1"}],"replies":[{"embeddable":true,"href":"https:\/\/csillagpor.hu\/remek\/programok\/wp-json\/wp\/v2\/comments?post=1251"}],"version-history":[{"count":0,"href":"https:\/\/csillagpor.hu\/remek\/programok\/wp-json\/wp\/v2\/pages\/1251\/revisions"}],"wp:attachment":[{"href":"https:\/\/csillagpor.hu\/remek\/programok\/wp-json\/wp\/v2\/media?parent=1251"}],"curies":[{"name":"wp","href":"https:\/\/api.w.org\/{rel}","templated":true}]}}