{"id":1253,"date":"2012-07-01T22:01:13","date_gmt":"2012-07-01T20:01:13","guid":{"rendered":"http:\/\/csillagpor.hu\/remek\/programok\/?page_id=1253"},"modified":"2022-06-30T18:01:17","modified_gmt":"2022-06-30T16:01:17","slug":"rocketdock-screenshot","status":"publish","type":"page","link":"https:\/\/csillagpor.hu\/remek\/programok\/rocketdock-screenshot","title":{"rendered":"Rocketdock k\u00e9perny\u0151k\u00e9pek"},"content":{"rendered":"<p>A <a target=\"_blank\" title=\"rocketdock\" href=\"\/\/csillagpor.hu\/remek\/programok\/rocketdock-letoltese\" rel=\"noopener noreferrer\">Rocketdock<\/a> alkalmaz\u00e1sind\u00edt\u00f3 be\u00e1ll\u00edt\u00e1sai, m\u00e9g angolul.<br \/>\n<img decoding=\"async\" loading=\"lazy\" alt=\"Rocketdock\" src=\"\/\/cuccokhalomban.csillagpor.hu\/pict\/rocketdock-screenshot-2.jpg\" width=\"714\" height=\"661\" \/>\n<\/p>\n<p>\u00c1ll\u00edtsuk magyar nyelvre.<br \/>\n<img decoding=\"async\" loading=\"lazy\" alt=\"Rocketdock magyarul\" src=\"\/\/cuccokhalomban.csillagpor.hu\/pict\/rocketdock-screenshot-3.jpg\" width=\"562\" height=\"660\" \/>\n<\/p>\n<p>Dokk be\u00e1ll\u00edt\u00e1sai, futtat\u00e1s rendszerind\u00edt\u00e1skor, ablakok minimaliz\u00e1l\u00e1sa a dokkra \u00e9s m\u00e1sok&#8230;<br \/>\n<img decoding=\"async\" loading=\"lazy\" alt=\"Rocketdock dokk be\u00e1ll\u00edt\u00e1sok\" src=\"\/\/cuccokhalomban.csillagpor.hu\/pict\/rocketdock-screenshot-4.jpg\" width=\"562\" height=\"660\" \/>\n<\/p>\n<p>Min\u0151s\u00e9gi be\u00e1ll\u00edt\u00e1sok, \u00e1tl\u00e1tszatlans\u00e1g, m\u00e9retek, nagy\u00edt\u00e1s.<br \/>\n<img decoding=\"async\" loading=\"lazy\" alt=\"Rocketdock \u00e1tl\u00e1tszatlans\u00e1g\" src=\"\/\/cuccokhalomban.csillagpor.hu\/pict\/rocketdock-screenshot-5.jpg\" width=\"569\" height=\"660\" \/>\n<\/p>\n<p>Poz\u00edci\u00f3 be\u00e1ll\u00edt\u00e1sai, fent, lent, jobbra, balra, mindig fel\u00fcl vagy elt\u0171nj\u00f6n \u00e9s eg\u00e9rre j\u00f6jj\u00f6n el\u0151.<br \/>\n<img decoding=\"async\" loading=\"lazy\" alt=\"Rocketdock poz\u00edci\u00f3\" src=\"\/\/cuccokhalomban.csillagpor.hu\/pict\/rocketdock-screenshot-6.jpg\" width=\"562\" height=\"660\" \/>\n<\/p>\n<p>T\u00e9ma kiv\u00e1laszt\u00e1sa, innen let\u00f6lthet\u0151 m\u00e9g t\u00f6bb t\u00e9ma.<br \/>\n<img decoding=\"async\" loading=\"lazy\" alt=\"Rocketdock t\u00e9m\u00e1k\" src=\"\/\/cuccokhalomban.csillagpor.hu\/pict\/rocketdock-screenshot-7.jpg\" width=\"566\" height=\"661\" \/>\n<\/p>\n<p>Lehet blank, vagyis \u00fcres is a t\u00e9ma, \u00edgy csak az ikonok fognak l\u00e1tsz\u00f3dni, tov\u00e1bb\u00e1 bet\u0171k, \u00e1tl\u00e1tszatlans\u00e1gok be\u00e1ll\u00edt\u00e1sai.<br \/>\n<img decoding=\"async\" loading=\"lazy\" alt=\"Rocketdock \u00fcres t\u00e9ma\" src=\"\/\/cuccokhalomban.csillagpor.hu\/pict\/rocketdock-screenshot-8.jpg\" width=\"661\" height=\"659\" \/>\n<\/p>\n<p>El is lehet rejteni az ikon neveket, ha felismer\u00fcnk mindent k\u00e9pr\u0151l.<br \/>\n<img decoding=\"async\" loading=\"lazy\" alt=\"Rocketdock ikon nevek\" src=\"\/\/cuccokhalomban.csillagpor.hu\/pict\/rocketdock-screenshot-9.jpg\" width=\"523\" height=\"663\" \/>\n<\/p>\n<p>Viselked\u00e9s be\u00e1ll\u00edt\u00e1sok, ikon figyelemfelkelt\u0151 effektus, k\u00e9sleltet\u00e9s, mikor jelenjen meg az eg\u00e9rmutat\u00f3 hat\u00e1s\u00e1ra&#8230;<br \/>\n<img decoding=\"async\" loading=\"lazy\" alt=\"Rocketdock viselked\u00e9s\" src=\"\/\/cuccokhalomban.csillagpor.hu\/pict\/rocketdock-screenshot-10.jpg\" width=\"542\" height=\"659\" \/>\n<\/p>\n<p>Helyzet\u00e9rz\u00e9keny men\u00fc, ikon be\u00e1ll\u00edt\u00e1sai, automatikus elrejt\u00e9s.<br \/>\n<img decoding=\"async\" loading=\"lazy\" alt=\"Rocketdock men\u00fc\" src=\"\/\/cuccokhalomban.csillagpor.hu\/pict\/rocketdock-screenshot-11.jpg\" width=\"677\" height=\"236\" \/>\n<\/p>\n<p>Ikon be\u00e1ll\u00edt\u00e1sai, ikonok cser\u00e9i.<br \/>\n<img decoding=\"async\" loading=\"lazy\" alt=\"Rocketdock ikonok\" src=\"\/\/cuccokhalomban.csillagpor.hu\/pict\/rocketdock-screenshot-12.jpg\" width=\"692\" height=\"682\" \/>\n<\/p>\n<p>Elem hozz\u00e1ad\u00e1sa, f\u00e1jl, mappa, \u00fcres ikon, docklet, elv\u00e1laszt\u00f3&#8230;<br \/>\n<img decoding=\"async\" loading=\"lazy\" alt=\"Rocketdock elem hozz\u00e1ad\u00e1sa\" src=\"\/\/cuccokhalomban.csillagpor.hu\/pict\/rocketdock-screenshot-13.jpg\" width=\"696\" height=\"286\" \/>\n<\/p>\n<p>Az elem t\u00f6rl\u00e9se ilyen bubor\u00e9kokkal egy\u00fctt t\u00f6rt\u00e9nik.<br \/>\n<img decoding=\"async\" loading=\"lazy\" alt=\"Rocketdock elem t\u00f6rl\u00e9se\" src=\"\/\/cuccokhalomban.csillagpor.hu\/pict\/rocketdock-screenshot-14.jpg\" width=\"697\" height=\"125\" \/>\n<\/p>\n<p>Hozz\u00e1adva egy \u00f3ra docklet.<br \/>\n<img decoding=\"async\" loading=\"lazy\" alt=\"Rocketdock docklet\" src=\"\/\/cuccokhalomban.csillagpor.hu\/pict\/rocketdock-screenshot-15.jpg\" width=\"655\" height=\"128\" \/>\n<\/p>\n<p>Windows 8 Metro fel\u00fcleten val\u00f3sz\u00edn\u0171leg nem l\u00e1that\u00f3, a keres\u00e9s is f\u00e9lig eltakarja, de az Asztalon a r\u00e9gi Start men\u00fc helyett, f\u0151leg p\u00e1r let\u00f6lthet\u0151 be\u00e9p\u00fcl\u0151vel egy\u00fctt nagyon hasznos <a target=\"_blank\" title=\"windows fel\u00fclet\" href=\"\/\/csillagpor.hu\/remek\/programok\/windows-grafikus-felulet-bovitok\" rel=\"noopener noreferrer\">Windows kieg\u00e9sz\u00edt\u0151<\/a>!<br \/>\n<img decoding=\"async\" loading=\"lazy\" alt=\"Rocketdock Windows 8\" src=\"\/\/cuccokhalomban.csillagpor.hu\/pict\/rocketdock-screenshot-16.jpg\" width=\"738\" height=\"500\" \/><\/p>\n","protected":false},"excerpt":{"rendered":"<p>A Rocketdock alkalmaz\u00e1sind\u00edt\u00f3 be\u00e1ll\u00edt\u00e1sai, m\u00e9g angolul. \u00c1ll\u00edtsuk magyar nyelvre. Dokk be\u00e1ll\u00edt\u00e1sai, futtat\u00e1s rendszerind\u00edt\u00e1skor, ablakok minimaliz\u00e1l\u00e1sa a dokkra \u00e9s m\u00e1sok&#8230; Min\u0151s\u00e9gi be\u00e1ll\u00edt\u00e1sok, \u00e1tl\u00e1tszatlans\u00e1g, m\u00e9retek,&#46;&#46;&#46;<\/p>\n","protected":false},"author":1,"featured_media":0,"parent":0,"menu_order":0,"comment_status":"closed","ping_status":"closed","template":"","meta":{"footnotes":""},"_links":{"self":[{"href":"https:\/\/csillagpor.hu\/remek\/programok\/wp-json\/wp\/v2\/pages\/1253"}],"collection":[{"href":"https:\/\/csillagpor.hu\/remek\/programok\/wp-json\/wp\/v2\/pages"}],"about":[{"href":"https:\/\/csillagpor.hu\/remek\/programok\/wp-json\/wp\/v2\/types\/page"}],"author":[{"embeddable":true,"href":"https:\/\/csillagpor.hu\/remek\/programok\/wp-json\/wp\/v2\/users\/1"}],"replies":[{"embeddable":true,"href":"https:\/\/csillagpor.hu\/remek\/programok\/wp-json\/wp\/v2\/comments?post=1253"}],"version-history":[{"count":0,"href":"https:\/\/csillagpor.hu\/remek\/programok\/wp-json\/wp\/v2\/pages\/1253\/revisions"}],"wp:attachment":[{"href":"https:\/\/csillagpor.hu\/remek\/programok\/wp-json\/wp\/v2\/media?parent=1253"}],"curies":[{"name":"wp","href":"https:\/\/api.w.org\/{rel}","templated":true}]}}