{"id":1260,"date":"2012-07-04T23:14:53","date_gmt":"2012-07-04T21:14:53","guid":{"rendered":"http:\/\/csillagpor.hu\/remek\/programok\/?page_id=1260"},"modified":"2022-06-30T18:00:44","modified_gmt":"2022-06-30T16:00:44","slug":"scrapbook-flair-screenshot","status":"publish","type":"page","link":"https:\/\/csillagpor.hu\/remek\/programok\/scrapbook-flair-screenshot","title":{"rendered":"Scrapbook Flair k\u00e9perny\u0151k\u00e9pek"},"content":{"rendered":"<p><a target=\"_blank\" title=\"scrapbook flair\" href=\"\/\/csillagpor.hu\/remek\/programok\/scrapbook-flair-letoltes\" rel=\"noopener noreferrer\">Scrapbook Flair eml\u00e9kk\u00f6nyv k\u00e9sz\u00edt\u0151<\/a>, <a target=\"_blank\" title=\"k\u00e9pszerkeszt\u0151\" href=\"\/\/csillagpor.hu\/remek\/programok\/kepszerkeszto-programok\" rel=\"noopener noreferrer\">k\u00e9pszerkeszt\u0151<\/a> telep\u00edt\u00e9s\u00e9nek elej\u00e9n, lehet hogy sz\u00fcks\u00e9ges a <a target=\"_blank\" href=\"\/\/csillagpor.hu\/remek\/programok\/net-keretrendszer\" rel=\"noopener noreferrer\">.NET<\/a> telep\u00edt\u00e9se vagy friss\u00edt\u00e9se. Ez automatikusan megt\u00f6rt\u00e9nik, csak kattintgatni kell.<br \/>\n<img decoding=\"async\" loading=\"lazy\" alt=\"Scrapbook Flair telep\u00edt\u00e9s\" src=\"\/\/cuccokhalomban.csillagpor.hu\/pict\/scrapbook-flair-screenshot-1.jpg\" width=\"504\" height=\"381\" \/>\n<\/p>\n<p>Egy \u00faj Scrapbook Flair projekt ind\u00edt\u00e1sa, \u00faj vagy m\u00e1r l\u00e9tez\u0151&#8230;<br \/>\n<img decoding=\"async\" loading=\"lazy\" alt=\"Scrapbook Flair projekt\" src=\"\/\/cuccokhalomban.csillagpor.hu\/pict\/scrapbook-flair-screenshot-2.jpg\" width=\"509\" height=\"430\" \/>\n<\/p>\n<p>Mint\u00e1kb\u00f3l dolgozunk vagy egy \u00fcreset ind\u00edtunk.<br \/>\n<img decoding=\"async\" loading=\"lazy\" alt=\"Scrapbook Flair minta\" src=\"\/\/cuccokhalomban.csillagpor.hu\/pict\/scrapbook-flair-screenshot-3.jpg\" width=\"509\" height=\"430\" \/>\n<\/p>\n<p>V\u00e1lasszunk egy mint\u00e1t, kateg\u00f3ri\u00e1kra \u00e9s m\u00e9retekre bontva.<br \/>\n<img decoding=\"async\" loading=\"lazy\" alt=\"Scrapbook Flair minta v\u00e1laszt\u00e1s\" src=\"\/\/cuccokhalomban.csillagpor.hu\/pict\/scrapbook-flair-screenshot-4.jpg\" width=\"969\" height=\"500\" \/>\n<\/p>\n<p>Most dolgozzunk ebb\u0151l az el\u0151re elk\u00e9sz\u00edtettb\u0151l&#8230;<br \/>\n<img decoding=\"async\" loading=\"lazy\" alt=\"Scrapbook Flair\" src=\"\/\/cuccokhalomban.csillagpor.hu\/pict\/scrapbook-flair-screenshot-5.jpg\" width=\"822\" height=\"500\" \/>\n<\/p>\n<p>V\u00e1lasszuk ki, szint\u00e9n kateg\u00f3ri\u00e1k szerint, a h\u00e1tt\u00e9rk\u00e9pet.<br \/>\n<img decoding=\"async\" loading=\"lazy\" alt=\"Scrapbook Flair h\u00e1tt\u00e9rk\u00e9p\" src=\"\/\/cuccokhalomban.csillagpor.hu\/pict\/scrapbook-flair-screenshot-6.jpg\" width=\"791\" height=\"500\" \/>\n<\/p>\n<p>V\u00e1lasszunk egy d\u00edsz\u00edt\u00e9s, legyen ez a sz\u00edvecske.<br \/>\n<img decoding=\"async\" loading=\"lazy\" alt=\"Scrapbook Flair d\u00edsz\u00edt\u00e9s\" src=\"\/\/cuccokhalomban.csillagpor.hu\/pict\/scrapbook-flair-screenshot-7.jpg\" width=\"822\" height=\"500\" \/>\n<\/p>\n<p>Helyezz\u00fck a k\u00e9pet ahov\u00e1 szeretn\u00e9nk \u00e9s m\u00e9retezz\u00fck \u00e1t.<br \/>\n<img decoding=\"async\" loading=\"lazy\" alt=\"Scrapbook Flair k\u00e9p\" src=\"\/\/cuccokhalomban.csillagpor.hu\/pict\/scrapbook-flair-screenshot-8.jpg\" width=\"822\" height=\"500\" \/>\n<\/p>\n<p>Sz\u00f6vegszerkeszt\u0151, m\u00e9ret, vastags\u00e1g, igaz\u00edt\u00e1s, sz\u00edn, \u00e1tl\u00e1tsz\u00f3s\u00e1g, \u00e1rny\u00e9k be\u00e1ll\u00edt\u00e1sok.<br \/>\n<img decoding=\"async\" loading=\"lazy\" alt=\"Scrapbook Flair sz\u00f6veg\" src=\"\/\/cuccokhalomban.csillagpor.hu\/pict\/scrapbook-flair-screenshot-9.jpg\" width=\"822\" height=\"500\" \/>\n<\/p>\n<p>Ez pedig egy bubor\u00e9k sz\u00f6veg, itt m\u00e9g h\u00e1tt\u00e9rsz\u00edn is van.<br \/>\n<img decoding=\"async\" loading=\"lazy\" alt=\"Scrapbook Flair bubor\u00e9k\" src=\"\/\/cuccokhalomban.csillagpor.hu\/pict\/scrapbook-flair-screenshot-10.jpg\" width=\"822\" height=\"500\" \/>\n<\/p>\n<p>Gyorsan ezt dob\u00e1ltam \u00f6ssze.<br \/>\n<img decoding=\"async\" loading=\"lazy\" alt=\"Scrapbook Flair\" src=\"\/\/cuccokhalomban.csillagpor.hu\/pict\/scrapbook-flair-screenshot-11.jpg\" width=\"822\" height=\"500\" \/>\n<\/p>\n<p>Ha k\u00e9sz export\u00e1lhatjuk k\u00e9pk\u00e9nt vagy weblapk\u00e9nt.<br \/>\n<img decoding=\"async\" loading=\"lazy\" alt=\"Scrapbook Flair ment\u00e9s\" src=\"\/\/cuccokhalomban.csillagpor.hu\/pict\/scrapbook-flair-screenshot-12.jpg\" width=\"822\" height=\"500\" \/><\/p>\n","protected":false},"excerpt":{"rendered":"<p><a target=\"_blank\" title=\"Scrapbook Flair k\u00e9perny\u0151k\u00e9pek\" href=\"\/\/csillagpor.hu\/remek\/programok\/scapbook-flair-screenshot\" rel=\"noopener noreferrer\"><img decoding=\"async\" loading=\"lazy\" alt=\"Scrapbook Flair\" src=\"\/\/cuccokhalomban.csillagpor.hu\/pict\/scrapbookflair-kicsi.jpg\" width=\"100\" height=\"83\" class=\"flr\" \/><\/a>Scrapbook Flair eml\u00e9kk\u00f6nyv k\u00e9sz\u00edt\u0151, k\u00e9pszerkeszt\u0151 telep\u00edt\u00e9s\u00e9nek elej\u00e9n, lehet hogy sz\u00fcks\u00e9ges a .NET telep\u00edt\u00e9se vagy friss\u00edt\u00e9se. Ez automatikusan megt\u00f6rt\u00e9nik, csak kattintgatni kell. Egy \u00faj Scrapbook Flair projekt ind\u00edt\u00e1sa, \u00faj vagy m\u00e1r l\u00e9tez\u0151&#8230; Mint\u00e1kb\u00f3l dolgozunk vagy egy \u00fcreset ind\u00edtunk. V\u00e1lasszunk egy mint\u00e1t, kateg\u00f3ri\u00e1kra \u00e9s m\u00e9retekre bontva&#8230;<\/p>\n","protected":false},"author":1,"featured_media":0,"parent":0,"menu_order":0,"comment_status":"closed","ping_status":"closed","template":"","meta":{"footnotes":""},"_links":{"self":[{"href":"https:\/\/csillagpor.hu\/remek\/programok\/wp-json\/wp\/v2\/pages\/1260"}],"collection":[{"href":"https:\/\/csillagpor.hu\/remek\/programok\/wp-json\/wp\/v2\/pages"}],"about":[{"href":"https:\/\/csillagpor.hu\/remek\/programok\/wp-json\/wp\/v2\/types\/page"}],"author":[{"embeddable":true,"href":"https:\/\/csillagpor.hu\/remek\/programok\/wp-json\/wp\/v2\/users\/1"}],"replies":[{"embeddable":true,"href":"https:\/\/csillagpor.hu\/remek\/programok\/wp-json\/wp\/v2\/comments?post=1260"}],"version-history":[{"count":0,"href":"https:\/\/csillagpor.hu\/remek\/programok\/wp-json\/wp\/v2\/pages\/1260\/revisions"}],"wp:attachment":[{"href":"https:\/\/csillagpor.hu\/remek\/programok\/wp-json\/wp\/v2\/media?parent=1260"}],"curies":[{"name":"wp","href":"https:\/\/api.w.org\/{rel}","templated":true}]}}