{"id":1261,"date":"2012-07-05T14:14:09","date_gmt":"2012-07-05T12:14:09","guid":{"rendered":"http:\/\/csillagpor.hu\/remek\/programok\/?page_id=1261"},"modified":"2022-06-30T18:27:59","modified_gmt":"2022-06-30T16:27:59","slug":"cdburnerxp-screenshot","status":"publish","type":"page","link":"https:\/\/csillagpor.hu\/remek\/programok\/cdburnerxp-screenshot","title":{"rendered":"CDBurnerXP k\u00e9perny\u0151k\u00e9pek"},"content":{"rendered":"<p><a target=\"_blank\" title=\"cdburnerxp\" href=\"\/\/csillagpor.hu\/remek\/programok\/cdburnerxp-letoltes\" rel=\"noopener noreferrer\">A CDBurnerXP<\/a> <a target=\"_blank\" title=\"cd, dvd, blu-ray\" href=\"\/\/csillagpor.hu\/remek\/programok\/cd-dvd-blu-ray-iro-lemezkep-keszito\" rel=\"noopener noreferrer\">CD, DVD \u00edr\u00f3<\/a> telep\u00edt\u00e9sekor n\u00e9zz\u00fck meg telep\u00fcl e a magyar nyelv.<br \/>\n<img decoding=\"async\" loading=\"lazy\" alt=\"CDBurnerXP magyarul\" src=\"\/\/cuccokhalomban.csillagpor.hu\/pict\/cdburnerxp-screenshot-1.jpg\" width=\"502\" height=\"388\" \/>\n<\/p>\n<p>Ind\u00edthatjuk is a lemez \u00f6ssze\u00e1ll\u00edt\u00e1s\u00e1t, adat lemez, Video DVD, audio lemez, ISO k\u00e9pf\u00e1jl \u00edr\u00e1sa, lemez m\u00e1sol\u00e1sa, lemez t\u00f6rl\u00e9se, ezek a lehet\u0151s\u00e9geink.<br \/>\n<img decoding=\"async\" loading=\"lazy\" alt=\"CDBurnerXP lemezek\" src=\"\/\/cuccokhalomban.csillagpor.hu\/pict\/cdburnerxp-screenshot-2.jpg\" width=\"503\" height=\"411\" \/>\n<\/p>\n<p>Ha lent a kis fogasker\u00e9kre kattintunk a be\u00e1ll\u00edt\u00e1sok j\u00f6nnek el\u0151. Nyelv, ideiglenes f\u00e1jlok egy\u00e9ni mapp\u00e1ja, friss\u00edt\u00e9sek, \u00fczenetablakok \u00e9s m\u00e9g sok minden.<br \/>\n<img decoding=\"async\" loading=\"lazy\" alt=\"CDBurnerXP be\u00e1ll\u00edt\u00e1sok\" src=\"\/\/cuccokhalomban.csillagpor.hu\/pict\/cdburnerxp-screenshot-3.jpg\" width=\"504\" height=\"453\" \/>\n<\/p>\n<p>Adat be\u00e1ll\u00edt\u00e1sok, alap\u00e9rtelmezett c\u00edmke, f\u00e1jlok gyorst\u00e1raz\u00e1sa, egyebek&#8230;<br \/>\n<img decoding=\"async\" loading=\"lazy\" alt=\"CDBurnerXP adat be\u00e1ll\u00edt\u00e1sok\" src=\"\/\/cuccokhalomban.csillagpor.hu\/pict\/cdburnerxp-screenshot-4.jpg\" width=\"504\" height=\"453\" \/>\n<\/p>\n<p>CD Text gener\u00e1l\u00e1sa, \u00e9s hanger\u0151 v\u00e1ltoztat\u00e1sok alkalmaz\u00e1sa vagy nem (Replay Gain, Album Gain, Track Gain)<br \/>\n<img decoding=\"async\" loading=\"lazy\" alt=\"CDBurnerXP hanger\u0151k\" src=\"\/\/cuccokhalomban.csillagpor.hu\/pict\/cdburnerxp-screenshot-5.jpg\" width=\"503\" height=\"453\" \/>\n<\/p>\n<p>F\u00e1jlok \u00e9s mapp\u00e1k hozz\u00e1ad\u00e1sa eg\u00e9rrel.<br \/>\n<img decoding=\"async\" loading=\"lazy\" alt=\"CDBurnerXP eg\u00e9r\" src=\"\/\/cuccokhalomban.csillagpor.hu\/pict\/cdburnerxp-screenshot-6.jpg\" width=\"701\" height=\"500\" \/>\n<\/p>\n<p>F\u00e1jlok hozz\u00e1ad\u00e1sa folyamatban&#8230;<br \/>\n<img decoding=\"async\" loading=\"lazy\" alt=\"CDBurnerXP f\u00e1jlok hozz\u00e1ad\u00e1sa\" src=\"\/\/cuccokhalomban.csillagpor.hu\/pict\/cdburnerxp-screenshot-7.jpg\" width=\"702\" height=\"500\" \/>\n<\/p>\n<p>Lent l\u00e1that\u00f3 az eddigi m\u00e9ret. A F\u00e1jl men\u00fcb\u0151l menthet\u00fcnk ISO k\u00e9pf\u00e1jlk\u00e9nt vagy \u00e1t is alak\u00edthatunk ISO-t, \u00e9s nyomtathatunk bor\u00edt\u00f3t is.<br \/>\n<img decoding=\"async\" loading=\"lazy\" alt=\"CDBurnerXP ISO\" src=\"\/\/cuccokhalomban.csillagpor.hu\/pict\/cdburnerxp-screenshot-8.jpg\" width=\"703\" height=\"500\" \/>\n<\/p>\n<p>Boot lemez be\u00e1ll\u00edt\u00e1sai. Emul\u00e1ci\u00f3 t\u00edpusa.<br \/>\n<img decoding=\"async\" loading=\"lazy\" alt=\"CDBurnerXP boot\" src=\"\/\/cuccokhalomban.csillagpor.hu\/pict\/cdburnerxp-screenshot-9.jpg\" width=\"702\" height=\"500\" \/>\n<\/p>\n<p>Boot lemez platformjai: 80&#215;86 PC, MACINTOSH, POWER PC<br \/>\n<img decoding=\"async\" loading=\"lazy\" alt=\"CDBurnerXP boot platform\" src=\"\/\/cuccokhalomban.csillagpor.hu\/pict\/cdburnerxp-screenshot-10.jpg\" width=\"703\" height=\"500\" \/>\n<\/p>\n<p>F\u00e1jlrendszer be\u00e1ll\u00edt\u00e1sok: ISO 9660, Joliet, UDF \u00e9s ezek ISO szint kombin\u00e1ci\u00f3i.<br \/>\n<img decoding=\"async\" loading=\"lazy\" alt=\"CDBurnerXP f\u00e1jlrendszer\" src=\"\/\/cuccokhalomban.csillagpor.hu\/pict\/cdburnerxp-screenshot-11.jpg\" width=\"701\" height=\"500\" \/>\n<\/p>\n<p>Video DVD \u00edr\u00e1sa, VIDEO_TS k\u00f6nyvt\u00e1r, DVD m\u00e9ret\u00e9nek lekorl\u00e1toz\u00e1sa, IFO\/BUP f\u00e1jlok m\u00f3dos\u00edt\u00e1sa, stb&#8230;<br \/>\n<img decoding=\"async\" loading=\"lazy\" alt=\"CDBurnerXP Video DVD\" src=\"\/\/cuccokhalomban.csillagpor.hu\/pict\/cdburnerxp-screenshot-12.jpg\" width=\"779\" height=\"455\" \/>\n<\/p>\n<p>ISO k\u00e9pf\u00e1jl \u00edr\u00e1sa vagy \u00e1talak\u00edt\u00e1s ISO-ba.<br \/>\n<img decoding=\"async\" loading=\"lazy\" alt=\"CDBurnerXP ISO\" src=\"\/\/cuccokhalomban.csillagpor.hu\/pict\/cdburnerxp-screenshot-13.jpg\" width=\"504\" height=\"411\" \/>\n<\/p>\n<p>Lemez m\u00e1sol\u00e1s be\u00e1ll\u00edt\u00e1sai, pl. olvashatatlan adat kihagy\u00e1sa, hardveres hibajav\u00edt\u00e1s kihagy\u00e1sa.<br \/>\n<img decoding=\"async\" loading=\"lazy\" alt=\"CDBurnerXP lemez m\u00e1sol\u00e1s\" src=\"\/\/cuccokhalomban.csillagpor.hu\/pict\/cdburnerxp-screenshot-14.jpg\" width=\"504\" height=\"447\" \/><\/p>\n","protected":false},"excerpt":{"rendered":"<p>A CDBurnerXP CD, DVD \u00edr\u00f3 telep\u00edt\u00e9sekor n\u00e9zz\u00fck meg telep\u00fcl e a magyar nyelv. Ind\u00edthatjuk is a lemez \u00f6ssze\u00e1ll\u00edt\u00e1s\u00e1t, adat lemez, Video DVD, audio&#46;&#46;&#46;<\/p>\n","protected":false},"author":1,"featured_media":0,"parent":0,"menu_order":0,"comment_status":"closed","ping_status":"closed","template":"","meta":{"footnotes":""},"_links":{"self":[{"href":"https:\/\/csillagpor.hu\/remek\/programok\/wp-json\/wp\/v2\/pages\/1261"}],"collection":[{"href":"https:\/\/csillagpor.hu\/remek\/programok\/wp-json\/wp\/v2\/pages"}],"about":[{"href":"https:\/\/csillagpor.hu\/remek\/programok\/wp-json\/wp\/v2\/types\/page"}],"author":[{"embeddable":true,"href":"https:\/\/csillagpor.hu\/remek\/programok\/wp-json\/wp\/v2\/users\/1"}],"replies":[{"embeddable":true,"href":"https:\/\/csillagpor.hu\/remek\/programok\/wp-json\/wp\/v2\/comments?post=1261"}],"version-history":[{"count":0,"href":"https:\/\/csillagpor.hu\/remek\/programok\/wp-json\/wp\/v2\/pages\/1261\/revisions"}],"wp:attachment":[{"href":"https:\/\/csillagpor.hu\/remek\/programok\/wp-json\/wp\/v2\/media?parent=1261"}],"curies":[{"name":"wp","href":"https:\/\/api.w.org\/{rel}","templated":true}]}}