{"id":1262,"date":"2012-07-06T14:53:45","date_gmt":"2012-07-06T12:53:45","guid":{"rendered":"http:\/\/csillagpor.hu\/remek\/programok\/?page_id=1262"},"modified":"2022-06-30T18:26:43","modified_gmt":"2022-06-30T16:26:43","slug":"crystaldiskinfo-screenshot","status":"publish","type":"page","link":"https:\/\/csillagpor.hu\/remek\/programok\/crystaldiskinfo-screenshot","title":{"rendered":"CrystalDiskInfo k\u00e9perny\u0151k\u00e9pek"},"content":{"rendered":"<p>A <a target=\"_blank\" title=\"crystaldiskinfo\" href=\"\/\/csillagpor.hu\/remek\/programok\/crystaldiskinfo\" rel=\"noopener noreferrer\">CrystalDiskInfo<\/a> merevlemez figyel\u0151 7.0.5-\u00f6s verzi\u00f3ja Windows 10-en. Itt \u00e1ll\u00edthatjuk \u00e1t a fel\u00fclet megjelen\u00edt\u00e9si nyelv\u00e9t.<br \/>\n<img decoding=\"async\" loading=\"lazy\" alt=\"CrystalDiskInfo magyar nyelv\" src=\"\/\/cuccokhalomban.csillagpor.hu\/pict\/crystaldiskinfo-kepernyokep-1.jpg\" width=\"674\" height=\"532\" \/>\n<\/p>\n<p>Egy SSD lemez t\u00f6k j\u00f3, kicsit meleg \u00e1llapotban. Sok minden egy\u00e9b mellett l\u00e1thatjuk pl., hogy melyik part\u00edci\u00f3k helyezkednek el ezen a lemezen, hogy h\u00e1nyszor kapcsoltuk be eddig, \u00f6sszesen h\u00e1ny \u00f3r\u00e1t dolgozott, h\u00e1ny GB-ot mozgattuk meg rajta&#8230;<br \/>\n<img decoding=\"async\" loading=\"lazy\" alt=\"CrystalDiskInfo adatok\" src=\"\/\/cuccokhalomban.csillagpor.hu\/pict\/crystaldiskinfo-kepernyokep-2.jpg\" width=\"674\" height=\"647\" \/>\n<\/p>\n<p>Egy merevlemez 5400-as fordulatsz\u00e1mmal &#8230; ez m\u00e1r csak j\u00f3 \u00e1llapotban van, de hidegebb. Az a j\u00f3 15 ezer munka\u00f3ra megtette a hat\u00e1s\u00e1t. Mivel itt fizikailag mozg\u00f3 merevlemez t\u00e1ny\u00e9rokr\u00f3l van sz\u00f3, t\u00f6bb adatot kapunk, mint pl. felp\u00f6rg\u00e9si id\u0151 &#8230;<br \/>\n<img decoding=\"async\" loading=\"lazy\" alt=\"CrystalDiskInfo merevlemez\" src=\"\/\/cuccokhalomban.csillagpor.hu\/pict\/crystaldiskinfo-kepernyokep-3.jpg\" width=\"674\" height=\"757\" \/>\n<\/p>\n<p>F6 billenty\u0171vel \u00fajraolvastathatjuk az adatokat, lejjebb pedig kikapcsolhatjuk a r\u00e9miszt\u0151 hangokat.<br \/>\n<img decoding=\"async\" loading=\"lazy\" alt=\"CrystalDiskInfo \u00fajraolvas\u00e1s\" src=\"\/\/cuccokhalomban.csillagpor.hu\/pict\/crystaldiskinfo-kepernyokep-5.jpg\" width=\"674\" height=\"604\" \/>\n<\/p>\n<p>Tov\u00e1bbi j\u00f3 p\u00e1r adat be\u00e1ll\u00edt\u00e1sai, \u00e9s kikapcsolhatjuk a S.M.A.R.T. inf\u00f3k megjelen\u00edt\u00e9s\u00e9t.<br \/>\n<img decoding=\"async\" loading=\"lazy\" alt=\"CrystalDiskInfo S.M.A.R.T.\" src=\"\/\/cuccokhalomban.csillagpor.hu\/pict\/crystaldiskinfo-kepernyokep-6.jpg\" width=\"674\" height=\"667\" \/>\n<\/p>\n<p>R\u00e9gebbi verzi\u00f3&#8230;<\/p>\n<p><a target=\"_blank\" title=\"crystaldiskinfo\" href=\"\/\/csillagpor.hu\/remek\/programok\/crystaldiskinfo\" rel=\"noopener noreferrer\">CrystalDiskInfo<\/a> <a target=\"_blank\" title=\"hardver figyel\u0151\" href=\"\/\/csillagpor.hu\/remek\/programok\/hardver-figyelo-programok\" rel=\"noopener noreferrer\">HDD eg\u00e9szs\u00e9g figyel\u0151 program<\/a> telep\u00edt\u00e9sekor figyelj\u00fcnk oda, hogyha nem kell a HotSpot Shield, akkor a lenti, &#8220;I do not want&#8230;&#8221; kezdet\u0171t v\u00e1lasszuk!<br \/>\n<img decoding=\"async\" loading=\"lazy\" alt=\"CrystalDiskInfo telep\u00edt\u00e9s\" src=\"\/\/cuccokhalomban.csillagpor.hu\/pict\/crystaldiskinfo-screenshot-1.jpg\" width=\"503\" height=\"388\" \/>\n<\/p>\n<p>A merevlemez\u00fcnk adatai &#8230; lenn\u00e9nek, de a VirtualBox virtu\u00e1lis g\u00e9pen nem m\u0171k\u00f6dik.<br \/>\n<img decoding=\"async\" loading=\"lazy\" alt=\"CrystalDiskInfo VBOX\" src=\"\/\/cuccokhalomban.csillagpor.hu\/pict\/crystaldiskinfo-screenshot-2.jpg\" width=\"610\" height=\"500\" \/>\n<\/p>\n<p>Kond\u00edci\u00f3 be\u00e1ll\u00edt\u00e1s, k\u00fcl\u00f6nf\u00e9le szektorok sz\u00e1ma.<br \/>\n<img decoding=\"async\" loading=\"lazy\" alt=\"CrystalDiskInfo kond\u00edci\u00f3\" src=\"\/\/cuccokhalomban.csillagpor.hu\/pict\/crystaldiskinfo-screenshot-3.jpg\" width=\"609\" height=\"500\" \/>\n<\/p>\n<p>Funkci\u00f3 &#8211; ind\u00edthat\u00f3 a Windowszal is, S.M.A.R.T. inf\u00f3k, Intel RAID, USB\/IEEE 1394, h\u0151fok \u00e9s nyers becsl\u00e9s \u00e9s m\u00e1sok&#8230;<br \/>\n<img decoding=\"async\" loading=\"lazy\" alt=\"CrystalDiskInfo funkci\u00f3i\" src=\"\/\/cuccokhalomban.csillagpor.hu\/pict\/crystaldiskinfo-screenshot-4.jpg\" width=\"730\" height=\"485\" \/>\n<\/p>\n<p>Intel RAID automatikus felismer\u00e9s.<br \/>\n<img decoding=\"async\" loading=\"lazy\" alt=\"CrystalDiskInfo RAID\" src=\"\/\/cuccokhalomban.csillagpor.hu\/pict\/crystaldiskinfo-screenshot-5.jpg\" width=\"730\" height=\"499\" \/>\n<\/p>\n<p>Egy m\u00e1sik gyeng\u00e9bb &#8220;val\u00f3s&#8221; g\u00e9pen m\u00e1r minden adat l\u00e1that\u00f3, pl: bekapcsol\u00e1sok sz\u00e1ma, olvas\u00e1si hib\u00e1k sz\u00e1ma, felp\u00f6rg\u00e9si sebess\u00e9g, elindul\u00e1sok, le\u00e1ll\u00e1sok sz\u00e1ma&#8230; \u00d6sszess\u00e9g\u00e9ben l\u00e1tjuk, hogy j\u00f3 a kond\u00edci\u00f3ja \u00e9s jelenleg 31 fokos a merevlemez\u00fcnk.<br \/>\n<img decoding=\"async\" loading=\"lazy\" alt=\"CrystalDiskInfo merevlemez\" src=\"\/\/cuccokhalomban.csillagpor.hu\/pict\/crystaldiskinfo-screenshot-6.jpg\" width=\"503\" height=\"500\" \/><\/p>\n","protected":false},"excerpt":{"rendered":"<p><a target=\"_blank\" title=\"CrystalDiskInfo k\u00e9perny\u0151k\u00e9pek\" href=\"\/\/csillagpor.hu\/remek\/programok\/crystaldiskinfo-screenshot\" rel=\"noopener noreferrer\"><img decoding=\"async\" loading=\"lazy\" alt=\"CrystalDiskInfo\" src=\"\/\/cuccokhalomban.csillagpor.hu\/pict\/crystaldiskinfo-kicsi.jpg\" width=\"100\" height=\"100\" class=\"flr\" \/><\/a>A CrystalDiskInfo merevlemez figyel\u0151 Windows 10-en. Egy SSD lemez t\u00f6k j\u00f3, kicsit meleg \u00e1llapotban. Sok minden egy\u00e9b mellett l\u00e1thatjuk pl., hogy melyik part\u00edci\u00f3k helyezkednek el ezen a lemezen, hogy h\u00e1nyszor kapcsoltuk be eddig, \u00f6sszesen h\u00e1ny \u00f3r\u00e1t dolgozott, h\u00e1ny GB-ot mozgattuk meg rajta&#8230; Egy merevlemez 5400-as fordulatsz\u00e1mmal &#8230; ez m\u00e1r csak j\u00f3 \u00e1llapotban van, de hidegebb&#8230; <\/p>\n","protected":false},"author":1,"featured_media":0,"parent":0,"menu_order":0,"comment_status":"closed","ping_status":"closed","template":"","meta":{"footnotes":""},"_links":{"self":[{"href":"https:\/\/csillagpor.hu\/remek\/programok\/wp-json\/wp\/v2\/pages\/1262"}],"collection":[{"href":"https:\/\/csillagpor.hu\/remek\/programok\/wp-json\/wp\/v2\/pages"}],"about":[{"href":"https:\/\/csillagpor.hu\/remek\/programok\/wp-json\/wp\/v2\/types\/page"}],"author":[{"embeddable":true,"href":"https:\/\/csillagpor.hu\/remek\/programok\/wp-json\/wp\/v2\/users\/1"}],"replies":[{"embeddable":true,"href":"https:\/\/csillagpor.hu\/remek\/programok\/wp-json\/wp\/v2\/comments?post=1262"}],"version-history":[{"count":0,"href":"https:\/\/csillagpor.hu\/remek\/programok\/wp-json\/wp\/v2\/pages\/1262\/revisions"}],"wp:attachment":[{"href":"https:\/\/csillagpor.hu\/remek\/programok\/wp-json\/wp\/v2\/media?parent=1262"}],"curies":[{"name":"wp","href":"https:\/\/api.w.org\/{rel}","templated":true}]}}