{"id":1268,"date":"2012-07-10T15:13:08","date_gmt":"2012-07-10T13:13:08","guid":{"rendered":"http:\/\/csillagpor.hu\/remek\/programok\/?page_id=1268"},"modified":"2022-06-30T18:02:06","modified_gmt":"2022-06-30T16:02:06","slug":"quicktime-screenshot","status":"publish","type":"page","link":"https:\/\/csillagpor.hu\/remek\/programok\/quicktime-screenshot","title":{"rendered":"QuickTime k\u00e9perny\u0151k\u00e9pek"},"content":{"rendered":"<p><a target=\"_blank\" title=\"quicktime\" href=\"\/\/csillagpor.hu\/remek\/programok\/quicktime-letoltese\" rel=\"noopener noreferrer\">A QuickTime<\/a> <a target=\"_blank\" title=\"lej\u00e1tsz\u00f3 programok\" href=\"\/\/csillagpor.hu\/remek\/programok\/multimedia-lejatszo-programok\" rel=\"noopener noreferrer\">m\u00e9dia lej\u00e1tsz\u00f3<\/a> telep\u00edt\u00e9s\u00e9nek elej\u00e9n \u00e9n nem szoktam telep\u00edteni a QuickTime and Apple Software Update-et.<br \/>\n<img decoding=\"async\" loading=\"lazy\" alt=\"QuickTime m\u00e9dia lej\u00e1tsz\u00f3\" src=\"\/\/cuccokhalomban.csillagpor.hu\/pict\/quicktime-screenshot-1.jpg\" width=\"504\" height=\"382\" \/>\n<\/p>\n<p>Innen is megvehetn\u00e9nk a Pro verzi\u00f3t, ha nem akarjuk, akkor: No Thanks&#8230;<br \/>\n<img decoding=\"async\" loading=\"lazy\" alt=\"QuickTime Pro\" src=\"\/\/cuccokhalomban.csillagpor.hu\/pict\/quicktime-screenshot-2.jpg\" width=\"504\" height=\"382\" \/>\n<\/p>\n<p>Elindult, l\u00e1thatjuk a zen\u00e9ket, alkalmaz\u00e1sokat, filmeket, tv ad\u00e1sokat.<br \/>\n<img decoding=\"async\" loading=\"lazy\" alt=\"QuickTime\" src=\"\/\/cuccokhalomban.csillagpor.hu\/pict\/quicktime-screenshot-3.jpg\" width=\"640\" height=\"500\" \/>\n<\/p>\n<p>A men\u00fckben mindig l\u00e1that\u00f3, hogy mi az ami csak a PRO verzi\u00f3ban \u00e9rhet\u0151 el. Innen nyithatunk meg URL-t, m\u00e9dia f\u00e1jlt, \u00e9s innen \u00e9rhetj\u00fck el az oldal be\u00e1ll\u00edt\u00e1sait is.<br \/>\n<img decoding=\"async\" loading=\"lazy\" alt=\"QuickTime men\u00fc\" src=\"\/\/cuccokhalomban.csillagpor.hu\/pict\/quicktime-screenshot-4.jpg\" width=\"642\" height=\"500\" \/>\n<\/p>\n<p>Keres\u00e9s, QuickTime \u00e9s lej\u00e1tsz\u00f3 be\u00e1ll\u00edt\u00e1sok.<br \/>\n<img decoding=\"async\" loading=\"lazy\" alt=\"QuickTime be\u00e1ll\u00edt\u00e1sok\" src=\"\/\/cuccokhalomban.csillagpor.hu\/pict\/quicktime-screenshot-5.jpg\" width=\"639\" height=\"500\" \/>\n<\/p>\n<p>Be\u00e1ll\u00edt\u00e1sok, pl: \u00faj lej\u00e1tsz\u00f3ban ny\u00edljon meg a vide\u00f3, automatikusan kezdje el lej\u00e1tszani, ha elind\u00edtjuk, l\u00e1that\u00f3 a felirat indul\u00e1skor, l\u00e1that\u00f3 az equalizer, ilyesmik&#8230;<br \/>\n<img decoding=\"async\" loading=\"lazy\" alt=\"QuickTime lej\u00e1tsz\u00e1s\" src=\"\/\/cuccokhalomban.csillagpor.hu\/pict\/quicktime-screenshot-6.jpg\" width=\"640\" height=\"500\" \/>\n<\/p>\n<p>Mozi m\u00e9ret be\u00e1ll\u00edt\u00e1sok, h\u00e1tt\u00e9rsz\u00edn, bemutat\u00f3 vet\u00edt\u00e9s.<br \/>\n<img decoding=\"async\" loading=\"lazy\" alt=\"QuickTime mozi\" src=\"\/\/cuccokhalomban.csillagpor.hu\/pict\/quicktime-screenshot-7.jpg\" width=\"640\" height=\"500\" \/>\n<\/p>\n<p>Audio lej\u00e1tsz\u00f3, felvev\u0151 eszk\u00f6z megad\u00e1sa \u00e9s be\u00e1ll\u00edt\u00e1sai.<br \/>\n<img decoding=\"async\" loading=\"lazy\" alt=\"QuickTime hang lej\u00e1tsz\u00e1s\" src=\"\/\/cuccokhalomban.csillagpor.hu\/pict\/quicktime-screenshot-8.jpg\" width=\"639\" height=\"500\" \/>\n<\/p>\n<p>Program t\u00e1rs\u00edt\u00e1sainak be\u00e1ll\u00edt\u00e1sai, 3gp, 3gp2, aac, ac3, aif, aiff, amc &#8230;<br \/>\n<img decoding=\"async\" loading=\"lazy\" alt=\"QuickTime f\u00e1jlok\" src=\"\/\/cuccokhalomban.csillagpor.hu\/pict\/quicktime-screenshot-9.jpg\" width=\"765\" height=\"500\" \/>\n<\/p>\n<p>&#8230; cdda, dif, dv, flc, fli, gif, gsm, k\u00e9pf\u00e1jlok &#8230;<br \/>\n<img decoding=\"async\" loading=\"lazy\" alt=\"QuickTime k\u00e9pek\" src=\"\/\/cuccokhalomban.csillagpor.hu\/pict\/quicktime-screenshot-10.jpg\" width=\"765\" height=\"500\" \/>\n<\/p>\n<p>&#8230; m4a, m4v, mac, mid, midi, mov, mp3, mp3, mp4, mpa &#8230;<br \/>\n<img decoding=\"async\" loading=\"lazy\" alt=\"QuickTime mov\" src=\"\/\/cuccokhalomban.csillagpor.hu\/pict\/quicktime-screenshot-11.jpg\" width=\"765\" height=\"500\" \/>\n<\/p>\n<p>&#8230; psd, qt, sgi \u00e9s m\u00e9g rengeteg f\u00e1jl lej\u00e1tsz\u00e1s\u00e1ra k\u00e9pes.<br \/>\n<img decoding=\"async\" loading=\"lazy\" alt=\"QuickTime qt\" src=\"\/\/cuccokhalomban.csillagpor.hu\/pict\/quicktime-screenshot-12.jpg\" width=\"765\" height=\"500\" \/>\n<\/p>\n<p>A friss\u00edt\u00e9seket kikapcsoltam, majd &#8220;k\u00e9zzel&#8221;.<br \/>\n<img decoding=\"async\" loading=\"lazy\" alt=\"QuickTime friss\u00edt\u00e9s\" src=\"\/\/cuccokhalomban.csillagpor.hu\/pict\/quicktime-screenshot-13.jpg\" width=\"640\" height=\"500\" \/>\n<\/p>\n<p>Media streaming be\u00e1ll\u00edt\u00e1sai \u00e9s legyen e QuickTime ikon a T\u00e1lc\u00e1n.<br \/>\n<img decoding=\"async\" loading=\"lazy\" alt=\"QuickTime m\u00e9dia streaming\" src=\"\/\/cuccokhalomban.csillagpor.hu\/pict\/quicktime-screenshot-14.jpg\" width=\"640\" height=\"500\" \/><\/p>\n","protected":false},"excerpt":{"rendered":"<p>A QuickTime m\u00e9dia lej\u00e1tsz\u00f3 telep\u00edt\u00e9s\u00e9nek elej\u00e9n \u00e9n nem szoktam telep\u00edteni a QuickTime and Apple Software Update-et. Innen is megvehetn\u00e9nk a Pro verzi\u00f3t, ha&#46;&#46;&#46;<\/p>\n","protected":false},"author":1,"featured_media":0,"parent":0,"menu_order":0,"comment_status":"closed","ping_status":"closed","template":"","meta":{"footnotes":""},"_links":{"self":[{"href":"https:\/\/csillagpor.hu\/remek\/programok\/wp-json\/wp\/v2\/pages\/1268"}],"collection":[{"href":"https:\/\/csillagpor.hu\/remek\/programok\/wp-json\/wp\/v2\/pages"}],"about":[{"href":"https:\/\/csillagpor.hu\/remek\/programok\/wp-json\/wp\/v2\/types\/page"}],"author":[{"embeddable":true,"href":"https:\/\/csillagpor.hu\/remek\/programok\/wp-json\/wp\/v2\/users\/1"}],"replies":[{"embeddable":true,"href":"https:\/\/csillagpor.hu\/remek\/programok\/wp-json\/wp\/v2\/comments?post=1268"}],"version-history":[{"count":0,"href":"https:\/\/csillagpor.hu\/remek\/programok\/wp-json\/wp\/v2\/pages\/1268\/revisions"}],"wp:attachment":[{"href":"https:\/\/csillagpor.hu\/remek\/programok\/wp-json\/wp\/v2\/media?parent=1268"}],"curies":[{"name":"wp","href":"https:\/\/api.w.org\/{rel}","templated":true}]}}