{"id":1269,"date":"2012-07-14T15:51:36","date_gmt":"2012-07-14T13:51:36","guid":{"rendered":"http:\/\/csillagpor.hu\/remek\/programok\/?page_id=1269"},"modified":"2022-06-30T18:02:51","modified_gmt":"2022-06-30T16:02:51","slug":"picpick-screenshot","status":"publish","type":"page","link":"https:\/\/csillagpor.hu\/remek\/programok\/picpick-screenshot","title":{"rendered":"PicPick k\u00e9perny\u0151k\u00e9pek"},"content":{"rendered":"<p><a target=\"_blank\" title=\"picpick\" href=\"\/\/csillagpor.hu\/remek\/programok\/picpick\" rel=\"noopener noreferrer\">PicPick All-in-one diz\u00e1jn eszk\u00f6z<\/a> telep\u00edt\u00e9se, ezeket a dolgokat szerintem ne telep\u00edts\u00fck.<br \/>\n<img decoding=\"async\" loading=\"lazy\" alt=\"PicPick telep\u00edt\u00e9s\" src=\"\/\/cuccokhalomban.csillagpor.hu\/pict\/picpick-screenshot-1.jpg\" width=\"503\" height=\"389\" \/>\n<\/p>\n<p>\u00cdgy indul, l\u00e1thatjuk, hogy csak otthoni felhaszn\u00e1l\u00f3knak ingyenes, magyar nyelv\u0171 \u00e9s elindul a Windowszal egy\u00fctt.<br \/>\n<img decoding=\"async\" loading=\"lazy\" alt=\"PicPick ingyenes\" src=\"\/\/cuccokhalomban.csillagpor.hu\/pict\/picpick-screenshot-2.jpg\" width=\"763\" height=\"500\" \/>\n<\/p>\n<p>A k\u00e9plop\u00e1s be\u00e1ll\u00edt\u00e1sai, legfel\u00fcl a kimenet, majd k\u00e9tmonitoros m\u00f3d t\u00e1mogat\u00e1sa, hanghat\u00e1s, a PicPick k\u00e9pszerkeszt\u0151 elrejt\u00e9se, r\u00f6gz\u00edti e a kurzor k\u00e9p\u00e9t, ilyenek &#8230;<br \/>\n<img decoding=\"async\" loading=\"lazy\" alt=\"PicPick k\u00e9plop\u00e1s\" src=\"\/\/cuccokhalomban.csillagpor.hu\/pict\/picpick-screenshot-3.jpg\" width=\"763\" height=\"500\" \/>\n<\/p>\n<p>Automatikus k\u00e9p ment\u00e9s, k\u00f6nyvt\u00e1r \u00e9s k\u00fcls\u0151 program be\u00e1ll\u00edt\u00e1sai.<br \/>\n<img decoding=\"async\" loading=\"lazy\" alt=\"PicPick automatikus ment\u00e9s\" src=\"\/\/cuccokhalomban.csillagpor.hu\/pict\/picpick-screenshot-4.jpg\" width=\"763\" height=\"500\" \/>\n<\/p>\n<p><a target=\"_blank\" title=\"screen capture\" href=\"\/\/csillagpor.hu\/remek\/programok\/keplopo-screen-capture\" rel=\"noopener noreferrer\">K\u00e9perny\u0151ment\u00e9s<\/a> billenty\u0171 be\u00e1ll\u00edt\u00e1sai.<br \/>\n<img decoding=\"async\" loading=\"lazy\" alt=\"PicPick billenty\u0171\" src=\"\/\/cuccokhalomban.csillagpor.hu\/pict\/picpick-screenshot-5.jpg\" width=\"763\" height=\"500\" \/>\n<\/p>\n<p>A k\u00e9pszerkeszt\u0151 lehet\u0151s\u00e9gei, \u00faj k\u00e9p vagy megl\u00e9v\u0151 k\u00e9p megnyit\u00e1sa, k\u00e9perny\u0151ment\u00e9s \u00e9s minden egy\u00e9b el\u00e9rhet\u0151 eszk\u00f6z.<br \/>\n<img decoding=\"async\" loading=\"lazy\" alt=\"PicPick k\u00e9pszerkeszt\u0151\" src=\"\/\/cuccokhalomban.csillagpor.hu\/pict\/picpick-screenshot-6.jpg\" width=\"762\" height=\"500\" \/>\n<\/p>\n<p>A men\u00fcb\u0151l szint\u00e9n l\u00e1that\u00f3 az \u00f6sszes eszk\u00f6z, innen menthet\u00fcnk, nyomtathatunk, megoszthatunk.<br \/>\n<img decoding=\"async\" loading=\"lazy\" alt=\"PicPick men\u00fc\" src=\"\/\/cuccokhalomban.csillagpor.hu\/pict\/picpick-screenshot-7.jpg\" width=\"763\" height=\"500\" \/>\n<\/p>\n<p>Megnyithatjuk a k\u00e9pet k\u00f6nyvt\u00e1rb\u00f3l, v\u00e1g\u00f3lapr\u00f3l vagy internetr\u0151l.<br \/>\n<img decoding=\"async\" loading=\"lazy\" alt=\"PicPick megnyit\u00e1s\" src=\"\/\/cuccokhalomban.csillagpor.hu\/pict\/picpick-screenshot-8.jpg\" width=\"763\" height=\"500\" \/>\n<\/p>\n<p>A <a target=\"_blank\" title=\"k\u00e9pszerkeszt\u0151\" href=\"\/\/csillagpor.hu\/remek\/programok\/kepszerkeszto-programok\" rel=\"noopener noreferrer\">k\u00e9pszerkeszt\u0151 szersz\u00e1mok<\/a>, lev\u00e1g\u00e1s, \u00e1tm\u00e9retez\u00e9s, elforgat\u00e1s, hat\u00e1sok, sz\u00ednek, bet\u0171k, alakzatok, vonalak, stb&#8230;<br \/>\n<img decoding=\"async\" loading=\"lazy\" alt=\"PicPick szersz\u00e1mok\" src=\"\/\/cuccokhalomban.csillagpor.hu\/pict\/picpick-screenshot-9.jpg\" width=\"764\" height=\"500\" \/>\n<\/p>\n<p>Sz\u00f6veg be\u00e1ll\u00edt\u00e1sai \u00e9s beilleszt\u00e9se.<br \/>\n<img decoding=\"async\" loading=\"lazy\" alt=\"PicPick sz\u00f6veg\" src=\"\/\/cuccokhalomban.csillagpor.hu\/pict\/picpick-screenshot-10.jpg\" width=\"763\" height=\"500\" \/>\n<\/p>\n<p>Hat\u00e1sok: invert\u00e1l\u00e1s, sz\u00fcrkesk\u00e1la, pixeles\u00edt\u00e9s \u00e9s k\u00e9pkeret, azt\u00e1n m\u00e9g elhom\u00e1lyos\u00edt\u00e1s, \u00e9les\u00edt\u00e9s, f\u00e9nyess\u00e9g \u00e9s kontraszt, sz\u00edn\u00e1rnyalat \u00e9s tel\u00edtetts\u00e9g, no meg sz\u00edn egyens\u00faly.<br \/>\n<img decoding=\"async\" loading=\"lazy\" alt=\"PicPick hat\u00e1sok\" src=\"\/\/cuccokhalomban.csillagpor.hu\/pict\/picpick-screenshot-11.jpg\" width=\"763\" height=\"500\" \/>\n<\/p>\n<p>PicPick men\u00fc a T\u00e1lc\u00e1n, innen is el\u00e9rhet\u0151 az \u00f6sszes PicPick Tool: k\u00e9pszerkeszt\u0151, k\u00e9perny\u0151ment\u00e9s, sz\u00ednszed\u0151, sz\u00ednsk\u00e1la, nagy\u00edt\u00f3, pixelvonalz\u00f3, sz\u00f6gm\u00e9r\u0151, sz\u00e1lkereszt, ceruza.<br \/>\n<img decoding=\"async\" loading=\"lazy\" alt=\"PicPick a t\u00e1lc\u00e1n\" src=\"\/\/cuccokhalomban.csillagpor.hu\/pict\/picpick-screenshot-12.jpg\" width=\"471\" height=\"304\" \/>\n<\/p>\n<p>Kimenet lehets\u00e9ges t\u00edpusai: szerkeszt\u0151, v\u00e1g\u00f3lap, k\u00e9pf\u00e1jl, nyomtat\u00f3, felt\u00f6lt\u00e9s webre, Facebook, Twitter, FTP, E-mail, Word, Excel, PowerPoint, k\u00fcls\u0151 program.<br \/>\n<img decoding=\"async\" loading=\"lazy\" alt=\"PicPick ment\u00e9s\" src=\"\/\/cuccokhalomban.csillagpor.hu\/pict\/picpick-screenshot-13.jpg\" width=\"523\" height=\"540\" \/>\n<\/p>\n<p>Ceruza, firk\u00e1lgassunk az Asztalra!<br \/>\n<img decoding=\"async\" loading=\"lazy\" alt=\"PicPick ceruza\" src=\"\/\/cuccokhalomban.csillagpor.hu\/pict\/picpick-screenshot-14.jpg\" width=\"493\" height=\"354\" \/>\n<\/p>\n<p>Sz\u00f6gm\u00e9r\u0151<br \/>\n<img decoding=\"async\" loading=\"lazy\" alt=\"PicPick sz\u00f6gm\u00e9r\u0151\" src=\"\/\/cuccokhalomban.csillagpor.hu\/pict\/picpick-screenshot-15.jpg\" width=\"462\" height=\"238\" \/>\n<\/p>\n<p>Vonalz\u00f3<br \/>\n<img decoding=\"async\" loading=\"lazy\" alt=\"PicPick vonalz\u00f3\" src=\"\/\/cuccokhalomban.csillagpor.hu\/pict\/picpick-screenshot-16.jpg\" width=\"666\" height=\"174\" \/>\n<\/p>\n<p>Nagy\u00edt\u00f3<br \/>\n<img decoding=\"async\" loading=\"lazy\" alt=\"PicPick nagy\u00edt\u00f3\" src=\"\/\/cuccokhalomban.csillagpor.hu\/pict\/picpick-screenshot-17.jpg\" width=\"314\" height=\"314\" \/><\/p>\n","protected":false},"excerpt":{"rendered":"<p>PicPick All-in-one diz\u00e1jn eszk\u00f6z telep\u00edt\u00e9se, ezeket a dolgokat szerintem ne telep\u00edts\u00fck. \u00cdgy indul, l\u00e1thatjuk, hogy csak otthoni felhaszn\u00e1l\u00f3knak ingyenes, magyar nyelv\u0171 \u00e9s elindul&#46;&#46;&#46;<\/p>\n","protected":false},"author":1,"featured_media":0,"parent":0,"menu_order":0,"comment_status":"closed","ping_status":"closed","template":"","meta":{"footnotes":""},"_links":{"self":[{"href":"https:\/\/csillagpor.hu\/remek\/programok\/wp-json\/wp\/v2\/pages\/1269"}],"collection":[{"href":"https:\/\/csillagpor.hu\/remek\/programok\/wp-json\/wp\/v2\/pages"}],"about":[{"href":"https:\/\/csillagpor.hu\/remek\/programok\/wp-json\/wp\/v2\/types\/page"}],"author":[{"embeddable":true,"href":"https:\/\/csillagpor.hu\/remek\/programok\/wp-json\/wp\/v2\/users\/1"}],"replies":[{"embeddable":true,"href":"https:\/\/csillagpor.hu\/remek\/programok\/wp-json\/wp\/v2\/comments?post=1269"}],"version-history":[{"count":0,"href":"https:\/\/csillagpor.hu\/remek\/programok\/wp-json\/wp\/v2\/pages\/1269\/revisions"}],"wp:attachment":[{"href":"https:\/\/csillagpor.hu\/remek\/programok\/wp-json\/wp\/v2\/media?parent=1269"}],"curies":[{"name":"wp","href":"https:\/\/api.w.org\/{rel}","templated":true}]}}