{"id":1277,"date":"2012-07-23T17:47:09","date_gmt":"2012-07-23T15:47:09","guid":{"rendered":"http:\/\/csillagpor.hu\/remek\/programok\/?page_id=1277"},"modified":"2022-06-30T18:16:22","modified_gmt":"2022-06-30T16:16:22","slug":"internet-explorer-9-screenshot","status":"publish","type":"page","link":"https:\/\/csillagpor.hu\/remek\/programok\/internet-explorer-9-screenshot","title":{"rendered":"Internet Explorer 9 k\u00e9perny\u0151k\u00e9pek"},"content":{"rendered":"<p><a target=\"_blank\" title=\"internet explorer 9\" href=\"\/\/csillagpor.hu\/remek\/programok\/internet-explorer-9-letoltese\" rel=\"noopener noreferrer\">Internet Explorer 9<\/a> a Microsoft <a target=\"_blank\" title=\"internet b\u00f6ng\u00e9sz\u0151\" href=\"\/\/csillagpor.hu\/remek\/programok\/internet-bongeszo\" rel=\"noopener noreferrer\">webb\u00f6ng\u00e9sz\u0151je<\/a>. A magyar Internet Explorernek a mainap.hu az alap\u00e9rtelmezett kezd\u0151oldala.<br \/>\n<img decoding=\"async\" loading=\"lazy\" alt=\"Internet Explorer 9\" src=\"\/\/cuccokhalomban.csillagpor.hu\/pict\/internet-explorer9-screenshot-1.jpg\" width=\"726\" height=\"500\" \/>\n<\/p>\n<p>Internetbe\u00e1ll\u00edt\u00e1sok, \u00c1ltal\u00e1nos f\u00fcl, kezd\u0151oldal megad\u00e1sa \u00e9s b\u00f6ng\u00e9sz\u00e9si el\u0151zm\u00e9nyek t\u00f6rl\u00e9se, keres\u00e9s, lapok \u00e9s megjelen\u00e9s be\u00e1ll\u00edt\u00e1sai.<br \/>\n<img decoding=\"async\" loading=\"lazy\" alt=\"Internet Explorer 9 be\u00e1ll\u00edt\u00e1sok\" src=\"\/\/cuccokhalomban.csillagpor.hu\/pict\/internet-explorer9-screenshot-2.jpg\" width=\"726\" height=\"500\" \/>\n<\/p>\n<p>Biztons\u00e1gi szint be\u00e1ll\u00edt\u00e1sa, v\u00e9dett m\u00f3d \u00e9s egy\u00e9ni szint.<br \/>\n<img decoding=\"async\" loading=\"lazy\" alt=\"Internet Explorer 9 biztons\u00e1g\" src=\"\/\/cuccokhalomban.csillagpor.hu\/pict\/internet-explorer9-screenshot-3.jpg\" width=\"726\" height=\"500\" \/>\n<\/p>\n<p>Adatv\u00e9delem, itt k\u00f6zepes v\u00e9delem van be\u00e1ll\u00edtva az internetz\u00f3n\u00e1hoz. El\u0151ugr\u00f3 ablakok blokkol\u00e1sa \u00e9s egy InPrivate be\u00e1ll\u00edt\u00e1s.<br \/>\n<img decoding=\"async\" loading=\"lazy\" alt=\"Internet Explorer 9 adatv\u00e9delem\" src=\"\/\/cuccokhalomban.csillagpor.hu\/pict\/internet-explorer9-screenshot-4.jpg\" width=\"726\" height=\"500\" \/>\n<\/p>\n<p>H\u00edrcsatorn\u00e1k \u00e9s Web Slice elemek be\u00e1ll\u00edt\u00e1sai.<br \/>\n<img decoding=\"async\" loading=\"lazy\" alt=\"Internet Explorer 9 h\u00edrek\" src=\"\/\/cuccokhalomban.csillagpor.hu\/pict\/internet-explorer9-screenshot-5.jpg\" width=\"726\" height=\"500\" \/>\n<\/p>\n<p>Speci\u00e1lis be\u00e1ll\u00edt\u00e1sok, sok lehet\u0151s\u00e9g ami csak az Internet Explorer \u00fajraind\u00edt\u00e1sa ut\u00e1n l\u00e9p \u00e9letbe.<br \/>\n<img decoding=\"async\" loading=\"lazy\" alt=\"Internet Explorer 9 speci\u00e1lis\" src=\"\/\/cuccokhalomban.csillagpor.hu\/pict\/internet-explorer9-screenshot-6.jpg\" width=\"725\" height=\"500\" \/>\n<\/p>\n<p>Alap\u00e9rtelmezett programok, jelenleg nem az IE az alap\u00e9rtelmezett webb\u00f6ng\u00e9sz\u0151, innen kezelhetj\u00fck a b\u0151v\u00edtm\u00e9nyeket is \u00e9s m\u00e1s programokat.<br \/>\n<img decoding=\"async\" loading=\"lazy\" alt=\"Internet Explorer 9 programok\" src=\"\/\/cuccokhalomban.csillagpor.hu\/pict\/internet-explorer9-screenshot-7.jpg\" width=\"726\" height=\"500\" \/>\n<\/p>\n<p>B\u0151v\u00edtm\u00e9nyek kezel\u00e9se, eszk\u00f6zt\u00e1rak \u00e9s b\u0151v\u00edtm\u00e9nyek, keres\u00e9sszolg\u00e1ltat\u00f3k, gyorsseg\u00e9dek, k\u00f6vet\u00e9sv\u00e9delem.<br \/>\n<img decoding=\"async\" loading=\"lazy\" alt=\"Internet Explorer 9 b\u0151v\u00edtm\u00e9nyek\" src=\"\/\/cuccokhalomban.csillagpor.hu\/pict\/internet-explorer9-screenshot-8.jpg\" width=\"722\" height=\"500\" \/>\n<\/p>\n<p>Eszk\u00f6z\u00f6k men\u00fcpont, b\u00f6ng\u00e9sz\u00e9si el\u0151zm\u00e9nyek t\u00f6rl\u00e9se, weblap felv\u00e9tele a Start men\u00fcbe, let\u00f6lt\u00e9sek megtekint\u00e9se, F12 fejleszt\u0151eszk\u00f6z\u00f6k, ilyesmik &#8230;<br \/>\n<img decoding=\"async\" loading=\"lazy\" alt=\"Internet Explorer 9 eszk\u00f6z\u00f6k\" src=\"\/\/cuccokhalomban.csillagpor.hu\/pict\/internet-explorer9-screenshot-9.jpg\" width=\"725\" height=\"500\" \/>\n<\/p>\n<p>Fejleszt\u0151eszk\u00f6z\u00f6k, HTML, CSS k\u00f3d, JavaScript konzol, \u00e1tm\u00e9retez\u00e9s, stb&#8230;<br \/>\n<img decoding=\"async\" loading=\"lazy\" alt=\"Internet Explorer 9 fejleszt\u00e9s\" src=\"\/\/cuccokhalomban.csillagpor.hu\/pict\/internet-explorer9-screenshot-10.jpg\" width=\"726\" height=\"500\" \/>\n<\/p>\n<p>Az InPrivate be van kapcsolva, teh\u00e1t ezek ut\u00e1n semmit nem t\u00e1rol a tev\u00e9kenys\u00e9g\u00fcnkb\u0151l.<br \/>\n<img decoding=\"async\" loading=\"lazy\" alt=\"Internet Explorer 9 InPrivate\" src=\"\/\/cuccokhalomban.csillagpor.hu\/pict\/internet-explorer9-screenshot-11.jpg\" width=\"726\" height=\"500\" \/><\/p>\n","protected":false},"excerpt":{"rendered":"<p><a target=\"_blank\" title=\"Internet Explorer 9\" href=\"\/\/csillagpor.hu\/remek\/programok\/internet-explorer-9-letoltese\" rel=\"noopener noreferrer\"><img decoding=\"async\" loading=\"lazy\" alt=\"Internet Explorer\" src=\"\/\/cuccokhalomban.csillagpor.hu\/pict\/ie9.jpg\" width=\"100\" height=\"100\" class=\"flr\" \/><\/a>Az Internet Explorer 9 a Microsoft webb\u00f6ng\u00e9sz\u0151je. A magyar Internet Explorernek a mainap.hu az alap\u00e9rtelmezett kezd\u0151oldala. Internetbe\u00e1ll\u00edt\u00e1sok, \u00c1ltal\u00e1nos f\u00fcl, kezd\u0151oldal megad\u00e1sa \u00e9s b\u00f6ng\u00e9sz\u00e9si el\u0151zm\u00e9nyek t\u00f6rl\u00e9se, keres\u00e9s, lapok \u00e9s megjelen\u00e9s be\u00e1ll\u00edt\u00e1sai. Biztons\u00e1gi szint be\u00e1ll\u00edt\u00e1sa, v\u00e9dett m\u00f3d \u00e9s egy\u00e9ni szint. Adatv\u00e9delem, itt k\u00f6zepes v\u00e9delem van be\u00e1ll\u00edtva az internetz\u00f3n\u00e1hoz. El\u0151ugr\u00f3 ablakok blokkol\u00e1sa \u00e9s egy InPrivate be\u00e1ll\u00edt\u00e1s&#8230;<\/p>\n","protected":false},"author":1,"featured_media":0,"parent":0,"menu_order":0,"comment_status":"closed","ping_status":"closed","template":"","meta":{"footnotes":""},"_links":{"self":[{"href":"https:\/\/csillagpor.hu\/remek\/programok\/wp-json\/wp\/v2\/pages\/1277"}],"collection":[{"href":"https:\/\/csillagpor.hu\/remek\/programok\/wp-json\/wp\/v2\/pages"}],"about":[{"href":"https:\/\/csillagpor.hu\/remek\/programok\/wp-json\/wp\/v2\/types\/page"}],"author":[{"embeddable":true,"href":"https:\/\/csillagpor.hu\/remek\/programok\/wp-json\/wp\/v2\/users\/1"}],"replies":[{"embeddable":true,"href":"https:\/\/csillagpor.hu\/remek\/programok\/wp-json\/wp\/v2\/comments?post=1277"}],"version-history":[{"count":0,"href":"https:\/\/csillagpor.hu\/remek\/programok\/wp-json\/wp\/v2\/pages\/1277\/revisions"}],"wp:attachment":[{"href":"https:\/\/csillagpor.hu\/remek\/programok\/wp-json\/wp\/v2\/media?parent=1277"}],"curies":[{"name":"wp","href":"https:\/\/api.w.org\/{rel}","templated":true}]}}