{"id":1283,"date":"2012-07-26T22:06:25","date_gmt":"2012-07-26T20:06:25","guid":{"rendered":"http:\/\/csillagpor.hu\/remek\/programok\/?page_id=1283"},"modified":"2022-06-30T17:42:41","modified_gmt":"2022-06-30T15:42:41","slug":"the-guide-screenshot","status":"publish","type":"page","link":"https:\/\/csillagpor.hu\/remek\/programok\/the-guide-screenshot","title":{"rendered":"The Guide k\u00e9perny\u0151k\u00e9pek"},"content":{"rendered":"<p><a target=\"_blank\" title=\"the guide\" href=\"\/\/csillagpor.hu\/remek\/programok\/the-guide-letoltese\" rel=\"noopener noreferrer\">The Guide<\/a> a fan\u00e9zet\u0171 jegyzetel\u0151 program elindult, a baloldali panelre jobb gombbal kattintva kezdhetj\u00fck is a munk\u00e1t.<br \/>\n<img decoding=\"async\" loading=\"lazy\" alt=\"The Guide\" src=\"\/\/cuccokhalomban.csillagpor.hu\/pict\/theguide-screenshot-1.jpg\" width=\"827\" height=\"507\" \/>\n<\/p>\n<p>Adjunk hozz\u00e1 egy fels\u0151szint\u0171 oldalt, Ctrl-Enterrel is m\u0171k\u00f6dik.<br \/>\n<img decoding=\"async\" loading=\"lazy\" alt=\"The Guide fels\u0151 szint\" src=\"\/\/cuccokhalomban.csillagpor.hu\/pict\/theguide-screenshot-2.jpg\" width=\"827\" height=\"507\" \/>\n<\/p>\n<p>Egy gyermek oldal hozz\u00e1ad\u00e1sa, sim\u00e1n Enterrel is lehet.<br \/>\n<img decoding=\"async\" loading=\"lazy\" alt=\"The Guide gyerek\" src=\"\/\/cuccokhalomban.csillagpor.hu\/pict\/theguide-screenshot-3.jpg\" width=\"827\" height=\"507\" \/>\n<\/p>\n<p>H\u00e1rom szint hozz\u00e1adva, sz\u00ednezz\u00fck ki a sz\u00f6veget!<br \/>\n<img decoding=\"async\" loading=\"lazy\" alt=\"The Guide 3 szint\" src=\"\/\/cuccokhalomban.csillagpor.hu\/pict\/theguide-screenshot-4.jpg\" width=\"827\" height=\"507\" \/>\n<\/p>\n<p>Az ikonokat m\u00f3dos\u00edthatjuk besz\u00e9desebbre.<br \/>\n<img decoding=\"async\" loading=\"lazy\" alt=\"The Guide ikon\" src=\"\/\/cuccokhalomban.csillagpor.hu\/pict\/theguide-screenshot-5.jpg\" width=\"827\" height=\"507\" \/>\n<\/p>\n<p>Sz\u00f6veg form\u00e1z\u00e1sa \u00e9s link hozz\u00e1ad\u00e1sa.<br \/>\n<img decoding=\"async\" loading=\"lazy\" alt=\"The Guide sz\u00f6veg\" src=\"\/\/cuccokhalomban.csillagpor.hu\/pict\/theguide-screenshot-6.jpg\" width=\"827\" height=\"507\" \/>\n<\/p>\n<p>Link URL \u00e9s link sz\u00f6veg\u00e9nek szerkeszt\u00e9se, ez ak\u00e1r f\u00e1jl, k\u00f6nyvt\u00e1r vagy e-mail is lehet.<br \/>\n<img decoding=\"async\" loading=\"lazy\" alt=\"The Guide URL\" src=\"\/\/cuccokhalomban.csillagpor.hu\/pict\/theguide-screenshot-7.jpg\" width=\"827\" height=\"507\" \/>\n<\/p>\n<p>Bet\u0171t\u00edpus be\u00e1ll\u00edt\u00e1sok.<br \/>\n<img decoding=\"async\" loading=\"lazy\" alt=\"The Guide bet\u0171\" src=\"\/\/cuccokhalomban.csillagpor.hu\/pict\/theguide-screenshot-8.jpg\" width=\"827\" height=\"507\" \/>\n<\/p>\n<p>Automatikus ment\u00e9s be\u00e1ll\u00edtott id\u0151k\u00f6z\u00f6nk\u00e9nt \u00e9s kil\u00e9p\u00e9skor, biztons\u00e1gi ment\u00e9s k\u00e9sz\u00edt\u00e9se, az \u00e9rtes\u00edt\u00e9si ter\u00fcletre kicsiny\u00edt\u00e9s \u00e9s egyebek &#8230;<br \/>\n<img decoding=\"async\" loading=\"lazy\" alt=\"The Guide ment\u00e9s\" src=\"\/\/cuccokhalomban.csillagpor.hu\/pict\/theguide-screenshot-9.jpg\" width=\"827\" height=\"507\" \/>\n<\/p>\n<p>Hordozhat\u00f3v\u00e1 alak\u00edt\u00e1s.<br \/>\n<img decoding=\"async\" loading=\"lazy\" alt=\"The Guide hordozhat\u00f3\" src=\"\/\/cuccokhalomban.csillagpor.hu\/pict\/theguide-screenshot-10.jpg\" width=\"827\" height=\"507\" \/>\n<\/p>\n<p>Sz\u00e1mozott lista k\u00e9sz\u00edt\u00e9s.<br \/>\n<img decoding=\"async\" loading=\"lazy\" alt=\"The Guide lista\" src=\"\/\/cuccokhalomban.csillagpor.hu\/pict\/theguide-screenshot-11.jpg\" width=\"827\" height=\"507\" \/><\/p>\n","protected":false},"excerpt":{"rendered":"<p>The Guide a fan\u00e9zet\u0171 jegyzetel\u0151 program elindult, a baloldali panelre jobb gombbal kattintva kezdhetj\u00fck is a munk\u00e1t. Adjunk hozz\u00e1 egy fels\u0151szint\u0171 oldalt, Ctrl-Enterrel&#46;&#46;&#46;<\/p>\n","protected":false},"author":1,"featured_media":0,"parent":0,"menu_order":0,"comment_status":"closed","ping_status":"closed","template":"","meta":{"footnotes":""},"_links":{"self":[{"href":"https:\/\/csillagpor.hu\/remek\/programok\/wp-json\/wp\/v2\/pages\/1283"}],"collection":[{"href":"https:\/\/csillagpor.hu\/remek\/programok\/wp-json\/wp\/v2\/pages"}],"about":[{"href":"https:\/\/csillagpor.hu\/remek\/programok\/wp-json\/wp\/v2\/types\/page"}],"author":[{"embeddable":true,"href":"https:\/\/csillagpor.hu\/remek\/programok\/wp-json\/wp\/v2\/users\/1"}],"replies":[{"embeddable":true,"href":"https:\/\/csillagpor.hu\/remek\/programok\/wp-json\/wp\/v2\/comments?post=1283"}],"version-history":[{"count":0,"href":"https:\/\/csillagpor.hu\/remek\/programok\/wp-json\/wp\/v2\/pages\/1283\/revisions"}],"wp:attachment":[{"href":"https:\/\/csillagpor.hu\/remek\/programok\/wp-json\/wp\/v2\/media?parent=1283"}],"curies":[{"name":"wp","href":"https:\/\/api.w.org\/{rel}","templated":true}]}}