{"id":1286,"date":"2012-07-27T00:03:43","date_gmt":"2012-07-26T22:03:43","guid":{"rendered":"http:\/\/csillagpor.hu\/remek\/programok\/?page_id=1286"},"modified":"2022-06-30T17:43:13","modified_gmt":"2022-06-30T15:43:13","slug":"sunbird-screenshot","status":"publish","type":"page","link":"https:\/\/csillagpor.hu\/remek\/programok\/sunbird-screenshot","title":{"rendered":"Sunbird k\u00e9perny\u0151k\u00e9pek"},"content":{"rendered":"<p>A Sunbird-\u00f6t m\u00e1r nem fejleszti a Mozilla, a Lightning Tunderbird plugin \u00e9rhet\u0151 el helyette.<\/p>\n<p>A <a target=\"_blank\" title=\"mozilla sunbird\" href=\"\/\/csillagpor.hu\/remek\/programok\/mozilla-sunbird-letoltese\" rel=\"noopener noreferrer\">Sunbird<\/a> <a target=\"_blank\" title=\"napt\u00e1r\" href=\"\/\/csillagpor.hu\/remek\/programok\/feladatkezelo-naptar-jegyzetfuzet\" rel=\"noopener noreferrer\">napt\u00e1r program<\/a> els\u0151 ind\u00edt\u00e1sa. Napi n\u00e9zet.<br \/>\n<img decoding=\"async\" loading=\"lazy\" alt=\"Sunbird napt\u00e1r\" src=\"\/\/cuccokhalomban.csillagpor.hu\/pict\/sunbird-screenshot-1.jpg\" width=\"682\" height=\"500\" \/>\n<\/p>\n<p>Heti n\u00e9zet, 8-16 \u00f3r\u00e1ig, azaz a munkaid\u0151 l\u00e1that\u00f3.<br \/>\n<img decoding=\"async\" loading=\"lazy\" alt=\"Sunbird heti\" src=\"\/\/cuccokhalomban.csillagpor.hu\/pict\/sunbird-screenshot-2.jpg\" width=\"683\" height=\"500\" \/>\n<\/p>\n<p>T\u00f6bb heti n\u00e9zet, ami tulajdonk\u00e9pp 4 h\u00e9t.<br \/>\n<img decoding=\"async\" loading=\"lazy\" alt=\"Sunbird 4 h\u00e9t\" src=\"\/\/cuccokhalomban.csillagpor.hu\/pict\/sunbird-screenshot-3.jpg\" width=\"683\" height=\"500\" \/>\n<\/p>\n<p>H\u00f3nap, vagyis havi n\u00e9zet. Itt a 31 napon k\u00edv\u00fcl az el\u0151z\u0151 \u00e9s a k\u00f6vetkez\u0151 1 h\u00e9t is l\u00e1that\u00f3. A h\u00e9tv\u00e9ge is sz\u00fcrke sz\u00edn\u0171, mert nem munkanap, de ez \u00e1t\u00e1ll\u00edthat\u00f3.<br \/>\n<img decoding=\"async\" loading=\"lazy\" alt=\"Sunbird h\u00f3nap\" src=\"\/\/cuccokhalomban.csillagpor.hu\/pict\/sunbird-screenshot-4.jpg\" width=\"684\" height=\"500\" \/>\n<\/p>\n<p>\u00c1ltal\u00e1nos be\u00e1ll\u00edt\u00e1sok, d\u00e1tum form\u00e1tum, esem\u00e9ny \u00e9s szundi hossz, napt\u00e1rak friss\u00edt\u00e9se.<br \/>\n<img decoding=\"async\" loading=\"lazy\" alt=\"Sunbird be\u00e1ll\u00edt\u00e1sok\" src=\"\/\/cuccokhalomban.csillagpor.hu\/pict\/sunbird-screenshot-5.jpg\" width=\"683\" height=\"500\" \/>\n<\/p>\n<p>Kateg\u00f3ri\u00e1k \u00e9s egy \u00faj hozz\u00e1ad\u00e1sa, ha akarjuk sz\u00ednez\u00e9se.<br \/>\n<img decoding=\"async\" loading=\"lazy\" alt=\"Sunbird kateg\u00f3ri\u00e1k\" src=\"\/\/cuccokhalomban.csillagpor.hu\/pict\/sunbird-screenshot-6.jpg\" width=\"682\" height=\"500\" \/>\n<\/p>\n<p>N\u00e9zetek be\u00e1ll\u00edt\u00e1sai, pl: h\u00e9t kezd\u0151napja, a munkah\u00e9t napjai, nap kezdete \u00e9s v\u00e9ge, ilyenek &#8230;<br \/>\n<img decoding=\"async\" loading=\"lazy\" alt=\"Sunbird n\u00e9zetek\" src=\"\/\/cuccokhalomban.csillagpor.hu\/pict\/sunbird-screenshot-7.jpg\" width=\"683\" height=\"500\" \/>\n<\/p>\n<p>\u00daj esem\u00e9ny vagy feladat hozz\u00e1ad\u00e1sa pl. az adott napra jobb gombbal kattintva.<br \/>\n<img decoding=\"async\" loading=\"lazy\" alt=\"Sunbird \u00faj teend\u0151\" src=\"\/\/cuccokhalomban.csillagpor.hu\/pict\/sunbird-screenshot-8.jpg\" width=\"683\" height=\"500\" \/>\n<\/p>\n<p>\u00daj esem\u00e9ny, c\u00edm, hely, le\u00edr\u00e1s, kezdet, v\u00e9g, ism\u00e9tl\u00e9s, eml\u00e9keztet\u0151.<br \/>\n<img decoding=\"async\" loading=\"lazy\" alt=\"Sunbird esem\u00e9ny\" src=\"\/\/cuccokhalomban.csillagpor.hu\/pict\/sunbird-screenshot-9.jpg\" width=\"610\" height=\"500\" \/>\n<\/p>\n<p>\u00daj feladat, kb. ugyanazok mint az el\u0151bb&#8230;<br \/>\n<img decoding=\"async\" loading=\"lazy\" alt=\"Sunbird feladat\" src=\"\/\/cuccokhalomban.csillagpor.hu\/pict\/sunbird-screenshot-10.jpg\" width=\"611\" height=\"500\" \/>\n<\/p>\n<p>Az eszk\u00f6zt\u00e1r testreszab\u00e1sa, ugyan\u00fagy mint ahogy m\u00e1s Mozilla szoftverekn\u00e9l, h\u00fazd \u00e9s ejtsd m\u00f3dszerrel.<br \/>\n<img decoding=\"async\" loading=\"lazy\" alt=\"Sunbird eszk\u00f6zt\u00e1r\" src=\"\/\/cuccokhalomban.csillagpor.hu\/pict\/sunbird-screenshot-11.jpg\" width=\"683\" height=\"500\" \/>\n<\/p>\n<p>Egy esem\u00e9ny eml\u00e9keztet\u0151inek be\u00e1ll\u00edt\u00e1sa.<br \/>\n<img decoding=\"async\" loading=\"lazy\" alt=\"Sunbird eml\u00e9keztet\u0151\" src=\"\/\/cuccokhalomban.csillagpor.hu\/pict\/sunbird-screenshot-13.jpg\" width=\"611\" height=\"500\" \/><\/p>\n","protected":false},"excerpt":{"rendered":"<p><a target=\"_blank\" title=\"sunbird, lightning\" href=\"\/\/csillagpor.hu\/remek\/programok\/sunbird-screenshot\" rel=\"noopener noreferrer\"><img decoding=\"async\" loading=\"lazy\" alt=\"Sunbird\" src=\"\/\/cuccokhalomban.csillagpor.hu\/pict\/mozilla_sunbird.jpg\" width=\"100\" height=\"75\" class=\"flr\" \/><\/a>A Sunbird-\u00f6t m\u00e1r nem fejleszti a Mozilla, a Lightning Tunderbird plugin \u00e9rhet\u0151 el helyette. A Sunbird napt\u00e1r program els\u0151 ind\u00edt\u00e1sa. Napi n\u00e9zet. Heti n\u00e9zet, 8-16 \u00f3r\u00e1ig, azaz a munkaid\u0151 l\u00e1that\u00f3&#8230;<\/p>\n","protected":false},"author":1,"featured_media":0,"parent":0,"menu_order":0,"comment_status":"closed","ping_status":"closed","template":"","meta":{"footnotes":""},"_links":{"self":[{"href":"https:\/\/csillagpor.hu\/remek\/programok\/wp-json\/wp\/v2\/pages\/1286"}],"collection":[{"href":"https:\/\/csillagpor.hu\/remek\/programok\/wp-json\/wp\/v2\/pages"}],"about":[{"href":"https:\/\/csillagpor.hu\/remek\/programok\/wp-json\/wp\/v2\/types\/page"}],"author":[{"embeddable":true,"href":"https:\/\/csillagpor.hu\/remek\/programok\/wp-json\/wp\/v2\/users\/1"}],"replies":[{"embeddable":true,"href":"https:\/\/csillagpor.hu\/remek\/programok\/wp-json\/wp\/v2\/comments?post=1286"}],"version-history":[{"count":0,"href":"https:\/\/csillagpor.hu\/remek\/programok\/wp-json\/wp\/v2\/pages\/1286\/revisions"}],"wp:attachment":[{"href":"https:\/\/csillagpor.hu\/remek\/programok\/wp-json\/wp\/v2\/media?parent=1286"}],"curies":[{"name":"wp","href":"https:\/\/api.w.org\/{rel}","templated":true}]}}