{"id":1288,"date":"2012-07-27T14:07:12","date_gmt":"2012-07-27T12:07:12","guid":{"rendered":"http:\/\/csillagpor.hu\/remek\/programok\/?page_id=1288"},"modified":"2022-06-30T18:30:46","modified_gmt":"2022-06-30T16:30:46","slug":"abiword-screenshot","status":"publish","type":"page","link":"https:\/\/csillagpor.hu\/remek\/programok\/abiword-screenshot","title":{"rendered":"AbiWord k\u00e9perny\u0151k\u00e9pek"},"content":{"rendered":"<p><a target=\"_blank\" title=\"abiword\" href=\"\/\/csillagpor.hu\/remek\/programok\/abiword-szovegszerkeszto\" rel=\"noopener noreferrer\">Az AbiWord<\/a> <a target=\"_blank\" title=\"sz\u00f6vegszerkeszt\u0151\" href=\"\/\/csillagpor.hu\/remek\/programok\/szovegszerkeszto-programok\" rel=\"noopener noreferrer\">sz\u00f6vegszerkeszt\u0151<\/a> telep\u00edt\u00e9se k\u00f6zben f\u00e1jl hozz\u00e1rendel\u00e9sek be\u00e1ll\u00edt\u00e1sa <span class=\"halov\">(doc \u00e9s rtf is)<\/span>, \u00e9s magyar nyelvi komponensek.<br \/>\n<img decoding=\"async\" loading=\"lazy\" alt=\"AbiWord telep\u00edt\u00e9s\" src=\"\/\/cuccokhalomban.csillagpor.hu\/pict\/abiword-screenshot-1.jpg\" width=\"503\" height=\"389\" \/>\n<\/p>\n<p>Tov\u00e1bbi \u00f6sszetev\u0151k xml, odt, sxw, eml f\u00e1jl form\u00e1tumok kezel\u00e9s\u00e9hez.<br \/>\n<img decoding=\"async\" loading=\"lazy\" alt=\"AbiWord f\u00e1jlok\" src=\"\/\/cuccokhalomban.csillagpor.hu\/pict\/abiword-screenshot-2.jpg\" width=\"505\" height=\"390\" \/>\n<\/p>\n<p>M\u00e9g itt is jel\u00f6lj\u00fck ki: hu-HU Hungarian, ugyanis alap\u00e9rtelmez\u00e9sben nem telep\u00edten\u00e9 a magyar sz\u00f3t\u00e1rt!<br \/>\n<img decoding=\"async\" loading=\"lazy\" alt=\"AbiWord\" src=\"\/\/cuccokhalomban.csillagpor.hu\/pict\/abiword-screenshot-3.jpg\" width=\"504\" height=\"390\" \/>\n<\/p>\n<p>K\u00f6zben a Microsoft Visual C++ 2008 is telep\u00fcl ha nincs a g\u00e9pen, mert ez sz\u00fcks\u00e9ges a futtat\u00e1shoz.<br \/>\n<img decoding=\"async\" loading=\"lazy\" alt=\"AbiWord c++\" src=\"\/\/cuccokhalomban.csillagpor.hu\/pict\/abiword-screenshot-4.jpg\" width=\"503\" height=\"389\" \/>\n<\/p>\n<p>\u00c9s elindult az AbiWord, olvashatjuk a Release Notes-t. Egyszer\u0171, magyar nyelv\u0171 fel\u00fclet, a r\u00e9gebbi Word\u00f6kh\u00f6z hasonl\u00edt.<br \/>\n<img decoding=\"async\" loading=\"lazy\" alt=\"AbiWord fel\u00fclet\" src=\"\/\/cuccokhalomban.csillagpor.hu\/pict\/abiword-screenshot-5.jpg\" width=\"970\" height=\"500\" \/>\n<\/p>\n<p>Az export\u00e1lhat\u00f3 f\u00e1jlt\u00edpusok a saj\u00e1t abw form\u00e1tumain k\u00edv\u00fcl: doc, html, mht, rtf, txt, eml, odt, sxc, docx.<br \/>\n<img decoding=\"async\" loading=\"lazy\" alt=\"AbiWord form\u00e1tumok\" src=\"\/\/cuccokhalomban.csillagpor.hu\/pict\/abiword-screenshot-6.jpg\" width=\"973\" height=\"500\" \/>\n<\/p>\n<p>A form\u00e1z\u00e1s men\u00fcpont, bet\u0171 \u00e9s bekezd\u00e9sek, t\u00e1bl\u00e1zatok, felsorol\u00e1s, has\u00e1bok \u00e9s tabul\u00e1torok, h\u00e1tt\u00e9r \u00e9s m\u00e9g sok minden form\u00e1z\u00e1sa.<br \/>\n<img decoding=\"async\" loading=\"lazy\" alt=\"AbiWord form\u00e1z\u00e1s\" src=\"\/\/cuccokhalomban.csillagpor.hu\/pict\/abiword-screenshot-7.jpg\" width=\"970\" height=\"500\" \/>\n<\/p>\n<p>Eszk\u00f6z\u00f6k, nyelv, szavak sz\u00e1ma, st\u00edluslista, k\u00f6rlev\u00e9l. Dokumentumt\u00f6rt\u00e9net, dokumentumok \u00f6sszehasonl\u00edt\u00e1sa \u00e9s mindenf\u00e9le be\u00e1ll\u00edt\u00e1sok.<br \/>\n<img decoding=\"async\" loading=\"lazy\" alt=\"AbiWord eszk\u00f6z\u00f6k\" src=\"\/\/cuccokhalomban.csillagpor.hu\/pict\/abiword-screenshot-8.jpg\" width=\"970\" height=\"500\" \/>\n<\/p>\n<p>Fejlett korrekt\u00fara kezel\u00e9s.<br \/>\n<img decoding=\"async\" loading=\"lazy\" alt=\"AbiWord korrekt\u00fara\" src=\"\/\/cuccokhalomban.csillagpor.hu\/pict\/abiword-screenshot-9.jpg\" width=\"973\" height=\"500\" \/>\n<\/p>\n<p>\u00c1ltal\u00e1nos be\u00e1ll\u00edt\u00e1sok, helyes\u00edr\u00e1s ellen\u0151rz\u00e9s g\u00e9pel\u00e9s k\u00f6zben, automatikus helyes\u00edr\u00e1s-ellen\u0151rz\u00e9s, ilyenek &#8230;<br \/>\n<img decoding=\"async\" loading=\"lazy\" alt=\"AbiWord helyes\u00edr\u00e1s\" src=\"\/\/cuccokhalomban.csillagpor.hu\/pict\/abiword-screenshot-10.jpg\" width=\"973\" height=\"500\" \/>\n<\/p>\n<p>Kijel\u00f6lt sz\u00f6veggel v\u00e9gezhet\u0151, jobb gombos men\u00fcb\u0151l el\u00e9rhet\u0151 lehet\u0151s\u00e9gek.<br \/>\n<img decoding=\"async\" loading=\"lazy\" alt=\"AbiWord sz\u00f6veg\" src=\"\/\/cuccokhalomban.csillagpor.hu\/pict\/abiword-screenshot-11.jpg\" width=\"974\" height=\"500\" \/>\n<\/p>\n<p>Minden eszk\u00f6zt\u00e1r \u00e9s sz\u00f6vegben l\u00e1that\u00f3 jel bekapcsolva.<br \/>\n<img decoding=\"async\" loading=\"lazy\" alt=\"AbiWord eszk\u00f6zt\u00e1r\" src=\"\/\/cuccokhalomban.csillagpor.hu\/pict\/abiword-screenshot-12.jpg\" width=\"974\" height=\"500\" \/><\/p>\n","protected":false},"excerpt":{"rendered":"<p>Az AbiWord sz\u00f6vegszerkeszt\u0151 telep\u00edt\u00e9se k\u00f6zben f\u00e1jl hozz\u00e1rendel\u00e9sek be\u00e1ll\u00edt\u00e1sa (doc \u00e9s rtf is), \u00e9s magyar nyelvi komponensek. Tov\u00e1bbi \u00f6sszetev\u0151k xml, odt, sxw, eml f\u00e1jl&#46;&#46;&#46;<\/p>\n","protected":false},"author":1,"featured_media":0,"parent":0,"menu_order":0,"comment_status":"closed","ping_status":"closed","template":"","meta":{"footnotes":""},"_links":{"self":[{"href":"https:\/\/csillagpor.hu\/remek\/programok\/wp-json\/wp\/v2\/pages\/1288"}],"collection":[{"href":"https:\/\/csillagpor.hu\/remek\/programok\/wp-json\/wp\/v2\/pages"}],"about":[{"href":"https:\/\/csillagpor.hu\/remek\/programok\/wp-json\/wp\/v2\/types\/page"}],"author":[{"embeddable":true,"href":"https:\/\/csillagpor.hu\/remek\/programok\/wp-json\/wp\/v2\/users\/1"}],"replies":[{"embeddable":true,"href":"https:\/\/csillagpor.hu\/remek\/programok\/wp-json\/wp\/v2\/comments?post=1288"}],"version-history":[{"count":0,"href":"https:\/\/csillagpor.hu\/remek\/programok\/wp-json\/wp\/v2\/pages\/1288\/revisions"}],"wp:attachment":[{"href":"https:\/\/csillagpor.hu\/remek\/programok\/wp-json\/wp\/v2\/media?parent=1288"}],"curies":[{"name":"wp","href":"https:\/\/api.w.org\/{rel}","templated":true}]}}