{"id":1300,"date":"2012-07-31T22:23:04","date_gmt":"2012-07-31T20:23:04","guid":{"rendered":"http:\/\/csillagpor.hu\/remek\/programok\/?page_id=1300"},"modified":"2022-06-30T18:08:34","modified_gmt":"2022-06-30T16:08:34","slug":"notepad2-screenshot","status":"publish","type":"page","link":"https:\/\/csillagpor.hu\/remek\/programok\/notepad2-screenshot","title":{"rendered":"Notepad2 k\u00e9perny\u0151k\u00e9pek"},"content":{"rendered":"<p><a target=\"_blank\" title=\"notepad2\" href=\"\/\/csillagpor.hu\/remek\/programok\/notepad2\" rel=\"noopener noreferrer\">A Notepad2 sz\u00f6vegszerkeszt\u0151<\/a> telep\u00edt\u00e9skor lecser\u00e9li Windows Notepad programot. Uninstall\u00e1l\u00e1s \u00e9s a Windows eredeti Notesz\u00e9nek vissza\u00e1ll\u00edt\u00e1sa a Vez\u00e9rl\u0151pultb\u00f3l lehets\u00e9ges.<br \/>\n<img decoding=\"async\" loading=\"lazy\" alt=\"Notepad2 telep\u00edt\u00e9s\" src=\"\/\/cuccokhalomban.csillagpor.hu\/pict\/notepad2-screenshot-1.jpg\" width=\"357\" height=\"184\" \/>\n<\/p>\n<p>Ind\u00edtsuk el a Futtat\u00e1sb\u00f3l, egy parancsikonr\u00f3l vagy nyissunk meg valamilyen hozz\u00e1rendelt f\u00e1jl!<br \/>\n<img decoding=\"async\" loading=\"lazy\" alt=\"Notepad2 ind\u00edt\u00e1s\" src=\"\/\/cuccokhalomban.csillagpor.hu\/pict\/notepad2-screenshot-3.jpg\" width=\"414\" height=\"213\" \/>\n<\/p>\n<p>M\u00e1r a Notepad2 indul a Notepad helyett. Lent l\u00e1thatjuk a m\u00e9retet, oszlopot, sort, k\u00f3dol\u00e1st, stb&#8230;<br \/>\n<img decoding=\"async\" loading=\"lazy\" alt=\"Notepad2\" src=\"\/\/cuccokhalomban.csillagpor.hu\/pict\/notepad2-screenshot-4.jpg\" width=\"637\" height=\"425\" \/>\n<\/p>\n<p>A File men\u00fcpontb\u00f3l el\u00e9rhetj\u00fck a k\u00f3dol\u00e1s be\u00e1ll\u00edt\u00e1sait, a sorv\u00e9gz\u0151d\u00e9st, az oldal be\u00e1ll\u00edt\u00e1sokat \u00e9s a kedvenceket.<br \/>\n<img decoding=\"async\" loading=\"lazy\" alt=\"Notepad2 file\" src=\"\/\/cuccokhalomban.csillagpor.hu\/pict\/notepad2-screenshot-5.jpg\" width=\"636\" height=\"485\" \/>\n<\/p>\n<p>Notepad2, az \u00f6sszes be\u00e1ll\u00edthat\u00f3 k\u00f3dol\u00e1s.<br \/>\n<img decoding=\"async\" loading=\"lazy\" alt=\"Notepad2 k\u00f3dol\u00e1s\" src=\"\/\/cuccokhalomban.csillagpor.hu\/pict\/notepad2-screenshot-6.jpg\" width=\"636\" height=\"425\" \/>\n<\/p>\n<p>Sor szerkeszt\u00e9s, mozgat\u00e1s, v\u00e1g\u00e1s, dupl\u00e1z\u00e1s, ilyesmi.<br \/>\n<img decoding=\"async\" loading=\"lazy\" alt=\"Notepad2 sor\" src=\"\/\/cuccokhalomban.csillagpor.hu\/pict\/notepad2-screenshot-7.jpg\" width=\"637\" height=\"591\" \/>\n<\/p>\n<p>Blokk szerkeszt\u00e9s, e v\u00e9g\u00e9n l\u00e1thatjuk ez milyen hasznos dolog &#8230;<br \/>\n<img decoding=\"async\" loading=\"lazy\" alt=\"Notepad2 blokk\" src=\"\/\/cuccokhalomban.csillagpor.hu\/pict\/notepad2-screenshot-8.jpg\" width=\"636\" height=\"595\" \/>\n<\/p>\n<p>Konvert\u00e1l\u00e1s, kisbet\u0171, nagybet\u0171, bekezd\u00e9s, ide-oda alak\u00edt\u00e1sa.<br \/>\n<img decoding=\"async\" loading=\"lazy\" alt=\"Notepad2 konvert\u00e1l\u00e1s\" src=\"\/\/cuccokhalomban.csillagpor.hu\/pict\/notepad2-screenshot-9.jpg\" width=\"636\" height=\"592\" \/>\n<\/p>\n<p>Besz\u00far\u00e1s, HTML, XML c\u00edmk\u00e9k, d\u00e1tum, id\u0151, f\u00e1jln\u00e9v, \u00fatvonal.<br \/>\n<img decoding=\"async\" loading=\"lazy\" alt=\"Notepad2 besz\u00far\u00e1s\" src=\"\/\/cuccokhalomban.csillagpor.hu\/pict\/notepad2-screenshot-10.jpg\" width=\"637\" height=\"595\" \/>\n<\/p>\n<p>Sz\u00f6veg keres\u00e9s \u00e9s csere.<br \/>\n<img decoding=\"async\" loading=\"lazy\" alt=\"Notepad2 csere\" src=\"\/\/cuccokhalomban.csillagpor.hu\/pict\/notepad2-screenshot-11.jpg\" width=\"636\" height=\"424\" \/>\n<\/p>\n<p>A szintaxis kiemel\u00e9s sz\u00edns\u00e9m\u00e1inak be\u00e1ll\u00edt\u00e1sai, alap\u00e9rtelmezett bet\u0171t\u00edpus, sort\u00f6r\u00e9s, egy\u00e9bk\u00e9nt nem l\u00e1that\u00f3 szerkeszt\u00e9si szimb\u00f3lumok megjelen\u00edt\u00e9se,<br \/>\nsor sz\u00e1moz\u00e1s, nagy\u00edt\u00e1s, stb&#8230;<br \/>\n<img decoding=\"async\" loading=\"lazy\" alt=\"Notepad2 n\u00e9zet\" src=\"\/\/cuccokhalomban.csillagpor.hu\/pict\/notepad2-screenshot-12.jpg\" width=\"636\" height=\"476\" \/>\n<\/p>\n<p>S\u00e9ma kiv\u00e1laszt\u00e1sa \u00e9s automatikusan v\u00e1lassza ki a f\u00e1jl kiterjeszt\u00e9s alapj\u00e1n.<br \/>\n<img decoding=\"async\" loading=\"lazy\" alt=\"Notepad2 s\u00e9ma\" src=\"\/\/cuccokhalomban.csillagpor.hu\/pict\/notepad2-screenshot-13.jpg\" width=\"638\" height=\"424\" \/>\n<\/p>\n<p>S\u00e9m\u00e1k igen r\u00e9szletes be\u00e1ll\u00edt\u00e1sa.<br \/>\n<img decoding=\"async\" loading=\"lazy\" alt=\"Notepad2 s\u00e9m\u00e1k\" src=\"\/\/cuccokhalomban.csillagpor.hu\/pict\/notepad2-screenshot-14.jpg\" width=\"896\" height=\"535\" \/>\n<\/p>\n<p>Eszk\u00f6zt\u00e1r testreszab\u00e1sa.<br \/>\n<img decoding=\"async\" loading=\"lazy\" alt=\"Notepad2 eszk\u00f6zt\u00e1r\" src=\"\/\/cuccokhalomban.csillagpor.hu\/pict\/notepad2-screenshot-15.jpg\" width=\"637\" height=\"424\" \/>\n<\/p>\n<p>Egy kicsit randa k\u00e9p XP-r\u0151l, de j\u00f3l l\u00e1tszik a blokk kijel\u00f6l\u00e9s, az a k\u00e9kes sz\u00edn\u0171 elt\u0171nik, ha most nyomunk egy Delete-t. Ezt a sz\u00f6veg b\u00e1rmely ter\u00fclet\u00e9n megtehetj\u00fck \u00e9s b\u00e1rhov\u00e1 \u00e1t is helyezhetj\u00fck a kijel\u00f6lt blokkot!<br \/>\n<img decoding=\"async\" loading=\"lazy\" alt=\"Notepad2 blokk\" src=\"\/\/cuccokhalomban.csillagpor.hu\/pict\/notepad2-screenshot-16.jpg\" width=\"575\" height=\"576\" \/><\/p>\n","protected":false},"excerpt":{"rendered":"<p>A Notepad2 sz\u00f6vegszerkeszt\u0151 telep\u00edt\u00e9skor lecser\u00e9li Windows Notepad programot. Uninstall\u00e1l\u00e1s \u00e9s a Windows eredeti Notesz\u00e9nek vissza\u00e1ll\u00edt\u00e1sa a Vez\u00e9rl\u0151pultb\u00f3l lehets\u00e9ges. Ind\u00edtsuk el a Futtat\u00e1sb\u00f3l, egy&#46;&#46;&#46;<\/p>\n","protected":false},"author":1,"featured_media":0,"parent":0,"menu_order":0,"comment_status":"closed","ping_status":"closed","template":"","meta":{"footnotes":""},"_links":{"self":[{"href":"https:\/\/csillagpor.hu\/remek\/programok\/wp-json\/wp\/v2\/pages\/1300"}],"collection":[{"href":"https:\/\/csillagpor.hu\/remek\/programok\/wp-json\/wp\/v2\/pages"}],"about":[{"href":"https:\/\/csillagpor.hu\/remek\/programok\/wp-json\/wp\/v2\/types\/page"}],"author":[{"embeddable":true,"href":"https:\/\/csillagpor.hu\/remek\/programok\/wp-json\/wp\/v2\/users\/1"}],"replies":[{"embeddable":true,"href":"https:\/\/csillagpor.hu\/remek\/programok\/wp-json\/wp\/v2\/comments?post=1300"}],"version-history":[{"count":0,"href":"https:\/\/csillagpor.hu\/remek\/programok\/wp-json\/wp\/v2\/pages\/1300\/revisions"}],"wp:attachment":[{"href":"https:\/\/csillagpor.hu\/remek\/programok\/wp-json\/wp\/v2\/media?parent=1300"}],"curies":[{"name":"wp","href":"https:\/\/api.w.org\/{rel}","templated":true}]}}