{"id":1306,"date":"2012-08-06T12:12:47","date_gmt":"2012-08-06T10:12:47","guid":{"rendered":"http:\/\/csillagpor.hu\/remek\/programok\/?page_id=1306"},"modified":"2022-06-30T18:01:56","modified_gmt":"2022-06-30T16:01:56","slug":"rainlendar-screenshot","status":"publish","type":"page","link":"https:\/\/csillagpor.hu\/remek\/programok\/rainlendar-screenshot","title":{"rendered":"Rainlendar k\u00e9perny\u0151k\u00e9pek"},"content":{"rendered":"<p><a target=\"_blank\" title=\"rainlendar napt\u00e1r\" href=\"\/\/csillagpor.hu\/remek\/programok\/rainlendar-naptar\" rel=\"noopener noreferrer\">A Rainlendar Lite napt\u00e1r program<\/a> telep\u00edt\u00e9se k\u00f6zben, itt ha nem akarjuk megvenni, akkor csak sim\u00e1n Finish.<br \/>\n<img decoding=\"async\" loading=\"lazy\" alt=\"Rainlendar telep\u00edt\u00e9s\" src=\"\/\/cuccokhalomban.csillagpor.hu\/pict\/rainlendar-screenshot-1.jpg\" width=\"503\" height=\"390\" \/>\n<\/p>\n<p>Be\u00e1ll\u00edt\u00e1sok, itt tehetj\u00fck magyarr\u00e1 \u00fagy, hogy k\u00f6z\u00e9pen a Get more languages&#8230; linkr\u0151l \u00e9rhetj\u00fck el a nyelvi f\u00e1jl let\u00f6lt\u0151 oldal\u00e1t&#8230;<br \/>\n<img decoding=\"async\" loading=\"lazy\" alt=\"Rainlendar nyelvi be\u00e1ll\u00edt\u00e1s\" src=\"\/\/cuccokhalomban.csillagpor.hu\/pict\/rainlendar-screenshot-2.jpg\" width=\"551\" height=\"540\" \/>\n<\/p>\n<p>Az oldalon a Hungarian-ra kattintva lej\u00f6n a Hungarian.r2lang f\u00e1jl, ami telep\u00edt\u00e9s ut\u00e1n m\u00e1r a Rainlendar programhoz van rendelve, teh\u00e1t dupl\u00e1n r\u00e1kattintva feltelep\u00fcl automatikusan.<br \/>\n<img decoding=\"async\" loading=\"lazy\" alt=\"Rainlendar magyar\" src=\"\/\/cuccokhalomban.csillagpor.hu\/pict\/rainlendar-screenshot-3.jpg\" width=\"738\" height=\"194\" \/>\n<\/p>\n<p>Itt m\u00e1r magyarul, ezt azt hiszem be\u00e1ll\u00edt\u00e1s \u00e9s a program \u00fajraind\u00edt\u00e1sa ut\u00e1n l\u00e1thatjuk.<br \/>\n<img decoding=\"async\" loading=\"lazy\" alt=\"Rainlendar magyarul\" src=\"\/\/cuccokhalomban.csillagpor.hu\/pict\/rainlendar-screenshot-4.jpg\" width=\"552\" height=\"493\" \/>\n<\/p>\n<p>Halad\u00f3 be\u00e1ll\u00edt\u00e1sok, pl: h\u00e9tv\u00e9gi napok, alap\u00e9rtelmezett kateg\u00f3ri\u00e1k, ablak poz\u00edci\u00f3 ment\u00e9se, t\u00f6bb napt\u00e1r enged\u00e9lyez\u00e9se &#8230;<br \/>\n<img decoding=\"async\" loading=\"lazy\" alt=\"Rainlendar halad\u00f3\" src=\"\/\/cuccokhalomban.csillagpor.hu\/pict\/rainlendar-screenshot-5.jpg\" width=\"551\" height=\"493\" \/>\n<\/p>\n<p>&#8230; bet\u0171t\u00edpus m\u00e9rete, alkalmak sz\u00e1ma, Aero betekint\u00e9s hat\u00e1s\u00e1ra rejtse el, friss\u00edt\u00e9sek keres\u00e9se &#8230;<br \/>\n<img decoding=\"async\" loading=\"lazy\" alt=\"Rainlendar halad\u00f3\" src=\"\/\/cuccokhalomban.csillagpor.hu\/pict\/rainlendar-screenshot-6.jpg\" width=\"551\" height=\"494\" \/>\n<\/p>\n<p>&#8230; H\u00e1l\u00f3zati be\u00e1ll\u00edt\u00e1sok, feladatok megjelen\u00edt\u00e9se a napt\u00e1rban, gyorstippek be\u00e1ll\u00edt\u00e1sai &#8230;<br \/>\n<img decoding=\"async\" loading=\"lazy\" alt=\"Rainlendar h\u00e1l\u00f3zat\" src=\"\/\/cuccokhalomban.csillagpor.hu\/pict\/rainlendar-screenshot-7.jpg\" width=\"551\" height=\"493\" \/>\n<\/p>\n<p>&#8230; Feladatlista \u00e9s Esem\u00e9nyek be\u00e1ll\u00edt\u00e1sai &#8230;<br \/>\n<img decoding=\"async\" loading=\"lazy\" alt=\"Rainlendar feladatlista\" src=\"\/\/cuccokhalomban.csillagpor.hu\/pict\/rainlendar-screenshot-8.jpg\" width=\"551\" height=\"493\" \/>\n<\/p>\n<p>&#8230; \u00dctemez\u00e9si \u00e9s riaszt\u00e1si be\u00e1ll\u00edt\u00e1sok &#8230;<br \/>\n<img decoding=\"async\" loading=\"lazy\" alt=\"Rainlendar \u00fctemez\u00e9s\" src=\"\/\/cuccokhalomban.csillagpor.hu\/pict\/rainlendar-screenshot-9.jpg\" width=\"550\" height=\"494\" \/>\n<\/p>\n<p>&#8230; Els\u0151 \u00e9s utols\u00f3 megjelen\u00edtett \u00f3ra \u00e9s riaszt\u00e1si be\u00e1ll\u00edt\u00e1sok.<br \/>\n<img decoding=\"async\" loading=\"lazy\" alt=\"Rainlendar riaszt\u00e1sok\" src=\"\/\/cuccokhalomban.csillagpor.hu\/pict\/rainlendar-screenshot-10.jpg\" width=\"551\" height=\"493\" \/>\n<\/p>\n<p>Az \u00f3ra melletti ikonra jobb gombbal kattintva ez a men\u00fc jelenik meg. \u00daj esem\u00e9ny \u00e9s feladat hozz\u00e1ad\u00e1sa, ablakok, napt\u00e1rak, v\u00e1lasztott h\u00f3nap.<br \/>\n<img decoding=\"async\" loading=\"lazy\" alt=\"Rainlendar \u00faj esem\u00e9ny\" src=\"\/\/cuccokhalomban.csillagpor.hu\/pict\/rainlendar-screenshot-11.jpg\" width=\"330\" height=\"326\" \/>\n<\/p>\n<p>Az aktu\u00e1lis \u00e9v h\u00f3napjainak kiv\u00e1laszt\u00e1sa.<br \/>\n<img decoding=\"async\" loading=\"lazy\" alt=\"Rainlendar h\u00f3napok\" src=\"\/\/cuccokhalomban.csillagpor.hu\/pict\/rainlendar-screenshot-12.jpg\" width=\"328\" height=\"502\" \/>\n<\/p>\n<p>Menedzser, iCalendar \u00e9s Rainlendar ini form\u00e1tumok import\u00e1l\u00e1sa, export\u00e1lni csak az iCalendart lehet.<br \/>\n<img decoding=\"async\" loading=\"lazy\" alt=\"Rainlendar menedzser\" src=\"\/\/cuccokhalomban.csillagpor.hu\/pict\/rainlendar-screenshot-13.jpg\" width=\"706\" height=\"450\" \/>\n<\/p>\n<p>Esem\u00e9ny hozz\u00e1ad\u00e1sa, \u00f6sszegz\u00e9s, hely, URL megad\u00e1sa \u00e9s a kezd\u00e9s, befejez\u00e9s be\u00e1ll\u00edt\u00e1sai.<br \/>\n<img decoding=\"async\" loading=\"lazy\" alt=\"Rainlendar esem\u00e9ny\" src=\"\/\/cuccokhalomban.csillagpor.hu\/pict\/rainlendar-screenshot-14.jpg\" width=\"869\" height=\"458\" \/>\n<\/p>\n<p>Esem\u00e9ny ism\u00e9tl\u00e9si be\u00e1ll\u00edt\u00e1sok.<br \/>\n<img decoding=\"async\" loading=\"lazy\" alt=\"Rainlendar ism\u00e9tl\u00e9s\" src=\"\/\/cuccokhalomban.csillagpor.hu\/pict\/rainlendar-screenshot-15.jpg\" width=\"868\" height=\"458\" \/>\n<\/p>\n<p>A napt\u00e1r az alap\u00e9rtelmezett t\u00e9m\u00e1val.<br \/>\n<img decoding=\"async\" loading=\"lazy\" alt=\"Rainlendar napt\u00e1r\" src=\"\/\/cuccokhalomban.csillagpor.hu\/pict\/rainlendar-screenshot-16.jpg\" width=\"255\" height=\"269\" \/>\n<\/p>\n<p>El\u00e9rhet\u0151 t\u00e9m\u00e1k, kiv\u00e1lasztjuk \u00e9s a jobbra mutat\u00f3 ny\u00edllal hozz\u00e1adjuk.<br \/>\n<img decoding=\"async\" loading=\"lazy\" alt=\"Rainlendar t\u00e9m\u00e1k\" src=\"\/\/cuccokhalomban.csillagpor.hu\/pict\/rainlendar-screenshot-17.jpg\" width=\"606\" height=\"511\" \/>\n<\/p>\n<p>Egy m\u00e1sik t\u00e9ma, megnyitva minden l\u00e9tez\u0151 ablak, m\u00e9g egy anal\u00f3g \u00f3r\u00e1t is kapunk.<br \/>\n<img decoding=\"async\" loading=\"lazy\" alt=\"Rainlendar k\u00e9k t\u00e9ma\" src=\"\/\/cuccokhalomban.csillagpor.hu\/pict\/rainlendar-screenshot-18.jpg\" width=\"1080\" height=\"500\" \/><\/p>\n","protected":false},"excerpt":{"rendered":"<p><a target=\"_blank\" title=\"Rainlendar k\u00e9perny\u0151k\u00e9pek\" href=\"\/\/csillagpor.hu\/remek\/programok\/rainlendar-screenshot\" rel=\"noopener noreferrer\"><img decoding=\"async\" loading=\"lazy\" alt=\"Rainlendar\" src=\"\/\/cuccokhalomban.csillagpor.hu\/pict\/rainlendar-kicsi.jpg\" width=\"100\" height=\"46\" class=\"flr\" \/><\/a>A Rainlendar Lite napt\u00e1r program telep\u00edt\u00e9se k\u00f6zben, itt ha nem akarjuk megvenni, akkor csak sim\u00e1n Finish. Be\u00e1ll\u00edt\u00e1sok, itt tehetj\u00fck magyarr\u00e1 \u00fagy, hogy k\u00f6z\u00e9pen a Get more languages&#8230; linkr\u0151l \u00e9rhetj\u00fck el a nyelvi f\u00e1jl let\u00f6lt\u0151 oldal\u00e1t&#8230; Halad\u00f3 be\u00e1ll\u00edt\u00e1sok, pl: h\u00e9tv\u00e9gi napok, alap\u00e9rtelmezett kateg\u00f3ri\u00e1k, ablak poz\u00edci\u00f3 ment\u00e9se, t\u00f6bb napt\u00e1r enged\u00e9lyez\u00e9se&#8230;<\/p>\n","protected":false},"author":1,"featured_media":0,"parent":0,"menu_order":0,"comment_status":"closed","ping_status":"closed","template":"","meta":{"footnotes":""},"_links":{"self":[{"href":"https:\/\/csillagpor.hu\/remek\/programok\/wp-json\/wp\/v2\/pages\/1306"}],"collection":[{"href":"https:\/\/csillagpor.hu\/remek\/programok\/wp-json\/wp\/v2\/pages"}],"about":[{"href":"https:\/\/csillagpor.hu\/remek\/programok\/wp-json\/wp\/v2\/types\/page"}],"author":[{"embeddable":true,"href":"https:\/\/csillagpor.hu\/remek\/programok\/wp-json\/wp\/v2\/users\/1"}],"replies":[{"embeddable":true,"href":"https:\/\/csillagpor.hu\/remek\/programok\/wp-json\/wp\/v2\/comments?post=1306"}],"version-history":[{"count":0,"href":"https:\/\/csillagpor.hu\/remek\/programok\/wp-json\/wp\/v2\/pages\/1306\/revisions"}],"wp:attachment":[{"href":"https:\/\/csillagpor.hu\/remek\/programok\/wp-json\/wp\/v2\/media?parent=1306"}],"curies":[{"name":"wp","href":"https:\/\/api.w.org\/{rel}","templated":true}]}}