{"id":1313,"date":"2012-08-08T23:15:52","date_gmt":"2012-08-08T21:15:52","guid":{"rendered":"http:\/\/csillagpor.hu\/remek\/programok\/?page_id=1313"},"modified":"2022-06-30T17:32:00","modified_gmt":"2022-06-30T15:32:00","slug":"xenu-screenshot","status":"publish","type":"page","link":"https:\/\/csillagpor.hu\/remek\/programok\/xenu-screenshot","title":{"rendered":"Xenu k\u00e9perny\u0151k\u00e9pek"},"content":{"rendered":"<p>A <a target=\"_blank\" title=\"\/\/csillagpor.hu\/remek\/programok\/xenu-letoltese\" href=\"\/\/csillagpor.hu\/remek\/programok\/xenu-letoltese\" rel=\"noopener noreferrer\">Xenu t\u00f6rt link keres\u0151vel<\/a> ellen\u0151rizhet\u00fcnk egy URL-t, URL list\u00e1t (sima txt f\u00e1jl) vagy bet\u00f6lthetj\u00fck a mentett .xen f\u00e1jlt.<br \/>\n<img decoding=\"async\" loading=\"lazy\" alt=\"Xenu ind\u00edt\u00e1s\" src=\"\/\/cuccokhalomban.csillagpor.hu\/pict\/xenu-screenshot-1.jpg\" width=\"702\" height=\"500\" \/>\n<\/p>\n<p>Be\u00e1ll\u00edt\u00e1sok, h\u00e1ny sz\u00e1lon fusson egyszerre (1-100), milyen link m\u00e9lys\u00e9gig (max. 999), \u00e9s jobb oldalon, hogy milyen t\u00edpus\u00fa t\u00f6rt linkeket keressen.<br \/>\n<img decoding=\"async\" loading=\"lazy\" alt=\"Xenu be\u00e1ll\u00edt\u00e1sok\" src=\"\/\/cuccokhalomban.csillagpor.hu\/pict\/xenu-screenshot-2.jpg\" width=\"702\" height=\"500\" \/>\n<\/p>\n<p>Halad\u00f3 be\u00e1ll\u00edt\u00e1sok, pl. cookie-k enged\u00e9lyez\u00e9se.<br \/>\n<img decoding=\"async\" loading=\"lazy\" alt=\"Xenu halad\u00f3 be\u00e1ll\u00edt\u00e1sok\" src=\"\/\/cuccokhalomban.csillagpor.hu\/pict\/xenu-screenshot-3.jpg\" width=\"702\" height=\"500\" \/>\n<\/p>\n<p>Melyik URL-t ellen\u0151rizz\u00fck, ellen\u0151rizze e a k\u00fcls\u0151 linket, \u00e9s kihagyjon, belefoglaljon e URL-eket.<br \/>\n<img decoding=\"async\" loading=\"lazy\" alt=\"Xenu URL\" src=\"\/\/cuccokhalomban.csillagpor.hu\/pict\/xenu-screenshot-4.jpg\" width=\"702\" height=\"500\" \/>\n<\/p>\n<p>A link ellen\u0151rz\u00e9s folyamatban, a z\u00f6ld az rendben van&#8230;<br \/>\n<img decoding=\"async\" loading=\"lazy\" alt=\"Xenu link\" src=\"\/\/cuccokhalomban.csillagpor.hu\/pict\/xenu-screenshot-5.jpg\" width=\"702\" height=\"500\" \/>\n<\/p>\n<p>Ha bejel\u00f6lj\u00fck, hogy csak a t\u00f6rt linkeket mutassa, r\u00f6gt\u00f6n elt\u0171nik minden \u00e9s \u00edgy \u00e1ttekinthet\u0151bb, mert ugye csak a hib\u00e1kat keress\u00fck.<br \/>\n<img decoding=\"async\" loading=\"lazy\" alt=\"Xenu t\u00f6rt link\" src=\"\/\/cuccokhalomban.csillagpor.hu\/pict\/xenu-screenshot-6.jpg\" width=\"702\" height=\"500\" \/>\n<\/p>\n<p>V\u00e9g\u00e9re lett hiba b\u0151ven. Innen a no connection \u00e9s a no such host ami igazi probl\u00e9ma. A v\u00e9g\u00e9n mindig megk\u00e9rdezi, akarunk e jelent\u00e9st.<br \/>\n<img decoding=\"async\" loading=\"lazy\" alt=\"Xenu befejezte\" src=\"\/\/cuccokhalomban.csillagpor.hu\/pict\/xenu-screenshot-7.jpg\" width=\"702\" height=\"500\" \/>\n<\/p>\n<p>T\u00f6rt link jelent\u00e9s, kategoriz\u00e1lva.<br \/>\n<img decoding=\"async\" loading=\"lazy\" alt=\"Xenu jelent\u00e9s\" src=\"\/\/cuccokhalomban.csillagpor.hu\/pict\/xenu-screenshot-8.jpg\" width=\"725\" height=\"500\" \/>\n<\/p>\n<p>A jelent\u00e9s egy m\u00e1sik r\u00e9szlete, statisztika.<br \/>\n<img decoding=\"async\" loading=\"lazy\" alt=\"Xenu statisztika\" src=\"\/\/cuccokhalomban.csillagpor.hu\/pict\/xenu-screenshot-9.jpg\" width=\"800\" height=\"324\" \/>\n<\/p>\n<p>Google sitemap f\u00e1jlt is k\u00e9sz\u00edttethet\u00fcnk vele, ha kijav\u00edtottuk a t\u00f6rt linkeket, csak azokat \u00fajra ellen\u0151rizhetj\u00fck, stb&#8230;<br \/>\n<img decoding=\"async\" loading=\"lazy\" alt=\"Xenu sitemap\" src=\"\/\/cuccokhalomban.csillagpor.hu\/pict\/xenu-screenshot-10.jpg\" width=\"702\" height=\"500\" \/>\n<\/p>\n<p>A t\u00f6bbi adat, ami az el\u0151z\u0151 k\u00e9peken nem l\u00e1tszott, pl. szerver t\u00edpusa, hiba le\u00edr\u00e1sa&#8230;<br \/>\n<img decoding=\"async\" loading=\"lazy\" alt=\"Xenu adatok\" src=\"\/\/cuccokhalomban.csillagpor.hu\/pict\/xenu-screenshot-11.jpg\" width=\"752\" height=\"500\" \/><\/p>\n","protected":false},"excerpt":{"rendered":"<p>A Xenu t\u00f6rt link keres\u0151vel ellen\u0151rizhet\u00fcnk egy URL-t, URL list\u00e1t (sima txt f\u00e1jl) vagy bet\u00f6lthetj\u00fck a mentett .xen f\u00e1jlt. Be\u00e1ll\u00edt\u00e1sok, h\u00e1ny sz\u00e1lon fusson&#46;&#46;&#46;<\/p>\n","protected":false},"author":1,"featured_media":0,"parent":0,"menu_order":0,"comment_status":"closed","ping_status":"closed","template":"","meta":{"footnotes":""},"_links":{"self":[{"href":"https:\/\/csillagpor.hu\/remek\/programok\/wp-json\/wp\/v2\/pages\/1313"}],"collection":[{"href":"https:\/\/csillagpor.hu\/remek\/programok\/wp-json\/wp\/v2\/pages"}],"about":[{"href":"https:\/\/csillagpor.hu\/remek\/programok\/wp-json\/wp\/v2\/types\/page"}],"author":[{"embeddable":true,"href":"https:\/\/csillagpor.hu\/remek\/programok\/wp-json\/wp\/v2\/users\/1"}],"replies":[{"embeddable":true,"href":"https:\/\/csillagpor.hu\/remek\/programok\/wp-json\/wp\/v2\/comments?post=1313"}],"version-history":[{"count":0,"href":"https:\/\/csillagpor.hu\/remek\/programok\/wp-json\/wp\/v2\/pages\/1313\/revisions"}],"wp:attachment":[{"href":"https:\/\/csillagpor.hu\/remek\/programok\/wp-json\/wp\/v2\/media?parent=1313"}],"curies":[{"name":"wp","href":"https:\/\/api.w.org\/{rel}","templated":true}]}}