{"id":1315,"date":"2012-08-12T23:35:50","date_gmt":"2012-08-12T21:35:50","guid":{"rendered":"http:\/\/csillagpor.hu\/remek\/programok\/?page_id=1315"},"modified":"2022-06-30T18:18:14","modified_gmt":"2022-06-30T16:18:14","slug":"handbrake-screenshot","status":"publish","type":"page","link":"https:\/\/csillagpor.hu\/remek\/programok\/handbrake-screenshot","title":{"rendered":"HandBrake k\u00e9perny\u0151k\u00e9pek"},"content":{"rendered":"<p><a target=\"_blank\" title=\"handbrake\" href=\"\/\/csillagpor.hu\/remek\/programok\/handbrake\" rel=\"noopener noreferrer\">A HandBrake<\/a> 1.0-\u00e1s verzi\u00f3ja Windows 10-en. Az egyes verzi\u00f3 m\u00e1r csak 64 bites Windowson m\u0171k\u00f6dik. Nyissunk meg r\u00f6gt\u00f6n indul\u00e1s ut\u00e1n egy vide\u00f3 f\u00e1jlt, vagy n\u00e9zz\u00fcnk k\u00f6r\u00fcl a be\u00e1ll\u00edt\u00e1sokban (bal lent: Preferences)!<br \/>\n<img decoding=\"async\" loading=\"lazy\" alt=\"HandBrake 1 megnyit\u00e1s vagy be\u00e1ll\u00edt\u00e1s\" src=\"\/\/cuccokhalomban.csillagpor.hu\/pict\/handbrake-kepernyokep-1.jpg\" width=\"730\" height=\"487\" \/>\n<\/p>\n<p>Itt be\u00e1ll\u00edthatjuk pl. hogy milyen rendszeress\u00e9ggel n\u00e9zzen \u00faj verzi\u00f3 ut\u00e1n, tov\u00e1bb\u00e1 lejjebb <a target=\"_blank\" title=\"videolan vlc media player\" href=\"\/\/csillagpor.hu\/remek\/programok\/videolan-vlc-media-player-letoltese\" rel=\"noopener noreferrer\">a VLC Media Player<\/a> \u00fatvonal\u00e1t, ha elt\u00e9r ett\u0151l.<br \/>\n<img decoding=\"async\" loading=\"lazy\" alt=\"HandBrake 1 friss\u00edt\u00e9sek, vlc\" src=\"\/\/cuccokhalomban.csillagpor.hu\/pict\/handbrake-kepernyokep-2.jpg\" width=\"730\" height=\"487\" \/>\n<\/p>\n<p>Az automatikus elnevez\u00e9s, elhelyez\u00e9s \u00e9s kiterjeszt\u00e9s be\u00e1ll\u00edt\u00e1sai.<br \/>\n<img decoding=\"async\" loading=\"lazy\" alt=\"HandBrake 1 automata\" src=\"\/\/cuccokhalomban.csillagpor.hu\/pict\/handbrake-kepernyokep-3.jpg\" width=\"730\" height=\"487\" \/>\n<\/p>\n<p>Sz\u0171r\u0151k be\u00e1ll\u00edt\u00e1sa ehhez az el\u0151be\u00e1ll\u00edt\u00e1shoz.<br \/>\n<img decoding=\"async\" loading=\"lazy\" alt=\"HandBrake 1 sz\u0171r\u0151k\" src=\"\/\/cuccokhalomban.csillagpor.hu\/pict\/handbrake-kepernyokep-4.jpg\" width=\"730\" height=\"487\" \/>\n<\/p>\n<p>Vide\u00f3 be\u00e1ll\u00edt\u00e1sok, enn\u00e9l a be\u00e1ll\u00edt\u00e1sn\u00e1l v\u00e1laszthat\u00f3 codecek.<br \/>\n<img decoding=\"async\" loading=\"lazy\" alt=\"HandBrake 1 video codec\" src=\"\/\/cuccokhalomban.csillagpor.hu\/pict\/handbrake-kepernyokep-5.jpg\" width=\"730\" height=\"487\" \/>\n<\/p>\n<p>Itt pedig az audio codecek.<br \/>\n<img decoding=\"async\" loading=\"lazy\" alt=\"HandBrake 1 audio codec\" src=\"\/\/cuccokhalomban.csillagpor.hu\/pict\/handbrake-kepernyokep-6.jpg\" width=\"730\" height=\"487\" \/>\n<\/p>\n<p>N\u00e9zz\u00fcnk egy m\u00e1sik be\u00e1ll\u00edt\u00e1st: Android 1080p30. Az Output Settintgsn\u00e9l l\u00e1that\u00f3, hogy kiv\u00e1laszthatjuk a kont\u00e9ner f\u00e1jlt, ez esetben <a target=\"_blank\" title=\"mp4\" href=\"\/\/csillagpor.hu\/remek\/fajlkiterjesztes\/mp4\" rel=\"noopener noreferrer\">MP4<\/a> \u00e9s optimaliz\u00e1lhatunk webre is.<br \/>\n<img decoding=\"async\" loading=\"lazy\" alt=\"HandBrake 1 Android\" src=\"\/\/cuccokhalomban.csillagpor.hu\/pict\/handbrake-kepernyokep-7.jpg\" width=\"730\" height=\"487\" \/>\n<\/p>\n<p>N\u00e9zz\u00fcnk egy Matroska be\u00e1ll\u00edt\u00e1st is!<br \/>\n<img decoding=\"async\" loading=\"lazy\" alt=\"HandBrake 1 Matroska\" src=\"\/\/cuccokhalomban.csillagpor.hu\/pict\/handbrake-kepernyokep-8.jpg\" width=\"730\" height=\"487\" \/>\n<\/p>\n<p>Jobb lent be\u00e1ll\u00edthatjuk, hogy ha befejezte az \u00e1tk\u00f3dol\u00e1st mit csin\u00e1ljon, pl: semmit, kapcsolja ki a g\u00e9pet, l\u00e9pjen ki a programb\u00f3l, stb&#8230;<br \/>\n<img decoding=\"async\" loading=\"lazy\" alt=\"HandBrake 1 ha befejezte\" src=\"\/\/cuccokhalomban.csillagpor.hu\/pict\/handbrake-kepernyokep-9.jpg\" width=\"730\" height=\"487\" \/>\n<\/p>\n<p>A Preset men\u00fcpontb\u00f3l el\u00e9rhetj\u00fck a jobboldali el\u0151be\u00e1ll\u00edt\u00e1s oszlop teljes tartalm\u00e1t, innen be is z\u00e1rhatjuk a Preset Panelt.<br \/>\n<img decoding=\"async\" loading=\"lazy\" alt=\"HandBrake 1 Preset\" src=\"\/\/cuccokhalomban.csillagpor.hu\/pict\/handbrake-kepernyokep-10.jpg\" width=\"730\" height=\"487\" \/>\n<\/p>\n<p>R\u00e9gebbi 0.x verzi\u00f3k&#8230;<\/p>\n<p>A Be\u00e1ll\u00edt\u00e1sok kicsit \u00e1tdolgozva, lap\u00edtott fel\u00fclettel.<br \/>\n<img decoding=\"async\" loading=\"lazy\" alt=\"HandBrake be\u00e1ll\u00edt\u00e1sok Windows 10\" src=\"\/\/cuccokhalomban.csillagpor.hu\/pict\/handbrake-w10-3.jpg\" width=\"730\" height=\"486\" \/>\n<\/p>\n<p>R\u00e9gebbi verzi\u00f3&#8230;..<\/p>\n<p><a target=\"_blank\" title=\"handbrake\" href=\"\/\/csillagpor.hu\/remek\/programok\/handbrake\" rel=\"noopener noreferrer\">A HandBrake<\/a> <a target=\"_blank\" title=\"\/\/csillagpor.hu\/remek\/programok\/konvertalo-programok\" href=\"\/\/csillagpor.hu\/remek\/programok\/konvertalo-programok\" rel=\"noopener noreferrer\">DVD-t vide\u00f3 f\u00e1jll\u00e1 alak\u00edt\u00f3 program<\/a> indul\u00f3 ablaka, m\u00e9g nincs bet\u00f6ltve semmi.<br \/>\n<img decoding=\"async\" loading=\"lazy\" alt=\"HandBrake\" src=\"\/\/cuccokhalomban.csillagpor.hu\/pict\/handbrake-screenshot-1.jpg\" width=\"730\" height=\"445\" \/>\n<\/p>\n<p>Be\u00e1ll\u00edt\u00e1sok, f\u00e1jl ment\u00e9s k\u00f6nyvt\u00e1ra, f\u00e1jln\u00e9v, MP4 f\u00e1jl kiterjeszt\u00e9s, mp4 vagy m4v.<br \/>\n<img decoding=\"async\" loading=\"lazy\" alt=\"HandBrake f\u00e1jl ment\u00e9s\" src=\"\/\/cuccokhalomban.csillagpor.hu\/pict\/handbrake-screenshot-2.jpg\" width=\"730\" height=\"445\" \/>\n<\/p>\n<p>Hang \u00e9s felirat nyelv v\u00e1laszt\u00e1s, automatikus vagy kiv\u00e1lasztjuk amit szeretn\u00e9nk.<br \/>\n<img decoding=\"async\" loading=\"lazy\" alt=\"HandBrake nyelv\" src=\"\/\/cuccokhalomban.csillagpor.hu\/pict\/handbrake-screenshot-3.jpg\" width=\"730\" height=\"445\" \/>\n<\/p>\n<p>Halad\u00f3 be\u00e1ll\u00edt\u00e1sok.<br \/>\n<img decoding=\"async\" loading=\"lazy\" alt=\"HandBrake halad\u00f3\" src=\"\/\/cuccokhalomban.csillagpor.hu\/pict\/handbrake-screenshot-4.jpg\" width=\"730\" height=\"445\" \/>\n<\/p>\n<p>Forr\u00e1s hozz\u00e1ad\u00e1sa, vide\u00f3 f\u00e1jl, k\u00f6nyvt\u00e1r vagy DVD.<br \/>\n<img decoding=\"async\" loading=\"lazy\" alt=\"HandBrake forr\u00e1s\" src=\"\/\/cuccokhalomban.csillagpor.hu\/pict\/handbrake-screenshot-5.jpg\" width=\"730\" height=\"445\" \/>\n<\/p>\n<p>El\u0151k\u00e9sz\u00fclet a vide\u00f3 el\u0151n\u00e9zethez, alap\u00e9rtelmez\u00e9s a VLC lej\u00e1tsz\u00f3, de ha nincs a g\u00e9pen, akkor pip\u00e1ljuk be az alap\u00e9rtelmezett rendszer lej\u00e1tsz\u00f3t.<br \/>\n<img decoding=\"async\" loading=\"lazy\" alt=\"HandBrake el\u0151n\u00e9zet\" src=\"\/\/cuccokhalomban.csillagpor.hu\/pict\/handbrake-screenshot-6.jpg\" width=\"730\" height=\"445\" \/>\n<\/p>\n<p>Vide\u00f3 codec be\u00e1ll\u00edt\u00e1sok, H.264, MPEG-4 vagy MPEG-2, lejjebb a m\u00e1sodpercenk\u00e9nti k\u00e9pek be\u00e1ll\u00edt\u00e1sa, ami lehet v\u00e1ltoz\u00f3 bitr\u00e1t\u00e1s is, jobbra a min\u0151s\u00e9g.<br \/>\n<img decoding=\"async\" loading=\"lazy\" alt=\"HandBrake codec\" src=\"\/\/cuccokhalomban.csillagpor.hu\/pict\/handbrake-screenshot-7.jpg\" width=\"730\" height=\"445\" \/>\n<\/p>\n<p>Audio be\u00e1ll\u00edt\u00e1sok, itt l\u00e1thatjuk a DVD eredeti hangj\u00e1t, amin sok mindent \u00e1t\u00e1ll\u00edthatunk &#8230;<br \/>\n<img decoding=\"async\" loading=\"lazy\" alt=\"HandBrake hang\" src=\"\/\/cuccokhalomban.csillagpor.hu\/pict\/handbrake-screenshot-8.jpg\" width=\"730\" height=\"445\" \/>\n<\/p>\n<p>&#8230; pl. ha halk vagy hangos volt, be\u00e1ll\u00edthatjuk nek\u00fcnk megfelel\u0151 er\u0151ss\u00e9g\u0171re.<br \/>\n<img decoding=\"async\" loading=\"lazy\" alt=\"HandBrake hanger\u0151\" src=\"\/\/cuccokhalomban.csillagpor.hu\/pict\/handbrake-screenshot-9.jpg\" width=\"730\" height=\"445\" \/>\n<\/p>\n<p>Felirat elt\u00e1vol\u00edt\u00e1sa, hozz\u00e1ad\u00e1sa, srt f\u00e1jl import\u00e1l\u00e1s.<br \/>\n<img decoding=\"async\" loading=\"lazy\" alt=\"HandBrake felirat\" src=\"\/\/cuccokhalomban.csillagpor.hu\/pict\/handbrake-screenshot-10.jpg\" width=\"730\" height=\"445\" \/>\n<\/p>\n<p>Halad\u00f3 be\u00e1ll\u00edt\u00e1sok.<br \/>\n<img decoding=\"async\" loading=\"lazy\" alt=\"HandBrake halad\u00f3\" src=\"\/\/cuccokhalomban.csillagpor.hu\/pict\/handbrake-screenshot-11.jpg\" width=\"730\" height=\"445\" \/>\n<\/p>\n<p>Ugyanezek univerz\u00e1lis mp4 f\u00e1jln\u00e1l&#8230;<br \/>\n<img decoding=\"async\" loading=\"lazy\" alt=\"HandBrake mp4\" src=\"\/\/cuccokhalomban.csillagpor.hu\/pict\/handbrake-screenshot-12.jpg\" width=\"730\" height=\"445\" \/>\n<\/p>\n<p>&#8230;\u00e9s Androidra k\u00f3dolt cs\u00facs min\u0151s\u00e9g\u0171 vide\u00f3n\u00e1l.<br \/>\n<img decoding=\"async\" loading=\"lazy\" alt=\"HandBrake Android\" src=\"\/\/cuccokhalomban.csillagpor.hu\/pict\/handbrake-screenshot-13.jpg\" width=\"730\" height=\"445\" \/>\n<\/p>\n<p>Az aktivit\u00e1s ablak, az eddig t\u00f6rt\u00e9ntek napl\u00f3zva.<br \/>\n<img decoding=\"async\" loading=\"lazy\" alt=\"HandBrake log\" src=\"\/\/cuccokhalomban.csillagpor.hu\/pict\/handbrake-screenshot-14.jpg\" width=\"730\" height=\"445\" \/><\/p>\n","protected":false},"excerpt":{"rendered":"<p><a target=\"_blank\" title=\"HandBrake k\u00e9perny\u0151k\u00e9pek\" href=\"\/\/csillagpor.hu\/remek\/programok\/handbrake-screenshot\" rel=\"noopener noreferrer\"><img decoding=\"async\" loading=\"lazy\" alt=\"HandBrake\" src=\"\/\/cuccokhalomban.csillagpor.hu\/pict\/handbrake-kicsi.jpg\" width=\"100\" height=\"61\" class=\"flr\" \/><\/a>A HandBrake 1.0-\u00e1s verzi\u00f3ja Windows 10-en. Az egyes verzi\u00f3 m\u00e1r csak 64 bites Windowson m\u0171k\u00f6dik. Nyissunk meg egy vide\u00f3 f\u00e1jlt, vagy n\u00e9zz\u00fcnk k\u00f6r\u00fcl a be\u00e1ll\u00edt\u00e1sokban! Az automatikus elnevez\u00e9s, elhelyez\u00e9s \u00e9s kiterjeszt\u00e9s be\u00e1ll\u00edt\u00e1sai, sz\u0171r\u0151k be\u00e1ll\u00edt\u00e1sa ehhez az el\u0151be\u00e1ll\u00edt\u00e1shoz, vide\u00f3 be\u00e1ll\u00edt\u00e1sok, v\u00e1laszthat\u00f3 codecek. N\u00e9zz\u00fcnk egy m\u00e1sik be\u00e1ll\u00edt\u00e1st: Android 1080p30. Az Output Settintgsn\u00e9l l\u00e1that\u00f3, hogy kiv\u00e1laszthatjuk a kont\u00e9ner f\u00e1jlt, ez esetben MP4 \u00e9s optimaliz\u00e1lhatunk webre is&#8230;<\/p>\n","protected":false},"author":1,"featured_media":0,"parent":0,"menu_order":0,"comment_status":"closed","ping_status":"closed","template":"","meta":{"footnotes":""},"_links":{"self":[{"href":"https:\/\/csillagpor.hu\/remek\/programok\/wp-json\/wp\/v2\/pages\/1315"}],"collection":[{"href":"https:\/\/csillagpor.hu\/remek\/programok\/wp-json\/wp\/v2\/pages"}],"about":[{"href":"https:\/\/csillagpor.hu\/remek\/programok\/wp-json\/wp\/v2\/types\/page"}],"author":[{"embeddable":true,"href":"https:\/\/csillagpor.hu\/remek\/programok\/wp-json\/wp\/v2\/users\/1"}],"replies":[{"embeddable":true,"href":"https:\/\/csillagpor.hu\/remek\/programok\/wp-json\/wp\/v2\/comments?post=1315"}],"version-history":[{"count":0,"href":"https:\/\/csillagpor.hu\/remek\/programok\/wp-json\/wp\/v2\/pages\/1315\/revisions"}],"wp:attachment":[{"href":"https:\/\/csillagpor.hu\/remek\/programok\/wp-json\/wp\/v2\/media?parent=1315"}],"curies":[{"name":"wp","href":"https:\/\/api.w.org\/{rel}","templated":true}]}}