{"id":1327,"date":"2012-08-23T23:02:40","date_gmt":"2012-08-23T21:02:40","guid":{"rendered":"http:\/\/csillagpor.hu\/remek\/programok\/?page_id=1327"},"modified":"2023-06-26T16:49:28","modified_gmt":"2023-06-26T14:49:28","slug":"fotosketcher-screenshot","status":"publish","type":"page","link":"https:\/\/csillagpor.hu\/remek\/programok\/fotosketcher-screenshot","title":{"rendered":"FotoSketcher k\u00e9perny\u0151k\u00e9pek"},"content":{"rendered":"<p>A <a target=\"_blank\" title=\"fotosketcher\" href=\"\/\/csillagpor.hu\/remek\/programok\/fotosketcher-letoltes\" rel=\"noopener noreferrer\">FotoSketcher k\u00e9p effektez\u0151<\/a> program telep\u00edt\u00e9se k\u00f6zben felk\u00e9redzkedne egy eszk\u00f6zt\u00e1r is, ne telep\u00edts\u00fck, teh\u00e1t vegy\u00fck ki  pip\u00e1kat a n\u00e9gyzetekb\u0151l.<br \/>\n<img decoding=\"async\" loading=\"lazy\" alt=\"FotoSketcher telep\u00edt\u00e9s\" src=\"\/\/cuccokhalomban.csillagpor.hu\/pict\/fotosketcher-screenshot-1.jpg\" width=\"503\" height=\"388\" \/>\n<\/p>\n<p><a target=\"_blank\" title=\"k\u00e9pszerkeszt\u0151\" href=\"\/\/csillagpor.hu\/remek\/programok\/kepszerkeszto-programok\" rel=\"noopener noreferrer\">A k\u00e9pszerkeszt\u0151<\/a> elindult, ez a saj\u00e1t minta k\u00e9pe.<br \/>\n<img decoding=\"async\" loading=\"lazy\" alt=\"FotoSketcher minta k\u00e9p\" src=\"\/\/cuccokhalomban.csillagpor.hu\/pict\/fotosketcher-screenshot-2.jpg\" width=\"824\" height=\"500\" \/>\n<\/p>\n<p>F\u00e1jl men\u00fcpont, k\u00e9p megnyit\u00e1s, ment\u00e9s, be\u00e1ll\u00edt\u00e1s h\u00e1tt\u00e9rk\u00e9pk\u00e9nt, k\u00f6tegelt feldolgoz\u00e1s &#8230;<br \/>\n<img decoding=\"async\" loading=\"lazy\" alt=\"FotoSketcher\" src=\"\/\/cuccokhalomban.csillagpor.hu\/pict\/fotosketcher-screenshot-3.jpg\" width=\"822\" height=\"500\" \/>\n<\/p>\n<p>K\u00f6tegelt feldolgoz\u00e1s&#8230; adjunk hozz\u00e1 t\u00f6bb k\u00e9pet, \u00e9s a be\u00e1ll\u00edtott effektet mindre alkalmazza.<br \/>\n<img decoding=\"async\" loading=\"lazy\" alt=\"FotoSketcher k\u00f6tegelt munka\" src=\"\/\/cuccokhalomban.csillagpor.hu\/pict\/fotosketcher-screenshot-4.jpg\" width=\"824\" height=\"500\" \/>\n<\/p>\n<p>Szerkeszt\u00e9s men\u00fcpont, \u00e1tm\u00e9retez\u00e9s \u00e9s elforgat\u00e1s, automatikus kontraszt \u00e9s \u00e9les\u00edt\u00e9s, m\u00e1sol\u00e1s v\u00e1g\u00f3lapra, sz\u00f6veg hozz\u00e1ad\u00e1sa \u00e9s egy\u00e9b m\u00e1s&#8230;<br \/>\n<img decoding=\"async\" loading=\"lazy\" alt=\"FotoSketcher szerkeszt\u00e9s\" src=\"\/\/cuccokhalomban.csillagpor.hu\/pict\/fotosketcher-screenshot-5.jpg\" width=\"824\" height=\"500\" \/>\n<\/p>\n<p>Forr\u00e1sk\u00e9p \u00e1tm\u00e9retez\u00e9se.<br \/>\n<img decoding=\"async\" loading=\"lazy\" alt=\"FotoSketcher \u00e1tm\u00e9retez\u00e9s\" src=\"\/\/cuccokhalomban.csillagpor.hu\/pict\/fotosketcher-screenshot-6.jpg\" width=\"822\" height=\"500\" \/>\n<\/p>\n<p>M\u00f3dos\u00edt\u00e1sok, f\u00e9nyintenzit\u00e1s, kontraszt, tel\u00edtetts\u00e9g, \u00e9letlen\u00edt\u00e9s, \u00e9les\u00edt\u00e9s, egyszer\u0171s\u00edt\u00e9s.<br \/>\n<img decoding=\"async\" loading=\"lazy\" alt=\"FotoSketcher m\u00f3dos\u00edt\u00e1sok\" src=\"\/\/cuccokhalomban.csillagpor.hu\/pict\/fotosketcher-screenshot-7.jpg\" width=\"824\" height=\"500\" \/>\n<\/p>\n<p>Rajzol\u00e1si param\u00e9terek, ceruza v\u00e1zlat st\u00edlus.<br \/>\n<img decoding=\"async\" loading=\"lazy\" alt=\"FotoSketcher rajzol\u00e1s\" src=\"\/\/cuccokhalomban.csillagpor.hu\/pict\/fotosketcher-screenshot-8.jpg\" width=\"824\" height=\"500\" \/>\n<\/p>\n<p>Ablak st\u00edlus m\u00f3dos\u00edt\u00e1sa.<br \/>\n<img decoding=\"async\" loading=\"lazy\" alt=\"FotoSketcher ablak\" src=\"\/\/cuccokhalomban.csillagpor.hu\/pict\/fotosketcher-screenshot-9.jpg\" width=\"822\" height=\"500\" \/>\n<\/p>\n<p>Ha t\u00e1mogatni szeretn\u00e9nk a fejleszt\u0151t.<br \/>\n<img decoding=\"async\" loading=\"lazy\" alt=\"FotoSketcher t\u00e1mogat\u00e1s\" src=\"\/\/cuccokhalomban.csillagpor.hu\/pict\/fotosketcher-screenshot-10.jpg\" width=\"822\" height=\"500\" \/>\n<\/p>\n<p>Rajzol\u00e1si st\u00edlus kiv\u00e1laszt\u00e1sa ceruza v\u00e1zlat effektek, toll \u00e9s tinta v\u00e1zlat hat\u00e1sok, fest\u00e9si effektek, stiliz\u00e1lt \u00e9s egy\u00e9b hat\u00e1sok csoportokba szedve.<br \/>\n<img decoding=\"async\" loading=\"lazy\" alt=\"FotoSketcher st\u00edlus\" src=\"\/\/cuccokhalomban.csillagpor.hu\/pict\/fotosketcher-screenshot-11.jpg\" width=\"823\" height=\"500\" \/>\n<\/p>\n<p>K\u00e9zzel rajzolva&#8230;<br \/>\n<img decoding=\"async\" loading=\"lazy\" alt=\"FotoSketcher k\u00e9zi rajz\" src=\"\/\/cuccokhalomban.csillagpor.hu\/pict\/fotosketcher-screenshot-12.jpg\" width=\"822\" height=\"500\" \/>\n<\/p>\n<p>Sz\u00f6veg hozz\u00e1ad\u00e1sa.<br \/>\n<img decoding=\"async\" loading=\"lazy\" alt=\"FotoSketcher sz\u00f6veg\" src=\"\/\/cuccokhalomban.csillagpor.hu\/pict\/fotosketcher-screenshot-13.jpg\" width=\"824\" height=\"500\" \/>\n<\/p>\n<p>K\u00e9pelford\u00edt\u00e1s.<br \/>\n<img decoding=\"async\" loading=\"lazy\" alt=\"FotoSketcher forgat\u00e1s\" src=\"\/\/cuccokhalomban.csillagpor.hu\/pict\/fotosketcher-screenshot-14.jpg\" width=\"824\" height=\"500\" \/><\/p>\n","protected":false},"excerpt":{"rendered":"<p>A FotoSketcher k\u00e9p effektez\u0151 program telep\u00edt\u00e9se k\u00f6zben felk\u00e9redzkedne egy eszk\u00f6zt\u00e1r is, ne telep\u00edts\u00fck, teh\u00e1t vegy\u00fck ki pip\u00e1kat a n\u00e9gyzetekb\u0151l. A k\u00e9pszerkeszt\u0151 elindult, ez&#46;&#46;&#46;<\/p>\n","protected":false},"author":1,"featured_media":0,"parent":0,"menu_order":0,"comment_status":"closed","ping_status":"closed","template":"","meta":{"footnotes":""},"_links":{"self":[{"href":"https:\/\/csillagpor.hu\/remek\/programok\/wp-json\/wp\/v2\/pages\/1327"}],"collection":[{"href":"https:\/\/csillagpor.hu\/remek\/programok\/wp-json\/wp\/v2\/pages"}],"about":[{"href":"https:\/\/csillagpor.hu\/remek\/programok\/wp-json\/wp\/v2\/types\/page"}],"author":[{"embeddable":true,"href":"https:\/\/csillagpor.hu\/remek\/programok\/wp-json\/wp\/v2\/users\/1"}],"replies":[{"embeddable":true,"href":"https:\/\/csillagpor.hu\/remek\/programok\/wp-json\/wp\/v2\/comments?post=1327"}],"version-history":[{"count":0,"href":"https:\/\/csillagpor.hu\/remek\/programok\/wp-json\/wp\/v2\/pages\/1327\/revisions"}],"wp:attachment":[{"href":"https:\/\/csillagpor.hu\/remek\/programok\/wp-json\/wp\/v2\/media?parent=1327"}],"curies":[{"name":"wp","href":"https:\/\/api.w.org\/{rel}","templated":true}]}}