{"id":1328,"date":"2012-08-24T19:45:16","date_gmt":"2012-08-24T17:45:16","guid":{"rendered":"http:\/\/csillagpor.hu\/remek\/programok\/?page_id=1328"},"modified":"2022-06-30T18:16:39","modified_gmt":"2022-06-30T16:16:39","slug":"instantmask-screenshot","status":"publish","type":"page","link":"https:\/\/csillagpor.hu\/remek\/programok\/instantmask-screenshot","title":{"rendered":"InstantMask k\u00e9perny\u0151k\u00e9pek"},"content":{"rendered":"<p>Az <a target=\"_blank\" title=\"instantmask\" href=\"\/\/csillagpor.hu\/remek\/programok\/instantmask-letoltes\" rel=\"noopener noreferrer\">InstantMask k\u00e9p h\u00e1tt\u00e9r elt\u00e1vol\u00edt\u00f3<\/a> telep\u00edt\u00e9se elej\u00e9n itt nem musz\u00e1j semmit sem megadnunk, ha nem akarunk, csak Next.<br \/>\n<img decoding=\"async\" loading=\"lazy\" alt=\"InstantMask\" src=\"\/\/cuccokhalomban.csillagpor.hu\/pict\/instantmask-screenshot-1.jpg\" width=\"502\" height=\"388\" \/>\n<\/p>\n<p>Itt megk\u00f6sz\u00f6nik, hogy haszn\u00e1ljuk a programot, elmondj\u00e1k, hogy mi is ez, de tulajdonk\u00e9pp azt szeretn\u00e9nk, hogy vegy\u00fck meg a pr\u00e9mium verzi\u00f3t. Ami meg is \u00e9ri annak, akinek ugyanez kell okosabban.<br \/>\n<img decoding=\"async\" loading=\"lazy\" alt=\"InstantMask le\u00edr\u00e1s\" src=\"\/\/cuccokhalomban.csillagpor.hu\/pict\/instantmask-screenshot-2.jpg\" width=\"616\" height=\"438\" \/>\n<\/p>\n<p>Kezdj\u00fck a z\u00f6lddel berajzolni azt, aminek meg kell maradnia.<br \/>\n<img decoding=\"async\" loading=\"lazy\" alt=\"InstantMask marad\" src=\"\/\/cuccokhalomban.csillagpor.hu\/pict\/instantmask-screenshot-3.jpg\" width=\"616\" height=\"438\" \/>\n<\/p>\n<p>Pirossal azt, amin k\u00edv\u00fcl el szeretn\u00e9nk t\u00fcntetni a h\u00e1tteret.<br \/>\n<img decoding=\"async\" loading=\"lazy\" alt=\"InstantMask nem kell\" src=\"\/\/cuccokhalomban.csillagpor.hu\/pict\/instantmask-screenshot-4.jpg\" width=\"616\" height=\"438\" \/>\n<\/p>\n<p>Ez nem siker\u00fclt t\u00fal j\u00f3l, vagyis \u00edgy NEM kell csin\u00e1lni. A z\u00f6ldnek csak a bels\u0151 r\u00e9szben kell maradnia, a pirosnak pedig csak a k\u00fcls\u0151n. Nekem ez \u00edgy els\u0151re nem siker\u00fclt. Fontos, hogy nem kell pontosan a kont\u00fart v\u00e9gig h\u00fazni, csak meg kell jel\u00f6lni, mi kell, mi nem. A kont\u00far keres\u00e9s\u00e9t a program v\u00e9gzi.<br \/>\n<a target=\"_blank\" title=\"instantmask\" href=\"\/\/csillagpor.hu\/remek\/programok\/instantmask-letoltes\" rel=\"noopener noreferrer\">N\u00e9zz\u00fck meg ink\u00e1bb a vide\u00f3kat!<\/a><br \/>\n<img decoding=\"async\" loading=\"lazy\" alt=\"InstantMask\" src=\"\/\/cuccokhalomban.csillagpor.hu\/pict\/instantmask-screenshot-5.jpg\" width=\"616\" height=\"438\" \/><\/p>\n","protected":false},"excerpt":{"rendered":"<p>Az InstantMask k\u00e9p h\u00e1tt\u00e9r elt\u00e1vol\u00edt\u00f3 telep\u00edt\u00e9se elej\u00e9n itt nem musz\u00e1j semmit sem megadnunk, ha nem akarunk, csak Next. Itt megk\u00f6sz\u00f6nik, hogy haszn\u00e1ljuk a&#46;&#46;&#46;<\/p>\n","protected":false},"author":1,"featured_media":0,"parent":0,"menu_order":0,"comment_status":"closed","ping_status":"closed","template":"","meta":{"footnotes":""},"_links":{"self":[{"href":"https:\/\/csillagpor.hu\/remek\/programok\/wp-json\/wp\/v2\/pages\/1328"}],"collection":[{"href":"https:\/\/csillagpor.hu\/remek\/programok\/wp-json\/wp\/v2\/pages"}],"about":[{"href":"https:\/\/csillagpor.hu\/remek\/programok\/wp-json\/wp\/v2\/types\/page"}],"author":[{"embeddable":true,"href":"https:\/\/csillagpor.hu\/remek\/programok\/wp-json\/wp\/v2\/users\/1"}],"replies":[{"embeddable":true,"href":"https:\/\/csillagpor.hu\/remek\/programok\/wp-json\/wp\/v2\/comments?post=1328"}],"version-history":[{"count":0,"href":"https:\/\/csillagpor.hu\/remek\/programok\/wp-json\/wp\/v2\/pages\/1328\/revisions"}],"wp:attachment":[{"href":"https:\/\/csillagpor.hu\/remek\/programok\/wp-json\/wp\/v2\/media?parent=1328"}],"curies":[{"name":"wp","href":"https:\/\/api.w.org\/{rel}","templated":true}]}}