{"id":1329,"date":"2012-08-24T20:23:47","date_gmt":"2012-08-24T18:23:47","guid":{"rendered":"http:\/\/csillagpor.hu\/remek\/programok\/?page_id=1329"},"modified":"2022-06-30T18:16:44","modified_gmt":"2022-06-30T16:16:44","slug":"instant-photo-sketch-screenshot","status":"publish","type":"page","link":"https:\/\/csillagpor.hu\/remek\/programok\/instant-photo-sketch-screenshot","title":{"rendered":"Instant Photo Sketch k\u00e9perny\u0151k\u00e9pek"},"content":{"rendered":"<p>Az <a target=\"_blank\" title=\"Instant Photo Sketch\" href=\"\/\/csillagpor.hu\/remek\/programok\/instant-photo-sketch\" rel=\"noopener noreferrer\">Instant Photo Sketch<\/a> telep\u00edt\u00e9s\u00e9nek v\u00e9g\u00e9n itt feliratkozhatn\u00e1nk egy mini tanfolyamra, de ha nem akarunk, akkor csak Next \u00e9s k\u00e9sz.<br \/>\n<img decoding=\"async\" loading=\"lazy\" alt=\"Instant Photo Sketch tanfolyam\" src=\"\/\/cuccokhalomban.csillagpor.hu\/pict\/instant-photo-sketch-screenshot-2.jpg\" width=\"503\" height=\"388\" \/>\n<\/p>\n<p>Bet\u00f6ltj\u00fck a m\u00f3dos\u00edtand\u00f3 k\u00e9pet, be\u00e1ll\u00edtjuk a fekete \u00e9s a feh\u00e9r szintet, majd a z\u00f6ld play ikonra kattintunk.<br \/>\n<img decoding=\"async\" loading=\"lazy\" alt=\"Instant Photo Sketch k\u00e9p\" src=\"\/\/cuccokhalomban.csillagpor.hu\/pict\/instant-photo-sketch-screenshot-3.jpg\" width=\"616\" height=\"438\" \/>\n<\/p>\n<p>Teh\u00e1t amit playnek neveztem az a &#8220;Create sketch&#8221;, \u00e9s itt l\u00e1thatjuk a k\u00e9sz k\u00e9pet &#8230;<br \/>\n<img decoding=\"async\" loading=\"lazy\" alt=\"Instant Photo Sketch\" src=\"\/\/cuccokhalomban.csillagpor.hu\/pict\/instant-photo-sketch-screenshot-4.jpg\" width=\"616\" height=\"438\" \/>\n<\/p>\n<p>&#8230; amin belenagy\u00edtva l\u00e1tszik is a v\u00e1zlat rajz effekt nagyszer\u0171s\u00e9ge.<br \/>\n<img decoding=\"async\" loading=\"lazy\" alt=\"Instant Photo Sketch effekt\" src=\"\/\/cuccokhalomban.csillagpor.hu\/pict\/instant-photo-sketch-screenshot-5.jpg\" width=\"616\" height=\"438\" \/>\n<\/p>\n<p>Annyira egyszer\u0171 a program, hogy nem tudok t\u00f6bb k\u00e9pet bemutatni r\u00f3la &#8230; legyen m\u00e9g a k\u00e9sz\u00edt\u0151 neve is egy k\u00e9pen.<br \/>\n<img decoding=\"async\" loading=\"lazy\" alt=\"Instant Photo Sketch fejleszt\u0151\" src=\"\/\/cuccokhalomban.csillagpor.hu\/pict\/instant-photo-sketch-screenshot-6.jpg\" width=\"616\" height=\"438\" \/><\/p>\n","protected":false},"excerpt":{"rendered":"<p>Az Instant Photo Sketch telep\u00edt\u00e9s\u00e9nek v\u00e9g\u00e9n itt feliratkozhatn\u00e1nk egy mini tanfolyamra, de ha nem akarunk, akkor csak Next \u00e9s k\u00e9sz. Bet\u00f6ltj\u00fck a m\u00f3dos\u00edtand\u00f3&#46;&#46;&#46;<\/p>\n","protected":false},"author":1,"featured_media":0,"parent":0,"menu_order":0,"comment_status":"closed","ping_status":"closed","template":"","meta":{"footnotes":""},"_links":{"self":[{"href":"https:\/\/csillagpor.hu\/remek\/programok\/wp-json\/wp\/v2\/pages\/1329"}],"collection":[{"href":"https:\/\/csillagpor.hu\/remek\/programok\/wp-json\/wp\/v2\/pages"}],"about":[{"href":"https:\/\/csillagpor.hu\/remek\/programok\/wp-json\/wp\/v2\/types\/page"}],"author":[{"embeddable":true,"href":"https:\/\/csillagpor.hu\/remek\/programok\/wp-json\/wp\/v2\/users\/1"}],"replies":[{"embeddable":true,"href":"https:\/\/csillagpor.hu\/remek\/programok\/wp-json\/wp\/v2\/comments?post=1329"}],"version-history":[{"count":0,"href":"https:\/\/csillagpor.hu\/remek\/programok\/wp-json\/wp\/v2\/pages\/1329\/revisions"}],"wp:attachment":[{"href":"https:\/\/csillagpor.hu\/remek\/programok\/wp-json\/wp\/v2\/media?parent=1329"}],"curies":[{"name":"wp","href":"https:\/\/api.w.org\/{rel}","templated":true}]}}