{"id":1332,"date":"2012-08-28T21:25:04","date_gmt":"2012-08-28T19:25:04","guid":{"rendered":"http:\/\/csillagpor.hu\/remek\/programok\/?page_id=1332"},"modified":"2022-06-30T18:01:45","modified_gmt":"2022-06-30T16:01:45","slug":"realworld-paint-screenshot","status":"publish","type":"page","link":"https:\/\/csillagpor.hu\/remek\/programok\/realworld-paint-screenshot","title":{"rendered":"RealWorld Paint k\u00e9perny\u0151k\u00e9pek"},"content":{"rendered":"<p><a target=\"_blank\" title=\"realworld paint\" href=\"\/\/csillagpor.hu\/remek\/programok\/realworld-paint-kepszerkeszto\" rel=\"noopener noreferrer\">A RealWorld Paint<\/a> <a target=\"_blank\" title=\"k\u00e9pszerkeszt\u0151\" href=\"\/\/csillagpor.hu\/remek\/programok\/kepszerkeszto-programok\" rel=\"noopener noreferrer\">k\u00e9pszerkeszt\u0151 \u00e9s rajzol\u00f3 program<\/a> telep\u00edt\u00e9se k\u00f6zben tegy\u00fck fel a nyelvi csomagok t\u00e1mogat\u00e1s\u00e1t is.<br \/>\n<img decoding=\"async\" loading=\"lazy\" alt=\"RealWorld Paint telep\u00edt\u00e9s\" src=\"\/\/cuccokhalomban.csillagpor.hu\/pict\/realworld-paint-screenshot-1.jpg\" width=\"503\" height=\"410\" \/>\n<\/p>\n<p>Az indul\u00e1skor a nyelvek k\u00f6z\u00fcl v\u00e1lasszuk ki a magyart.<br \/>\n<img decoding=\"async\" loading=\"lazy\" alt=\"RealWorld Paint magyar\" src=\"\/\/cuccokhalomban.csillagpor.hu\/pict\/realworld-paint-screenshot-2.jpg\" width=\"974\" height=\"500\" \/>\n<\/p>\n<p>\u00c9s m\u00e1r magyar nyelv\u0171 is a programunk, innen az internetr\u0151l \u00e9rtes\u00fclhet\u00fcnk \u00fajdons\u00e1gokr\u00f3l, megn\u00e9zhetj\u00fck az oktat\u00f3anyagokat, Plugineket, egyebeket&#8230;<br \/>\n<img decoding=\"async\" loading=\"lazy\" alt=\"RealWorld Paint internet\" src=\"\/\/cuccokhalomban.csillagpor.hu\/pict\/realworld-paint-screenshot-3.jpg\" width=\"974\" height=\"500\" \/>\n<\/p>\n<p>A k\u00e9sz\u00edt\u00e9sre kattintva v\u00e1laszthatunk, hogy egy \u00faj k\u00e9pet k\u00e9sz\u00edt\u00fcnk e, vagy lef\u00e9nyk\u00e9pezz\u00fck az Asztalt, vagy &#8220;K\u00e9p az Asztalr\u00f3l&#8221;, ami rosszul van ford\u00edtva &#8230; az eredeti &#8220;Image from clipboard&#8221; vagyis k\u00e9p a v\u00e1g\u00f3lapr\u00f3l. A program csak 50%-ban van leford\u00edtva, sokszor helytelen\u00fcl, teh\u00e1t akik nem zavar az angol, az maradjon ann\u00e1l.<br \/>\n<img decoding=\"async\" loading=\"lazy\" alt=\"RealWorld Paint \u00faj k\u00e9p\" src=\"\/\/cuccokhalomban.csillagpor.hu\/pict\/realworld-paint-screenshot-4.jpg\" width=\"974\" height=\"500\" \/>\n<\/p>\n<p>Az \u00faj k\u00e9p szerkeszt\u00e9se k\u00f6zben tov\u00e1bbi magyartalans\u00e1gokkal tal\u00e1lkozhatunk, mert mi az a &#8220;Kiv\u00e1g k\u00e9p kiv\u00e1laszt\u00e1sa&#8221;?<br \/>\n<img decoding=\"async\" loading=\"lazy\" alt=\"RealWorld Paint szerkeszt\u00e9s\" src=\"\/\/cuccokhalomban.csillagpor.hu\/pict\/realworld-paint-screenshot-5.jpg\" width=\"868\" height=\"500\" \/>\n<\/p>\n<p>A n\u00e9zet men\u00fcpontn\u00e1l kiv\u00e1laszthatjuk a l\u00e1that\u00f3 paneleket, pl. f\u0151 eszk\u00f6zt\u00e1r, raszter szerkeszt\u0151 eszk\u00f6zt\u00e1r, rajzol\u00f3 \u00e9s sz\u0171r\u0151 eszk\u00f6zt\u00e1r &#8230; m\u00e9g angolul. A lehets\u00e9ges nagy\u00edt\u00e1s sz\u00e1zal\u00e9kok: 6,25% &#8211; 3200%, stb &#8230;<br \/>\n<img decoding=\"async\" loading=\"lazy\" alt=\"RealWorld Paint n\u00e9zet\" src=\"\/\/cuccokhalomban.csillagpor.hu\/pict\/realworld-paint-screenshot-6.jpg\" width=\"868\" height=\"500\" \/>\n<\/p>\n<p>K\u00e9p men\u00fcpont, v\u00e1szon m\u00e9rete, keret elt\u00e1vol\u00edt\u00e1s, \u00e1tm\u00e9retez\u00e9s (a &#8220;mint\u00e1zod&#8221; a resample ford\u00edt\u00e1sa :-)), k\u00fcl\u00f6nf\u00e9le transzform\u00e1ci\u00f3k, v\u00edzjel, k\u00e9plop\u00f3 &#8230;<br \/>\n<img decoding=\"async\" loading=\"lazy\" alt=\"RealWorld Paint k\u00e9p\" src=\"\/\/cuccokhalomban.csillagpor.hu\/pict\/realworld-paint-screenshot-7.jpg\" width=\"868\" height=\"500\" \/>\n<\/p>\n<p>F\u00e9nyk\u00e9p finomhangol\u00e1s, szintek, sz\u00fcrke sk\u00e1la, tel\u00edtetts\u00e9g, \u00e1tl\u00e1tsz\u00f3s\u00e1g, f\u00e9nyer\u0151, kontraszt, gamma korrekci\u00f3, ilyenek &#8230;<br \/>\n<img decoding=\"async\" loading=\"lazy\" alt=\"RealWorld Paint adjust\" src=\"\/\/cuccokhalomban.csillagpor.hu\/pict\/realworld-paint-screenshot-8.jpg\" width=\"868\" height=\"500\" \/>\n<\/p>\n<p>Effektek, \u00e1rny\u00e9k, ferdes\u00e9g, izz\u00f3, kit\u00f6lt\u00e9s, v\u00e1zlat, Gauss elmos\u00e1s &#8230;<br \/>\n<img decoding=\"async\" loading=\"lazy\" alt=\"RealWorld Paint effekt\" src=\"\/\/cuccokhalomban.csillagpor.hu\/pict\/realworld-paint-screenshot-9.jpg\" width=\"868\" height=\"500\" \/>\n<\/p>\n<p>Tov\u00e1bbi sz\u0171r\u0151k &#8230;<br \/>\n<img decoding=\"async\" loading=\"lazy\" alt=\"RealWorld Paint sz\u0171r\u0151k\" src=\"\/\/cuccokhalomban.csillagpor.hu\/pict\/realworld-paint-screenshot-10.jpg\" width=\"868\" height=\"500\" \/>\n<\/p>\n<p>Az Adobe Photoshop sz\u0171r\u0151ket itt kezelhetj\u00fck, ha vannak.<br \/>\n<img decoding=\"async\" loading=\"lazy\" alt=\"RealWorld Paint Photoshop filters\" src=\"\/\/cuccokhalomban.csillagpor.hu\/pict\/realworld-paint-screenshot-11.jpg\" width=\"868\" height=\"500\" \/>\n<\/p>\n<p>Anim\u00e1ci\u00f3t is l\u00e9trehozhatunk a RealWorld Painttel.<br \/>\n<img decoding=\"async\" loading=\"lazy\" alt=\"RealWorld Paint anim\u00e1ci\u00f3\" src=\"\/\/cuccokhalomban.csillagpor.hu\/pict\/realworld-paint-screenshot-12.jpg\" width=\"868\" height=\"500\" \/>\n<\/p>\n<p>R\u00e9tegek kezel\u00e9se.<br \/>\n<img decoding=\"async\" loading=\"lazy\" alt=\"RealWorld Paint r\u00e9tegek\" src=\"\/\/cuccokhalomban.csillagpor.hu\/pict\/realworld-paint-screenshot-13.jpg\" width=\"868\" height=\"500\" \/>\n<\/p>\n<p>Ez lenne az \u00e1tm\u00e9retez\u00e9s, vagyis Resample.<br \/>\n<img decoding=\"async\" loading=\"lazy\" alt=\"RealWorld Paint \u00e1tm\u00e9retez\u00e9s\" src=\"\/\/cuccokhalomban.csillagpor.hu\/pict\/realworld-paint-screenshot-14.jpg\" width=\"868\" height=\"500\" \/>\n<\/p>\n<p>Var\u00e1zsp\u00e1lca \u00e9s mindenf\u00e9le kiv\u00e1laszt\u00e1sok.<br \/>\n<img decoding=\"async\" loading=\"lazy\" alt=\"RealWorld Paint kiv\u00e1laszt\u00e1s\" src=\"\/\/cuccokhalomban.csillagpor.hu\/pict\/realworld-paint-screenshot-15.jpg\" width=\"868\" height=\"500\" \/>\n<\/p>\n<p>Ecset, lassz\u00f3, ceruza.<br \/>\n<img decoding=\"async\" loading=\"lazy\" alt=\"RealWorld Paint ecset\" src=\"\/\/cuccokhalomban.csillagpor.hu\/pict\/realworld-paint-screenshot-16.jpg\" width=\"868\" height=\"500\" \/>\n<\/p>\n<p>Poligon, ellipszis, n\u00e9gysz\u00f6g, n\u00e9gysz\u00f6g rad\u00edr.<br \/>\n<img decoding=\"async\" loading=\"lazy\" alt=\"RealWorld Paint alakzatok\" src=\"\/\/cuccokhalomban.csillagpor.hu\/pict\/realworld-paint-screenshot-17.jpg\" width=\"868\" height=\"500\" \/>\n<\/p>\n<p>Ez itt az \u00e1rny\u00e9k lenne, csak alig l\u00e1tszik, jobboldalt a be\u00e1ll\u00edt\u00e1sai, ja \u00e9s persze sz\u00f6veg, meg egyebek&#8230;<br \/>\n<img decoding=\"async\" loading=\"lazy\" alt=\"RealWorld Paint \u00e1rny\u00e9k\" src=\"\/\/cuccokhalomban.csillagpor.hu\/pict\/realworld-paint-screenshot-18.jpg\" width=\"868\" height=\"500\" \/>\n<\/p>\n<p>Eg\u00e9r mozdulatokkal is vez\u00e9relhet\u0151 a program!<br \/>\n<img decoding=\"async\" loading=\"lazy\" alt=\"RealWorld Paint eg\u00e9r mozdulatok\" src=\"\/\/cuccokhalomban.csillagpor.hu\/pict\/realworld-paint-screenshot-19.jpg\" width=\"868\" height=\"500\" \/><\/p>\n","protected":false},"excerpt":{"rendered":"<p><a target=\"_blank\" title=\"RealWorld Paint k\u00e9perny\u0151k\u00e9pek\" href=\"\/\/csillagpor.hu\/remek\/programok\/realworld-paint-kepszerkeszto\" rel=\"noopener noreferrer\"><img decoding=\"async\" loading=\"lazy\" alt=\"RealWorld Paint\" src=\"\/\/cuccokhalomban.csillagpor.hu\/pict\/realworld-paint-kicsi.jpg\" width=\"100\" height=\"84\" class=\"flr\" \/><\/a>A RealWorld Paint k\u00e9pszerkeszt\u0151 \u00e9s rajzol\u00f3 program telep\u00edt\u00e9se k\u00f6zben tegy\u00fck fel a nyelvi csomagok t\u00e1mogat\u00e1s\u00e1t is. Az indul\u00e1skor a nyelvek k\u00f6z\u00fcl v\u00e1lasszuk ki a magyart. \u00c9s m\u00e1r magyar nyelv\u0171 is a programunk, innen az internetr\u0151l \u00e9rtes\u00fclhet\u00fcnk \u00fajdons\u00e1gokr\u00f3l, megn\u00e9zhetj\u00fck az oktat\u00f3anyagokat, Plugineket, egyebeket&#8230; A k\u00e9sz\u00edt\u00e9sre kattintva v\u00e1laszthatunk, hogy egy \u00faj k\u00e9pet k\u00e9sz\u00edt\u00fcnk e, vagy lef\u00e9nyk\u00e9pezz\u00fck az Asztalt &#8230;<\/p>\n","protected":false},"author":1,"featured_media":0,"parent":0,"menu_order":0,"comment_status":"closed","ping_status":"closed","template":"","meta":{"footnotes":""},"_links":{"self":[{"href":"https:\/\/csillagpor.hu\/remek\/programok\/wp-json\/wp\/v2\/pages\/1332"}],"collection":[{"href":"https:\/\/csillagpor.hu\/remek\/programok\/wp-json\/wp\/v2\/pages"}],"about":[{"href":"https:\/\/csillagpor.hu\/remek\/programok\/wp-json\/wp\/v2\/types\/page"}],"author":[{"embeddable":true,"href":"https:\/\/csillagpor.hu\/remek\/programok\/wp-json\/wp\/v2\/users\/1"}],"replies":[{"embeddable":true,"href":"https:\/\/csillagpor.hu\/remek\/programok\/wp-json\/wp\/v2\/comments?post=1332"}],"version-history":[{"count":0,"href":"https:\/\/csillagpor.hu\/remek\/programok\/wp-json\/wp\/v2\/pages\/1332\/revisions"}],"wp:attachment":[{"href":"https:\/\/csillagpor.hu\/remek\/programok\/wp-json\/wp\/v2\/media?parent=1332"}],"curies":[{"name":"wp","href":"https:\/\/api.w.org\/{rel}","templated":true}]}}