{"id":1338,"date":"2012-09-04T10:51:38","date_gmt":"2012-09-04T08:51:38","guid":{"rendered":"http:\/\/csillagpor.hu\/remek\/programok\/?page_id=1338"},"modified":"2022-06-30T18:27:44","modified_gmt":"2022-06-30T16:27:44","slug":"cintanotes-screenshot","status":"publish","type":"page","link":"https:\/\/csillagpor.hu\/remek\/programok\/cintanotes-screenshot","title":{"rendered":"CintaNotes k\u00e9perny\u0151k\u00e9pek"},"content":{"rendered":"<p><a target=\"_blank\" title=\"cintanotes\" href=\"\/\/csillagpor.hu\/remek\/programok\/cintanotes\" rel=\"noopener noreferrer\">A CintaNotes<\/a> <a target=\"_blank\" title=\"jegyzetf\u00fczet\" href=\"\/\/csillagpor.hu\/remek\/programok\/feladatkezelo-naptar-jegyzetfuzet\" rel=\"noopener noreferrer\">jegyzetel\u0151 program<\/a> elindult, m\u00e9g nincs egy jegyzet sem.<br \/>\n<img decoding=\"async\" loading=\"lazy\" alt=\"CintaNotes telep\u00edtve\" src=\"\/\/cuccokhalomban.csillagpor.hu\/pict\/cintanotes-screenshot-1.jpg\" width=\"376\" height=\"500\" \/>\n<\/p>\n<p>Az Ins billenty\u0171 lenyom\u00e1s\u00e1val \u00faj jegyzetet hozhatunk l\u00e9tre, Ctrl+F12-vel pedig a v\u00e1g\u00f3lapra m\u00e1solt sz\u00f6veget beillesztve nyithatunk \u00faj jegyzetet. C\u00edmk\u00e9t, hivatkoz\u00e1st is adhatunk hozz\u00e1.<br \/>\n<img decoding=\"async\" loading=\"lazy\" alt=\"CintaNotes \u00faj jegyzet\" src=\"\/\/cuccokhalomban.csillagpor.hu\/pict\/cintanotes-screenshot-2.jpg\" width=\"392\" height=\"500\" \/>\n<\/p>\n<p>K\u00e9sz az els\u0151 jegyzet, szerkeszthetj\u00fck, c\u00edmk\u00e9zhetj\u00fck, t\u00f6r\u00f6lhet\u00fcnk, kiv\u00e1ghatjuk, stb&#8230;<br \/>\n<img decoding=\"async\" loading=\"lazy\" alt=\"CintaNotes jegyzet\" src=\"\/\/cuccokhalomban.csillagpor.hu\/pict\/cintanotes-screenshot-3.jpg\" width=\"376\" height=\"500\" \/>\n<\/p>\n<p>A jegyzet tulajdons\u00e1gai, legink\u00e1bb a l\u00e9trehoz\u00e1s \u00e9s m\u00f3dos\u00edt\u00e1s d\u00e1tum\u00e1t v\u00e1ltoztathatjuk meg.<br \/>\n<img decoding=\"async\" loading=\"lazy\" alt=\"CintaNotes jegyzet tulajdons\u00e1ga\" src=\"\/\/cuccokhalomban.csillagpor.hu\/pict\/cintanotes-screenshot-4.jpg\" width=\"376\" height=\"500\" \/>\n<\/p>\n<p>Export, import el\u00e9rhet\u0151 a f\u00e1jl men\u00fcpontb\u00f3l, innen \u00e9rhet\u0151 el a biztons\u00e1gi ment\u00e9s be\u00e1ll\u00edt\u00e1sai is.<br \/>\n<img decoding=\"async\" loading=\"lazy\" alt=\"CintaNotes ment\u00e9s\" src=\"\/\/cuccokhalomban.csillagpor.hu\/pict\/cintanotes-screenshot-5.jpg\" width=\"437\" height=\"500\" \/>\n<\/p>\n<p>A n\u00e9zetn\u00e9l be\u00e1ll\u00edthatjuk a sz\u00ednt\u00e9m\u00e1t.<br \/>\n<img decoding=\"async\" loading=\"lazy\" alt=\"CintaNotes sz\u00ednt\u00e9ma\" src=\"\/\/cuccokhalomban.csillagpor.hu\/pict\/cintanotes-screenshot-6.jpg\" width=\"376\" height=\"500\" \/>\n<\/p>\n<p>A l\u00e9trehozott jegyzetek rendez\u00e9si felt\u00e9telei.<br \/>\n<img decoding=\"async\" loading=\"lazy\" alt=\"CintaNotes rendez\u00e9s\" src=\"\/\/cuccokhalomban.csillagpor.hu\/pict\/cintanotes-screenshot-7.jpg\" width=\"417\" height=\"500\" \/>\n<\/p>\n<p>A be\u00e1ll\u00edt\u00e1sokn\u00e1l v\u00e1g\u00e1s, gyorsbillenty\u0171k, jegyzetlista, c\u00edmk\u00e9k, \u00e9s a szerkeszt\u0151 be\u00e1ll\u00edt\u00e1sai.<br \/>\n<img decoding=\"async\" loading=\"lazy\" alt=\"CintaNotes be\u00e1ll\u00edt\u00e1sok\" src=\"\/\/cuccokhalomban.csillagpor.hu\/pict\/cintanotes-screenshot-8.jpg\" width=\"457\" height=\"500\" \/>\n<\/p>\n<p>Sok nyelven el\u00e9rhet\u0151, k\u00f6zt\u00fck magyarul is, itt-ott h\u00e9zagosan.<br \/>\n<img decoding=\"async\" loading=\"lazy\" alt=\"CintaNotes magyar nyelv\" src=\"\/\/cuccokhalomban.csillagpor.hu\/pict\/cintanotes-screenshot-9.jpg\" width=\"484\" height=\"500\" \/>\n<\/p>\n<p>A n\u00e9zetn\u00e9l bekapcsoljuk a c\u00edmke oldals\u00e1vot, \u00edgy c\u00edmk\u00e9k szerint tekinthetj\u00fck meg a jegyzeteket.<br \/>\n<img decoding=\"async\" loading=\"lazy\" alt=\"CintaNotes c\u00edmke oldals\u00e1v\" src=\"\/\/cuccokhalomban.csillagpor.hu\/pict\/cintanotes-screenshot-10.jpg\" width=\"381\" height=\"500\" \/>\n<\/p>\n<p>P\u00e9ld\u00e1ul a c\u00edmke c\u00edmke alatti egy bejegyz\u00e9s.<br \/>\n<img decoding=\"async\" loading=\"lazy\" alt=\"CintaNotes c\u00edmke\" src=\"\/\/cuccokhalomban.csillagpor.hu\/pict\/cintanotes-screenshot-11.jpg\" width=\"381\" height=\"500\" \/>\n<\/p>\n<p>Keres\u00e9s b\u00e1rhol vagy k\u00fcl\u00f6nf\u00e9le felt\u00e9telek szerint.<br \/>\n<img decoding=\"async\" loading=\"lazy\" alt=\"CintaNotes keres\u00e9s\" src=\"\/\/cuccokhalomban.csillagpor.hu\/pict\/cintanotes-screenshot-12.jpg\" width=\"381\" height=\"500\" \/>\n<\/p>\n<p>Gyorsbillenty\u0171k be\u00e1ll\u00edt\u00e1sa, sz\u00f6veg kiv\u00e1g\u00e1sa, f\u0151ablak mutat\u00e1sa, \u00faj jegyzet hozz\u00e1ad\u00e1sa.<br \/>\n<img decoding=\"async\" loading=\"lazy\" alt=\"CintaNotes gyorsbillenty\u0171k\" src=\"\/\/cuccokhalomban.csillagpor.hu\/pict\/cintanotes-screenshot-13.jpg\" width=\"381\" height=\"500\" \/>\n<\/p>\n<p>\u00daj alc\u00edmke (gyerek) l\u00e9trehoz\u00e1sa.<br \/>\n<img decoding=\"async\" loading=\"lazy\" alt=\"CintaNotes alc\u00edmke\" src=\"\/\/cuccokhalomban.csillagpor.hu\/pict\/cintanotes-screenshot-14.jpg\" width=\"381\" height=\"500\" \/>\n<\/p>\n<p>A c\u00edmk\u00e9ben l\u00e1tszik az alc\u00edmke is, az alc\u00edmk\u00e9ben csak a saj\u00e1t jegyzetei.<br \/>\n<img decoding=\"async\" loading=\"lazy\" alt=\"CintaNotes c\u00edmke\" src=\"\/\/cuccokhalomban.csillagpor.hu\/pict\/cintanotes-screenshot-15.jpg\" width=\"381\" height=\"500\" \/><\/p>\n","protected":false},"excerpt":{"rendered":"<p>A CintaNotes jegyzetel\u0151 program elindult, m\u00e9g nincs egy jegyzet sem. Az Ins billenty\u0171 lenyom\u00e1s\u00e1val \u00faj jegyzetet hozhatunk l\u00e9tre, Ctrl+F12-vel pedig a v\u00e1g\u00f3lapra m\u00e1solt&#46;&#46;&#46;<\/p>\n","protected":false},"author":1,"featured_media":0,"parent":0,"menu_order":0,"comment_status":"closed","ping_status":"closed","template":"","meta":{"footnotes":""},"_links":{"self":[{"href":"https:\/\/csillagpor.hu\/remek\/programok\/wp-json\/wp\/v2\/pages\/1338"}],"collection":[{"href":"https:\/\/csillagpor.hu\/remek\/programok\/wp-json\/wp\/v2\/pages"}],"about":[{"href":"https:\/\/csillagpor.hu\/remek\/programok\/wp-json\/wp\/v2\/types\/page"}],"author":[{"embeddable":true,"href":"https:\/\/csillagpor.hu\/remek\/programok\/wp-json\/wp\/v2\/users\/1"}],"replies":[{"embeddable":true,"href":"https:\/\/csillagpor.hu\/remek\/programok\/wp-json\/wp\/v2\/comments?post=1338"}],"version-history":[{"count":0,"href":"https:\/\/csillagpor.hu\/remek\/programok\/wp-json\/wp\/v2\/pages\/1338\/revisions"}],"wp:attachment":[{"href":"https:\/\/csillagpor.hu\/remek\/programok\/wp-json\/wp\/v2\/media?parent=1338"}],"curies":[{"name":"wp","href":"https:\/\/api.w.org\/{rel}","templated":true}]}}