{"id":1357,"date":"2012-09-16T22:42:07","date_gmt":"2012-09-16T20:42:07","guid":{"rendered":"http:\/\/csillagpor.hu\/remek\/programok\/?page_id=1357"},"modified":"2022-06-30T18:08:44","modified_gmt":"2022-06-30T16:08:44","slug":"networx-screenshot","status":"publish","type":"page","link":"https:\/\/csillagpor.hu\/remek\/programok\/networx-screenshot","title":{"rendered":"NetWorx k\u00e9perny\u0151k\u00e9pek"},"content":{"rendered":"<p><a target=\"_blank\" title=\"networx\" href=\"\/\/csillagpor.hu\/remek\/programok\/networx\" rel=\"noopener noreferrer\">A NetWorx<\/a> telep\u00edt\u00e9sekor fel szeretne ker\u00fclni egy WiFi h\u00e1l\u00f3zati v\u00e9delem is, ha ezt nem szeretn\u00e9nk, akkor csak egyszer\u0171en Next. Ja &#8230; ez Windows 10.<br \/>\n<img decoding=\"async\" loading=\"lazy\" alt=\"NetWorx telep\u00edt\u00e9s\" src=\"\/\/cuccokhalomban.csillagpor.hu\/pict\/networx-kepernyokep-1.jpg\" width=\"499\" height=\"387\" \/>\n<\/p>\n<p>A be\u00e1ll\u00edt\u00e1sok \u00faj arca Windows 10-en.<br \/>\n<img decoding=\"async\" loading=\"lazy\" alt=\"NetWorx be\u00e1ll\u00edt\u00e1sok\" src=\"\/\/cuccokhalomban.csillagpor.hu\/pict\/networx-kepernyokep-2.jpg\" width=\"495\" height=\"447\" \/>\n<\/p>\n<p>Ping \u00e9rt\u00e9kek &#8230; Azaz milyen messze vagyunk a vil\u00e1gt\u00f3l &#8230; :)<br \/>\n<img decoding=\"async\" loading=\"lazy\" alt=\"NetWorx ping\" src=\"\/\/cuccokhalomban.csillagpor.hu\/pict\/networx-kepernyokep-3.jpg\" width=\"542\" height=\"503\" \/>\n<\/p>\n<p>R\u00e9gebbi verzi\u00f3 Windows 7-en&#8230;<\/p>\n<p>A NetWorx h\u00e1l\u00f3zat forgalom figyel\u0151 alkalmaz\u00e1s telep\u00edt\u00e9se k\u00f6zben kiv\u00e1laszthatjuk, hogy minden forgalmat vagy csak egyes kapcsolatokat monitorozunk e.<br \/>\n<img decoding=\"async\" loading=\"lazy\" alt=\"NetWorx telep\u00edt\u00e9s\" src=\"\/\/cuccokhalomban.csillagpor.hu\/pict\/networx-screenshot-1.jpg\" width=\"383\" height=\"308\" \/>\n<\/p>\n<p>Az \u00e9rtes\u00edt\u00e9si ter\u00fcleten megjelen\u0151 ikonb\u00f3l megnyithat\u00f3 men\u00fc: grafikon, sebess\u00e9gm\u00e9r\u0151, haszn\u00e1lati statisztika, kv\u00f3ta, be\u00e1ll\u00edt\u00e1sok, trace route, ping, netstat &#8230;<br \/>\n<img decoding=\"async\" loading=\"lazy\" alt=\"NetWorx men\u00fc\" src=\"\/\/cuccokhalomban.csillagpor.hu\/pict\/networx-screenshot-2.jpg\" width=\"147\" height=\"259\" \/>\n<\/p>\n<p>Ez a grafikon felmen\u0151, lej\u00f6v\u0151 forgalom minden kapcsolatn\u00e1l.<br \/>\n<img decoding=\"async\" loading=\"lazy\" alt=\"NetWorx grafikon\" src=\"\/\/cuccokhalomban.csillagpor.hu\/pict\/networx-screenshot-3.jpg\" width=\"290\" height=\"114\" \/>\n<\/p>\n<p>Sebess\u00e9gm\u00e9r\u0151, bej\u00f6v\u0151, kimen\u0151 \u00e9s \u00f6sszes sebess\u00e9g, jelenlegi, \u00e1tlagos \u00e9s maxim\u00e1lis sz\u00e1mokkal.<br \/>\n<img decoding=\"async\" loading=\"lazy\" alt=\"NetWorx sebess\u00e9gm\u00e9r\u0151\" src=\"\/\/cuccokhalomban.csillagpor.hu\/pict\/networx-screenshot-4.jpg\" width=\"398\" height=\"456\" \/>\n<\/p>\n<p>Napi besz\u00e1mol\u00f3, fogadott, k\u00fcld\u00f6tt \u00e9s \u00f6sszes forgalom, telefonos kapcsolat nincs.<br \/>\n<img decoding=\"async\" loading=\"lazy\" alt=\"NetWorx napi besz\u00e1mol\u00f3\" src=\"\/\/cuccokhalomban.csillagpor.hu\/pict\/networx-screenshot-5.jpg\" width=\"730\" height=\"449\" \/>\n<\/p>\n<p>Di\u00f3h\u00e9jban, ez tulajdonk\u00e9pp egy \u00f6sszefoglal\u00e1sa a mai, heti, havi \u00e9s \u00e9ves forgalomnak, cs\u00facsid\u0151ben, \u00e9s cs\u00facsid\u0151n k\u00edv\u00fcl. Mivel most lett feltelep\u00edtve ez a program, minden adat ugyanaz.<br \/>\n<img decoding=\"async\" loading=\"lazy\" alt=\"NetWorx di\u00f3h\u00e9jban\" src=\"\/\/cuccokhalomban.csillagpor.hu\/pict\/networx-screenshot-6.jpg\" width=\"730\" height=\"449\" \/>\n<\/p>\n<p>Saj\u00e1t kv\u00f3ta, a be\u00e1ll\u00edt\u00e1sokn\u00e1l megadhat\u00f3, hogy cs\u00facsid\u0151ben \u00e9s azon k\u00edv\u00fcl mekkora forgalom enged\u00e9lyezett.<br \/>\n<img decoding=\"async\" loading=\"lazy\" alt=\"NetWorx kv\u00f3ta\" src=\"\/\/cuccokhalomban.csillagpor.hu\/pict\/networx-screenshot-7.jpg\" width=\"550\" height=\"314\" \/>\n<\/p>\n<p>Be\u00e1ll\u00edt\u00e1sok: bet\u00f6lt\u00e9s indul\u00e1skor, t\u00e1lcaikon l\u00e1that\u00f3 e, melyik kapcsolatot m\u00e9rje, napl\u00f3zza, h\u00e1l\u00f3zati be\u00e1ll\u00edt\u00e1sok, stb.<br \/>\n<img decoding=\"async\" loading=\"lazy\" alt=\"NetWorx be\u00e1ll\u00edt\u00e1sok\" src=\"\/\/cuccokhalomban.csillagpor.hu\/pict\/networx-screenshot-8.jpg\" width=\"540\" height=\"477\" \/>\n<\/p>\n<p>Grafikon be\u00e1ll\u00edt\u00e1sai: mindig fel\u00fcl, \u00e1tl\u00e1tsz\u00f3s\u00e1g, anim\u00e1lt haszn\u00e1lat jelz\u0151, grafikon a t\u00e1lcaikonban, \u00e1tviteli sebess\u00e9g b\u00e1jt vagy bit, ilyesmik &#8230;<br \/>\n<img decoding=\"async\" loading=\"lazy\" alt=\"NetWorx grafikon\" src=\"\/\/cuccokhalomban.csillagpor.hu\/pict\/networx-screenshot-9.jpg\" width=\"540\" height=\"477\" \/>\n<\/p>\n<p>Grafikon sz\u00ednek.<br \/>\n<img decoding=\"async\" loading=\"lazy\" alt=\"NetWorx sz\u00ednek\" src=\"\/\/cuccokhalomban.csillagpor.hu\/pict\/networx-screenshot-10.jpg\" width=\"540\" height=\"477\" \/>\n<\/p>\n<p>Figyelmeztet\u00e9sek enged\u00e9lyez\u00e9se \u00e9s be\u00e1ll\u00edt\u00e1sai, ak\u00e1r le is kapcsoltathatjuk a g\u00e9pet, ha t\u00fall\u00e9pett egy hat\u00e1r \u00e9rt\u00e9ket.<br \/>\n<img decoding=\"async\" loading=\"lazy\" alt=\"NetWorx figyelmeztet\u00e9sek\" src=\"\/\/cuccokhalomban.csillagpor.hu\/pict\/networx-screenshot-11.jpg\" width=\"540\" height=\"477\" \/>\n<\/p>\n<p>Halad\u00f3 be\u00e1ll\u00edt\u00e1sok, h\u00e9t \u00e9s h\u00f3nap kezdete, felhaszn\u00e1l\u00f3i adatok szinkroniz\u00e1l\u00e1sa, h\u00e1l\u00f3zaton bel\u00fcli NetWorx p\u00e9ld\u00e1nyokkal.<br \/>\n<img decoding=\"async\" loading=\"lazy\" alt=\"NetWorx halad\u00f3\" src=\"\/\/cuccokhalomban.csillagpor.hu\/pict\/networx-screenshot-12.jpg\" width=\"540\" height=\"477\" \/>\n<\/p>\n<p>Telefonos kapcsolat, kezd\u00e9skor a k\u00f6vetkez\u0151 kapcsolat h\u00edv\u00e1sa &#8230;<br \/>\n<img decoding=\"async\" loading=\"lazy\" alt=\"NetWorx telefon\" src=\"\/\/cuccokhalomban.csillagpor.hu\/pict\/networx-screenshot-13.jpg\" width=\"540\" height=\"477\" \/>\n<\/p>\n<p>Trace Route, azaz \u00fatk\u00f6vet\u00e9s. A google.hu \u00fatk\u00f6vet\u00e9se, milyen IP c\u00edmeken, g\u00e9peken megy kereszt\u00fcl a k\u00e9rt csomag.<br \/>\n<img decoding=\"async\" loading=\"lazy\" alt=\"NetWorx trace route\" src=\"\/\/cuccokhalomban.csillagpor.hu\/pict\/networx-screenshot-14.jpg\" width=\"416\" height=\"418\" \/>\n<\/p>\n<p>Ping. Megpingelj\u00fck a facebook.com-ot.<br \/>\n<img decoding=\"async\" loading=\"lazy\" alt=\"NetWorx ping\" src=\"\/\/cuccokhalomban.csillagpor.hu\/pict\/networx-screenshot-15.jpg\" width=\"408\" height=\"410\" \/>\n<\/p>\n<p>Netstat, alkalmaz\u00e1s, protokoll, helyi \u00e9s t\u00e1voli c\u00edm, \u00e1llapot. A c\u00edmeket vissza is fejthetj\u00fck g\u00e9pnevekk\u00e9.<br \/>\n<img decoding=\"async\" loading=\"lazy\" alt=\"NetWorx Netstat\" src=\"\/\/cuccokhalomban.csillagpor.hu\/pict\/networx-screenshot-16.jpg\" width=\"615\" height=\"455\" \/><\/p>\n","protected":false},"excerpt":{"rendered":"<p><a target=\"_blank\" title=\"networx k\u00e9perny\u0151k\u00e9pek\" href=\"\/\/csillagpor.hu\/remek\/programok\/networx-screenshot\" rel=\"noopener noreferrer\"><img decoding=\"async\" loading=\"lazy\" alt=\"NetWorx\" src=\"\/\/cuccokhalomban.csillagpor.hu\/pict\/networx-kicsi.jpg\" width=\"100\" height=\"74\" class=\"flr\" \/><\/a>NetWorx k\u00e9perny\u0151k\u00e9pek &#8230; telep\u00edt\u00e9sekor fel szeretne ker\u00fclni egy WiFi h\u00e1l\u00f3zati v\u00e9delem is, ha ezt nem szeretn\u00e9nk, akkor csak egyszer\u0171en Next. A be\u00e1ll\u00edt\u00e1sok \u00faj arca Windows 10-en. Az \u00e9rtes\u00edt\u00e9si ter\u00fcleten megjelen\u0151 ikonb\u00f3l megnyithat\u00f3 men\u00fc: grafikon, sebess\u00e9gm\u00e9r\u0151, haszn\u00e1lati statisztika, kv\u00f3ta, be\u00e1ll\u00edt\u00e1sok, trace route, ping, netstat &#8230; Ez a grafikon felmen\u0151, lej\u00f6v\u0151 forgalom minden kapcsolatn\u00e1l&#8230;.<\/p>\n","protected":false},"author":1,"featured_media":0,"parent":0,"menu_order":0,"comment_status":"closed","ping_status":"closed","template":"","meta":{"footnotes":""},"_links":{"self":[{"href":"https:\/\/csillagpor.hu\/remek\/programok\/wp-json\/wp\/v2\/pages\/1357"}],"collection":[{"href":"https:\/\/csillagpor.hu\/remek\/programok\/wp-json\/wp\/v2\/pages"}],"about":[{"href":"https:\/\/csillagpor.hu\/remek\/programok\/wp-json\/wp\/v2\/types\/page"}],"author":[{"embeddable":true,"href":"https:\/\/csillagpor.hu\/remek\/programok\/wp-json\/wp\/v2\/users\/1"}],"replies":[{"embeddable":true,"href":"https:\/\/csillagpor.hu\/remek\/programok\/wp-json\/wp\/v2\/comments?post=1357"}],"version-history":[{"count":0,"href":"https:\/\/csillagpor.hu\/remek\/programok\/wp-json\/wp\/v2\/pages\/1357\/revisions"}],"wp:attachment":[{"href":"https:\/\/csillagpor.hu\/remek\/programok\/wp-json\/wp\/v2\/media?parent=1357"}],"curies":[{"name":"wp","href":"https:\/\/api.w.org\/{rel}","templated":true}]}}