{"id":1363,"date":"2012-09-25T11:06:20","date_gmt":"2012-09-25T09:06:20","guid":{"rendered":"http:\/\/csillagpor.hu\/remek\/programok\/?page_id=1363"},"modified":"2022-06-30T18:30:00","modified_gmt":"2022-06-30T16:30:00","slug":"apache-openoffice-screenshot","status":"publish","type":"page","link":"https:\/\/csillagpor.hu\/remek\/programok\/apache-openoffice-screenshot","title":{"rendered":"Apache OpenOffice k\u00e9perny\u0151k\u00e9pek"},"content":{"rendered":"<p><a target=\"_blank\" title=\"openoffice\" href=\"\/\/csillagpor.hu\/remek\/programok\/openoffice-org-letoltese\" rel=\"noopener noreferrer\">Az OpenOffice 4.1.5<\/a> gyorsind\u00edt\u00f3ja Windows 10-en.<br \/>\n<img decoding=\"async\" loading=\"lazy\" alt=\"OpenOffice gyorsind\u00edt\u00f3\" src=\"\/\/cuccokhalomban.csillagpor.hu\/pict\/openoffice-kepernyokep-1.jpg\" width=\"730\" height=\"357\" \/>\n<\/p>\n<p>A most leg\u00fajabb OpenOffice Writer, azaz a sz\u00f6vegszerkeszt\u0151, amivel kezelhetj\u00fck a Microsoft Office f\u00e1jlokat is, \u00e9s menthet\u00fcnk <a target=\"_blank\" title=\"pdf f\u00e1jl\" href=\"https:\/\/csillagpor.hu\/remek\/fajlkiterjesztes\/pdf\" rel=\"noopener noreferrer\">PDF-be<\/a> is.<br \/>\n<img decoding=\"async\" loading=\"lazy\" alt=\"OpenOffice sz\u00f6vegszerkeszt\u0151\" src=\"\/\/cuccokhalomban.csillagpor.hu\/pict\/openoffice-kepernyokep-2.jpg\" width=\"730\" height=\"412\" \/>\n<\/p>\n<p>OpenOffice Calc, azaz a t\u00e1bl\u00e1zatkezel\u0151, szint\u00e9n ismeri az MS Office f\u00e1jlokat.<br \/>\n<img decoding=\"async\" loading=\"lazy\" alt=\"OpenOffice t\u00e1bl\u00e1zatkezel\u0151\" src=\"\/\/cuccokhalomban.csillagpor.hu\/pict\/openoffice-kepernyokep-3.jpg\" width=\"730\" height=\"387\" \/>\n<\/p>\n<p>R\u00e9gebbi verzi\u00f3k&#8230;<\/p>\n<p><a target=\"_blank\" title=\"openoffice\" href=\"\/\/csillagpor.hu\/remek\/programok\/openoffice-org-letoltese\" rel=\"noopener noreferrer\">Az Apache OpenOffice<\/a> <a target=\"_blank\" title=\"irodai programok\" href=\"\/\/csillagpor.hu\/remek\/programok\/irodai-programok\" rel=\"noopener noreferrer\">irodai program csomag<\/a> telep\u00edt\u00e9se k\u00f6zben, ha sz\u00fcks\u00e9ges feltelep\u00edti a <a target=\"_blank\" title=\"microsoft visual c\" href=\"\/\/csillagpor.hu\/remek\/programok\/microsoft-visualcpp-redistributable-package\" rel=\"noopener noreferrer\">Microsoft Visual C++ 2008 Redistributable csomagot<\/a> is.<br \/>\n<img decoding=\"async\" loading=\"lazy\" alt=\"Apache OpenOffice telep\u00edt\u00e9s\" src=\"\/\/cuccokhalomban.csillagpor.hu\/pict\/apache-openoffice-screenshot-1.jpg\" width=\"398\" height=\"150\" \/>\n<\/p>\n<p>V\u00e1lasszuk az egy\u00e9ni telep\u00edt\u00e9st, \u00fagy testre szabhatjuk a funkci\u00f3kat.<br \/>\n<img decoding=\"async\" loading=\"lazy\" alt=\"Apache OpenOffice testreszab\u00e1s\" src=\"\/\/cuccokhalomban.csillagpor.hu\/pict\/apache-openoffice-screenshot-2.jpg\" width=\"504\" height=\"382\" \/>\n<\/p>\n<p>OpenOffice.org programmodulok: Writer, Calc, Draw, Impress, Base, Math &#8230;<br \/>\n<img decoding=\"async\" loading=\"lazy\" alt=\"Apache OpenOffice modulok\" src=\"\/\/cuccokhalomban.csillagpor.hu\/pict\/apache-openoffice-screenshot-3.jpg\" width=\"504\" height=\"382\" \/>\n<\/p>\n<p>V\u00e1laszthat\u00f3 \u00f6sszetev\u0151k: sz\u00f3t\u00e1rak, grafikus sz\u0171r\u0151k, r\u00e9gi f\u00e1jlform\u00e1tumok t\u00e1mogat\u00e1sa, online friss\u00edt\u00e9s \u00e9s egyebek &#8230;<br \/>\n<img decoding=\"async\" loading=\"lazy\" alt=\"Apache OpenOffice v\u00e1laszthat\u00f3\" src=\"\/\/cuccokhalomban.csillagpor.hu\/pict\/apache-openoffice-screenshot-4.jpg\" width=\"504\" height=\"382\" \/>\n<\/p>\n<p>Sz\u0171r\u0151k mobil eszk\u00f6z\u00f6kh\u00f6z, Windows Int\u00e9z\u0151 kiterjeszt\u00e9s, Gyorsind\u00edt\u00f3 &#8230;<br \/>\n<img decoding=\"async\" loading=\"lazy\" alt=\"Apache OpenOffice eszk\u00f6z\u00f6k\" src=\"\/\/cuccokhalomban.csillagpor.hu\/pict\/apache-openoffice-screenshot-5.jpg\" width=\"504\" height=\"382\" \/>\n<\/p>\n<p>Alap\u00e9rtelmez\u00e9sk\u00e9nt be\u00e1ll\u00edthat\u00f3, hogy a Microsoft Office f\u00e1jlt\u00edpusokat az OpenOffice kezelje.<br \/>\n<img decoding=\"async\" loading=\"lazy\" alt=\"Apache OpenOffice MS Office\" src=\"\/\/cuccokhalomban.csillagpor.hu\/pict\/apache-openoffice-screenshot-6.jpg\" width=\"504\" height=\"382\" \/>\n<\/p>\n<p>Sz\u00f6veges dokumentum, adatb\u00e1zis, k\u00e9plet, rajz, munkaf\u00fczet, bemutat\u00f3 vagy valami m\u00e1s megnyit\u00e1sa.<br \/>\n<img decoding=\"async\" loading=\"lazy\" alt=\"Apache OpenOffice\" src=\"\/\/cuccokhalomban.csillagpor.hu\/pict\/apache-openoffice-screenshot-7.jpg\" width=\"730\" height=\"416\" \/>\n<\/p>\n<p>OpenOffice.org Writer, a sz\u00f6vegszerkeszt\u0151.<br \/>\n<img decoding=\"async\" loading=\"lazy\" alt=\"Apache OpenOffice Writer\" src=\"\/\/cuccokhalomban.csillagpor.hu\/pict\/apache-openoffice-screenshot-8.jpg\" width=\"730\" height=\"416\" \/>\n<\/p>\n<p>OpenOffice.org Calc, a t\u00e1bl\u00e1zatkezel\u0151.<br \/>\n<img decoding=\"async\" loading=\"lazy\" alt=\"Apache OpenOffice Calc\" src=\"\/\/cuccokhalomban.csillagpor.hu\/pict\/apache-openoffice-screenshot-9.jpg\" width=\"730\" height=\"416\" \/>\n<\/p>\n<p>OpenOffice.org Math, a k\u00e9plet szerkeszt\u0151.<br \/>\n<img decoding=\"async\" loading=\"lazy\" alt=\"Apache OpenOffice Math\" src=\"\/\/cuccokhalomban.csillagpor.hu\/pict\/apache-openoffice-screenshot-10.jpg\" width=\"730\" height=\"347\" \/>\n<\/p>\n<p>Adatb\u00e1zist\u00fcnd\u00e9r, \u00faj adatb\u00e1zis l\u00e9trehoz\u00e1sa, vagy l\u00e9tez\u0151 adatb\u00e1zis megnyit\u00e1sa, l\u00e9tez\u0151 adatb\u00e1zishoz kapcsol\u00f3d\u00e1s.<br \/>\n<img decoding=\"async\" loading=\"lazy\" alt=\"Apache OpenOffice adatb\u00e1zis\" src=\"\/\/cuccokhalomban.csillagpor.hu\/pict\/apache-openoffice-screenshot-11.jpg\" width=\"641\" height=\"462\" \/>\n<\/p>\n<p>OpenOffice.org Base, az adatb\u00e1zis kezel\u0151. Itt a Java futtat\u00f3 k\u00f6rnyezet miatt agg\u00f3dik.<br \/>\n<img decoding=\"async\" loading=\"lazy\" alt=\"Apache OpenOffice Base\" src=\"\/\/cuccokhalomban.csillagpor.hu\/pict\/apache-openoffice-screenshot-12.jpg\" width=\"730\" height=\"347\" \/>\n<\/p>\n<p>OpenOffice.org Draw, a rajzol\u00f3 program.<br \/>\n<img decoding=\"async\" loading=\"lazy\" alt=\"Apache OpenOffice Draw\" src=\"\/\/cuccokhalomban.csillagpor.hu\/pict\/apache-openoffice-screenshot-13.jpg\" width=\"730\" height=\"416\" \/>\n<\/p>\n<p>OpenOffice.org bemutat\u00f3t\u00fcnd\u00e9r, \u00fcres vagy l\u00e9tez\u0151 bemutat\u00f3, esetleg sablonb\u00f3l hozzuk l\u00e9tre.<br \/>\n<img decoding=\"async\" loading=\"lazy\" alt=\"Apache OpenOffice bemutat\u00f3\" src=\"\/\/cuccokhalomban.csillagpor.hu\/pict\/apache-openoffice-screenshot-14.jpg\" width=\"564\" height=\"384\" \/>\n<\/p>\n<p>OpenOffice.org Impress, a prezent\u00e1ci\u00f3 vagy bemutat\u00f3 k\u00e9sz\u00edt\u0151.<br \/>\n<img decoding=\"async\" loading=\"lazy\" alt=\"Apache OpenOffice Impress\" src=\"\/\/cuccokhalomban.csillagpor.hu\/pict\/apache-openoffice-screenshot-15.jpg\" width=\"730\" height=\"416\" \/><\/p>\n","protected":false},"excerpt":{"rendered":"<p><a target=\"_blank\" title=\"Apache OpenOffice k\u00e9perny\u0151k\u00e9pek\" href=\"\/\/csillagpor.hu\/remek\/programok\/apache-openoffice-screenshot\" rel=\"noopener noreferrer\"><img decoding=\"async\" loading=\"lazy\" alt=\"OpenOffice\" src=\"\/\/cuccokhalomban.csillagpor.hu\/pict\/apache-openoffice.jpg\" width=\"220\" height=\"146\" class=\"flr\" \/><\/a>Apache OpenOffice irodai program csomag k\u00e9perny\u0151k\u00e9pek. Writer a sz\u00f6vegszerkeszt\u0151, Calc a t\u00e1bl\u00e1zatkezel\u0151, Base az adatb\u00e1zis kezel\u0151, Impress a prezent\u00e1ci\u00f3 k\u00e9sz\u00edt\u0151&#8230;<\/p>\n","protected":false},"author":1,"featured_media":0,"parent":0,"menu_order":0,"comment_status":"closed","ping_status":"closed","template":"","meta":{"footnotes":""},"_links":{"self":[{"href":"https:\/\/csillagpor.hu\/remek\/programok\/wp-json\/wp\/v2\/pages\/1363"}],"collection":[{"href":"https:\/\/csillagpor.hu\/remek\/programok\/wp-json\/wp\/v2\/pages"}],"about":[{"href":"https:\/\/csillagpor.hu\/remek\/programok\/wp-json\/wp\/v2\/types\/page"}],"author":[{"embeddable":true,"href":"https:\/\/csillagpor.hu\/remek\/programok\/wp-json\/wp\/v2\/users\/1"}],"replies":[{"embeddable":true,"href":"https:\/\/csillagpor.hu\/remek\/programok\/wp-json\/wp\/v2\/comments?post=1363"}],"version-history":[{"count":0,"href":"https:\/\/csillagpor.hu\/remek\/programok\/wp-json\/wp\/v2\/pages\/1363\/revisions"}],"wp:attachment":[{"href":"https:\/\/csillagpor.hu\/remek\/programok\/wp-json\/wp\/v2\/media?parent=1363"}],"curies":[{"name":"wp","href":"https:\/\/api.w.org\/{rel}","templated":true}]}}